{"id":97,"date":"2015-12-12T12:55:59","date_gmt":"2015-12-12T12:55:59","guid":{"rendered":"https:\/\/humanit.as\/experiences\/?page_id=97"},"modified":"2020-06-09T17:09:31","modified_gmt":"2020-06-09T17:09:31","slug":"instalaciones","status":"publish","type":"page","link":"https:\/\/humanit.as\/experiences\/ninos-y-adolescentes\/natural-english-kids-camp\/instalaciones\/","title":{"rendered":"Instalaciones"},"content":{"rendered":"\n[et_pb_section bb_built=\u00bb1&#8243; fullwidth=\u00bbon\u00bb specialty=\u00bboff\u00bb][et_pb_fullwidth_header admin_label=\u00bbT\u00edtulo\u00bb title=\u00bbHumanit.as + La Colonia de Gredos\u00bb subhead=\u00bbLas instalaciones de La Colonia de Gredos son incre\u00edbles. Abajo encontrar\u00e1s una selecci\u00f3n de fotos y m\u00e1s detalles.\u00bb background_layout=\u00bbdark\u00bb text_orientation=\u00bbcenter\u00bb header_fullscreen=\u00bbon\u00bb header_scroll_down=\u00bbon\u00bb parallax=\u00bboff\u00bb parallax_method=\u00bboff\u00bb content_orientation=\u00bbcenter\u00bb image_orientation=\u00bbcenter\u00bb title_font=\u00bb|on|||\u00bb title_font_size=\u00bb35px\u00bb subhead_font=\u00bb|on|||\u00bb custom_button_one=\u00bboff\u00bb button_one_letter_spacing=\u00bb0&#8243; button_one_use_icon=\u00bbdefault\u00bb button_one_icon_placement=\u00bbright\u00bb button_one_on_hover=\u00bbon\u00bb button_one_letter_spacing_hover=\u00bb0&#8243; custom_button_two=\u00bboff\u00bb button_two_letter_spacing=\u00bb0&#8243; button_two_use_icon=\u00bbdefault\u00bb button_two_icon_placement=\u00bbright\u00bb button_two_on_hover=\u00bbon\u00bb button_two_letter_spacing_hover=\u00bb0&#8243; scroll_down_icon=\u00bb%%4%%\u00bb background_url=\u00bbhttps:\/\/humanit.as\/experiences\/wp-content\/uploads\/sites\/7\/2015\/12\/IMG_0221.jpg\u00bb background_overlay_color=\u00bbrgba(130,36,227,0.66)\u00bb subhead_font_size=\u00bb20px\u00bb button_one_text=\u00bbM\u00e1s detalles\u00bb button_one_url=\u00bbhttps:\/\/humanit.as\/experiences\/ninos-y-adolescentes\/natural-english-kids-camp\/instalaciones\/#detalles-instalaciones\u00bb background_image=\u00bbhttps:\/\/humanit.as\/experiences\/wp-content\/uploads\/sites\/7\/2015\/12\/IMG_0221.jpg\u00bb]\r\n[\/et_pb_fullwidth_header][\/et_pb_section][et_pb_section bb_built=\u00bb1&#8243; admin_label=\u00bbsection\u00bb transparent_background=\u00bboff\u00bb background_color=\u00bb#deead5&#8243; allow_player_pause=\u00bboff\u00bb inner_shadow=\u00bboff\u00bb parallax=\u00bboff\u00bb parallax_method=\u00bboff\u00bb padding_mobile=\u00bboff\u00bb make_fullwidth=\u00bboff\u00bb use_custom_width=\u00bboff\u00bb width_unit=\u00bbon\u00bb make_equal=\u00bboff\u00bb use_custom_gutter=\u00bboff\u00bb custom_padding_tablet=\u00bb50px|0|50px|0&#8243; custom_padding_last_edited=\u00bbon|desktop\u00bb][et_pb_row background_position=\u00bbtop_left\u00bb background_repeat=\u00bbrepeat\u00bb background_size=\u00bbinitial\u00bb][et_pb_column type=\u00bb4_4&#8243;][et_pb_button admin_label=\u00bbDescarga PDF\u00bb button_url=\u00bbhttps:\/\/humanit.as\/wp-content\/uploads\/2018\/05\/Natural-English-Kids-Camp-Agosto-2018-S.pdf\u00bb url_new_window=\u00bbon\u00bb button_text=\u00bbDescarga informaci\u00f3n en PDF sobre Natural English Kids Camp aqu\u00ed.\u00bb button_alignment=\u00bbcenter\u00bb background_layout=\u00bblight\u00bb custom_button=\u00bbon\u00bb button_text_size=\u00bb35&#8243; button_text_color=\u00bb#ffffff\u00bb button_bg_color=\u00bb#dd3333&#8243; button_border_width=\u00bb5&#8243; button_border_color=\u00bb#000000&#8243; button_border_radius=\u00bb5&#8243; button_letter_spacing=\u00bb0&#8243; button_icon=\u00bb%%233%%\u00bb button_icon_color=\u00bb#dd9933&#8243; button_icon_placement=\u00bbleft\u00bb button_on_hover=\u00bboff\u00bb button_text_color_hover=\u00bb#dd3333&#8243; button_bg_color_hover=\u00bb#eeee22&#8243; button_border_color_hover=\u00bb#1e73be\u00bb button_letter_spacing_hover=\u00bb0&#8243; saved_tabs=\u00bball\u00bb button_border_radius_hover=\u00bb6&#8243; _builder_version=\u00bb3.0.76&#8243; \/][\/et_pb_column][\/et_pb_row][et_pb_row admin_label=\u00bbrow\u00bb background_position=\u00bbtop_left\u00bb background_repeat=\u00bbrepeat\u00bb background_size=\u00bbinitial\u00bb][et_pb_column type=\u00bb4_4&#8243;][et_pb_gallery admin_label=\u00bbGallery General\u00bb gallery_ids=\u00bb527,528,529,530,531,533,534,535,536,537,538,539,540,544,546,547,550,551,552,553,554,555,556,557,558,559,560,561,562,564,566,567,568,569,570,571,572,573,574,575,576,577,578,579,486,485,484,482,483,477,478,479,480,481,476,475,474,473,472,467,468,469,470,471,466,465,464,463,462,457,458,459,460,461,456,455,454,453,452,447,448,449,450,451,446,443,442,441,436,438,439,440,435,434,433,432,431,393,581,587,588&#8243; fullwidth=\u00bboff\u00bb show_title_and_caption=\u00bboff\u00bb show_pagination=\u00bbon\u00bb background_layout=\u00bbdark\u00bb auto=\u00bbon\u00bb hover_overlay_color=\u00bbrgba(255,255,255,0.9)\u00bb caption_all_caps=\u00bboff\u00bb use_border_color=\u00bboff\u00bb border_color=\u00bb#8224e3&#8243; border_style=\u00bbgroove\u00bb posts_number=\u00bb500&#8243; border_width=\u00bb3px\u00bb gallery_orderby=\u00bbrand\u00bb auto_speed=\u00bb2500&#8243;]\r\n[\/et_pb_gallery][et_pb_tabs use_border_color=\u00bboff\u00bb border_color=\u00bb#ffffff\u00bb border_style=\u00bbsolid\u00bb background_position=\u00bbtop_left\u00bb background_repeat=\u00bbrepeat\u00bb background_size=\u00bbinitial\u00bb] [et_pb_tab title=\u00bbDetalles de las instalaciones\u00bb tab_font_select=\u00bbdefault\u00bb tab_font=\u00bb||||\u00bb tab_line_height=\u00bb2em\u00bb tab_line_height_tablet=\u00bb2em\u00bb tab_line_height_phone=\u00bb2em\u00bb body_font_select=\u00bbdefault\u00bb body_font=\u00bb||||\u00bb body_line_height=\u00bb2em\u00bb body_line_height_tablet=\u00bb2em\u00bb body_line_height_phone=\u00bb2em\u00bb]\r\n\r\n<strong><a id=\"detalles-instalaciones\"><\/a>Informaci\u00f3n general<\/strong>\r\n<p align=\"justify\"><strong>La Colonia de Gredos<\/strong> es un centro de <strong>naturaleza<\/strong> <strong>abierto<\/strong> durante <strong>todo el a\u00f1o<\/strong> con <strong>modernas instalaciones <\/strong>disponibles para la realizaci\u00f3n de <strong>Aulas de Medio Ambiente<\/strong> y actividades de <strong>tiempo libre<\/strong>.<\/p>\r\n<p align=\"justify\">En los meses de septiembre a junio recibimos la visita y disfrutamos de la estancia de <strong>centros escolares<\/strong>, <strong>asociaciones juveniles<\/strong>, <strong>grupos de monta\u00f1a<\/strong>, grupos de centros de <strong>mayores<\/strong>, grupos con <strong>necesidades especiales<\/strong>, asociaciones, particulares&#8230; y de todos aquellos que quieren disfrutar participando en todas las actividades (ya sea en espa\u00f1ol o en ingl\u00e9s) de nuestra<strong> colonia<\/strong>.<\/p>\r\n[\/et_pb_tab][et_pb_tab title=\u00bbLos edificios\u00bb tab_font_select=\u00bbdefault\u00bb tab_font=\u00bb||||\u00bb tab_line_height=\u00bb2em\u00bb tab_line_height_tablet=\u00bb2em\u00bb tab_line_height_phone=\u00bb2em\u00bb body_font_select=\u00bbdefault\u00bb body_font=\u00bb||||\u00bb body_line_height=\u00bb2em\u00bb body_line_height_tablet=\u00bb2em\u00bb body_line_height_phone=\u00bb2em\u00bb]\r\n\r\nEn la <strong>Colonia de Gredos<\/strong> hay sitio para vivir una gran aventura. Contamos con una <strong>superficie<\/strong> total de <strong>120.000 metros cuadrados<\/strong>. Con <strong>capacidad para 196 personas<\/strong>, el <strong><a href=\"https:\/\/humanit.as\/experiences\/espana\/verano\/campamento-urbano-en-ingles-casa-de-campo-madrid\/clan-camp-2020-campamento-urbano-en-ingles-madrid\/\">campamento<\/a><\/strong> est\u00e1 formado por <strong>ocho edificios<\/strong>, todos ellos <strong>climatizados<\/strong>, con <strong>ventanas exteriores<\/strong> y <strong>porche<\/strong>. Los edificios se distribuyen de la siguiente forma:\r\n\r\n<strong>EDIFICIOS IRELAND, ENGLAND, SCOTLAND:<\/strong> Dormitorios. Cada edificio cuenta con una superficie total de 270 m2 dividida en dos zonas: zona de dormitorios amueblados con literas y armarios independientes y zona de servicios con duchas y lavabos.\r\n\r\n<strong>EDIFICIO USA:<\/strong> Dependencias de los monitores y profesores. Con una superficie total de 168 m2, este edificio est\u00e1 compuesto por una sala de reuniones, habitaciones y servicios con duchas y lavabos disponibles para el personal del campamento.\r\n\r\n<strong>EDIFICIO SPAIN:<\/strong> Sal\u00f3n de actos y almac\u00e9n con una superficie total de 327 m2.\r\n\r\n<strong>EDIFICIO EUROPE:<\/strong> Recepci\u00f3n-administraci\u00f3n y botiqu\u00edn. Con una superficie total de 107 m2, distribuidos en dos dormitorios, un cuarto de ba\u00f1o completo, un botiqu\u00edn, recepci\u00f3n y sala de espera.\r\n\r\n<strong>EDIFICIO AUSTRALIA :<\/strong> Comedor, cocina y despensa. Con una superficie total de 349,25 m2 distribuidos en una cocina industrial y una despensa para almacenamiento de alimentos, un comedor con servicios y vestidores para el personal.\r\n\r\n<strong>EDIFICIO CANDELEDA:<\/strong> Casa de los guardeses y lavander\u00eda con una superficie total 107 m2.\r\n\r\n[\/et_pb_tab][et_pb_tab title=\u00bbUbicaci\u00f3n\u00bb tab_font_select=\u00bbdefault\u00bb tab_font=\u00bb||||\u00bb tab_line_height=\u00bb2em\u00bb tab_line_height_tablet=\u00bb2em\u00bb tab_line_height_phone=\u00bb2em\u00bb body_font_select=\u00bbdefault\u00bb body_font=\u00bb||||\u00bb body_line_height=\u00bb2em\u00bb body_line_height_tablet=\u00bb2em\u00bb body_line_height_phone=\u00bb2em\u00bb]\r\n<p align=\"justify\">Situada en el paraje \u201c<strong>Ojaranzo<\/strong>\u201d en <strong>Candeleda (\u00c1vila)<\/strong> y con el marco incomparable de la <strong>Sierra de Gredos<\/strong> (Declarada <strong>Parque y Reserva Natural<\/strong>).<\/p>\r\n<p align=\"justify\">Formamos parte de un <strong>entorno privilegiado<\/strong> e <strong>integrado en la naturaleza<\/strong> con una <strong>vegetaci\u00f3n rica y variada<\/strong> (robles, alcornoques, encinas &#8230;.) gracias a que nuestro municipio goza de un <strong>microclima<\/strong> que favorece el poder disfrutar de una temperatura suave durante todo el a\u00f1o.<\/p>\r\n[\/et_pb_tab][et_pb_tab title=\u00bbActividades\u00bb tab_font_select=\u00bbdefault\u00bb tab_font=\u00bb||||\u00bb tab_line_height=\u00bb2em\u00bb tab_line_height_tablet=\u00bb2em\u00bb tab_line_height_phone=\u00bb2em\u00bb body_font_select=\u00bbdefault\u00bb body_font=\u00bb||||\u00bb body_line_height=\u00bb2em\u00bb body_line_height_tablet=\u00bb2em\u00bb body_line_height_phone=\u00bb2em\u00bb]\r\n\r\n<strong>\u2022 Actividades deportivas: <\/strong>golf, equitaci\u00f3n, tenis, padel, baloncesto, voleibol, f\u00fatbol, b\u00e1dminton, nataci\u00f3n, ping pong&#8230;\r\n\r\n<strong>\u2022 Actividades multiaventura:<\/strong> tiro con arco, bicicletas, trekking, senderismo&#8230;\r\n\r\n<strong>\u2022 Actividades l\u00fadicas: <\/strong>incluyen todos los grandes juegos tales como gincanas, kerm\u00e9s, rastreos, olimpiadas, juegos de las pistas y orientaci\u00f3n&#8230;\r\n\r\n<strong>\u2022 Actividades nocturnas:<\/strong> veladas, cine, cuentacuentos, juegos nocturnos, discotecas Light&#8230;\r\n\r\n<strong>\u2022 Talleres:<\/strong> artesan\u00eda, medio ambiente, manualidades, marionetas, magia, m\u00fasica, teatro&#8230;\r\n\r\n<strong>\u2022 Excursiones (potenciales): <\/strong>al pueblo de Candeleda, El Castro Celta, al Santuario de la Virgen de Chilla, a las Cuevas del \u00c1guila, el museo de Hojalata, museo de las abejas&#8230; <a href=\"https:\/\/humanit.as\/experiences\/ninos-y-adolescentes\/natural-english-kids-camp\/actividades\/\">Haz clic aqu\u00ed para m\u00e1s informaci\u00f3n sobre las actividades en Natural English Kids Camp<\/a>.\r\n\r\n[\/et_pb_tab][et_pb_tab title=\u00bbCocina\u00bb tab_font_select=\u00bbdefault\u00bb tab_font=\u00bb||||\u00bb tab_line_height=\u00bb2em\u00bb tab_line_height_tablet=\u00bb2em\u00bb tab_line_height_phone=\u00bb2em\u00bb body_font_select=\u00bbdefault\u00bb body_font=\u00bb||||\u00bb body_line_height=\u00bb2em\u00bb body_line_height_tablet=\u00bb2em\u00bb body_line_height_phone=\u00bb2em\u00bb]\r\n\r\nLa Colonia de Gredos dispone de una moderna cocina en la cual nuestro equipo de cocineros prepara una variada selecci\u00f3n de platos sanos con especial \u00e9nfasis en la cocina local de la Sierra de Gredos.\r\n\r\n\u00a1Muchos ni\u00f1os nos comentan que echan de menos la comida cuando se van!\r\n\r\n[\/et_pb_tab] [\/et_pb_tabs][\/et_pb_column][\/et_pb_row][\/et_pb_section]\n","protected":false},"excerpt":{"rendered":"<p>Informaci\u00f3n general La Colonia de Gredos es un centro de naturaleza abierto durante todo el a\u00f1o con modernas instalaciones disponibles para la realizaci\u00f3n de Aulas de Medio Ambiente y actividades de tiempo libre. En los meses de septiembre a junio recibimos la visita y disfrutamos de la estancia de centros escolares, asociaciones juveniles, grupos de [&hellip;]<\/p>\n","protected":false},"author":1,"featured_media":0,"parent":68,"menu_order":0,"comment_status":"open","ping_status":"closed","template":"","meta":{"_et_pb_use_builder":"on","_et_pb_old_content":"","_et_gb_content_width":"","footnotes":""},"tags":[8,20,10,14,12,9,25,13,18,21,11,15,17,16,19,23,22,24,36,28,35],"class_list":["post-97","page","type-page","status-publish","hentry","tag-campamento-de-verano","tag-campamento-de-verano-agosto-2016","tag-campamento-de-verano-bilingue","tag-campamento-de-verano-bilingue-cerca-de-madrid","tag-campamento-de-verano-bilingue-sierra-de-gredos","tag-campamento-de-verano-ingles","tag-campamento-de-verano-ingles-agosto-2016","tag-campamento-de-verano-ingles-cerca-de-madrid","tag-campamento-de-verano-ingles-economico","tag-campamento-de-verano-ingles-junio-2016","tag-campamento-de-verano-ingles-sierra-de-gredos","tag-campamento-de-verano-inmersion-ingles","tag-campamento-de-verano-inmersion-ingles-cerca-de-madrid","tag-campamento-de-verano-inmersion-ingles-sierra-de-gredos","tag-campamento-de-verano-junio-2016","tag-campamento-de-verano-para-adolescentes","tag-campamento-de-verano-para-ninos","tag-el-mejor-campamento-de-verano-ingles-de-espana","tag-english-summer-camp-for-kids-in-spain","tag-la-colonia-de-gredos","tag-summer-camp-for-kids-in-spain"],"yoast_head":"<!-- This site is optimized with the Yoast SEO plugin v22.0 - https:\/\/yoast.com\/wordpress\/plugins\/seo\/ -->\n<title>Instalaciones - Natural English Kids Camp<\/title>\n<meta name=\"description\" content=\"120.000m2 de instalaciones modernas en Sierra de Gredos que incluyen roc\u00f3dromo, equitaci\u00f3n, granja escuela, f\u00fatbol, piscina, baloncesto, tiro con arco, etc.\" \/>\n<meta name=\"robots\" content=\"index, follow, max-snippet:-1, max-image-preview:large, max-video-preview:-1\" \/>\n<link rel=\"canonical\" href=\"https:\/\/humanit.as\/experiences\/ninos-y-adolescentes\/natural-english-kids-camp\/instalaciones\/\" \/>\n<meta property=\"og:locale\" content=\"es_ES\" \/>\n<meta property=\"og:type\" content=\"article\" \/>\n<meta property=\"og:title\" content=\"Instalaciones - Natural English Kids Camp\" \/>\n<meta property=\"og:description\" content=\"120.000m2 de instalaciones modernas en Sierra de Gredos que incluyen roc\u00f3dromo, equitaci\u00f3n, granja escuela, f\u00fatbol, piscina, baloncesto, tiro con arco, etc.\" \/>\n<meta property=\"og:url\" content=\"https:\/\/humanit.as\/experiences\/ninos-y-adolescentes\/natural-english-kids-camp\/instalaciones\/\" \/>\n<meta property=\"og:site_name\" content=\"Humanit.as Learning Experiences\" \/>\n<meta property=\"article:modified_time\" content=\"2020-06-09T17:09:31+00:00\" \/>\n<meta name=\"twitter:card\" content=\"summary_large_image\" \/>\n<meta name=\"twitter:label1\" content=\"Tiempo de lectura\" \/>\n\t<meta name=\"twitter:data1\" content=\"6 minutos\" \/>\n<script type=\"application\/ld+json\" class=\"yoast-schema-graph\">{\"@context\":\"https:\/\/schema.org\",\"@graph\":[{\"@type\":\"WebPage\",\"@id\":\"https:\/\/humanit.as\/experiences\/ninos-y-adolescentes\/natural-english-kids-camp\/instalaciones\/\",\"url\":\"https:\/\/humanit.as\/experiences\/ninos-y-adolescentes\/natural-english-kids-camp\/instalaciones\/\",\"name\":\"Instalaciones - Natural English Kids Camp\",\"isPartOf\":{\"@id\":\"https:\/\/humanit.as\/experiences\/#website\"},\"datePublished\":\"2015-12-12T12:55:59+00:00\",\"dateModified\":\"2020-06-09T17:09:31+00:00\",\"description\":\"120.000m2 de instalaciones modernas en Sierra de Gredos que incluyen roc\u00f3dromo, equitaci\u00f3n, granja escuela, f\u00fatbol, piscina, baloncesto, tiro con arco, etc.\",\"breadcrumb\":{\"@id\":\"https:\/\/humanit.as\/experiences\/ninos-y-adolescentes\/natural-english-kids-camp\/instalaciones\/#breadcrumb\"},\"inLanguage\":\"es\",\"potentialAction\":[{\"@type\":\"ReadAction\",\"target\":[\"https:\/\/humanit.as\/experiences\/ninos-y-adolescentes\/natural-english-kids-camp\/instalaciones\/\"]}]},{\"@type\":\"BreadcrumbList\",\"@id\":\"https:\/\/humanit.as\/experiences\/ninos-y-adolescentes\/natural-english-kids-camp\/instalaciones\/#breadcrumb\",\"itemListElement\":[{\"@type\":\"ListItem\",\"position\":1,\"name\":\"Inicio\",\"item\":\"https:\/\/humanit.as\/experiences\/\"},{\"@type\":\"ListItem\",\"position\":2,\"name\":\"Experiencias para ni\u00f1os y adolescentes\",\"item\":\"https:\/\/humanit.as\/experiences\/ninos-y-adolescentes\/\"},{\"@type\":\"ListItem\",\"position\":3,\"name\":\"Natural English Kids Camp\",\"item\":\"https:\/\/humanit.as\/experiences\/ninos-y-adolescentes\/natural-english-kids-camp\/\"},{\"@type\":\"ListItem\",\"position\":4,\"name\":\"Instalaciones\"}]},{\"@type\":\"WebSite\",\"@id\":\"https:\/\/humanit.as\/experiences\/#website\",\"url\":\"https:\/\/humanit.as\/experiences\/\",\"name\":\"Humanit.as Learning Experiences\",\"description\":\"Experiencias para Aprender y Crecer\",\"publisher\":{\"@id\":\"https:\/\/humanit.as\/experiences\/#organization\"},\"potentialAction\":[{\"@type\":\"SearchAction\",\"target\":{\"@type\":\"EntryPoint\",\"urlTemplate\":\"https:\/\/humanit.as\/experiences\/?s={search_term_string}\"},\"query-input\":\"required name=search_term_string\"}],\"inLanguage\":\"es\"},{\"@type\":\"Organization\",\"@id\":\"https:\/\/humanit.as\/experiences\/#organization\",\"name\":\"Humanit.as\",\"url\":\"https:\/\/humanit.as\/experiences\/\",\"logo\":{\"@type\":\"ImageObject\",\"inLanguage\":\"es\",\"@id\":\"https:\/\/humanit.as\/experiences\/#\/schema\/logo\/image\/\",\"url\":\"http:\/\/s947857397.mialojamiento.es\/experiences\/wp-content\/uploads\/sites\/7\/2016\/02\/logotipo-humanitas-grande.jpg\",\"contentUrl\":\"http:\/\/s947857397.mialojamiento.es\/experiences\/wp-content\/uploads\/sites\/7\/2016\/02\/logotipo-humanitas-grande.jpg\",\"width\":1800,\"height\":1800,\"caption\":\"Humanit.as\"},\"image\":{\"@id\":\"https:\/\/humanit.as\/experiences\/#\/schema\/logo\/image\/\"}}]}<\/script>\n<!-- \/ Yoast SEO plugin. -->","yoast_head_json":{"title":"Instalaciones - Natural English Kids Camp","description":"120.000m2 de instalaciones modernas en Sierra de Gredos que incluyen roc\u00f3dromo, equitaci\u00f3n, granja escuela, f\u00fatbol, piscina, baloncesto, tiro con arco, etc.","robots":{"index":"index","follow":"follow","max-snippet":"max-snippet:-1","max-image-preview":"max-image-preview:large","max-video-preview":"max-video-preview:-1"},"canonical":"https:\/\/humanit.as\/experiences\/ninos-y-adolescentes\/natural-english-kids-camp\/instalaciones\/","og_locale":"es_ES","og_type":"article","og_title":"Instalaciones - Natural English Kids Camp","og_description":"120.000m2 de instalaciones modernas en Sierra de Gredos que incluyen roc\u00f3dromo, equitaci\u00f3n, granja escuela, f\u00fatbol, piscina, baloncesto, tiro con arco, etc.","og_url":"https:\/\/humanit.as\/experiences\/ninos-y-adolescentes\/natural-english-kids-camp\/instalaciones\/","og_site_name":"Humanit.as Learning Experiences","article_modified_time":"2020-06-09T17:09:31+00:00","twitter_card":"summary_large_image","twitter_misc":{"Tiempo de lectura":"6 minutos"},"schema":{"@context":"https:\/\/schema.org","@graph":[{"@type":"WebPage","@id":"https:\/\/humanit.as\/experiences\/ninos-y-adolescentes\/natural-english-kids-camp\/instalaciones\/","url":"https:\/\/humanit.as\/experiences\/ninos-y-adolescentes\/natural-english-kids-camp\/instalaciones\/","name":"Instalaciones - Natural English Kids Camp","isPartOf":{"@id":"https:\/\/humanit.as\/experiences\/#website"},"datePublished":"2015-12-12T12:55:59+00:00","dateModified":"2020-06-09T17:09:31+00:00","description":"120.000m2 de instalaciones modernas en Sierra de Gredos que incluyen roc\u00f3dromo, equitaci\u00f3n, granja escuela, f\u00fatbol, piscina, baloncesto, tiro con arco, etc.","breadcrumb":{"@id":"https:\/\/humanit.as\/experiences\/ninos-y-adolescentes\/natural-english-kids-camp\/instalaciones\/#breadcrumb"},"inLanguage":"es","potentialAction":[{"@type":"ReadAction","target":["https:\/\/humanit.as\/experiences\/ninos-y-adolescentes\/natural-english-kids-camp\/instalaciones\/"]}]},{"@type":"BreadcrumbList","@id":"https:\/\/humanit.as\/experiences\/ninos-y-adolescentes\/natural-english-kids-camp\/instalaciones\/#breadcrumb","itemListElement":[{"@type":"ListItem","position":1,"name":"Inicio","item":"https:\/\/humanit.as\/experiences\/"},{"@type":"ListItem","position":2,"name":"Experiencias para ni\u00f1os y adolescentes","item":"https:\/\/humanit.as\/experiences\/ninos-y-adolescentes\/"},{"@type":"ListItem","position":3,"name":"Natural English Kids Camp","item":"https:\/\/humanit.as\/experiences\/ninos-y-adolescentes\/natural-english-kids-camp\/"},{"@type":"ListItem","position":4,"name":"Instalaciones"}]},{"@type":"WebSite","@id":"https:\/\/humanit.as\/experiences\/#website","url":"https:\/\/humanit.as\/experiences\/","name":"Humanit.as Learning Experiences","description":"Experiencias para Aprender y Crecer","publisher":{"@id":"https:\/\/humanit.as\/experiences\/#organization"},"potentialAction":[{"@type":"SearchAction","target":{"@type":"EntryPoint","urlTemplate":"https:\/\/humanit.as\/experiences\/?s={search_term_string}"},"query-input":"required name=search_term_string"}],"inLanguage":"es"},{"@type":"Organization","@id":"https:\/\/humanit.as\/experiences\/#organization","name":"Humanit.as","url":"https:\/\/humanit.as\/experiences\/","logo":{"@type":"ImageObject","inLanguage":"es","@id":"https:\/\/humanit.as\/experiences\/#\/schema\/logo\/image\/","url":"http:\/\/s947857397.mialojamiento.es\/experiences\/wp-content\/uploads\/sites\/7\/2016\/02\/logotipo-humanitas-grande.jpg","contentUrl":"http:\/\/s947857397.mialojamiento.es\/experiences\/wp-content\/uploads\/sites\/7\/2016\/02\/logotipo-humanitas-grande.jpg","width":1800,"height":1800,"caption":"Humanit.as"},"image":{"@id":"https:\/\/humanit.as\/experiences\/#\/schema\/logo\/image\/"}}]}},"_links":{"self":[{"href":"https:\/\/humanit.as\/experiences\/wp-json\/wp\/v2\/pages\/97","targetHints":{"allow":["GET"]}}],"collection":[{"href":"https:\/\/humanit.as\/experiences\/wp-json\/wp\/v2\/pages"}],"about":[{"href":"https:\/\/humanit.as\/experiences\/wp-json\/wp\/v2\/types\/page"}],"author":[{"embeddable":true,"href":"https:\/\/humanit.as\/experiences\/wp-json\/wp\/v2\/users\/1"}],"replies":[{"embeddable":true,"href":"https:\/\/humanit.as\/experiences\/wp-json\/wp\/v2\/comments?post=97"}],"version-history":[{"count":1,"href":"https:\/\/humanit.as\/experiences\/wp-json\/wp\/v2\/pages\/97\/revisions"}],"predecessor-version":[{"id":1970,"href":"https:\/\/humanit.as\/experiences\/wp-json\/wp\/v2\/pages\/97\/revisions\/1970"}],"up":[{"embeddable":true,"href":"https:\/\/humanit.as\/experiences\/wp-json\/wp\/v2\/pages\/68"}],"wp:attachment":[{"href":"https:\/\/humanit.as\/experiences\/wp-json\/wp\/v2\/media?parent=97"}],"wp:term":[{"taxonomy":"post_tag","embeddable":true,"href":"https:\/\/humanit.as\/experiences\/wp-json\/wp\/v2\/tags?post=97"}],"curies":[{"name":"wp","href":"https:\/\/api.w.org\/{rel}","templated":true}]}}