{"id":897,"date":"2016-05-27T15:57:51","date_gmt":"2016-05-27T15:57:51","guid":{"rendered":"https:\/\/humanit.as\/experiences\/?page_id=897"},"modified":"2020-06-09T17:10:37","modified_gmt":"2020-06-09T17:10:37","slug":"sorteo-campamento-ingles-plaza-gratuita","status":"publish","type":"page","link":"https:\/\/humanit.as\/experiences\/ninos-y-adolescentes\/natural-english-kids-camp\/sorteo-campamento-ingles-plaza-gratuita\/","title":{"rendered":"\u00bfQuieres ganar una plaza en Natural English Kids Camp?"},"content":{"rendered":"\n[et_pb_section admin_label=\u00bbSecci\u00f3n\u00bb fullwidth=\u00bbon\u00bb specialty=\u00bboff\u00bb][et_pb_fullwidth_header admin_label=\u00bbT\u00edtulo de anchura completa\u00bb title=\u00bb\u00bfQuieres ganar una plaza en Natural English Kids Camp?\u00bb subhead=\u00bb\u00a1El premio tiene un valor de m\u00e1s de 500\u20ac!\u00bb background_layout=\u00bbdark\u00bb text_orientation=\u00bbcenter\u00bb header_fullscreen=\u00bboff\u00bb header_scroll_down=\u00bbon\u00bb button_one_text=\u00bbTambi\u00e9n puedes reservar haciendo clic aqu\u00ed\u00bb button_one_url=\u00bbhttps:\/\/humanit.as\/experiences\/ninos-y-adolescentes\/natural-english-kids-camp\/reservas\/\u00bb background_url=\u00bbhttps:\/\/humanit.as\/experiences\/wp-content\/uploads\/sites\/7\/2016\/05\/wallpaper-stars-10.jpg\u00bb parallax=\u00bbon\u00bb parallax_method=\u00bboff\u00bb content_orientation=\u00bbcenter\u00bb image_orientation=\u00bbcenter\u00bb title_font=\u00bb|on|||\u00bb title_font_size=\u00bb40px\u00bb content_font=\u00bb|on|||\u00bb content_font_size=\u00bb20px\u00bb scroll_down_icon_size=\u00bb60px\u00bb custom_button_one=\u00bboff\u00bb button_one_letter_spacing=\u00bb0&#8243; button_one_use_icon=\u00bbdefault\u00bb button_one_icon_placement=\u00bbright\u00bb button_one_on_hover=\u00bbon\u00bb button_one_letter_spacing_hover=\u00bb0&#8243; custom_button_two=\u00bboff\u00bb button_two_letter_spacing=\u00bb0&#8243; button_two_use_icon=\u00bbdefault\u00bb button_two_icon_placement=\u00bbright\u00bb button_two_on_hover=\u00bbon\u00bb button_two_letter_spacing_hover=\u00bb0&#8243; subhead_font=\u00bb|on|||\u00bb subhead_font_size=\u00bb30px\u00bb background_overlay_color=\u00bbrgba(0,0,0,0.52)\u00bb]\r\n\r\nSigue hacia abajo para descubrir como participar.\r\n\r\n[\/et_pb_fullwidth_header][\/et_pb_section][et_pb_section admin_label=\u00bbsection\u00bb transparent_background=\u00bboff\u00bb background_color=\u00bb#f2ebe1&#8243; inner_shadow=\u00bbon\u00bb parallax=\u00bboff\u00bb parallax_method=\u00bboff\u00bb allow_player_pause=\u00bboff\u00bb padding_mobile=\u00bboff\u00bb make_fullwidth=\u00bboff\u00bb use_custom_width=\u00bboff\u00bb width_unit=\u00bbon\u00bb make_equal=\u00bboff\u00bb use_custom_gutter=\u00bboff\u00bb][et_pb_row admin_label=\u00bbFila\u00bb][et_pb_column type=\u00bb4_4&#8243;][et_pb_video admin_label=\u00bbV\u00eddeo del sorteo\u00bb src=\u00bbhttps:\/\/www.youtube.com\/watch?v=WEaVLx41Vyg\u00bb image_src=\u00bbhttps:\/\/humanit.as\/experiences\/wp-content\/uploads\/sites\/7\/2016\/05\/sorteo-splash-2.jpg\u00bb play_icon_color=\u00bb#ffffff\u00bb] [\/et_pb_video][\/et_pb_column][\/et_pb_row][et_pb_row admin_label=\u00bbFila\u00bb][et_pb_column type=\u00bb2_3&#8243;][et_pb_text admin_label=\u00bbTexto\u00bb background_layout=\u00bblight\u00bb text_orientation=\u00bbleft\u00bb text_font_size=\u00bb20&#8243; use_border_color=\u00bbon\u00bb border_color=\u00bb#bfbfbf\u00bb border_width=\u00bb4px\u00bb border_style=\u00bbsolid\u00bb custom_padding=\u00bb5px|5px|5px|5px\u00bb text_font=\u00bb|on|||\u00bb]\r\n\r\nComo decimos en el v\u00eddeo arriba, estamos sorteando el premio m\u00e1s grande de nuestra historia para este <a href=\"https:\/\/humanit.as\/experiences\/espana\/verano\/campamento-urbano-en-ingles-casa-de-campo-madrid\/\">verano<\/a>: una semana en <a href=\"https:\/\/humanit.as\/experiences\/ninos-y-adolescentes\/natural-english-kids-camp\/\">Natural English Kids Camp<\/a> para una persona la primera semana de agosto 2016. <a href=\"https:\/\/humanit.as\/experiences\/ninos-y-adolescentes\/natural-english-kids-camp\/fechas-y-precios\/\">Haz clic aqu\u00ed para ver las fechas exactas del campamento<\/a>.\r\n\r\nHay dos maneras de participar. La primera es visitar nuestra p\u00e1gina en una de las redes sociales (enlaces: <a href=\"https:\/\/www.facebook.com\/humanitasonline\/\">Facebook<\/a>, <a href=\"http:\/\/twitter.com\/humanitasonline\">Twitter<\/a>, <a href=\"https:\/\/www.instagram.com\/humanitasonline\/\">Instagram<\/a>, <a href=\"https:\/\/www.youtube.com\/user\/humanitasidiomas\">YouTube<\/a>) y hacer clic en \u201cme gusta\u201d o marcar como favorito nuestra entrada sobre el concurso, y compartirlo con tus amigos y familiares. La segunda es enviarnos un email a <a href=\"mailto:experiences@humanit.as\">experiences@humanit.as<\/a> poniendo el asunto \u201cSorteo Natural English Kids Camp\u201d y cont\u00e1ndonos lo que m\u00e1s te ha gustado sobre el <a href=\"https:\/\/humanit.as\/experiences\/espana\/verano\/campamento-urbano-en-ingles-casa-de-campo-madrid\/clan-camp-2020-campamento-urbano-en-ingles-madrid\/\">campamento<\/a>.\r\n\r\nEl premio es asignable a cualquier persona de entre 6 y 16 a\u00f1os de edad e incluye todo menos el viaje hasta <a href=\"http:\/\/lacoloniadegredos.com\">La Colonia de Gredos<\/a>, a no ser que se salga desde Madrid. Esto quiere decir que quien gane puede elegir regalar esta experiencia inolvidable a quien quiera. \u00a1Vaya regalazo!\r\n\r\nSi el ganador del premio ya ha reservado en Natural English Kids Camp, sin importar las fechas, reembolsaremos el importe de la reserva de una plaza y \u00a1ya est\u00e1!, al final ser\u00e1 gratuito.\r\n\r\nCrearemos una lista de las personas que han participado en las redes sociales o por email y el d\u00eda s\u00e1bado 11 de junio 2016, usaremos un programa inform\u00e1tico para elegir el ganador al azar. Lo m\u00e1s probable es que lo grabemos en un v\u00eddeo que se publicar\u00e1 en nuestra p\u00e1gina web y a trav\u00e9s de las redes sociales.\r\n\r\nSi por alg\u00fan motivo no fuera posible contactar con el ganador o si \u00e9ste no tenga a quien regalar la plaza, se repetir\u00e1 el sorteo una semana despu\u00e9s.\r\n\r\nEl sorteo est\u00e1 abierto a cualquier persona de cualquier parte del mundo, aunque no nos haremos cargo del transporte hasta La Colonia de Gredos desde cualquier sitio que no sea Madrid.\r\n\r\nNo est\u00e1 permitido vender la plaza. Si descubrimos que esto ha ocurrido o que se ha intentado hacer, esta persona ser\u00e1 descalificado y sacaremos otro ganador al azar.\r\n\r\n\u00a1Os deseamos mucha suerte! Seg\u00fan como sea la reacci\u00f3n a este sorteo, es muy posible que hagamos m\u00e1s sorteos y concursos en un futuro cercano.\r\n\r\n[\/et_pb_text][\/et_pb_column][et_pb_column type=\u00bb1_3&#8243;][et_pb_button admin_label=\u00bbFacebook\u00bb button_url=\u00bbhttps:\/\/www.facebook.com\/humanitasonline\u00bb url_new_window=\u00bbon\u00bb button_text=\u00bbHumanit.as en Facebook\u00bb button_alignment=\u00bbcenter\u00bb background_layout=\u00bblight\u00bb custom_button=\u00bbon\u00bb button_text_color=\u00bb#ffffff\u00bb button_bg_color=\u00bb#23239b\u00bb button_border_width=\u00bb5&#8243; button_border_color=\u00bb#000000&#8243; button_border_radius=\u00bb5&#8243; button_letter_spacing=\u00bb0&#8243; button_use_icon=\u00bbon\u00bb button_icon=\u00bb%%314%%\u00bb button_icon_color=\u00bb#dd9933&#8243; button_icon_placement=\u00bbleft\u00bb button_on_hover=\u00bboff\u00bb button_text_color_hover=\u00bb#2924a0&#8243; button_bg_color_hover=\u00bb#ffffff\u00bb button_border_color_hover=\u00bb#000000&#8243; button_letter_spacing_hover=\u00bb0&#8243; saved_tabs=\u00bball\u00bb button_border_radius_hover=\u00bb6&#8243; button_font=\u00bb|on|||\u00bb] [\/et_pb_button][et_pb_button admin_label=\u00bbTwitter\u00bb button_url=\u00bbhttps:\/\/twitter.com\/humanitasonline\u00bb url_new_window=\u00bbon\u00bb button_text=\u00bbHumanit.as en Twitter\u00bb button_alignment=\u00bbcenter\u00bb background_layout=\u00bblight\u00bb custom_button=\u00bbon\u00bb button_text_color=\u00bb#ffffff\u00bb button_bg_color=\u00bb#2ea5d1&#8243; button_border_width=\u00bb5&#8243; button_border_color=\u00bb#000000&#8243; button_border_radius=\u00bb5&#8243; button_letter_spacing=\u00bb0&#8243; button_use_icon=\u00bbon\u00bb button_icon=\u00bb%%315%%\u00bb button_icon_color=\u00bb#dd9933&#8243; button_icon_placement=\u00bbleft\u00bb button_on_hover=\u00bboff\u00bb button_text_color_hover=\u00bb#2ea5d1&#8243; button_bg_color_hover=\u00bb#ffffff\u00bb button_border_color_hover=\u00bb#000000&#8243; button_letter_spacing_hover=\u00bb0&#8243; saved_tabs=\u00bball\u00bb button_border_radius_hover=\u00bb6&#8243; button_font=\u00bb|on|||\u00bb] [\/et_pb_button][et_pb_button admin_label=\u00bbYouTube\u00bb button_url=\u00bbhttps:\/\/www.youtube.com\/channel\/UCFCAM2VrNuevK3x04cf77Jw\u00bb url_new_window=\u00bbon\u00bb button_text=\u00bbHumanit.as en YouTube\u00bb button_alignment=\u00bbcenter\u00bb background_layout=\u00bblight\u00bb custom_button=\u00bbon\u00bb button_text_color=\u00bb#ffffff\u00bb button_bg_color=\u00bb#e02b20&#8243; button_border_width=\u00bb5&#8243; button_border_color=\u00bb#000000&#8243; button_border_radius=\u00bb5&#8243; button_letter_spacing=\u00bb0&#8243; button_use_icon=\u00bbon\u00bb button_icon=\u00bb%%307%%\u00bb button_icon_color=\u00bb#dd9933&#8243; button_icon_placement=\u00bbleft\u00bb button_on_hover=\u00bboff\u00bb button_text_color_hover=\u00bb#e02b20&#8243; button_bg_color_hover=\u00bb#ffffff\u00bb button_border_color_hover=\u00bb#1c0803&#8243; button_letter_spacing_hover=\u00bb0&#8243; saved_tabs=\u00bball\u00bb button_border_radius_hover=\u00bb6&#8243; button_font=\u00bb|on|||\u00bb] [\/et_pb_button][et_pb_button admin_label=\u00bbInstagram\u00bb button_url=\u00bbhttps:\/\/www.instagram.com\/humanitasonline\/\u00bb url_new_window=\u00bbon\u00bb button_text=\u00bbHumanit.as en Instagram\u00bb button_alignment=\u00bbcenter\u00bb background_layout=\u00bblight\u00bb custom_button=\u00bbon\u00bb button_text_color=\u00bb#ffffff\u00bb button_bg_color=\u00bb#66350e\u00bb button_border_width=\u00bb5&#8243; button_border_color=\u00bb#000000&#8243; button_border_radius=\u00bb5&#8243; button_letter_spacing=\u00bb0&#8243; button_use_icon=\u00bbon\u00bb button_icon=\u00bb%%298%%\u00bb button_icon_color=\u00bb#dd9933&#8243; button_icon_placement=\u00bbleft\u00bb button_on_hover=\u00bboff\u00bb button_text_color_hover=\u00bb#66350e\u00bb button_bg_color_hover=\u00bb#ffffff\u00bb button_border_color_hover=\u00bb#1c0803&#8243; button_letter_spacing_hover=\u00bb0&#8243; saved_tabs=\u00bball\u00bb button_border_radius_hover=\u00bb6&#8243; button_font=\u00bb|on|||\u00bb] [\/et_pb_button][et_pb_button admin_label=\u00bbGoogle+\u00bb button_url=\u00bbhttps:\/\/plus.google.com\/+HumanitAsAcademiaEnPozuelo\u00bb url_new_window=\u00bbon\u00bb button_text=\u00bbHumanit.as en Google+\u00bb button_alignment=\u00bbcenter\u00bb background_layout=\u00bblight\u00bb custom_button=\u00bbon\u00bb button_text_color=\u00bb#ffffff\u00bb button_bg_color=\u00bb#147710&#8243; button_border_width=\u00bb5&#8243; button_border_color=\u00bb#000000&#8243; button_border_radius=\u00bb5&#8243; button_letter_spacing=\u00bb0&#8243; button_use_icon=\u00bbon\u00bb button_icon=\u00bb%%294%%\u00bb button_icon_color=\u00bb#dd9933&#8243; button_icon_placement=\u00bbleft\u00bb button_on_hover=\u00bboff\u00bb button_text_color_hover=\u00bb#147710&#8243; button_bg_color_hover=\u00bb#ffffff\u00bb button_border_color_hover=\u00bb#1c0803&#8243; button_letter_spacing_hover=\u00bb0&#8243; saved_tabs=\u00bball\u00bb button_border_radius_hover=\u00bb6&#8243; button_font=\u00bb|on|||\u00bb] [\/et_pb_button][et_pb_button admin_label=\u00bbDescarga PDF\u00bb button_url=\u00bbhttps:\/\/humanit.as\/experiences\/wp-content\/uploads\/sites\/7\/2016\/03\/Natural-English-Kids-Camp-Verano-2016.pdf\u00bb url_new_window=\u00bbon\u00bb button_text=\u00bbDescarga informaci\u00f3n en PDF sobre Natural English Kids Camp aqu\u00ed.\u00bb button_alignment=\u00bbcenter\u00bb background_layout=\u00bblight\u00bb custom_button=\u00bbon\u00bb button_text_color=\u00bb#ffffff\u00bb button_bg_color=\u00bb#8300e9&#8243; button_border_width=\u00bb5&#8243; button_border_color=\u00bb#000000&#8243; button_border_radius=\u00bb5&#8243; button_letter_spacing=\u00bb0&#8243; button_use_icon=\u00bbon\u00bb button_icon=\u00bb%%233%%\u00bb button_icon_color=\u00bb#dd9933&#8243; button_icon_placement=\u00bbleft\u00bb button_on_hover=\u00bboff\u00bb button_text_color_hover=\u00bb#8300e9&#8243; button_bg_color_hover=\u00bb#ffffff\u00bb button_border_color_hover=\u00bb#1e73be\u00bb button_letter_spacing_hover=\u00bb0&#8243; saved_tabs=\u00bball\u00bb button_border_radius_hover=\u00bb6&#8243; button_font=\u00bb|on|||\u00bb] [\/et_pb_button][\/et_pb_column][\/et_pb_row][et_pb_row admin_label=\u00bbrow\u00bb][et_pb_column type=\u00bb2_3&#8243;][et_pb_countdown_timer admin_label=\u00bbCountdown Timer\u00bb title=\u00bb\u00a1\u00a1\u00a1Queda cada vez menos para el sorteo!!!\u00bb date_time=\u00bb06\/11\/2016 12:00&#8243; background_layout=\u00bblight\u00bb use_background_color=\u00bbon\u00bb background_color=\u00bb#7EBEC5&#8243;] [\/et_pb_countdown_timer][\/et_pb_column][et_pb_column type=\u00bb1_3&#8243;][et_pb_cta admin_label=\u00bbCall To Action\u00bb title=\u00bbReserva tu plaza&#8230;\u00bb button_url=\u00bbhttps:\/\/humanit.as\/experiences\/ninos-y-adolescentes\/natural-english-kids-camp\/reservas\/\u00bb button_text=\u00bbHaz clic aqu\u00ed\u00bb use_background_color=\u00bbon\u00bb background_color=\u00bb#afb272&#8243; background_layout=\u00bbdark\u00bb text_orientation=\u00bbcenter\u00bb url_new_window=\u00bboff\u00bb use_border_color=\u00bboff\u00bb border_color=\u00bb#ffffff\u00bb border_style=\u00bbsolid\u00bb custom_button=\u00bboff\u00bb button_letter_spacing=\u00bb0&#8243; button_use_icon=\u00bbdefault\u00bb button_icon_placement=\u00bbright\u00bb button_on_hover=\u00bbon\u00bb button_letter_spacing_hover=\u00bb0&#8243;]\r\n\r\nOjal\u00e1 tuvi\u00e9semos m\u00e1s plazas, \u00a1pero hay las que hay!\r\n\r\n[\/et_pb_cta][\/et_pb_column][\/et_pb_row][\/et_pb_section]\n","protected":false},"excerpt":{"rendered":"<p>Sigue hacia abajo para descubrir como participar. Como decimos en el v\u00eddeo arriba, estamos sorteando el premio m\u00e1s grande de nuestra historia para este verano: una semana en Natural English Kids Camp para una persona la primera semana de agosto 2016. Haz clic aqu\u00ed para ver las fechas exactas del campamento. Hay dos maneras de [&hellip;]<\/p>\n","protected":false},"author":1,"featured_media":0,"parent":68,"menu_order":0,"comment_status":"open","ping_status":"closed","template":"","meta":{"_et_pb_use_builder":"on","_et_pb_old_content":"","_et_gb_content_width":"","footnotes":""},"tags":[8,20,10,14,12,9,25,13,18,21,11,15,17,16,19,23,22,67,68,24,70,28,66,69],"class_list":["post-897","page","type-page","status-publish","hentry","tag-campamento-de-verano","tag-campamento-de-verano-agosto-2016","tag-campamento-de-verano-bilingue","tag-campamento-de-verano-bilingue-cerca-de-madrid","tag-campamento-de-verano-bilingue-sierra-de-gredos","tag-campamento-de-verano-ingles","tag-campamento-de-verano-ingles-agosto-2016","tag-campamento-de-verano-ingles-cerca-de-madrid","tag-campamento-de-verano-ingles-economico","tag-campamento-de-verano-ingles-junio-2016","tag-campamento-de-verano-ingles-sierra-de-gredos","tag-campamento-de-verano-inmersion-ingles","tag-campamento-de-verano-inmersion-ingles-cerca-de-madrid","tag-campamento-de-verano-inmersion-ingles-sierra-de-gredos","tag-campamento-de-verano-junio-2016","tag-campamento-de-verano-para-adolescentes","tag-campamento-de-verano-para-ninos","tag-concurso-campamento-ingles-en-espana","tag-concurso-para-ganar-curso-ingles-para-ninos","tag-el-mejor-campamento-de-verano-ingles-de-espana","tag-el-mejor-campamento-para-aprender-ingles","tag-la-colonia-de-gredos","tag-sorteo-plaza-gratuita-campamento-ingles-agosto-2016","tag-sorteo-plaza-gratuita-natural-english-kids-camp"],"yoast_head":"<!-- This site is optimized with the Yoast SEO plugin v22.0 - https:\/\/yoast.com\/wordpress\/plugins\/seo\/ -->\n<title>\u00bfQuieres ganar una plaza en Natural English Kids Camp? - Humanit.as Learning Experiences<\/title>\n<meta name=\"robots\" content=\"index, follow, max-snippet:-1, max-image-preview:large, max-video-preview:-1\" \/>\n<link rel=\"canonical\" href=\"https:\/\/humanit.as\/experiences\/ninos-y-adolescentes\/natural-english-kids-camp\/sorteo-campamento-ingles-plaza-gratuita\/\" \/>\n<meta property=\"og:locale\" content=\"es_ES\" \/>\n<meta property=\"og:type\" content=\"article\" \/>\n<meta property=\"og:title\" content=\"\u00bfQuieres ganar una plaza en Natural English Kids Camp? - Humanit.as Learning Experiences\" \/>\n<meta property=\"og:description\" content=\"Sigue hacia abajo para descubrir como participar. Como decimos en el v\u00eddeo arriba, estamos sorteando el premio m\u00e1s grande de nuestra historia para este verano: una semana en Natural English Kids Camp para una persona la primera semana de agosto 2016. Haz clic aqu\u00ed para ver las fechas exactas del campamento. Hay dos maneras de [&hellip;]\" \/>\n<meta property=\"og:url\" content=\"https:\/\/humanit.as\/experiences\/ninos-y-adolescentes\/natural-english-kids-camp\/sorteo-campamento-ingles-plaza-gratuita\/\" \/>\n<meta property=\"og:site_name\" content=\"Humanit.as Learning Experiences\" \/>\n<meta property=\"article:modified_time\" content=\"2020-06-09T17:10:37+00:00\" \/>\n<meta name=\"twitter:card\" content=\"summary_large_image\" \/>\n<meta name=\"twitter:label1\" content=\"Tiempo de lectura\" \/>\n\t<meta name=\"twitter:data1\" content=\"8 minutos\" \/>\n<script type=\"application\/ld+json\" class=\"yoast-schema-graph\">{\"@context\":\"https:\/\/schema.org\",\"@graph\":[{\"@type\":\"WebPage\",\"@id\":\"https:\/\/humanit.as\/experiences\/ninos-y-adolescentes\/natural-english-kids-camp\/sorteo-campamento-ingles-plaza-gratuita\/\",\"url\":\"https:\/\/humanit.as\/experiences\/ninos-y-adolescentes\/natural-english-kids-camp\/sorteo-campamento-ingles-plaza-gratuita\/\",\"name\":\"\u00bfQuieres ganar una plaza en Natural English Kids Camp? - Humanit.as Learning Experiences\",\"isPartOf\":{\"@id\":\"https:\/\/humanit.as\/experiences\/#website\"},\"datePublished\":\"2016-05-27T15:57:51+00:00\",\"dateModified\":\"2020-06-09T17:10:37+00:00\",\"breadcrumb\":{\"@id\":\"https:\/\/humanit.as\/experiences\/ninos-y-adolescentes\/natural-english-kids-camp\/sorteo-campamento-ingles-plaza-gratuita\/#breadcrumb\"},\"inLanguage\":\"es\",\"potentialAction\":[{\"@type\":\"ReadAction\",\"target\":[\"https:\/\/humanit.as\/experiences\/ninos-y-adolescentes\/natural-english-kids-camp\/sorteo-campamento-ingles-plaza-gratuita\/\"]}]},{\"@type\":\"BreadcrumbList\",\"@id\":\"https:\/\/humanit.as\/experiences\/ninos-y-adolescentes\/natural-english-kids-camp\/sorteo-campamento-ingles-plaza-gratuita\/#breadcrumb\",\"itemListElement\":[{\"@type\":\"ListItem\",\"position\":1,\"name\":\"Inicio\",\"item\":\"https:\/\/humanit.as\/experiences\/\"},{\"@type\":\"ListItem\",\"position\":2,\"name\":\"Experiencias para ni\u00f1os y adolescentes\",\"item\":\"https:\/\/humanit.as\/experiences\/ninos-y-adolescentes\/\"},{\"@type\":\"ListItem\",\"position\":3,\"name\":\"Natural English Kids Camp\",\"item\":\"https:\/\/humanit.as\/experiences\/ninos-y-adolescentes\/natural-english-kids-camp\/\"},{\"@type\":\"ListItem\",\"position\":4,\"name\":\"\u00bfQuieres ganar una plaza en Natural English Kids Camp?\"}]},{\"@type\":\"WebSite\",\"@id\":\"https:\/\/humanit.as\/experiences\/#website\",\"url\":\"https:\/\/humanit.as\/experiences\/\",\"name\":\"Humanit.as Learning Experiences\",\"description\":\"Experiencias para Aprender y Crecer\",\"publisher\":{\"@id\":\"https:\/\/humanit.as\/experiences\/#organization\"},\"potentialAction\":[{\"@type\":\"SearchAction\",\"target\":{\"@type\":\"EntryPoint\",\"urlTemplate\":\"https:\/\/humanit.as\/experiences\/?s={search_term_string}\"},\"query-input\":\"required name=search_term_string\"}],\"inLanguage\":\"es\"},{\"@type\":\"Organization\",\"@id\":\"https:\/\/humanit.as\/experiences\/#organization\",\"name\":\"Humanit.as\",\"url\":\"https:\/\/humanit.as\/experiences\/\",\"logo\":{\"@type\":\"ImageObject\",\"inLanguage\":\"es\",\"@id\":\"https:\/\/humanit.as\/experiences\/#\/schema\/logo\/image\/\",\"url\":\"http:\/\/s947857397.mialojamiento.es\/experiences\/wp-content\/uploads\/sites\/7\/2016\/02\/logotipo-humanitas-grande.jpg\",\"contentUrl\":\"http:\/\/s947857397.mialojamiento.es\/experiences\/wp-content\/uploads\/sites\/7\/2016\/02\/logotipo-humanitas-grande.jpg\",\"width\":1800,\"height\":1800,\"caption\":\"Humanit.as\"},\"image\":{\"@id\":\"https:\/\/humanit.as\/experiences\/#\/schema\/logo\/image\/\"}}]}<\/script>\n<!-- \/ Yoast SEO plugin. -->","yoast_head_json":{"title":"\u00bfQuieres ganar una plaza en Natural English Kids Camp? - Humanit.as Learning Experiences","robots":{"index":"index","follow":"follow","max-snippet":"max-snippet:-1","max-image-preview":"max-image-preview:large","max-video-preview":"max-video-preview:-1"},"canonical":"https:\/\/humanit.as\/experiences\/ninos-y-adolescentes\/natural-english-kids-camp\/sorteo-campamento-ingles-plaza-gratuita\/","og_locale":"es_ES","og_type":"article","og_title":"\u00bfQuieres ganar una plaza en Natural English Kids Camp? - Humanit.as Learning Experiences","og_description":"Sigue hacia abajo para descubrir como participar. Como decimos en el v\u00eddeo arriba, estamos sorteando el premio m\u00e1s grande de nuestra historia para este verano: una semana en Natural English Kids Camp para una persona la primera semana de agosto 2016. Haz clic aqu\u00ed para ver las fechas exactas del campamento. Hay dos maneras de [&hellip;]","og_url":"https:\/\/humanit.as\/experiences\/ninos-y-adolescentes\/natural-english-kids-camp\/sorteo-campamento-ingles-plaza-gratuita\/","og_site_name":"Humanit.as Learning Experiences","article_modified_time":"2020-06-09T17:10:37+00:00","twitter_card":"summary_large_image","twitter_misc":{"Tiempo de lectura":"8 minutos"},"schema":{"@context":"https:\/\/schema.org","@graph":[{"@type":"WebPage","@id":"https:\/\/humanit.as\/experiences\/ninos-y-adolescentes\/natural-english-kids-camp\/sorteo-campamento-ingles-plaza-gratuita\/","url":"https:\/\/humanit.as\/experiences\/ninos-y-adolescentes\/natural-english-kids-camp\/sorteo-campamento-ingles-plaza-gratuita\/","name":"\u00bfQuieres ganar una plaza en Natural English Kids Camp? - Humanit.as Learning Experiences","isPartOf":{"@id":"https:\/\/humanit.as\/experiences\/#website"},"datePublished":"2016-05-27T15:57:51+00:00","dateModified":"2020-06-09T17:10:37+00:00","breadcrumb":{"@id":"https:\/\/humanit.as\/experiences\/ninos-y-adolescentes\/natural-english-kids-camp\/sorteo-campamento-ingles-plaza-gratuita\/#breadcrumb"},"inLanguage":"es","potentialAction":[{"@type":"ReadAction","target":["https:\/\/humanit.as\/experiences\/ninos-y-adolescentes\/natural-english-kids-camp\/sorteo-campamento-ingles-plaza-gratuita\/"]}]},{"@type":"BreadcrumbList","@id":"https:\/\/humanit.as\/experiences\/ninos-y-adolescentes\/natural-english-kids-camp\/sorteo-campamento-ingles-plaza-gratuita\/#breadcrumb","itemListElement":[{"@type":"ListItem","position":1,"name":"Inicio","item":"https:\/\/humanit.as\/experiences\/"},{"@type":"ListItem","position":2,"name":"Experiencias para ni\u00f1os y adolescentes","item":"https:\/\/humanit.as\/experiences\/ninos-y-adolescentes\/"},{"@type":"ListItem","position":3,"name":"Natural English Kids Camp","item":"https:\/\/humanit.as\/experiences\/ninos-y-adolescentes\/natural-english-kids-camp\/"},{"@type":"ListItem","position":4,"name":"\u00bfQuieres ganar una plaza en Natural English Kids Camp?"}]},{"@type":"WebSite","@id":"https:\/\/humanit.as\/experiences\/#website","url":"https:\/\/humanit.as\/experiences\/","name":"Humanit.as Learning Experiences","description":"Experiencias para Aprender y Crecer","publisher":{"@id":"https:\/\/humanit.as\/experiences\/#organization"},"potentialAction":[{"@type":"SearchAction","target":{"@type":"EntryPoint","urlTemplate":"https:\/\/humanit.as\/experiences\/?s={search_term_string}"},"query-input":"required name=search_term_string"}],"inLanguage":"es"},{"@type":"Organization","@id":"https:\/\/humanit.as\/experiences\/#organization","name":"Humanit.as","url":"https:\/\/humanit.as\/experiences\/","logo":{"@type":"ImageObject","inLanguage":"es","@id":"https:\/\/humanit.as\/experiences\/#\/schema\/logo\/image\/","url":"http:\/\/s947857397.mialojamiento.es\/experiences\/wp-content\/uploads\/sites\/7\/2016\/02\/logotipo-humanitas-grande.jpg","contentUrl":"http:\/\/s947857397.mialojamiento.es\/experiences\/wp-content\/uploads\/sites\/7\/2016\/02\/logotipo-humanitas-grande.jpg","width":1800,"height":1800,"caption":"Humanit.as"},"image":{"@id":"https:\/\/humanit.as\/experiences\/#\/schema\/logo\/image\/"}}]}},"_links":{"self":[{"href":"https:\/\/humanit.as\/experiences\/wp-json\/wp\/v2\/pages\/897","targetHints":{"allow":["GET"]}}],"collection":[{"href":"https:\/\/humanit.as\/experiences\/wp-json\/wp\/v2\/pages"}],"about":[{"href":"https:\/\/humanit.as\/experiences\/wp-json\/wp\/v2\/types\/page"}],"author":[{"embeddable":true,"href":"https:\/\/humanit.as\/experiences\/wp-json\/wp\/v2\/users\/1"}],"replies":[{"embeddable":true,"href":"https:\/\/humanit.as\/experiences\/wp-json\/wp\/v2\/comments?post=897"}],"version-history":[{"count":1,"href":"https:\/\/humanit.as\/experiences\/wp-json\/wp\/v2\/pages\/897\/revisions"}],"predecessor-version":[{"id":1971,"href":"https:\/\/humanit.as\/experiences\/wp-json\/wp\/v2\/pages\/897\/revisions\/1971"}],"up":[{"embeddable":true,"href":"https:\/\/humanit.as\/experiences\/wp-json\/wp\/v2\/pages\/68"}],"wp:attachment":[{"href":"https:\/\/humanit.as\/experiences\/wp-json\/wp\/v2\/media?parent=897"}],"wp:term":[{"taxonomy":"post_tag","embeddable":true,"href":"https:\/\/humanit.as\/experiences\/wp-json\/wp\/v2\/tags?post=897"}],"curies":[{"name":"wp","href":"https:\/\/api.w.org\/{rel}","templated":true}]}}