{"id":735,"date":"2016-03-15T17:59:04","date_gmt":"2016-03-15T17:59:04","guid":{"rendered":"https:\/\/humanit.as\/experiences\/?page_id=735"},"modified":"2018-06-04T06:16:42","modified_gmt":"2018-06-04T06:16:42","slug":"fechas-precios","status":"publish","type":"page","link":"https:\/\/humanit.as\/experiences\/familias\/natural-english-family-camp\/fechas-precios\/","title":{"rendered":"Fechas y precios"},"content":{"rendered":"<p>[et_pb_section bb_built=\u00bb1&#8243; fullwidth=\u00bbon\u00bb specialty=\u00bboff\u00bb][et_pb_fullwidth_header admin_label=\u00bbFechas\u00bb title=\u00bbFechas para agosto 2016:\u00bb subhead=\u00bb(Calcula el precio para tu familia m\u00e1s abajo)\u00bb background_layout=\u00bbdark\u00bb text_orientation=\u00bbcenter\u00bb header_fullscreen=\u00bboff\u00bb header_scroll_down=\u00bbon\u00bb background_color=\u00bb#4c3b13&#8243; parallax=\u00bboff\u00bb parallax_method=\u00bboff\u00bb content_orientation=\u00bbcenter\u00bb image_orientation=\u00bbcenter\u00bb title_font_size=\u00bb40px\u00bb subhead_font_size=\u00bb25px\u00bb custom_button_one=\u00bboff\u00bb button_one_letter_spacing=\u00bb0&#8243; button_one_use_icon=\u00bbdefault\u00bb button_one_icon_placement=\u00bbright\u00bb button_one_on_hover=\u00bbon\u00bb button_one_letter_spacing_hover=\u00bb0&#8243; custom_button_two=\u00bboff\u00bb button_two_letter_spacing=\u00bb0&#8243; button_two_use_icon=\u00bbdefault\u00bb button_two_icon_placement=\u00bbright\u00bb button_two_on_hover=\u00bbon\u00bb button_two_letter_spacing_hover=\u00bb0&#8243; scroll_down_icon=\u00bb%%1%%\u00bb \/][\/et_pb_section][et_pb_section bb_built=\u00bb1&#8243; fullwidth=\u00bboff\u00bb specialty=\u00bboff\u00bb][et_pb_row][et_pb_column type=\u00bb4_4&#8243;][et_pb_blurb admin_label=\u00bbSemana 1&#8243; url_new_window=\u00bboff\u00bb use_icon=\u00bboff\u00bb use_circle=\u00bboff\u00bb use_circle_border=\u00bboff\u00bb image=\u00bbhttps:\/\/humanit.as\/experiences\/wp-content\/uploads\/sites\/7\/2016\/03\/url.png\u00bb alt=\u00bbPrimera semana de curso de inmersi\u00f3n ingl\u00e9s para familias agosto 2016&#8243; icon_placement=\u00bbtop\u00bb background_layout=\u00bblight\u00bb use_icon_font_size=\u00bboff\u00bb use_border_color=\u00bbon\u00bb border_color=\u00bb#000000&#8243; border_style=\u00bbinset\u00bb title=\u00bbUna semana, una sola oportunidad para apuntarse a un campamento realmente \u00fanico\u00bb body_font=\u00bb|on|||\u00bb body_font_size=\u00bb20&#8243; border_width=\u00bb3px\u00bb header_font=\u00bb|on|||\u00bb header_font_size=\u00bb25&#8243; custom_padding=\u00bb15px|15px|15px|15px\u00bb background_position=\u00bbtop_left\u00bb background_repeat=\u00bbrepeat\u00bb background_size=\u00bbinitial\u00bb _builder_version=\u00bb3.0.76&#8243; max_width_tablet=\u00bb50px\u00bb]<\/p>\n<p>En 2018, Natural English Kids <a href=\"https:\/\/humanit.as\/experiences\/espana\/verano\/campamento-urbano-en-ingles-casa-de-campo-madrid\/clan-camp-2020-campamento-urbano-en-ingles-madrid\/\">Camp<\/a> &amp; Family Camp se van a realizar en la semana que hace puente entre julio y agosto.<\/p>\n<p>Fecha de comienzo: S\u00e1bado 28 de julio<\/p>\n<p>Fecha final: S\u00e1bado 4 de agosto<\/p>\n<p>[\/et_pb_blurb][\/et_pb_column][\/et_pb_row][\/et_pb_section][et_pb_section bb_built=\u00bb1&#8243; fullwidth=\u00bbon\u00bb specialty=\u00bboff\u00bb][et_pb_fullwidth_header admin_label=\u00bbPrecio\u00bb title=\u00bbCalcula el precio:\u00bb subhead=\u00bb(Depende del n\u00famero de miembros de la familia y sus edades)\u00bb background_layout=\u00bbdark\u00bb text_orientation=\u00bbcenter\u00bb header_fullscreen=\u00bboff\u00bb header_scroll_down=\u00bbon\u00bb background_color=\u00bb#421027&#8243; parallax=\u00bboff\u00bb parallax_method=\u00bboff\u00bb content_orientation=\u00bbcenter\u00bb image_orientation=\u00bbcenter\u00bb title_font_size=\u00bb40px\u00bb subhead_font_size=\u00bb25px\u00bb custom_button_one=\u00bboff\u00bb button_one_letter_spacing=\u00bb0&#8243; button_one_use_icon=\u00bbdefault\u00bb button_one_icon_placement=\u00bbright\u00bb button_one_on_hover=\u00bbon\u00bb button_one_letter_spacing_hover=\u00bb0&#8243; custom_button_two=\u00bboff\u00bb button_two_letter_spacing=\u00bb0&#8243; button_two_use_icon=\u00bbdefault\u00bb button_two_icon_placement=\u00bbright\u00bb button_two_on_hover=\u00bbon\u00bb button_two_letter_spacing_hover=\u00bb0&#8243; scroll_down_icon=\u00bb%%1%%\u00bb \/][\/et_pb_section][et_pb_section bb_built=\u00bb1&#8243; fullwidth=\u00bboff\u00bb specialty=\u00bboff\u00bb][et_pb_row make_fullwidth=\u00bboff\u00bb use_custom_width=\u00bboff\u00bb width_unit=\u00bbon\u00bb use_custom_gutter=\u00bboff\u00bb padding_mobile=\u00bboff\u00bb allow_player_pause=\u00bboff\u00bb parallax=\u00bboff\u00bb parallax_method=\u00bboff\u00bb make_equal=\u00bboff\u00bb parallax_1=\u00bboff\u00bb parallax_method_1=\u00bboff\u00bb parallax_2=\u00bboff\u00bb parallax_method_2=\u00bboff\u00bb column_padding_mobile=\u00bbon\u00bb background_position=\u00bbtop_left\u00bb background_repeat=\u00bbrepeat\u00bb background_size=\u00bbinitial\u00bb][et_pb_column type=\u00bb4_4&#8243;][et_pb_text admin_label=\u00bbFormulario\u00bb background_layout=\u00bblight\u00bb text_orientation=\u00bbleft\u00bb border_style=\u00bbsolid\u00bb background_position=\u00bbtop_left\u00bb background_repeat=\u00bbrepeat\u00bb background_size=\u00bbinitial\u00bb _builder_version=\u00bb3.0.50&#8243; module_alignment=\u00bbleft\u00bb]<\/p>\n<table style=\"height: 88px;\" width=\"262\" cellspacing=\"10\">\n<tbody>\n<tr>\n<td nowrap=\"nowrap\">[CP_CALCULATED_FIELDS id=\u00bb6&#8243;]<\/td>\n<\/tr>\n<\/tbody>\n<\/table>\n<p>[\/et_pb_text][\/et_pb_column][\/et_pb_row][et_pb_row background_position=\u00bbtop_left\u00bb background_repeat=\u00bbrepeat\u00bb background_size=\u00bbinitial\u00bb][et_pb_column type=\u00bb3_4&#8243;][et_pb_blurb admin_label=\u00bbExplicaci\u00f3n tarifas\u00bb title=\u00bb\u00bfC\u00f3mo calculamos el precio?\u00bb url_new_window=\u00bboff\u00bb use_icon=\u00bbon\u00bb font_icon=\u00bb%%83%%\u00bb icon_color=\u00bb#82c67f\u00bb use_circle=\u00bboff\u00bb use_circle_border=\u00bboff\u00bb icon_placement=\u00bbleft\u00bb background_layout=\u00bblight\u00bb use_icon_font_size=\u00bbon\u00bb border_style=\u00bbsolid\u00bb background_color=\u00bbrgba(237,215,192,0.63)\u00bb icon_font_size=\u00bb120px\u00bb custom_padding=\u00bb20px|20px|20px|20px\u00bb body_font_size=\u00bb18&#8243; background_position=\u00bbtop_left\u00bb background_repeat=\u00bbrepeat\u00bb background_size=\u00bbinitial\u00bb _builder_version=\u00bb3.0.76&#8243; max_width_tablet=\u00bb50px\u00bb]<\/p>\n<p>Calculamos el precio seg\u00fan los siguientes criterios:<\/p>\n<ul>\n<li>545\u20ac para el primer adulto<\/li>\n<li>425\u20ac el segundo adulto<\/li>\n<li>200\u20ac para ni\u00f1os de 3-6 a\u00f1os (playgroup)<\/li>\n<li>425\u20ac para ni\u00f1os de 6-16 a\u00f1os<\/li>\n<\/ul>\n<p>Alojamiento en La Colonia de Gredos: Incluido<\/p>\n<p>Alojamiento en hotel rural cercano: 450\u20ac para cada habitaci\u00f3n doble.<\/p>\n<p>Aplicamos descuentos para familias con 5, 6 o m\u00e1s miembros con 3 a\u00f1os o m\u00e1s:<\/p>\n<ul>\n<li>5 personas: 10%<\/li>\n<li>6 personas o m\u00e1s: 15%<\/li>\n<\/ul>\n<p>Los precios incluyen todo menos el transporte hasta Candeleda y \u00abextras\u00bb l\u00f3gicos como, por ejemplo, si se decide no comer con nosotros o salir a tomar una copa. Proporcionaremos una lista detallando lo que est\u00e1 incluido y lo que no.<\/p>\n<p>[\/et_pb_blurb][\/et_pb_column][et_pb_column type=\u00bb1_4&#8243;][et_pb_button button_url=\u00bbhttps:\/\/humanit.as\/experiences\/familias\/natural-english-family-camp\/reservas\u00bb url_new_window=\u00bboff\u00bb button_text=\u00bbReserva ya para tu familia&#8230; \u00bb button_alignment=\u00bbleft\u00bb background_layout=\u00bblight\u00bb custom_button=\u00bbon\u00bb button_text_size=\u00bb25&#8243; button_text_color=\u00bb#e7fcd9&#8243; button_bg_color=\u00bb#4a0f75&#8243; button_border_width=\u00bb8&#8243; button_border_color=\u00bb#a8a8a8&#8243; button_letter_spacing=\u00bb0&#8243; button_use_icon=\u00bbon\u00bb button_icon=\u00bb%%277%%\u00bb button_icon_color=\u00bb#ddc69f\u00bb button_icon_placement=\u00bbright\u00bb button_on_hover=\u00bbon\u00bb button_border_radius_hover=\u00bb6&#8243; button_letter_spacing_hover=\u00bb0&#8243; \/][et_pb_button button_url=\u00bbhttps:\/\/humanit.as\/experiences\/contacto\u00bb url_new_window=\u00bboff\u00bb button_text=\u00bb\u00bfO todav\u00eda tienes preguntas?&#8230;\u00bb button_alignment=\u00bbleft\u00bb background_layout=\u00bblight\u00bb custom_button=\u00bbon\u00bb button_text_size=\u00bb25&#8243; button_text_color=\u00bb#4a0f75&#8243; button_bg_color=\u00bb#e7fcd9&#8243; button_border_width=\u00bb8&#8243; button_border_color=\u00bb#a8a8a8&#8243; button_letter_spacing=\u00bb0&#8243; button_use_icon=\u00bbon\u00bb button_icon=\u00bb%%153%%\u00bb button_icon_color=\u00bb#383725&#8243; button_icon_placement=\u00bbright\u00bb button_on_hover=\u00bbon\u00bb button_border_radius_hover=\u00bb6&#8243; button_letter_spacing_hover=\u00bb0&#8243; \/][\/et_pb_column][\/et_pb_row][\/et_pb_section][et_pb_section bb_built=\u00bb1&#8243; admin_label=\u00bbsection\u00bb fullwidth=\u00bboff\u00bb specialty=\u00bboff\u00bb background_image=\u00bbhttp:\/\/elegantthemesimages.com\/images\/premade\/d2-placeholder-1920.jpg\u00bb inner_shadow=\u00bbon\u00bb parallax=\u00bboff\u00bb][et_pb_row admin_label=\u00bbrow\u00bb background_position=\u00bbtop_left\u00bb background_repeat=\u00bbrepeat\u00bb background_size=\u00bbinitial\u00bb][et_pb_column type=\u00bb4_4&#8243;][et_pb_cta admin_label=\u00bb\u00a1Reserva ya!\u00bb title=\u00bbNo esperes m\u00e1s\u00bb button_url=\u00bbhttps:\/\/humanit.as\/experiences\/familias\/natural-english-family-camp\/reservas\u00bb button_text=\u00bbReserva para tu familia ahora\u00bb use_background_color=\u00bboff\u00bb background_color=\u00bb#108bf5&#8243; background_layout=\u00bbdark\u00bb text_orientation=\u00bbcenter\u00bb url_new_window=\u00bboff\u00bb use_border_color=\u00bboff\u00bb border_color=\u00bb#ffffff\u00bb border_style=\u00bbsolid\u00bb custom_button=\u00bboff\u00bb button_letter_spacing=\u00bb0&#8243; button_use_icon=\u00bbdefault\u00bb button_icon_placement=\u00bbright\u00bb button_on_hover=\u00bbon\u00bb button_letter_spacing_hover=\u00bb0&#8243; background_position=\u00bbtop_left\u00bb background_repeat=\u00bbrepeat\u00bb background_size=\u00bbinitial\u00bb]<\/p>\n<p>Natural English Family Camp va a ser una experiencia incre\u00edble para todos&#8230; \u00a1incluso para nosotros!<\/p>\n<p>[\/et_pb_cta][\/et_pb_column][\/et_pb_row][et_pb_row background_position=\u00bbtop_left\u00bb background_repeat=\u00bbrepeat\u00bb background_size=\u00bbinitial\u00bb][et_pb_column type=\u00bb4_4&#8243;][et_pb_button admin_label=\u00bbDescarga PDF\u00bb button_url=\u00bbhttps:\/\/humanit.as\/wp-content\/uploads\/2018\/05\/Natural-English-Family-Camp-Agosto-2018-S.pdf\u00bb url_new_window=\u00bbon\u00bb button_text=\u00bbDescarga informaci\u00f3n en PDF sobre Natural English Family Camp aqu\u00ed.\u00bb button_alignment=\u00bbcenter\u00bb background_layout=\u00bblight\u00bb custom_button=\u00bbon\u00bb button_text_size=\u00bb35&#8243; button_text_color=\u00bb#ffffff\u00bb button_bg_color=\u00bb#dd3333&#8243; button_border_width=\u00bb5&#8243; button_border_color=\u00bb#000000&#8243; button_border_radius=\u00bb5&#8243; button_letter_spacing=\u00bb0&#8243; button_icon=\u00bb%%233%%\u00bb button_icon_color=\u00bb#dd9933&#8243; button_icon_placement=\u00bbleft\u00bb button_on_hover=\u00bboff\u00bb button_text_color_hover=\u00bb#dd3333&#8243; button_bg_color_hover=\u00bb#eeee22&#8243; button_border_color_hover=\u00bb#1e73be\u00bb button_letter_spacing_hover=\u00bb0&#8243; saved_tabs=\u00bball\u00bb button_border_radius_hover=\u00bb6&#8243; _builder_version=\u00bb3.0.76&#8243; \/][\/et_pb_column][\/et_pb_row][\/et_pb_section]<\/p>\n","protected":false},"excerpt":{"rendered":"<p><div class=\"et_pb_row et_pb_row_0 et_pb_row_empty\">\n\t\t\t\t\n\t\t\t\t\n\t\t\t\t\n\t\t\t\t\n\t\t\t\t\n\t\t\t<\/div> En 2018, Natural English Kids Camp &amp; Family Camp se van a realizar en la semana que hace puente entre julio y agosto. Fecha de comienzo: S\u00e1bado 28 de julio Fecha final: S\u00e1bado 4 de agosto [CP_CALCULATED_FIELDS id=\u00bb6&#8243;] Calculamos el precio seg\u00fan los siguientes criterios: 545\u20ac para el primer adulto 425\u20ac el segundo adulto [&hellip;]<\/p>\n","protected":false},"author":1,"featured_media":0,"parent":419,"menu_order":0,"comment_status":"closed","ping_status":"closed","template":"","meta":{"_et_pb_use_builder":"on","_et_pb_old_content":"","_et_gb_content_width":"","footnotes":""},"tags":[8,20,10,14,12,9,25,13,18,21,11,15,17,16,19,23,22,29,24,28,30],"class_list":["post-735","page","type-page","status-publish","hentry","tag-campamento-de-verano","tag-campamento-de-verano-agosto-2016","tag-campamento-de-verano-bilingue","tag-campamento-de-verano-bilingue-cerca-de-madrid","tag-campamento-de-verano-bilingue-sierra-de-gredos","tag-campamento-de-verano-ingles","tag-campamento-de-verano-ingles-agosto-2016","tag-campamento-de-verano-ingles-cerca-de-madrid","tag-campamento-de-verano-ingles-economico","tag-campamento-de-verano-ingles-junio-2016","tag-campamento-de-verano-ingles-sierra-de-gredos","tag-campamento-de-verano-inmersion-ingles","tag-campamento-de-verano-inmersion-ingles-cerca-de-madrid","tag-campamento-de-verano-inmersion-ingles-sierra-de-gredos","tag-campamento-de-verano-junio-2016","tag-campamento-de-verano-para-adolescentes","tag-campamento-de-verano-para-ninos","tag-curso-de-inmersion-ingles-economico-para-familias","tag-el-mejor-campamento-de-verano-ingles-de-espana","tag-la-colonia-de-gredos","tag-precios-natural-english-family-camp"],"yoast_head":"<!-- This site is optimized with the Yoast SEO plugin v27.4 - https:\/\/yoast.com\/product\/yoast-seo-wordpress\/ -->\n<title>Fechas y precios - Humanit.as Learning Experiences<\/title>\n<meta name=\"robots\" content=\"index, follow, max-snippet:-1, max-image-preview:large, max-video-preview:-1\" \/>\n<link rel=\"canonical\" href=\"https:\/\/humanit.as\/experiences\/familias\/natural-english-family-camp\/fechas-precios\/\" \/>\n<meta property=\"og:locale\" content=\"es_ES\" \/>\n<meta property=\"og:type\" content=\"article\" \/>\n<meta property=\"og:title\" content=\"Fechas y precios - Humanit.as Learning Experiences\" \/>\n<meta property=\"og:description\" content=\"En 2018, Natural English Kids Camp &amp; Family Camp se van a realizar en la semana que hace puente entre julio y agosto. Fecha de comienzo: S\u00e1bado 28 de julio Fecha final: S\u00e1bado 4 de agosto [CP_CALCULATED_FIELDS id=&quot;6&quot;] Calculamos el precio seg\u00fan los siguientes criterios: 545\u20ac para el primer adulto 425\u20ac el segundo adulto [&hellip;]\" \/>\n<meta property=\"og:url\" content=\"https:\/\/humanit.as\/experiences\/familias\/natural-english-family-camp\/fechas-precios\/\" \/>\n<meta property=\"og:site_name\" content=\"Humanit.as Learning Experiences\" \/>\n<meta property=\"article:modified_time\" content=\"2018-06-04T06:16:42+00:00\" \/>\n<meta name=\"twitter:card\" content=\"summary_large_image\" \/>\n<meta name=\"twitter:label1\" content=\"Tiempo de lectura\" \/>\n\t<meta name=\"twitter:data1\" content=\"6 minutos\" \/>\n<script type=\"application\/ld+json\" class=\"yoast-schema-graph\">{\"@context\":\"https:\\\/\\\/schema.org\",\"@graph\":[{\"@type\":\"WebPage\",\"@id\":\"https:\\\/\\\/humanit.as\\\/experiences\\\/familias\\\/natural-english-family-camp\\\/fechas-precios\\\/\",\"url\":\"https:\\\/\\\/humanit.as\\\/experiences\\\/familias\\\/natural-english-family-camp\\\/fechas-precios\\\/\",\"name\":\"Fechas y precios - Humanit.as Learning Experiences\",\"isPartOf\":{\"@id\":\"https:\\\/\\\/humanit.as\\\/experiences\\\/#website\"},\"datePublished\":\"2016-03-15T17:59:04+00:00\",\"dateModified\":\"2018-06-04T06:16:42+00:00\",\"breadcrumb\":{\"@id\":\"https:\\\/\\\/humanit.as\\\/experiences\\\/familias\\\/natural-english-family-camp\\\/fechas-precios\\\/#breadcrumb\"},\"inLanguage\":\"es\",\"potentialAction\":[{\"@type\":\"ReadAction\",\"target\":[\"https:\\\/\\\/humanit.as\\\/experiences\\\/familias\\\/natural-english-family-camp\\\/fechas-precios\\\/\"]}]},{\"@type\":\"BreadcrumbList\",\"@id\":\"https:\\\/\\\/humanit.as\\\/experiences\\\/familias\\\/natural-english-family-camp\\\/fechas-precios\\\/#breadcrumb\",\"itemListElement\":[{\"@type\":\"ListItem\",\"position\":1,\"name\":\"Inicio\",\"item\":\"https:\\\/\\\/humanit.as\\\/experiences\\\/\"},{\"@type\":\"ListItem\",\"position\":2,\"name\":\"Experiencias para familias\",\"item\":\"https:\\\/\\\/humanit.as\\\/experiences\\\/familias\\\/\"},{\"@type\":\"ListItem\",\"position\":3,\"name\":\"Natural English Family Camp\",\"item\":\"https:\\\/\\\/humanit.as\\\/experiences\\\/familias\\\/natural-english-family-camp\\\/\"},{\"@type\":\"ListItem\",\"position\":4,\"name\":\"Fechas y precios\"}]},{\"@type\":\"WebSite\",\"@id\":\"https:\\\/\\\/humanit.as\\\/experiences\\\/#website\",\"url\":\"https:\\\/\\\/humanit.as\\\/experiences\\\/\",\"name\":\"Humanit.as Learning Experiences\",\"description\":\"Experiencias para Aprender y Crecer\",\"publisher\":{\"@id\":\"https:\\\/\\\/humanit.as\\\/experiences\\\/#organization\"},\"potentialAction\":[{\"@type\":\"SearchAction\",\"target\":{\"@type\":\"EntryPoint\",\"urlTemplate\":\"https:\\\/\\\/humanit.as\\\/experiences\\\/?s={search_term_string}\"},\"query-input\":{\"@type\":\"PropertyValueSpecification\",\"valueRequired\":true,\"valueName\":\"search_term_string\"}}],\"inLanguage\":\"es\"},{\"@type\":\"Organization\",\"@id\":\"https:\\\/\\\/humanit.as\\\/experiences\\\/#organization\",\"name\":\"Humanit.as\",\"url\":\"https:\\\/\\\/humanit.as\\\/experiences\\\/\",\"logo\":{\"@type\":\"ImageObject\",\"inLanguage\":\"es\",\"@id\":\"https:\\\/\\\/humanit.as\\\/experiences\\\/#\\\/schema\\\/logo\\\/image\\\/\",\"url\":\"http:\\\/\\\/s947857397.mialojamiento.es\\\/experiences\\\/wp-content\\\/uploads\\\/sites\\\/7\\\/2016\\\/02\\\/logotipo-humanitas-grande.jpg\",\"contentUrl\":\"http:\\\/\\\/s947857397.mialojamiento.es\\\/experiences\\\/wp-content\\\/uploads\\\/sites\\\/7\\\/2016\\\/02\\\/logotipo-humanitas-grande.jpg\",\"width\":1800,\"height\":1800,\"caption\":\"Humanit.as\"},\"image\":{\"@id\":\"https:\\\/\\\/humanit.as\\\/experiences\\\/#\\\/schema\\\/logo\\\/image\\\/\"}}]}<\/script>\n<!-- \/ Yoast SEO plugin. -->","yoast_head_json":{"title":"Fechas y precios - Humanit.as Learning Experiences","robots":{"index":"index","follow":"follow","max-snippet":"max-snippet:-1","max-image-preview":"max-image-preview:large","max-video-preview":"max-video-preview:-1"},"canonical":"https:\/\/humanit.as\/experiences\/familias\/natural-english-family-camp\/fechas-precios\/","og_locale":"es_ES","og_type":"article","og_title":"Fechas y precios - Humanit.as Learning Experiences","og_description":"En 2018, Natural English Kids Camp &amp; Family Camp se van a realizar en la semana que hace puente entre julio y agosto. Fecha de comienzo: S\u00e1bado 28 de julio Fecha final: S\u00e1bado 4 de agosto [CP_CALCULATED_FIELDS id=\"6\"] Calculamos el precio seg\u00fan los siguientes criterios: 545\u20ac para el primer adulto 425\u20ac el segundo adulto [&hellip;]","og_url":"https:\/\/humanit.as\/experiences\/familias\/natural-english-family-camp\/fechas-precios\/","og_site_name":"Humanit.as Learning Experiences","article_modified_time":"2018-06-04T06:16:42+00:00","twitter_card":"summary_large_image","twitter_misc":{"Tiempo de lectura":"6 minutos"},"schema":{"@context":"https:\/\/schema.org","@graph":[{"@type":"WebPage","@id":"https:\/\/humanit.as\/experiences\/familias\/natural-english-family-camp\/fechas-precios\/","url":"https:\/\/humanit.as\/experiences\/familias\/natural-english-family-camp\/fechas-precios\/","name":"Fechas y precios - Humanit.as Learning Experiences","isPartOf":{"@id":"https:\/\/humanit.as\/experiences\/#website"},"datePublished":"2016-03-15T17:59:04+00:00","dateModified":"2018-06-04T06:16:42+00:00","breadcrumb":{"@id":"https:\/\/humanit.as\/experiences\/familias\/natural-english-family-camp\/fechas-precios\/#breadcrumb"},"inLanguage":"es","potentialAction":[{"@type":"ReadAction","target":["https:\/\/humanit.as\/experiences\/familias\/natural-english-family-camp\/fechas-precios\/"]}]},{"@type":"BreadcrumbList","@id":"https:\/\/humanit.as\/experiences\/familias\/natural-english-family-camp\/fechas-precios\/#breadcrumb","itemListElement":[{"@type":"ListItem","position":1,"name":"Inicio","item":"https:\/\/humanit.as\/experiences\/"},{"@type":"ListItem","position":2,"name":"Experiencias para familias","item":"https:\/\/humanit.as\/experiences\/familias\/"},{"@type":"ListItem","position":3,"name":"Natural English Family Camp","item":"https:\/\/humanit.as\/experiences\/familias\/natural-english-family-camp\/"},{"@type":"ListItem","position":4,"name":"Fechas y precios"}]},{"@type":"WebSite","@id":"https:\/\/humanit.as\/experiences\/#website","url":"https:\/\/humanit.as\/experiences\/","name":"Humanit.as Learning Experiences","description":"Experiencias para Aprender y Crecer","publisher":{"@id":"https:\/\/humanit.as\/experiences\/#organization"},"potentialAction":[{"@type":"SearchAction","target":{"@type":"EntryPoint","urlTemplate":"https:\/\/humanit.as\/experiences\/?s={search_term_string}"},"query-input":{"@type":"PropertyValueSpecification","valueRequired":true,"valueName":"search_term_string"}}],"inLanguage":"es"},{"@type":"Organization","@id":"https:\/\/humanit.as\/experiences\/#organization","name":"Humanit.as","url":"https:\/\/humanit.as\/experiences\/","logo":{"@type":"ImageObject","inLanguage":"es","@id":"https:\/\/humanit.as\/experiences\/#\/schema\/logo\/image\/","url":"http:\/\/s947857397.mialojamiento.es\/experiences\/wp-content\/uploads\/sites\/7\/2016\/02\/logotipo-humanitas-grande.jpg","contentUrl":"http:\/\/s947857397.mialojamiento.es\/experiences\/wp-content\/uploads\/sites\/7\/2016\/02\/logotipo-humanitas-grande.jpg","width":1800,"height":1800,"caption":"Humanit.as"},"image":{"@id":"https:\/\/humanit.as\/experiences\/#\/schema\/logo\/image\/"}}]}},"_links":{"self":[{"href":"https:\/\/humanit.as\/experiences\/wp-json\/wp\/v2\/pages\/735","targetHints":{"allow":["GET"]}}],"collection":[{"href":"https:\/\/humanit.as\/experiences\/wp-json\/wp\/v2\/pages"}],"about":[{"href":"https:\/\/humanit.as\/experiences\/wp-json\/wp\/v2\/types\/page"}],"author":[{"embeddable":true,"href":"https:\/\/humanit.as\/experiences\/wp-json\/wp\/v2\/users\/1"}],"replies":[{"embeddable":true,"href":"https:\/\/humanit.as\/experiences\/wp-json\/wp\/v2\/comments?post=735"}],"version-history":[{"count":0,"href":"https:\/\/humanit.as\/experiences\/wp-json\/wp\/v2\/pages\/735\/revisions"}],"up":[{"embeddable":true,"href":"https:\/\/humanit.as\/experiences\/wp-json\/wp\/v2\/pages\/419"}],"wp:attachment":[{"href":"https:\/\/humanit.as\/experiences\/wp-json\/wp\/v2\/media?parent=735"}],"wp:term":[{"taxonomy":"post_tag","embeddable":true,"href":"https:\/\/humanit.as\/experiences\/wp-json\/wp\/v2\/tags?post=735"}],"curies":[{"name":"wp","href":"https:\/\/api.w.org\/{rel}","templated":true}]}}