{"id":729,"date":"2016-03-15T17:35:36","date_gmt":"2016-03-15T17:35:36","guid":{"rendered":"https:\/\/humanit.as\/experiences\/?page_id=729"},"modified":"2018-05-18T11:20:55","modified_gmt":"2018-05-18T11:20:55","slug":"reservas","status":"publish","type":"page","link":"https:\/\/humanit.as\/experiences\/familias\/natural-english-family-camp\/reservas\/","title":{"rendered":"Reservas"},"content":{"rendered":"<p>[et_pb_section bb_built=\u00bb1&#8243; admin_label=\u00bbsection\u00bb][et_pb_row admin_label=\u00bbrow\u00bb background_position=\u00bbtop_left\u00bb background_repeat=\u00bbrepeat\u00bb background_size=\u00bbinitial\u00bb][et_pb_column type=\u00bb2_3&#8243;][et_pb_text admin_label=\u00bbFormulario de contacto\u00bb background_layout=\u00bblight\u00bb text_orientation=\u00bbleft\u00bb text_font=\u00bb|on|||\u00bb background_color=\u00bb#e7f7ca\u00bb use_border_color=\u00bbon\u00bb border_color=\u00bb#ffffff\u00bb border_width=\u00bb2px\u00bb border_style=\u00bbridge\u00bb custom_padding=\u00bb10px|10px|10px|15px\u00bb module_alignment=\u00bbleft\u00bb background_position=\u00bbtop_left\u00bb background_repeat=\u00bbrepeat\u00bb background_size=\u00bbinitial\u00bb]<\/p>\n<p>[contact-form to=&#8217;experiences@humanit.as&#8217; subject=&#8217;Reserva: Natural English Kids Camp&#8217;][contact-field label=&#8217;Nombre y apellidos de madre\/padre\/tutor&#8217; type=&#8217;name&#8217; required=&#8217;1&#8217;\/][contact-field label=&#8217;N\u00famero de adultos&#8217; type=&#8217;text&#8217;\/][contact-field label=&#8217;N\u00famero de ni\u00f1os y sus edades&#8217; type=&#8217;text&#8217;\/][contact-field label=&#8217;N\u00famero de tel\u00e9fono&#8217; type=&#8217;text&#8217;\/][contact-field label=&#8217;Correo electr\u00f3nico&#8217; type=&#8217;email&#8217; required=&#8217;1&#8217;\/][contact-field label=&#8217;\u00bfC\u00f3mo has conocido este programa?&#8217; type=&#8217;select&#8217; options=&#8217;No lo recuerdo,El Pa\u00eds de las Maravillas,La Colonia de Gredos,Edward Marks (Building English),Google,Facebook,Email,Boca a boca,Un sue\u00f1o,Folleto,Otro&#8217;\/][contact-field label=&#8217;Comentario&#8217; type=&#8217;textarea&#8217;\/][\/contact-form]<\/p>\n<p>[\/et_pb_text][\/et_pb_column][et_pb_column type=\u00bb1_3&#8243;][et_pb_blurb admin_label=\u00bbTexto\u00bb title=\u00bbBienvenidos, familia :-)\u00bb url_new_window=\u00bboff\u00bb use_icon=\u00bbon\u00bb font_icon=\u00bb%%257%%\u00bb icon_color=\u00bb#b289ff\u00bb use_circle=\u00bboff\u00bb circle_color=\u00bb#7fbc78&#8243; use_circle_border=\u00bbon\u00bb circle_border_color=\u00bb#a3a3a3&#8243; icon_placement=\u00bbtop\u00bb animation=\u00bbleft\u00bb background_layout=\u00bblight\u00bb text_orientation=\u00bbleft\u00bb use_icon_font_size=\u00bboff\u00bb header_font_size=\u00bb22&#8243; body_font_size=\u00bb16&#8243; use_border_color=\u00bboff\u00bb border_color=\u00bb#ffffff\u00bb border_style=\u00bbsolid\u00bb header_font=\u00bb|on|||\u00bb background_position=\u00bbtop_left\u00bb background_repeat=\u00bbrepeat\u00bb background_size=\u00bbinitial\u00bb]<\/p>\n<p>Nos alegramos mucho que hay\u00e1is llegado hasta esta p\u00e1gina. Significa que tambi\u00e9n est\u00e1is emocionados por formar parte de esta experiencia \ud83d\ude42<\/p>\n<p>Al rellenar el formulario a la izquierda, nos indicas que est\u00e1s de acuerdo en que nos pongamos en contacto contigo para formalizar la reserva.<\/p>\n<p>Es aconsejable leer nuestra p\u00e1gina con preguntas frecuentes y condiciones. Si todav\u00eda no lo has visto, pincha aqu\u00ed para echarlo un vistazo.<\/p>\n<p>Si quieres hacer una reserva para un grupo grande, o si simplemente quieres hacernos una consulta, no dudes en contactar con nosotros.<\/p>\n<p>[\/et_pb_blurb][\/et_pb_column][\/et_pb_row][et_pb_row background_position=\u00bbtop_left\u00bb background_repeat=\u00bbrepeat\u00bb background_size=\u00bbinitial\u00bb][et_pb_column type=\u00bb4_4&#8243;][et_pb_button admin_label=\u00bbDescarga PDF\u00bb button_url=\u00bbhttps:\/\/humanit.as\/wp-content\/uploads\/2018\/05\/Natural-English-Family-Camp-Agosto-2018-S.pdf\u00bb url_new_window=\u00bbon\u00bb button_text=\u00bbDescarga informaci\u00f3n en PDF sobre Natural English Family Camp aqu\u00ed.\u00bb button_alignment=\u00bbcenter\u00bb background_layout=\u00bblight\u00bb custom_button=\u00bbon\u00bb button_text_size=\u00bb35&#8243; button_text_color=\u00bb#ffffff\u00bb button_bg_color=\u00bb#dd3333&#8243; button_border_width=\u00bb5&#8243; button_border_color=\u00bb#000000&#8243; button_border_radius=\u00bb5&#8243; button_letter_spacing=\u00bb0&#8243; button_icon=\u00bb%%233%%\u00bb button_icon_color=\u00bb#dd9933&#8243; button_icon_placement=\u00bbleft\u00bb button_on_hover=\u00bboff\u00bb button_text_color_hover=\u00bb#dd3333&#8243; button_bg_color_hover=\u00bb#eeee22&#8243; button_border_color_hover=\u00bb#1e73be\u00bb button_letter_spacing_hover=\u00bb0&#8243; saved_tabs=\u00bball\u00bb button_border_radius_hover=\u00bb6&#8243; _builder_version=\u00bb3.0.76&#8243; \/][\/et_pb_column][\/et_pb_row][\/et_pb_section]<\/p>\n","protected":false},"excerpt":{"rendered":"<p>[contact-form to=&#8217;experiences@humanit.as&#8217; subject=&#8217;Reserva: Natural English Kids Camp&#8217;][contact-field label=&#8217;Nombre y apellidos de madre\/padre\/tutor&#8217; type=&#8217;name&#8217; required=&#8217;1&#8217;\/][contact-field label=&#8217;N\u00famero de adultos&#8217; type=&#8217;text&#8217;\/][contact-field label=&#8217;N\u00famero de ni\u00f1os y sus edades&#8217; type=&#8217;text&#8217;\/][contact-field label=&#8217;N\u00famero de tel\u00e9fono&#8217; type=&#8217;text&#8217;\/][contact-field label=&#8217;Correo electr\u00f3nico&#8217; type=&#8217;email&#8217; required=&#8217;1&#8217;\/][contact-field label=&#8217;\u00bfC\u00f3mo has conocido este programa?&#8217; type=&#8217;select&#8217; options=&#8217;No lo recuerdo,El Pa\u00eds de las Maravillas,La Colonia de Gredos,Edward Marks (Building English),Google,Facebook,Email,Boca a boca,Un sue\u00f1o,Folleto,Otro&#8217;\/][contact-field [&hellip;]<\/p>\n","protected":false},"author":1,"featured_media":0,"parent":419,"menu_order":0,"comment_status":"open","ping_status":"closed","template":"","meta":{"_et_pb_use_builder":"on","_et_pb_old_content":"","_et_gb_content_width":"","footnotes":""},"tags":[8,20,10,14,12,9,25,13,18,21,11,15,17,16,19,23,22,24,28],"class_list":["post-729","page","type-page","status-publish","hentry","tag-campamento-de-verano","tag-campamento-de-verano-agosto-2016","tag-campamento-de-verano-bilingue","tag-campamento-de-verano-bilingue-cerca-de-madrid","tag-campamento-de-verano-bilingue-sierra-de-gredos","tag-campamento-de-verano-ingles","tag-campamento-de-verano-ingles-agosto-2016","tag-campamento-de-verano-ingles-cerca-de-madrid","tag-campamento-de-verano-ingles-economico","tag-campamento-de-verano-ingles-junio-2016","tag-campamento-de-verano-ingles-sierra-de-gredos","tag-campamento-de-verano-inmersion-ingles","tag-campamento-de-verano-inmersion-ingles-cerca-de-madrid","tag-campamento-de-verano-inmersion-ingles-sierra-de-gredos","tag-campamento-de-verano-junio-2016","tag-campamento-de-verano-para-adolescentes","tag-campamento-de-verano-para-ninos","tag-el-mejor-campamento-de-verano-ingles-de-espana","tag-la-colonia-de-gredos"],"yoast_head":"<!-- This site is optimized with the Yoast SEO plugin v27.4 - https:\/\/yoast.com\/product\/yoast-seo-wordpress\/ -->\n<title>Reservas - Natural English Family Camp<\/title>\n<meta name=\"description\" content=\"Reserva ya para que tu familia pueda disfrutar de una experiencia \u00fanica que combina vacaciones con un curso de inmersi\u00f3n en ingl\u00e9s para todas las edades.\" \/>\n<meta name=\"robots\" content=\"index, follow, max-snippet:-1, max-image-preview:large, max-video-preview:-1\" \/>\n<link rel=\"canonical\" href=\"https:\/\/humanit.as\/experiences\/familias\/natural-english-family-camp\/reservas\/\" \/>\n<meta property=\"og:locale\" content=\"es_ES\" \/>\n<meta property=\"og:type\" content=\"article\" \/>\n<meta property=\"og:title\" content=\"Reservas - Natural English Family Camp\" \/>\n<meta property=\"og:description\" content=\"Reserva ya para que tu familia pueda disfrutar de una experiencia \u00fanica que combina vacaciones con un curso de inmersi\u00f3n en ingl\u00e9s para todas las edades.\" \/>\n<meta property=\"og:url\" content=\"https:\/\/humanit.as\/experiences\/familias\/natural-english-family-camp\/reservas\/\" \/>\n<meta property=\"og:site_name\" content=\"Humanit.as Learning Experiences\" \/>\n<meta property=\"article:modified_time\" content=\"2018-05-18T11:20:55+00:00\" \/>\n<meta name=\"twitter:card\" content=\"summary_large_image\" \/>\n<meta name=\"twitter:label1\" content=\"Tiempo de lectura\" \/>\n\t<meta name=\"twitter:data1\" content=\"3 minutos\" \/>\n<script type=\"application\/ld+json\" class=\"yoast-schema-graph\">{\"@context\":\"https:\\\/\\\/schema.org\",\"@graph\":[{\"@type\":\"WebPage\",\"@id\":\"https:\\\/\\\/humanit.as\\\/experiences\\\/familias\\\/natural-english-family-camp\\\/reservas\\\/\",\"url\":\"https:\\\/\\\/humanit.as\\\/experiences\\\/familias\\\/natural-english-family-camp\\\/reservas\\\/\",\"name\":\"Reservas - Natural English Family Camp\",\"isPartOf\":{\"@id\":\"https:\\\/\\\/humanit.as\\\/experiences\\\/#website\"},\"datePublished\":\"2016-03-15T17:35:36+00:00\",\"dateModified\":\"2018-05-18T11:20:55+00:00\",\"description\":\"Reserva ya para que tu familia pueda disfrutar de una experiencia \u00fanica que combina vacaciones con un curso de inmersi\u00f3n en ingl\u00e9s para todas las edades.\",\"breadcrumb\":{\"@id\":\"https:\\\/\\\/humanit.as\\\/experiences\\\/familias\\\/natural-english-family-camp\\\/reservas\\\/#breadcrumb\"},\"inLanguage\":\"es\",\"potentialAction\":[{\"@type\":\"ReadAction\",\"target\":[\"https:\\\/\\\/humanit.as\\\/experiences\\\/familias\\\/natural-english-family-camp\\\/reservas\\\/\"]}]},{\"@type\":\"BreadcrumbList\",\"@id\":\"https:\\\/\\\/humanit.as\\\/experiences\\\/familias\\\/natural-english-family-camp\\\/reservas\\\/#breadcrumb\",\"itemListElement\":[{\"@type\":\"ListItem\",\"position\":1,\"name\":\"Inicio\",\"item\":\"https:\\\/\\\/humanit.as\\\/experiences\\\/\"},{\"@type\":\"ListItem\",\"position\":2,\"name\":\"Experiencias para familias\",\"item\":\"https:\\\/\\\/humanit.as\\\/experiences\\\/familias\\\/\"},{\"@type\":\"ListItem\",\"position\":3,\"name\":\"Natural English Family Camp\",\"item\":\"https:\\\/\\\/humanit.as\\\/experiences\\\/familias\\\/natural-english-family-camp\\\/\"},{\"@type\":\"ListItem\",\"position\":4,\"name\":\"Reservas\"}]},{\"@type\":\"WebSite\",\"@id\":\"https:\\\/\\\/humanit.as\\\/experiences\\\/#website\",\"url\":\"https:\\\/\\\/humanit.as\\\/experiences\\\/\",\"name\":\"Humanit.as Learning Experiences\",\"description\":\"Experiencias para Aprender y Crecer\",\"publisher\":{\"@id\":\"https:\\\/\\\/humanit.as\\\/experiences\\\/#organization\"},\"potentialAction\":[{\"@type\":\"SearchAction\",\"target\":{\"@type\":\"EntryPoint\",\"urlTemplate\":\"https:\\\/\\\/humanit.as\\\/experiences\\\/?s={search_term_string}\"},\"query-input\":{\"@type\":\"PropertyValueSpecification\",\"valueRequired\":true,\"valueName\":\"search_term_string\"}}],\"inLanguage\":\"es\"},{\"@type\":\"Organization\",\"@id\":\"https:\\\/\\\/humanit.as\\\/experiences\\\/#organization\",\"name\":\"Humanit.as\",\"url\":\"https:\\\/\\\/humanit.as\\\/experiences\\\/\",\"logo\":{\"@type\":\"ImageObject\",\"inLanguage\":\"es\",\"@id\":\"https:\\\/\\\/humanit.as\\\/experiences\\\/#\\\/schema\\\/logo\\\/image\\\/\",\"url\":\"http:\\\/\\\/s947857397.mialojamiento.es\\\/experiences\\\/wp-content\\\/uploads\\\/sites\\\/7\\\/2016\\\/02\\\/logotipo-humanitas-grande.jpg\",\"contentUrl\":\"http:\\\/\\\/s947857397.mialojamiento.es\\\/experiences\\\/wp-content\\\/uploads\\\/sites\\\/7\\\/2016\\\/02\\\/logotipo-humanitas-grande.jpg\",\"width\":1800,\"height\":1800,\"caption\":\"Humanit.as\"},\"image\":{\"@id\":\"https:\\\/\\\/humanit.as\\\/experiences\\\/#\\\/schema\\\/logo\\\/image\\\/\"}}]}<\/script>\n<!-- \/ Yoast SEO plugin. -->","yoast_head_json":{"title":"Reservas - Natural English Family Camp","description":"Reserva ya para que tu familia pueda disfrutar de una experiencia \u00fanica que combina vacaciones con un curso de inmersi\u00f3n en ingl\u00e9s para todas las edades.","robots":{"index":"index","follow":"follow","max-snippet":"max-snippet:-1","max-image-preview":"max-image-preview:large","max-video-preview":"max-video-preview:-1"},"canonical":"https:\/\/humanit.as\/experiences\/familias\/natural-english-family-camp\/reservas\/","og_locale":"es_ES","og_type":"article","og_title":"Reservas - Natural English Family Camp","og_description":"Reserva ya para que tu familia pueda disfrutar de una experiencia \u00fanica que combina vacaciones con un curso de inmersi\u00f3n en ingl\u00e9s para todas las edades.","og_url":"https:\/\/humanit.as\/experiences\/familias\/natural-english-family-camp\/reservas\/","og_site_name":"Humanit.as Learning Experiences","article_modified_time":"2018-05-18T11:20:55+00:00","twitter_card":"summary_large_image","twitter_misc":{"Tiempo de lectura":"3 minutos"},"schema":{"@context":"https:\/\/schema.org","@graph":[{"@type":"WebPage","@id":"https:\/\/humanit.as\/experiences\/familias\/natural-english-family-camp\/reservas\/","url":"https:\/\/humanit.as\/experiences\/familias\/natural-english-family-camp\/reservas\/","name":"Reservas - Natural English Family Camp","isPartOf":{"@id":"https:\/\/humanit.as\/experiences\/#website"},"datePublished":"2016-03-15T17:35:36+00:00","dateModified":"2018-05-18T11:20:55+00:00","description":"Reserva ya para que tu familia pueda disfrutar de una experiencia \u00fanica que combina vacaciones con un curso de inmersi\u00f3n en ingl\u00e9s para todas las edades.","breadcrumb":{"@id":"https:\/\/humanit.as\/experiences\/familias\/natural-english-family-camp\/reservas\/#breadcrumb"},"inLanguage":"es","potentialAction":[{"@type":"ReadAction","target":["https:\/\/humanit.as\/experiences\/familias\/natural-english-family-camp\/reservas\/"]}]},{"@type":"BreadcrumbList","@id":"https:\/\/humanit.as\/experiences\/familias\/natural-english-family-camp\/reservas\/#breadcrumb","itemListElement":[{"@type":"ListItem","position":1,"name":"Inicio","item":"https:\/\/humanit.as\/experiences\/"},{"@type":"ListItem","position":2,"name":"Experiencias para familias","item":"https:\/\/humanit.as\/experiences\/familias\/"},{"@type":"ListItem","position":3,"name":"Natural English Family Camp","item":"https:\/\/humanit.as\/experiences\/familias\/natural-english-family-camp\/"},{"@type":"ListItem","position":4,"name":"Reservas"}]},{"@type":"WebSite","@id":"https:\/\/humanit.as\/experiences\/#website","url":"https:\/\/humanit.as\/experiences\/","name":"Humanit.as Learning Experiences","description":"Experiencias para Aprender y Crecer","publisher":{"@id":"https:\/\/humanit.as\/experiences\/#organization"},"potentialAction":[{"@type":"SearchAction","target":{"@type":"EntryPoint","urlTemplate":"https:\/\/humanit.as\/experiences\/?s={search_term_string}"},"query-input":{"@type":"PropertyValueSpecification","valueRequired":true,"valueName":"search_term_string"}}],"inLanguage":"es"},{"@type":"Organization","@id":"https:\/\/humanit.as\/experiences\/#organization","name":"Humanit.as","url":"https:\/\/humanit.as\/experiences\/","logo":{"@type":"ImageObject","inLanguage":"es","@id":"https:\/\/humanit.as\/experiences\/#\/schema\/logo\/image\/","url":"http:\/\/s947857397.mialojamiento.es\/experiences\/wp-content\/uploads\/sites\/7\/2016\/02\/logotipo-humanitas-grande.jpg","contentUrl":"http:\/\/s947857397.mialojamiento.es\/experiences\/wp-content\/uploads\/sites\/7\/2016\/02\/logotipo-humanitas-grande.jpg","width":1800,"height":1800,"caption":"Humanit.as"},"image":{"@id":"https:\/\/humanit.as\/experiences\/#\/schema\/logo\/image\/"}}]}},"_links":{"self":[{"href":"https:\/\/humanit.as\/experiences\/wp-json\/wp\/v2\/pages\/729","targetHints":{"allow":["GET"]}}],"collection":[{"href":"https:\/\/humanit.as\/experiences\/wp-json\/wp\/v2\/pages"}],"about":[{"href":"https:\/\/humanit.as\/experiences\/wp-json\/wp\/v2\/types\/page"}],"author":[{"embeddable":true,"href":"https:\/\/humanit.as\/experiences\/wp-json\/wp\/v2\/users\/1"}],"replies":[{"embeddable":true,"href":"https:\/\/humanit.as\/experiences\/wp-json\/wp\/v2\/comments?post=729"}],"version-history":[{"count":0,"href":"https:\/\/humanit.as\/experiences\/wp-json\/wp\/v2\/pages\/729\/revisions"}],"up":[{"embeddable":true,"href":"https:\/\/humanit.as\/experiences\/wp-json\/wp\/v2\/pages\/419"}],"wp:attachment":[{"href":"https:\/\/humanit.as\/experiences\/wp-json\/wp\/v2\/media?parent=729"}],"wp:term":[{"taxonomy":"post_tag","embeddable":true,"href":"https:\/\/humanit.as\/experiences\/wp-json\/wp\/v2\/tags?post=729"}],"curies":[{"name":"wp","href":"https:\/\/api.w.org\/{rel}","templated":true}]}}