{"id":412,"date":"2016-02-28T16:24:26","date_gmt":"2016-02-28T16:24:26","guid":{"rendered":"https:\/\/humanit.as\/experiences\/?page_id=412"},"modified":"2016-03-16T22:59:07","modified_gmt":"2016-03-16T22:59:07","slug":"familias","status":"publish","type":"page","link":"https:\/\/humanit.as\/experiences\/familias\/","title":{"rendered":"Experiencias para familias"},"content":{"rendered":"<p>[et_pb_section admin_label=\u00bbSecci\u00f3n\u00bb fullwidth=\u00bbon\u00bb specialty=\u00bboff\u00bb][et_pb_fullwidth_header admin_label=\u00bbT\u00edtulo y botones\u00bb title=\u00bb\u00bfToda la familia necesita aprender ingl\u00e9s, alem\u00e1n, franc\u00e9s u otro idioma?\u00bb background_layout=\u00bblight\u00bb text_orientation=\u00bbcenter\u00bb header_fullscreen=\u00bbon\u00bb header_scroll_down=\u00bboff\u00bb button_one_text=\u00bb\u00bfQuieres ver nuestro campamento de inmersi\u00f3n en ingl\u00e9s para familias?\u00bb button_one_url=\u00bbhttps:\/\/humanit.as\/experiences\/familias\/natural-english-family-camp\u00bb background_url=\u00bbhttps:\/\/humanit.as\/experiences\/wp-content\/uploads\/sites\/7\/2016\/02\/1920_1080_20150525120519386320.jpg\u00bb background_color=\u00bbrgba(201,80,0,0.52)\u00bb background_overlay_color=\u00bbrgba(221,153,51,0.67)\u00bb parallax=\u00bboff\u00bb parallax_method=\u00bboff\u00bb content_orientation=\u00bbcenter\u00bb image_orientation=\u00bbcenter\u00bb custom_button_one=\u00bbon\u00bb button_one_letter_spacing=\u00bb0&#8243; button_one_use_icon=\u00bbdefault\u00bb button_one_icon_placement=\u00bbright\u00bb button_one_on_hover=\u00bbon\u00bb button_one_letter_spacing_hover=\u00bb0&#8243; custom_button_two=\u00bboff\u00bb button_two_letter_spacing=\u00bb0&#8243; button_two_use_icon=\u00bbdefault\u00bb button_two_icon_placement=\u00bbright\u00bb button_two_on_hover=\u00bbon\u00bb button_two_letter_spacing_hover=\u00bb0&#8243; title_font=\u00bb|on|||\u00bb title_font_size=\u00bb40px\u00bb title_font_size_last_edited=\u00bbon|desktop\u00bb content_font_size=\u00bb18px\u00bb button_one_text_size=\u00bb25&#8243; button_one_text_color=\u00bb#ffffff\u00bb button_one_bg_color=\u00bb#dd9933&#8243; button_one_border_width=\u00bb4&#8243; content_font_color=\u00bb#ffffff\u00bb button_one_border_color=\u00bb#ffffff\u00bb]<\/p>\n<p style=\"text-align: center;\"><strong>Todos hemos aprendido nuestra lengua materna dentro de la unidad familiar. Entonces, \u00bfporqu\u00e9 no aprender m\u00e1s idiomas de la misma manera? Humanit.as ofrece oportunidades para hacer justo eso. Estamos seguros que disfrutareis enormemente adem\u00e1s de aprender much\u00edsimo. <\/strong><\/p>\n<p>[\/et_pb_fullwidth_header][\/et_pb_section]<\/p>\n","protected":false},"excerpt":{"rendered":"<p>Todos hemos aprendido nuestra lengua materna dentro de la unidad familiar. Entonces, \u00bfporqu\u00e9 no aprender m\u00e1s idiomas de la misma manera? Humanit.as ofrece oportunidades para hacer justo eso. Estamos seguros que disfrutareis enormemente adem\u00e1s de aprender much\u00edsimo.<\/p>\n","protected":false},"author":1,"featured_media":0,"parent":0,"menu_order":0,"comment_status":"open","ping_status":"closed","template":"","meta":{"_et_pb_use_builder":"on","_et_pb_old_content":"<p>P\u00e1gina que dice que aqu\u00ed hay cosas para ni\u00f1os y adolescentes<\/p>","_et_gb_content_width":"","footnotes":""},"tags":[8,20,10,14,12,9,25,13,18,21,11,15,17,16,19,23,22,24,28],"class_list":["post-412","page","type-page","status-publish","hentry","tag-campamento-de-verano","tag-campamento-de-verano-agosto-2016","tag-campamento-de-verano-bilingue","tag-campamento-de-verano-bilingue-cerca-de-madrid","tag-campamento-de-verano-bilingue-sierra-de-gredos","tag-campamento-de-verano-ingles","tag-campamento-de-verano-ingles-agosto-2016","tag-campamento-de-verano-ingles-cerca-de-madrid","tag-campamento-de-verano-ingles-economico","tag-campamento-de-verano-ingles-junio-2016","tag-campamento-de-verano-ingles-sierra-de-gredos","tag-campamento-de-verano-inmersion-ingles","tag-campamento-de-verano-inmersion-ingles-cerca-de-madrid","tag-campamento-de-verano-inmersion-ingles-sierra-de-gredos","tag-campamento-de-verano-junio-2016","tag-campamento-de-verano-para-adolescentes","tag-campamento-de-verano-para-ninos","tag-el-mejor-campamento-de-verano-ingles-de-espana","tag-la-colonia-de-gredos"],"yoast_head":"<!-- This site is optimized with the Yoast SEO plugin v22.0 - https:\/\/yoast.com\/wordpress\/plugins\/seo\/ -->\n<title>Experiencias para familias - Humanit.as Learning Experiences<\/title>\n<meta name=\"robots\" content=\"index, follow, max-snippet:-1, max-image-preview:large, max-video-preview:-1\" \/>\n<link rel=\"canonical\" href=\"https:\/\/humanit.as\/experiences\/familias\/\" \/>\n<meta property=\"og:locale\" content=\"es_ES\" \/>\n<meta property=\"og:type\" content=\"article\" \/>\n<meta property=\"og:title\" content=\"Experiencias para familias - Humanit.as Learning Experiences\" \/>\n<meta property=\"og:description\" content=\"Todos hemos aprendido nuestra lengua materna dentro de la unidad familiar. Entonces, \u00bfporqu\u00e9 no aprender m\u00e1s idiomas de la misma manera? Humanit.as ofrece oportunidades para hacer justo eso. Estamos seguros que disfrutareis enormemente adem\u00e1s de aprender much\u00edsimo.\" \/>\n<meta property=\"og:url\" content=\"https:\/\/humanit.as\/experiences\/familias\/\" \/>\n<meta property=\"og:site_name\" content=\"Humanit.as Learning Experiences\" \/>\n<meta property=\"article:modified_time\" content=\"2016-03-16T22:59:07+00:00\" \/>\n<meta name=\"twitter:card\" content=\"summary_large_image\" \/>\n<meta name=\"twitter:label1\" content=\"Tiempo de lectura\" \/>\n\t<meta name=\"twitter:data1\" content=\"1 minuto\" \/>\n<script type=\"application\/ld+json\" class=\"yoast-schema-graph\">{\"@context\":\"https:\/\/schema.org\",\"@graph\":[{\"@type\":\"WebPage\",\"@id\":\"https:\/\/humanit.as\/experiences\/familias\/\",\"url\":\"https:\/\/humanit.as\/experiences\/familias\/\",\"name\":\"Experiencias para familias - Humanit.as Learning Experiences\",\"isPartOf\":{\"@id\":\"https:\/\/humanit.as\/experiences\/#website\"},\"datePublished\":\"2016-02-28T16:24:26+00:00\",\"dateModified\":\"2016-03-16T22:59:07+00:00\",\"breadcrumb\":{\"@id\":\"https:\/\/humanit.as\/experiences\/familias\/#breadcrumb\"},\"inLanguage\":\"es\",\"potentialAction\":[{\"@type\":\"ReadAction\",\"target\":[\"https:\/\/humanit.as\/experiences\/familias\/\"]}]},{\"@type\":\"BreadcrumbList\",\"@id\":\"https:\/\/humanit.as\/experiences\/familias\/#breadcrumb\",\"itemListElement\":[{\"@type\":\"ListItem\",\"position\":1,\"name\":\"Inicio\",\"item\":\"https:\/\/humanit.as\/experiences\/\"},{\"@type\":\"ListItem\",\"position\":2,\"name\":\"Experiencias para familias\"}]},{\"@type\":\"WebSite\",\"@id\":\"https:\/\/humanit.as\/experiences\/#website\",\"url\":\"https:\/\/humanit.as\/experiences\/\",\"name\":\"Humanit.as Learning Experiences\",\"description\":\"Experiencias para Aprender y Crecer\",\"publisher\":{\"@id\":\"https:\/\/humanit.as\/experiences\/#organization\"},\"potentialAction\":[{\"@type\":\"SearchAction\",\"target\":{\"@type\":\"EntryPoint\",\"urlTemplate\":\"https:\/\/humanit.as\/experiences\/?s={search_term_string}\"},\"query-input\":\"required name=search_term_string\"}],\"inLanguage\":\"es\"},{\"@type\":\"Organization\",\"@id\":\"https:\/\/humanit.as\/experiences\/#organization\",\"name\":\"Humanit.as\",\"url\":\"https:\/\/humanit.as\/experiences\/\",\"logo\":{\"@type\":\"ImageObject\",\"inLanguage\":\"es\",\"@id\":\"https:\/\/humanit.as\/experiences\/#\/schema\/logo\/image\/\",\"url\":\"http:\/\/s947857397.mialojamiento.es\/experiences\/wp-content\/uploads\/sites\/7\/2016\/02\/logotipo-humanitas-grande.jpg\",\"contentUrl\":\"http:\/\/s947857397.mialojamiento.es\/experiences\/wp-content\/uploads\/sites\/7\/2016\/02\/logotipo-humanitas-grande.jpg\",\"width\":1800,\"height\":1800,\"caption\":\"Humanit.as\"},\"image\":{\"@id\":\"https:\/\/humanit.as\/experiences\/#\/schema\/logo\/image\/\"}}]}<\/script>\n<!-- \/ Yoast SEO plugin. -->","yoast_head_json":{"title":"Experiencias para familias - Humanit.as Learning Experiences","robots":{"index":"index","follow":"follow","max-snippet":"max-snippet:-1","max-image-preview":"max-image-preview:large","max-video-preview":"max-video-preview:-1"},"canonical":"https:\/\/humanit.as\/experiences\/familias\/","og_locale":"es_ES","og_type":"article","og_title":"Experiencias para familias - Humanit.as Learning Experiences","og_description":"Todos hemos aprendido nuestra lengua materna dentro de la unidad familiar. Entonces, \u00bfporqu\u00e9 no aprender m\u00e1s idiomas de la misma manera? Humanit.as ofrece oportunidades para hacer justo eso. Estamos seguros que disfrutareis enormemente adem\u00e1s de aprender much\u00edsimo.","og_url":"https:\/\/humanit.as\/experiences\/familias\/","og_site_name":"Humanit.as Learning Experiences","article_modified_time":"2016-03-16T22:59:07+00:00","twitter_card":"summary_large_image","twitter_misc":{"Tiempo de lectura":"1 minuto"},"schema":{"@context":"https:\/\/schema.org","@graph":[{"@type":"WebPage","@id":"https:\/\/humanit.as\/experiences\/familias\/","url":"https:\/\/humanit.as\/experiences\/familias\/","name":"Experiencias para familias - Humanit.as Learning Experiences","isPartOf":{"@id":"https:\/\/humanit.as\/experiences\/#website"},"datePublished":"2016-02-28T16:24:26+00:00","dateModified":"2016-03-16T22:59:07+00:00","breadcrumb":{"@id":"https:\/\/humanit.as\/experiences\/familias\/#breadcrumb"},"inLanguage":"es","potentialAction":[{"@type":"ReadAction","target":["https:\/\/humanit.as\/experiences\/familias\/"]}]},{"@type":"BreadcrumbList","@id":"https:\/\/humanit.as\/experiences\/familias\/#breadcrumb","itemListElement":[{"@type":"ListItem","position":1,"name":"Inicio","item":"https:\/\/humanit.as\/experiences\/"},{"@type":"ListItem","position":2,"name":"Experiencias para familias"}]},{"@type":"WebSite","@id":"https:\/\/humanit.as\/experiences\/#website","url":"https:\/\/humanit.as\/experiences\/","name":"Humanit.as Learning Experiences","description":"Experiencias para Aprender y Crecer","publisher":{"@id":"https:\/\/humanit.as\/experiences\/#organization"},"potentialAction":[{"@type":"SearchAction","target":{"@type":"EntryPoint","urlTemplate":"https:\/\/humanit.as\/experiences\/?s={search_term_string}"},"query-input":"required name=search_term_string"}],"inLanguage":"es"},{"@type":"Organization","@id":"https:\/\/humanit.as\/experiences\/#organization","name":"Humanit.as","url":"https:\/\/humanit.as\/experiences\/","logo":{"@type":"ImageObject","inLanguage":"es","@id":"https:\/\/humanit.as\/experiences\/#\/schema\/logo\/image\/","url":"http:\/\/s947857397.mialojamiento.es\/experiences\/wp-content\/uploads\/sites\/7\/2016\/02\/logotipo-humanitas-grande.jpg","contentUrl":"http:\/\/s947857397.mialojamiento.es\/experiences\/wp-content\/uploads\/sites\/7\/2016\/02\/logotipo-humanitas-grande.jpg","width":1800,"height":1800,"caption":"Humanit.as"},"image":{"@id":"https:\/\/humanit.as\/experiences\/#\/schema\/logo\/image\/"}}]}},"_links":{"self":[{"href":"https:\/\/humanit.as\/experiences\/wp-json\/wp\/v2\/pages\/412","targetHints":{"allow":["GET"]}}],"collection":[{"href":"https:\/\/humanit.as\/experiences\/wp-json\/wp\/v2\/pages"}],"about":[{"href":"https:\/\/humanit.as\/experiences\/wp-json\/wp\/v2\/types\/page"}],"author":[{"embeddable":true,"href":"https:\/\/humanit.as\/experiences\/wp-json\/wp\/v2\/users\/1"}],"replies":[{"embeddable":true,"href":"https:\/\/humanit.as\/experiences\/wp-json\/wp\/v2\/comments?post=412"}],"version-history":[{"count":0,"href":"https:\/\/humanit.as\/experiences\/wp-json\/wp\/v2\/pages\/412\/revisions"}],"wp:attachment":[{"href":"https:\/\/humanit.as\/experiences\/wp-json\/wp\/v2\/media?parent=412"}],"wp:term":[{"taxonomy":"post_tag","embeddable":true,"href":"https:\/\/humanit.as\/experiences\/wp-json\/wp\/v2\/tags?post=412"}],"curies":[{"name":"wp","href":"https:\/\/api.w.org\/{rel}","templated":true}]}}