{"id":229,"date":"2015-12-20T17:34:32","date_gmt":"2015-12-20T17:34:32","guid":{"rendered":"https:\/\/humanit.as\/experiences\/?page_id=229"},"modified":"2017-02-13T12:34:20","modified_gmt":"2017-02-13T12:34:20","slug":"reservas","status":"publish","type":"page","link":"https:\/\/humanit.as\/experiences\/ninos-y-adolescentes\/natural-english-kids-camp\/reservas\/","title":{"rendered":"Reservas"},"content":{"rendered":"<p>[et_pb_section transparent_background=\u00bboff\u00bb allow_player_pause=\u00bboff\u00bb inner_shadow=\u00bboff\u00bb parallax=\u00bboff\u00bb parallax_method=\u00bbon\u00bb make_fullwidth=\u00bboff\u00bb use_custom_width=\u00bboff\u00bb width_unit=\u00bboff\u00bb custom_width_px=\u00bb1080px\u00bb custom_width_percent=\u00bb80%\u00bb make_equal=\u00bboff\u00bb use_custom_gutter=\u00bboff\u00bb fullwidth=\u00bboff\u00bb specialty=\u00bboff\u00bb admin_label=\u00bbsection\u00bb disabled=\u00bboff\u00bb][et_pb_row make_fullwidth=\u00bboff\u00bb use_custom_width=\u00bboff\u00bb width_unit=\u00bboff\u00bb custom_width_px=\u00bb1080px\u00bb custom_width_percent=\u00bb80%\u00bb use_custom_gutter=\u00bboff\u00bb gutter_width=\u00bb3&#8243; allow_player_pause=\u00bboff\u00bb parallax=\u00bboff\u00bb parallax_method=\u00bbon\u00bb make_equal=\u00bboff\u00bb parallax_1=\u00bboff\u00bb parallax_method_1=\u00bbon\u00bb parallax_2=\u00bboff\u00bb parallax_method_2=\u00bbon\u00bb parallax_3=\u00bboff\u00bb parallax_method_3=\u00bbon\u00bb parallax_4=\u00bboff\u00bb parallax_method_4=\u00bbon\u00bb admin_label=\u00bbrow\u00bb disabled=\u00bboff\u00bb][et_pb_column type=\u00bb2_3&#8243; disabled=\u00bboff\u00bb parallax=\u00bboff\u00bb parallax_method=\u00bbon\u00bb][et_pb_text background_layout=\u00bblight\u00bb text_orientation=\u00bbleft\u00bb admin_label=\u00bbTexto\u00bb text_font=\u00bb|on|||\u00bb background_color=\u00bb#e7f7ca\u00bb use_border_color=\u00bbon\u00bb border_width=\u00bb2px\u00bb border_style=\u00bbridge\u00bb custom_padding=\u00bb10px|10px|10px|15px\u00bb disabled=\u00bboff\u00bb] [contact-form to=&#8217;experiences@humanit.as&#8217; subject=&#8217;Reserva: Natural English Kids Camp&#8217;][contact-field label=&#8217;Nombre y apellidos de madre\/padre\/tutor&#8217; type=&#8217;name&#8217; required=&#8217;1&#8217;\/][contact-field label=&#8217;Nombre y apellidos del alumno \/ los alumnos&#8217; type=&#8217;text&#8217; required=&#8217;1&#8217;\/][contact-field label=&#8217;N\u00famero de tel\u00e9fono&#8217; type=&#8217;text&#8217;\/][contact-field label=&#8217;Correo electr\u00f3nico&#8217; type=&#8217;email&#8217; required=&#8217;1&#8217;\/][contact-field label=&#8217;\u00bfC\u00f3mo has conocido este campamento?&#8217; type=&#8217;select&#8217; options=&#8217;No lo recuerdo,El Pa\u00eds de las Maravillas,La Colonia de Gredos,Google,Email,Boca a boca,Un sue\u00f1o,Folleto&#8217;\/][contact-field label=&#8217;Comentario&#8217; type=&#8217;textarea&#8217;\/][\/contact-form] [\/et_pb_text][\/et_pb_column][et_pb_column type=\u00bb1_3&#8243; disabled=\u00bboff\u00bb parallax=\u00bboff\u00bb parallax_method=\u00bbon\u00bb][et_pb_blurb title=\u00bbBienvenidos a la familia :-)\u00bb url_new_window=\u00bboff\u00bb use_icon=\u00bbon\u00bb font_icon=\u00bb%%257%%\u00bb icon_color=\u00bb#d170c9&#8243; use_circle=\u00bbon\u00bb circle_color=\u00bb#7fbc78&#8243; use_circle_border=\u00bbon\u00bb circle_border_color=\u00bb#a3a3a3&#8243; icon_placement=\u00bbtop\u00bb animation=\u00bbleft\u00bb background_layout=\u00bblight\u00bb text_orientation=\u00bbleft\u00bb use_icon_font_size=\u00bboff\u00bb icon_font_size=\u00bb96px\u00bb admin_label=\u00bbAnuncio\u00bb header_font=\u00bb|on|||\u00bb header_font_size=\u00bb22&#8243; body_font_size=\u00bb16&#8243; use_border_color=\u00bboff\u00bb border_color=\u00bb#ffffff\u00bb border_width=\u00bb1px\u00bb border_style=\u00bbsolid\u00bb disabled=\u00bboff\u00bb]<\/p>\n<p>Nos alegramos mucho que hay\u00e1is llegado hasta esta p\u00e1gina. Significa que tambi\u00e9n est\u00e1is emocionados por formar parte de esta experiencia \ud83d\ude42<\/p>\n<p>Al rellenar el formulario a la izquierda, nos indicas que est\u00e1s de acuerdo en que nos pongamos en contacto contigo para formalizar la reserva.<\/p>\n<p>Es aconsejable leer nuestra p\u00e1gina con preguntas frecuentes y condiciones. Si todav\u00eda no lo has visto, pincha aqu\u00ed para echarlo un vistazo.<\/p>\n<p>Si quieres hacer una reserva para un grupo grande, o si simplemente quieres hacernos una consulta, no dudes en contactar con nosotros.<\/p>\n<p>[\/et_pb_blurb][\/et_pb_column][\/et_pb_row][et_pb_row make_fullwidth=\u00bboff\u00bb use_custom_width=\u00bboff\u00bb width_unit=\u00bboff\u00bb custom_width_px=\u00bb1080px\u00bb custom_width_percent=\u00bb80%\u00bb use_custom_gutter=\u00bboff\u00bb gutter_width=\u00bb3&#8243; allow_player_pause=\u00bboff\u00bb parallax=\u00bboff\u00bb parallax_method=\u00bbon\u00bb make_equal=\u00bboff\u00bb parallax_1=\u00bboff\u00bb parallax_method_1=\u00bbon\u00bb parallax_2=\u00bboff\u00bb parallax_method_2=\u00bbon\u00bb parallax_3=\u00bboff\u00bb parallax_method_3=\u00bbon\u00bb parallax_4=\u00bboff\u00bb parallax_method_4=\u00bbon\u00bb admin_label=\u00bbFila\u00bb disabled=\u00bboff\u00bb][et_pb_column type=\u00bb4_4&#8243; disabled=\u00bboff\u00bb parallax=\u00bboff\u00bb parallax_method=\u00bbon\u00bb][et_pb_button button_url=\u00bbhttps:\/\/humanit.as\/experiences\/wp-content\/uploads\/sites\/7\/2017\/02\/Natural-English-Kids-Camp-Agosto-2017.pdf\u00bb url_new_window=\u00bbon\u00bb button_text=\u00bbDescarga informaci\u00f3n en PDF sobre Natural English Kids Camp aqu\u00ed.\u00bb button_alignment=\u00bbcenter\u00bb background_layout=\u00bblight\u00bb admin_label=\u00bbDescarga PDF\u00bb custom_button=\u00bbon\u00bb button_text_size=\u00bb35&#8243; button_text_color=\u00bb#ffffff\u00bb button_bg_color=\u00bb#dd3333&#8243; button_border_width=\u00bb5&#8243; button_border_color=\u00bb#000000&#8243; button_border_radius=\u00bb5&#8243; button_letter_spacing=\u00bb0&#8243; button_use_icon=\u00bbon\u00bb button_icon=\u00bb%%233%%\u00bb button_icon_color=\u00bb#dd9933&#8243; button_icon_placement=\u00bbleft\u00bb button_on_hover=\u00bboff\u00bb button_text_color_hover=\u00bb#dd3333&#8243; button_bg_color_hover=\u00bb#eeee22&#8243; button_border_color_hover=\u00bb#1e73be\u00bb button_border_radius_hover=\u00bb6&#8243; button_letter_spacing_hover=\u00bb0&#8243; disabled=\u00bboff\u00bb saved_tabs=\u00bball\u00bb] [\/et_pb_button][\/et_pb_column][\/et_pb_row][\/et_pb_section]<\/p>\n","protected":false},"excerpt":{"rendered":"<p>[contact-form to=&#8217;experiences@humanit.as&#8217; subject=&#8217;Reserva: Natural English Kids Camp&#8217;][contact-field label=&#8217;Nombre y apellidos de madre\/padre\/tutor&#8217; type=&#8217;name&#8217; required=&#8217;1&#8217;\/][contact-field label=&#8217;Nombre y apellidos del alumno \/ los alumnos&#8217; type=&#8217;text&#8217; required=&#8217;1&#8217;\/][contact-field label=&#8217;N\u00famero de tel\u00e9fono&#8217; type=&#8217;text&#8217;\/][contact-field label=&#8217;Correo electr\u00f3nico&#8217; type=&#8217;email&#8217; required=&#8217;1&#8217;\/][contact-field label=&#8217;\u00bfC\u00f3mo has conocido este campamento?&#8217; type=&#8217;select&#8217; options=&#8217;No lo recuerdo,El Pa\u00eds de las Maravillas,La Colonia de Gredos,Google,Email,Boca a boca,Un sue\u00f1o,Folleto&#8217;\/][contact-field label=&#8217;Comentario&#8217; type=&#8217;textarea&#8217;\/][\/contact-form] Nos alegramos [&hellip;]<\/p>\n","protected":false},"author":1,"featured_media":0,"parent":68,"menu_order":0,"comment_status":"open","ping_status":"closed","template":"","meta":{"_et_pb_use_builder":"on","_et_pb_old_content":"","_et_gb_content_width":"","footnotes":""},"tags":[8,20,10,14,12,9,25,13,18,21,11,15,17,16,19,23,22,24,28],"class_list":["post-229","page","type-page","status-publish","hentry","tag-campamento-de-verano","tag-campamento-de-verano-agosto-2016","tag-campamento-de-verano-bilingue","tag-campamento-de-verano-bilingue-cerca-de-madrid","tag-campamento-de-verano-bilingue-sierra-de-gredos","tag-campamento-de-verano-ingles","tag-campamento-de-verano-ingles-agosto-2016","tag-campamento-de-verano-ingles-cerca-de-madrid","tag-campamento-de-verano-ingles-economico","tag-campamento-de-verano-ingles-junio-2016","tag-campamento-de-verano-ingles-sierra-de-gredos","tag-campamento-de-verano-inmersion-ingles","tag-campamento-de-verano-inmersion-ingles-cerca-de-madrid","tag-campamento-de-verano-inmersion-ingles-sierra-de-gredos","tag-campamento-de-verano-junio-2016","tag-campamento-de-verano-para-adolescentes","tag-campamento-de-verano-para-ninos","tag-el-mejor-campamento-de-verano-ingles-de-espana","tag-la-colonia-de-gredos"],"yoast_head":"<!-- This site is optimized with the Yoast SEO plugin v27.4 - https:\/\/yoast.com\/product\/yoast-seo-wordpress\/ -->\n<title>Reservas - Humanit.as Learning Experiences<\/title>\n<meta name=\"robots\" content=\"index, follow, max-snippet:-1, max-image-preview:large, max-video-preview:-1\" \/>\n<link rel=\"canonical\" href=\"https:\/\/humanit.as\/experiences\/ninos-y-adolescentes\/natural-english-kids-camp\/reservas\/\" \/>\n<meta property=\"og:locale\" content=\"es_ES\" \/>\n<meta property=\"og:type\" content=\"article\" \/>\n<meta property=\"og:title\" content=\"Reservas - Humanit.as Learning Experiences\" \/>\n<meta property=\"og:description\" content=\"[contact-form to=&#039;experiences@humanit.as&#039; subject=&#039;Reserva: Natural English Kids Camp&#039;][contact-field label=&#039;Nombre y apellidos de madre\/padre\/tutor&#039; type=&#039;name&#039; required=&#039;1&#039;\/][contact-field label=&#039;Nombre y apellidos del alumno \/ los alumnos&#039; type=&#039;text&#039; required=&#039;1&#039;\/][contact-field label=&#039;N\u00famero de tel\u00e9fono&#039; type=&#039;text&#039;\/][contact-field label=&#039;Correo electr\u00f3nico&#039; type=&#039;email&#039; required=&#039;1&#039;\/][contact-field label=&#039;\u00bfC\u00f3mo has conocido este campamento?&#039; type=&#039;select&#039; options=&#039;No lo recuerdo,El Pa\u00eds de las Maravillas,La Colonia de Gredos,Google,Email,Boca a boca,Un sue\u00f1o,Folleto&#039;\/][contact-field label=&#039;Comentario&#039; type=&#039;textarea&#039;\/][\/contact-form] Nos alegramos [&hellip;]\" \/>\n<meta property=\"og:url\" content=\"https:\/\/humanit.as\/experiences\/ninos-y-adolescentes\/natural-english-kids-camp\/reservas\/\" \/>\n<meta property=\"og:site_name\" content=\"Humanit.as Learning Experiences\" \/>\n<meta property=\"article:modified_time\" content=\"2017-02-13T12:34:20+00:00\" \/>\n<meta name=\"twitter:card\" content=\"summary_large_image\" \/>\n<meta name=\"twitter:label1\" content=\"Tiempo de lectura\" \/>\n\t<meta name=\"twitter:data1\" content=\"3 minutos\" \/>\n<script type=\"application\/ld+json\" class=\"yoast-schema-graph\">{\"@context\":\"https:\\\/\\\/schema.org\",\"@graph\":[{\"@type\":\"WebPage\",\"@id\":\"https:\\\/\\\/humanit.as\\\/experiences\\\/ninos-y-adolescentes\\\/natural-english-kids-camp\\\/reservas\\\/\",\"url\":\"https:\\\/\\\/humanit.as\\\/experiences\\\/ninos-y-adolescentes\\\/natural-english-kids-camp\\\/reservas\\\/\",\"name\":\"Reservas - Humanit.as Learning Experiences\",\"isPartOf\":{\"@id\":\"https:\\\/\\\/humanit.as\\\/experiences\\\/#website\"},\"datePublished\":\"2015-12-20T17:34:32+00:00\",\"dateModified\":\"2017-02-13T12:34:20+00:00\",\"breadcrumb\":{\"@id\":\"https:\\\/\\\/humanit.as\\\/experiences\\\/ninos-y-adolescentes\\\/natural-english-kids-camp\\\/reservas\\\/#breadcrumb\"},\"inLanguage\":\"es\",\"potentialAction\":[{\"@type\":\"ReadAction\",\"target\":[\"https:\\\/\\\/humanit.as\\\/experiences\\\/ninos-y-adolescentes\\\/natural-english-kids-camp\\\/reservas\\\/\"]}]},{\"@type\":\"BreadcrumbList\",\"@id\":\"https:\\\/\\\/humanit.as\\\/experiences\\\/ninos-y-adolescentes\\\/natural-english-kids-camp\\\/reservas\\\/#breadcrumb\",\"itemListElement\":[{\"@type\":\"ListItem\",\"position\":1,\"name\":\"Inicio\",\"item\":\"https:\\\/\\\/humanit.as\\\/experiences\\\/\"},{\"@type\":\"ListItem\",\"position\":2,\"name\":\"Experiencias para ni\u00f1os y adolescentes\",\"item\":\"https:\\\/\\\/humanit.as\\\/experiences\\\/ninos-y-adolescentes\\\/\"},{\"@type\":\"ListItem\",\"position\":3,\"name\":\"Natural English Kids Camp\",\"item\":\"https:\\\/\\\/humanit.as\\\/experiences\\\/ninos-y-adolescentes\\\/natural-english-kids-camp\\\/\"},{\"@type\":\"ListItem\",\"position\":4,\"name\":\"Reservas\"}]},{\"@type\":\"WebSite\",\"@id\":\"https:\\\/\\\/humanit.as\\\/experiences\\\/#website\",\"url\":\"https:\\\/\\\/humanit.as\\\/experiences\\\/\",\"name\":\"Humanit.as Learning Experiences\",\"description\":\"Experiencias para Aprender y Crecer\",\"publisher\":{\"@id\":\"https:\\\/\\\/humanit.as\\\/experiences\\\/#organization\"},\"potentialAction\":[{\"@type\":\"SearchAction\",\"target\":{\"@type\":\"EntryPoint\",\"urlTemplate\":\"https:\\\/\\\/humanit.as\\\/experiences\\\/?s={search_term_string}\"},\"query-input\":{\"@type\":\"PropertyValueSpecification\",\"valueRequired\":true,\"valueName\":\"search_term_string\"}}],\"inLanguage\":\"es\"},{\"@type\":\"Organization\",\"@id\":\"https:\\\/\\\/humanit.as\\\/experiences\\\/#organization\",\"name\":\"Humanit.as\",\"url\":\"https:\\\/\\\/humanit.as\\\/experiences\\\/\",\"logo\":{\"@type\":\"ImageObject\",\"inLanguage\":\"es\",\"@id\":\"https:\\\/\\\/humanit.as\\\/experiences\\\/#\\\/schema\\\/logo\\\/image\\\/\",\"url\":\"http:\\\/\\\/s947857397.mialojamiento.es\\\/experiences\\\/wp-content\\\/uploads\\\/sites\\\/7\\\/2016\\\/02\\\/logotipo-humanitas-grande.jpg\",\"contentUrl\":\"http:\\\/\\\/s947857397.mialojamiento.es\\\/experiences\\\/wp-content\\\/uploads\\\/sites\\\/7\\\/2016\\\/02\\\/logotipo-humanitas-grande.jpg\",\"width\":1800,\"height\":1800,\"caption\":\"Humanit.as\"},\"image\":{\"@id\":\"https:\\\/\\\/humanit.as\\\/experiences\\\/#\\\/schema\\\/logo\\\/image\\\/\"}}]}<\/script>\n<!-- \/ Yoast SEO plugin. -->","yoast_head_json":{"title":"Reservas - Humanit.as Learning Experiences","robots":{"index":"index","follow":"follow","max-snippet":"max-snippet:-1","max-image-preview":"max-image-preview:large","max-video-preview":"max-video-preview:-1"},"canonical":"https:\/\/humanit.as\/experiences\/ninos-y-adolescentes\/natural-english-kids-camp\/reservas\/","og_locale":"es_ES","og_type":"article","og_title":"Reservas - Humanit.as Learning Experiences","og_description":"[contact-form to='experiences@humanit.as' subject='Reserva: Natural English Kids Camp'][contact-field label='Nombre y apellidos de madre\/padre\/tutor' type='name' required='1'\/][contact-field label='Nombre y apellidos del alumno \/ los alumnos' type='text' required='1'\/][contact-field label='N\u00famero de tel\u00e9fono' type='text'\/][contact-field label='Correo electr\u00f3nico' type='email' required='1'\/][contact-field label='\u00bfC\u00f3mo has conocido este campamento?' type='select' options='No lo recuerdo,El Pa\u00eds de las Maravillas,La Colonia de Gredos,Google,Email,Boca a boca,Un sue\u00f1o,Folleto'\/][contact-field label='Comentario' type='textarea'\/][\/contact-form] Nos alegramos [&hellip;]","og_url":"https:\/\/humanit.as\/experiences\/ninos-y-adolescentes\/natural-english-kids-camp\/reservas\/","og_site_name":"Humanit.as Learning Experiences","article_modified_time":"2017-02-13T12:34:20+00:00","twitter_card":"summary_large_image","twitter_misc":{"Tiempo de lectura":"3 minutos"},"schema":{"@context":"https:\/\/schema.org","@graph":[{"@type":"WebPage","@id":"https:\/\/humanit.as\/experiences\/ninos-y-adolescentes\/natural-english-kids-camp\/reservas\/","url":"https:\/\/humanit.as\/experiences\/ninos-y-adolescentes\/natural-english-kids-camp\/reservas\/","name":"Reservas - Humanit.as Learning Experiences","isPartOf":{"@id":"https:\/\/humanit.as\/experiences\/#website"},"datePublished":"2015-12-20T17:34:32+00:00","dateModified":"2017-02-13T12:34:20+00:00","breadcrumb":{"@id":"https:\/\/humanit.as\/experiences\/ninos-y-adolescentes\/natural-english-kids-camp\/reservas\/#breadcrumb"},"inLanguage":"es","potentialAction":[{"@type":"ReadAction","target":["https:\/\/humanit.as\/experiences\/ninos-y-adolescentes\/natural-english-kids-camp\/reservas\/"]}]},{"@type":"BreadcrumbList","@id":"https:\/\/humanit.as\/experiences\/ninos-y-adolescentes\/natural-english-kids-camp\/reservas\/#breadcrumb","itemListElement":[{"@type":"ListItem","position":1,"name":"Inicio","item":"https:\/\/humanit.as\/experiences\/"},{"@type":"ListItem","position":2,"name":"Experiencias para ni\u00f1os y adolescentes","item":"https:\/\/humanit.as\/experiences\/ninos-y-adolescentes\/"},{"@type":"ListItem","position":3,"name":"Natural English Kids Camp","item":"https:\/\/humanit.as\/experiences\/ninos-y-adolescentes\/natural-english-kids-camp\/"},{"@type":"ListItem","position":4,"name":"Reservas"}]},{"@type":"WebSite","@id":"https:\/\/humanit.as\/experiences\/#website","url":"https:\/\/humanit.as\/experiences\/","name":"Humanit.as Learning Experiences","description":"Experiencias para Aprender y Crecer","publisher":{"@id":"https:\/\/humanit.as\/experiences\/#organization"},"potentialAction":[{"@type":"SearchAction","target":{"@type":"EntryPoint","urlTemplate":"https:\/\/humanit.as\/experiences\/?s={search_term_string}"},"query-input":{"@type":"PropertyValueSpecification","valueRequired":true,"valueName":"search_term_string"}}],"inLanguage":"es"},{"@type":"Organization","@id":"https:\/\/humanit.as\/experiences\/#organization","name":"Humanit.as","url":"https:\/\/humanit.as\/experiences\/","logo":{"@type":"ImageObject","inLanguage":"es","@id":"https:\/\/humanit.as\/experiences\/#\/schema\/logo\/image\/","url":"http:\/\/s947857397.mialojamiento.es\/experiences\/wp-content\/uploads\/sites\/7\/2016\/02\/logotipo-humanitas-grande.jpg","contentUrl":"http:\/\/s947857397.mialojamiento.es\/experiences\/wp-content\/uploads\/sites\/7\/2016\/02\/logotipo-humanitas-grande.jpg","width":1800,"height":1800,"caption":"Humanit.as"},"image":{"@id":"https:\/\/humanit.as\/experiences\/#\/schema\/logo\/image\/"}}]}},"_links":{"self":[{"href":"https:\/\/humanit.as\/experiences\/wp-json\/wp\/v2\/pages\/229","targetHints":{"allow":["GET"]}}],"collection":[{"href":"https:\/\/humanit.as\/experiences\/wp-json\/wp\/v2\/pages"}],"about":[{"href":"https:\/\/humanit.as\/experiences\/wp-json\/wp\/v2\/types\/page"}],"author":[{"embeddable":true,"href":"https:\/\/humanit.as\/experiences\/wp-json\/wp\/v2\/users\/1"}],"replies":[{"embeddable":true,"href":"https:\/\/humanit.as\/experiences\/wp-json\/wp\/v2\/comments?post=229"}],"version-history":[{"count":0,"href":"https:\/\/humanit.as\/experiences\/wp-json\/wp\/v2\/pages\/229\/revisions"}],"up":[{"embeddable":true,"href":"https:\/\/humanit.as\/experiences\/wp-json\/wp\/v2\/pages\/68"}],"wp:attachment":[{"href":"https:\/\/humanit.as\/experiences\/wp-json\/wp\/v2\/media?parent=229"}],"wp:term":[{"taxonomy":"post_tag","embeddable":true,"href":"https:\/\/humanit.as\/experiences\/wp-json\/wp\/v2\/tags?post=229"}],"curies":[{"name":"wp","href":"https:\/\/api.w.org\/{rel}","templated":true}]}}