{"id":1294,"date":"2018-11-27T10:53:48","date_gmt":"2018-11-27T10:53:48","guid":{"rendered":"https:\/\/humanit.as\/experiences\/?page_id=1294"},"modified":"2020-06-09T15:54:18","modified_gmt":"2020-06-09T15:54:18","slug":"extranjero","status":"publish","type":"page","link":"https:\/\/humanit.as\/experiences\/extranjero\/","title":{"rendered":"Inmersi\u00f3n Ling\u00fc\u00edstica en el Extranjero"},"content":{"rendered":"\n[et_pb_section fb_built=\u00bb1&#8243; fullwidth=\u00bbon\u00bb _builder_version=\u00bb3.17.6&#8243;][et_pb_fullwidth_header title=\u00bbInmersi\u00f3n Ling\u00fc\u00edstica en el Extranjero\u00bb subhead=\u00bbInmersi\u00f3n total en ingl\u00e9s en pa\u00edses angloparlantes\u00bb background_overlay_color=\u00bbrgba(10,12,76,0.5)\u00bb _builder_version=\u00bb3.17.6&#8243; title_font=\u00bb||||||||\u00bb title_text_align=\u00bbcenter\u00bb title_font_size=\u00bb45px\u00bb title_text_shadow_style=\u00bbpreset5&#8243; subhead_font=\u00bb||||||||\u00bb subhead_text_align=\u00bbcenter\u00bb subhead_font_size=\u00bb30px\u00bb background_image=\u00bbhttps:\/\/humanit.as\/experiences\/wp-content\/uploads\/sites\/7\/2018\/11\/balloon-hot-air-balloon-aircraft-vehicle-usa-toy-765242-pxhere.com_.jpg\u00bb parallax=\u00bbon\u00bb text_shadow_style=\u00bbpreset5&#8243;][\/et_pb_fullwidth_header][\/et_pb_section][et_pb_section fb_built=\u00bb1&#8243; _builder_version=\u00bb3.17.6&#8243; custom_padding=\u00bb16px|0px|0|0px|false|false\u00bb][et_pb_row custom_padding=\u00bb0|0px|17px|0px|false|false\u00bb _builder_version=\u00bb3.17.6&#8243;][et_pb_column type=\u00bb1_2&#8243; _builder_version=\u00bb3.17.6&#8243; parallax=\u00bboff\u00bb parallax_method=\u00bbon\u00bb][et_pb_button button_url=\u00bbhttps:\/\/humanit.as\/experiences\/extranjero\/verano\u00bb button_text=\u00bbExperiencias de Inmersi\u00f3n en el Extranjero en Verano\u00bb button_alignment=\u00bbcenter\u00bb _builder_version=\u00bb3.17.6&#8243; custom_button=\u00bbon\u00bb button_text_size=\u00bb35px\u00bb button_text_color=\u00bb#ffffff\u00bb button_bg_color=\u00bb#e02b20&#8243; button_bg_use_color_gradient=\u00bbon\u00bb button_bg_color_gradient_start=\u00bb#19adb7&#8243; button_bg_color_gradient_end=\u00bb#000775&#8243; button_bg_color_gradient_direction=\u00bb162deg\u00bb button_border_width=\u00bb5px\u00bb button_border_color=\u00bb#e0e0e0&#8243; button_border_radius=\u00bb18px\u00bb button_font=\u00bb||||||||\u00bb button_icon=\u00bb%%40%%\u00bb button_icon_color=\u00bbrgba(0,0,0,0.73)\u00bb button_text_shadow_style=\u00bbpreset5&#8243; background_layout=\u00bbdark\u00bb animation_style=\u00bbslide\u00bb animation_duration=\u00bb2000ms\u00bb][\/et_pb_button][\/et_pb_column][et_pb_column type=\u00bb1_2&#8243; _builder_version=\u00bb3.17.6&#8243; parallax=\u00bboff\u00bb parallax_method=\u00bbon\u00bb][et_pb_button button_url=\u00bbhttps:\/\/humanit.as\/experiences\/extranjero\/ano-escolar\u00bb button_text=\u00bbA\u00f1o Escolar en EE.UU. Una experiencia que te cambiar\u00e1 la vida\u00bb button_alignment=\u00bbcenter\u00bb _builder_version=\u00bb3.17.6&#8243; custom_button=\u00bbon\u00bb button_text_size=\u00bb35px\u00bb button_text_color=\u00bb#ffffff\u00bb button_bg_color=\u00bb#e02b20&#8243; button_bg_use_color_gradient=\u00bbon\u00bb button_bg_color_gradient_start=\u00bb#002991&#8243; button_bg_color_gradient_end=\u00bb#008aa5&#8243; button_bg_color_gradient_direction=\u00bb162deg\u00bb button_border_width=\u00bb5px\u00bb button_border_color=\u00bb#e0e0e0&#8243; button_border_radius=\u00bb18px\u00bb button_font=\u00bb||||||||\u00bb button_icon=\u00bb%%40%%\u00bb button_icon_color=\u00bbrgba(255,255,255,0.79)\u00bb button_text_shadow_style=\u00bbpreset5&#8243; background_layout=\u00bbdark\u00bb animation_style=\u00bbslide\u00bb animation_duration=\u00bb2000ms\u00bb][\/et_pb_button][\/et_pb_column][\/et_pb_row][\/et_pb_section][et_pb_section fb_built=\u00bb1&#8243; fullwidth=\u00bbon\u00bb _builder_version=\u00bb3.17.6&#8243;][et_pb_fullwidth_header title=\u00bb\u00bfpreparad@ para la experiencia de tu vida?\u00bb subhead=\u00bbPasar un <a href=\"https:\/\/humanit.as\/experiences\/espana\/verano\/campamento-urbano-en-ingles-casa-de-campo-madrid\/\">verano<\/a>, o incluso todo un a\u00f1o, en el extranjero es una experiencia que te cambiar\u00e1 para siempre (\u00a1y eso sin hablar de como mejorar\u00e1 tu ingl\u00e9s!)\u00bb text_orientation=\u00bbcenter\u00bb button_one_url=\u00bbhumanit.as\/experiences\/contacto\u00bb _builder_version=\u00bb3.17.6&#8243; title_font=\u00bb|600||on|||||\u00bb title_font_size=\u00bb33px\u00bb content_font=\u00bb||||||||\u00bb content_font_size=\u00bb17px\u00bb content_line_height=\u00bb1.6em\u00bb subhead_font=\u00bb|700|||||||\u00bb subhead_font_size=\u00bb28px\u00bb subhead_line_height=\u00bb1.1em\u00bb background_layout=\u00bblight\u00bb locked=\u00bboff\u00bb background_color=\u00bb#040847&#8243; title_text_color=\u00bb#ff00e9&#8243; content_text_color=\u00bb#9e9e9e\u00bb subhead_text_color=\u00bb#bfbfbf\u00bb][\/et_pb_fullwidth_header][et_pb_fullwidth_header title=\u00bbSi buscas pasar un verano, o m\u00e1s, en el extranjero, cuenta con Humanit.as para asesorarte. \u00bb button_one_text=\u00bbContacto\u00bb _builder_version=\u00bb3.17.6&#8243; content_font=\u00bb||||||||\u00bb content_font_size=\u00bb22px\u00bb background_color=\u00bb#7b008c\u00bb button_one_url=\u00bbhumanit.as\/experiences\/contacto\u00bb]<p>&nbsp;<\/p>\n<p>Tras m\u00e1s de una d\u00e9cada gestionando cursos en el extranjero, estamos orgullosos de poder ofrecer una excelente selecci\u00f3n de programas de verano y a\u00f1os escolares de la m\u00e1s alta calidad.<\/p>\n<p>&nbsp;<\/p>\n<p>Pincha en los enlaces arriba para m\u00e1s informaci\u00f3n sobre nuestros programas de inmersi\u00f3n en el extranjero, o en el bot\u00f3n a continuaci\u00f3n para hacernos cualquier consulta:<\/p>[\/et_pb_fullwidth_header][\/et_pb_section]\n","protected":false},"excerpt":{"rendered":"<p>&nbsp; Tras m\u00e1s de una d\u00e9cada gestionando cursos en el extranjero, estamos orgullosos de poder ofrecer una excelente selecci\u00f3n de programas de verano y a\u00f1os escolares de la m\u00e1s alta calidad. &nbsp; Pincha en los enlaces arriba para m\u00e1s informaci\u00f3n sobre nuestros programas de inmersi\u00f3n en el extranjero, o en el bot\u00f3n a continuaci\u00f3n para [&hellip;]<\/p>\n","protected":false},"author":1,"featured_media":0,"parent":0,"menu_order":0,"comment_status":"closed","ping_status":"closed","template":"","meta":{"_et_pb_use_builder":"on","_et_pb_old_content":"","_et_gb_content_width":"","footnotes":""},"tags":[156,157,161,160,155,159,154,158,148,149,153,152,147,151,146,150,164,165,169,168,163,167,162,166],"class_list":["post-1294","page","type-page","status-publish","hentry","tag-campamento-de-ingles-en-america","tag-campamento-de-ingles-en-america-del-norte","tag-campamento-de-ingles-en-america-del-norte-verano","tag-campamento-de-ingles-en-america-verano","tag-campamento-de-ingles-en-eeuu","tag-campamento-de-ingles-en-eeuu-verano","tag-campamento-de-ingles-en-estados-unidos","tag-campamento-de-ingles-en-estados-unidos-verano","tag-inmersion-linguistica-en-america","tag-inmersion-linguistica-en-america-del-norte","tag-inmersion-linguistica-en-america-del-norte-verano","tag-inmersion-linguistica-en-america-verano","tag-inmersion-linguistica-en-eeuu","tag-inmersion-linguistica-en-eeuu-verano","tag-inmersion-linguistica-en-estados-unidos","tag-inmersion-linguistica-en-estados-unidos-verano","tag-vivir-con-familia-en-america","tag-vivir-con-familia-en-america-del-norte","tag-vivir-con-familia-en-america-del-norte-verano","tag-vivir-con-familia-en-america-verano","tag-vivir-con-familia-en-eeuu","tag-vivir-con-familia-en-eeuu-verano","tag-vivir-con-familia-en-estados-unidos","tag-vivir-con-familia-en-estados-unidos-verano"],"yoast_head":"<!-- This site is optimized with the Yoast SEO plugin v22.0 - https:\/\/yoast.com\/wordpress\/plugins\/seo\/ -->\n<title>Inmersi\u00f3n Ling\u00fc\u00edstica en el Extranjero - Humanit.as Learning Experiences<\/title>\n<meta name=\"robots\" content=\"index, follow, max-snippet:-1, max-image-preview:large, max-video-preview:-1\" \/>\n<link rel=\"canonical\" href=\"https:\/\/humanit.as\/experiences\/extranjero\/\" \/>\n<meta property=\"og:locale\" content=\"es_ES\" \/>\n<meta property=\"og:type\" content=\"article\" \/>\n<meta property=\"og:title\" content=\"Inmersi\u00f3n Ling\u00fc\u00edstica en el Extranjero - Humanit.as Learning Experiences\" \/>\n<meta property=\"og:description\" content=\"&nbsp; Tras m\u00e1s de una d\u00e9cada gestionando cursos en el extranjero, estamos orgullosos de poder ofrecer una excelente selecci\u00f3n de programas de verano y a\u00f1os escolares de la m\u00e1s alta calidad. &nbsp; Pincha en los enlaces arriba para m\u00e1s informaci\u00f3n sobre nuestros programas de inmersi\u00f3n en el extranjero, o en el bot\u00f3n a continuaci\u00f3n para [&hellip;]\" \/>\n<meta property=\"og:url\" content=\"https:\/\/humanit.as\/experiences\/extranjero\/\" \/>\n<meta property=\"og:site_name\" content=\"Humanit.as Learning Experiences\" \/>\n<meta property=\"article:modified_time\" content=\"2020-06-09T15:54:18+00:00\" \/>\n<meta name=\"twitter:card\" content=\"summary_large_image\" \/>\n<meta name=\"twitter:label1\" content=\"Tiempo de lectura\" \/>\n\t<meta name=\"twitter:data1\" content=\"3 minutos\" \/>\n<script type=\"application\/ld+json\" class=\"yoast-schema-graph\">{\"@context\":\"https:\/\/schema.org\",\"@graph\":[{\"@type\":\"WebPage\",\"@id\":\"https:\/\/humanit.as\/experiences\/extranjero\/\",\"url\":\"https:\/\/humanit.as\/experiences\/extranjero\/\",\"name\":\"Inmersi\u00f3n Ling\u00fc\u00edstica en el Extranjero - Humanit.as Learning Experiences\",\"isPartOf\":{\"@id\":\"https:\/\/humanit.as\/experiences\/#website\"},\"datePublished\":\"2018-11-27T10:53:48+00:00\",\"dateModified\":\"2020-06-09T15:54:18+00:00\",\"breadcrumb\":{\"@id\":\"https:\/\/humanit.as\/experiences\/extranjero\/#breadcrumb\"},\"inLanguage\":\"es\",\"potentialAction\":[{\"@type\":\"ReadAction\",\"target\":[\"https:\/\/humanit.as\/experiences\/extranjero\/\"]}]},{\"@type\":\"BreadcrumbList\",\"@id\":\"https:\/\/humanit.as\/experiences\/extranjero\/#breadcrumb\",\"itemListElement\":[{\"@type\":\"ListItem\",\"position\":1,\"name\":\"Inicio\",\"item\":\"https:\/\/humanit.as\/experiences\/\"},{\"@type\":\"ListItem\",\"position\":2,\"name\":\"Inmersi\u00f3n Ling\u00fc\u00edstica en el Extranjero\"}]},{\"@type\":\"WebSite\",\"@id\":\"https:\/\/humanit.as\/experiences\/#website\",\"url\":\"https:\/\/humanit.as\/experiences\/\",\"name\":\"Humanit.as Learning Experiences\",\"description\":\"Experiencias para Aprender y Crecer\",\"publisher\":{\"@id\":\"https:\/\/humanit.as\/experiences\/#organization\"},\"potentialAction\":[{\"@type\":\"SearchAction\",\"target\":{\"@type\":\"EntryPoint\",\"urlTemplate\":\"https:\/\/humanit.as\/experiences\/?s={search_term_string}\"},\"query-input\":\"required name=search_term_string\"}],\"inLanguage\":\"es\"},{\"@type\":\"Organization\",\"@id\":\"https:\/\/humanit.as\/experiences\/#organization\",\"name\":\"Humanit.as\",\"url\":\"https:\/\/humanit.as\/experiences\/\",\"logo\":{\"@type\":\"ImageObject\",\"inLanguage\":\"es\",\"@id\":\"https:\/\/humanit.as\/experiences\/#\/schema\/logo\/image\/\",\"url\":\"http:\/\/s947857397.mialojamiento.es\/experiences\/wp-content\/uploads\/sites\/7\/2016\/02\/logotipo-humanitas-grande.jpg\",\"contentUrl\":\"http:\/\/s947857397.mialojamiento.es\/experiences\/wp-content\/uploads\/sites\/7\/2016\/02\/logotipo-humanitas-grande.jpg\",\"width\":1800,\"height\":1800,\"caption\":\"Humanit.as\"},\"image\":{\"@id\":\"https:\/\/humanit.as\/experiences\/#\/schema\/logo\/image\/\"}}]}<\/script>\n<!-- \/ Yoast SEO plugin. -->","yoast_head_json":{"title":"Inmersi\u00f3n Ling\u00fc\u00edstica en el Extranjero - Humanit.as Learning Experiences","robots":{"index":"index","follow":"follow","max-snippet":"max-snippet:-1","max-image-preview":"max-image-preview:large","max-video-preview":"max-video-preview:-1"},"canonical":"https:\/\/humanit.as\/experiences\/extranjero\/","og_locale":"es_ES","og_type":"article","og_title":"Inmersi\u00f3n Ling\u00fc\u00edstica en el Extranjero - Humanit.as Learning Experiences","og_description":"&nbsp; Tras m\u00e1s de una d\u00e9cada gestionando cursos en el extranjero, estamos orgullosos de poder ofrecer una excelente selecci\u00f3n de programas de verano y a\u00f1os escolares de la m\u00e1s alta calidad. &nbsp; Pincha en los enlaces arriba para m\u00e1s informaci\u00f3n sobre nuestros programas de inmersi\u00f3n en el extranjero, o en el bot\u00f3n a continuaci\u00f3n para [&hellip;]","og_url":"https:\/\/humanit.as\/experiences\/extranjero\/","og_site_name":"Humanit.as Learning Experiences","article_modified_time":"2020-06-09T15:54:18+00:00","twitter_card":"summary_large_image","twitter_misc":{"Tiempo de lectura":"3 minutos"},"schema":{"@context":"https:\/\/schema.org","@graph":[{"@type":"WebPage","@id":"https:\/\/humanit.as\/experiences\/extranjero\/","url":"https:\/\/humanit.as\/experiences\/extranjero\/","name":"Inmersi\u00f3n Ling\u00fc\u00edstica en el Extranjero - Humanit.as Learning Experiences","isPartOf":{"@id":"https:\/\/humanit.as\/experiences\/#website"},"datePublished":"2018-11-27T10:53:48+00:00","dateModified":"2020-06-09T15:54:18+00:00","breadcrumb":{"@id":"https:\/\/humanit.as\/experiences\/extranjero\/#breadcrumb"},"inLanguage":"es","potentialAction":[{"@type":"ReadAction","target":["https:\/\/humanit.as\/experiences\/extranjero\/"]}]},{"@type":"BreadcrumbList","@id":"https:\/\/humanit.as\/experiences\/extranjero\/#breadcrumb","itemListElement":[{"@type":"ListItem","position":1,"name":"Inicio","item":"https:\/\/humanit.as\/experiences\/"},{"@type":"ListItem","position":2,"name":"Inmersi\u00f3n Ling\u00fc\u00edstica en el Extranjero"}]},{"@type":"WebSite","@id":"https:\/\/humanit.as\/experiences\/#website","url":"https:\/\/humanit.as\/experiences\/","name":"Humanit.as Learning Experiences","description":"Experiencias para Aprender y Crecer","publisher":{"@id":"https:\/\/humanit.as\/experiences\/#organization"},"potentialAction":[{"@type":"SearchAction","target":{"@type":"EntryPoint","urlTemplate":"https:\/\/humanit.as\/experiences\/?s={search_term_string}"},"query-input":"required name=search_term_string"}],"inLanguage":"es"},{"@type":"Organization","@id":"https:\/\/humanit.as\/experiences\/#organization","name":"Humanit.as","url":"https:\/\/humanit.as\/experiences\/","logo":{"@type":"ImageObject","inLanguage":"es","@id":"https:\/\/humanit.as\/experiences\/#\/schema\/logo\/image\/","url":"http:\/\/s947857397.mialojamiento.es\/experiences\/wp-content\/uploads\/sites\/7\/2016\/02\/logotipo-humanitas-grande.jpg","contentUrl":"http:\/\/s947857397.mialojamiento.es\/experiences\/wp-content\/uploads\/sites\/7\/2016\/02\/logotipo-humanitas-grande.jpg","width":1800,"height":1800,"caption":"Humanit.as"},"image":{"@id":"https:\/\/humanit.as\/experiences\/#\/schema\/logo\/image\/"}}]}},"_links":{"self":[{"href":"https:\/\/humanit.as\/experiences\/wp-json\/wp\/v2\/pages\/1294","targetHints":{"allow":["GET"]}}],"collection":[{"href":"https:\/\/humanit.as\/experiences\/wp-json\/wp\/v2\/pages"}],"about":[{"href":"https:\/\/humanit.as\/experiences\/wp-json\/wp\/v2\/types\/page"}],"author":[{"embeddable":true,"href":"https:\/\/humanit.as\/experiences\/wp-json\/wp\/v2\/users\/1"}],"replies":[{"embeddable":true,"href":"https:\/\/humanit.as\/experiences\/wp-json\/wp\/v2\/comments?post=1294"}],"version-history":[{"count":1,"href":"https:\/\/humanit.as\/experiences\/wp-json\/wp\/v2\/pages\/1294\/revisions"}],"predecessor-version":[{"id":1960,"href":"https:\/\/humanit.as\/experiences\/wp-json\/wp\/v2\/pages\/1294\/revisions\/1960"}],"wp:attachment":[{"href":"https:\/\/humanit.as\/experiences\/wp-json\/wp\/v2\/media?parent=1294"}],"wp:term":[{"taxonomy":"post_tag","embeddable":true,"href":"https:\/\/humanit.as\/experiences\/wp-json\/wp\/v2\/tags?post=1294"}],"curies":[{"name":"wp","href":"https:\/\/api.w.org\/{rel}","templated":true}]}}