{"id":1288,"date":"2018-11-27T10:42:49","date_gmt":"2018-11-27T10:42:49","guid":{"rendered":"https:\/\/humanit.as\/experiences\/?page_id=1288"},"modified":"2020-06-09T15:51:24","modified_gmt":"2020-06-09T15:51:24","slug":"fin-de-semana","status":"publish","type":"page","link":"https:\/\/humanit.as\/experiences\/espana\/fin-de-semana\/","title":{"rendered":"Fin de Semana"},"content":{"rendered":"\n[et_pb_section fb_built=\u00bb1&#8243; fullwidth=\u00bbon\u00bb _builder_version=\u00bb3.17.6&#8243;][et_pb_fullwidth_header title=\u00bbInmersi\u00f3n Ling\u00fc\u00edstica Fines de Semana\u00bb subhead=\u00bbUn fin de semana diferente; divertido, emocionante, memorable.\u00bb background_overlay_color=\u00bbrgba(0,133,145,0.6)\u00bb _builder_version=\u00bb3.17.6&#8243; title_font=\u00bb||||||||\u00bb title_text_align=\u00bbcenter\u00bb title_font_size=\u00bb45px\u00bb title_text_shadow_style=\u00bbpreset5&#8243; subhead_font=\u00bb||||||||\u00bb subhead_text_align=\u00bbcenter\u00bb subhead_font_size=\u00bb30px\u00bb background_image=\u00bbhttps:\/\/humanit.as\/experiences\/wp-content\/uploads\/sites\/7\/2018\/11\/african-african-american-american-arms-around-asian-back-1452987-pxhere.com_.jpg\u00bb parallax=\u00bbon\u00bb text_shadow_style=\u00bbpreset5&#8243;][\/et_pb_fullwidth_header][\/et_pb_section][et_pb_section fb_built=\u00bb1&#8243; _builder_version=\u00bb3.17.6&#8243; custom_padding=\u00bb14px|0px|17px|0px|false|false\u00bb][et_pb_row custom_padding=\u00bb0|0px|0|0px|false|false\u00bb _builder_version=\u00bb3.17.6&#8243;][et_pb_column type=\u00bb1_2&#8243; _builder_version=\u00bb3.17.6&#8243; parallax=\u00bboff\u00bb parallax_method=\u00bbon\u00bb][et_pb_button button_url=\u00bbhttps:\/\/humanit.as\/experiences\/espana\/a-medida\u00bb button_text=\u00bbExperiencias de Fin de Semana A Medida\u00bb button_alignment=\u00bbcenter\u00bb _builder_version=\u00bb3.17.6&#8243; custom_button=\u00bbon\u00bb button_text_size=\u00bb35px\u00bb button_text_color=\u00bb#ffffff\u00bb button_bg_color=\u00bb#e02b20&#8243; button_bg_use_color_gradient=\u00bbon\u00bb button_bg_color_gradient_start=\u00bb#7f4d0b\u00bb button_bg_color_gradient_end=\u00bb#00665f\u00bb button_bg_color_gradient_direction=\u00bb162deg\u00bb button_border_width=\u00bb5px\u00bb button_border_color=\u00bb#e0e0e0&#8243; button_border_radius=\u00bb18px\u00bb button_font=\u00bb||||||||\u00bb button_icon=\u00bb%%40%%\u00bb button_icon_color=\u00bbrgba(0,0,0,0.73)\u00bb button_text_shadow_style=\u00bbpreset5&#8243; background_layout=\u00bbdark\u00bb animation_style=\u00bbslide\u00bb animation_duration=\u00bb2000ms\u00bb][\/et_pb_button][\/et_pb_column][et_pb_column type=\u00bb1_2&#8243; _builder_version=\u00bb3.17.6&#8243; parallax=\u00bboff\u00bb parallax_method=\u00bbon\u00bb][et_pb_button button_url=\u00bbhttps:\/\/humanit.as\/experiences\/espana\/fin-de-semana\/natural-english-weekend-experience\/\u00bb button_text=\u00bbFines de Semana de Ingl\u00e9s Profesional\u00bb button_alignment=\u00bbcenter\u00bb _builder_version=\u00bb3.17.6&#8243; custom_button=\u00bbon\u00bb button_text_size=\u00bb35px\u00bb button_text_color=\u00bb#ffffff\u00bb button_bg_color=\u00bb#e02b20&#8243; button_bg_use_color_gradient=\u00bbon\u00bb button_bg_color_gradient_start=\u00bb#00776d\u00bb button_bg_color_gradient_end=\u00bb#563200&#8243; button_bg_color_gradient_direction=\u00bb162deg\u00bb button_border_width=\u00bb5px\u00bb button_border_color=\u00bb#e0e0e0&#8243; button_border_radius=\u00bb18px\u00bb button_font=\u00bb||||||||\u00bb button_icon=\u00bb%%40%%\u00bb button_icon_color=\u00bbrgba(255,255,255,0.79)\u00bb button_text_shadow_style=\u00bbpreset5&#8243; background_layout=\u00bbdark\u00bb animation_style=\u00bbslide\u00bb animation_duration=\u00bb2000ms\u00bb][\/et_pb_button][\/et_pb_column][\/et_pb_row][et_pb_row custom_padding=\u00bb0|0px|0|0px|false|false\u00bb _builder_version=\u00bb3.17.6&#8243;][et_pb_column type=\u00bb1_2&#8243; _builder_version=\u00bb3.17.6&#8243; parallax=\u00bboff\u00bb parallax_method=\u00bbon\u00bb][et_pb_button button_url=\u00bbhttps:\/\/humanit.as\/experiences\/espana\/fin-de-semana\/natural-english-weekend-experience\/\u00bb button_text=\u00bbFines de Semana para Toda la Familia\u00bb button_alignment=\u00bbcenter\u00bb _builder_version=\u00bb3.17.6&#8243; custom_button=\u00bbon\u00bb button_text_size=\u00bb35px\u00bb button_text_color=\u00bb#ffffff\u00bb button_bg_color=\u00bb#e02b20&#8243; button_bg_use_color_gradient=\u00bbon\u00bb button_bg_color_gradient_start=\u00bb#00665a\u00bb button_bg_color_gradient_end=\u00bb#493800&#8243; button_bg_color_gradient_direction=\u00bb162deg\u00bb button_border_width=\u00bb5px\u00bb button_border_color=\u00bb#e0e0e0&#8243; button_border_radius=\u00bb18px\u00bb button_font=\u00bb||||||||\u00bb button_icon=\u00bb%%40%%\u00bb button_icon_color=\u00bbrgba(0,0,0,0.73)\u00bb button_text_shadow_style=\u00bbpreset5&#8243; background_layout=\u00bbdark\u00bb animation_style=\u00bbslide\u00bb animation_duration=\u00bb2000ms\u00bb][\/et_pb_button][\/et_pb_column][et_pb_column type=\u00bb1_2&#8243; _builder_version=\u00bb3.17.6&#8243; parallax=\u00bboff\u00bb parallax_method=\u00bbon\u00bb][et_pb_button button_url=\u00bbhttps:\/\/humanit.as\/experiences\/espana\/a-medida\/\u00bb button_text=\u00bbFines de Semana para Colegios o Colectivas\u00bb button_alignment=\u00bbcenter\u00bb _builder_version=\u00bb3.17.6&#8243; custom_button=\u00bbon\u00bb button_text_size=\u00bb35px\u00bb button_text_color=\u00bb#ffffff\u00bb button_bg_color=\u00bb#e02b20&#8243; button_bg_use_color_gradient=\u00bbon\u00bb button_bg_color_gradient_start=\u00bb#544a00&#8243; button_bg_color_gradient_end=\u00bb#00525b\u00bb button_bg_color_gradient_direction=\u00bb162deg\u00bb button_border_width=\u00bb5px\u00bb button_border_color=\u00bb#e0e0e0&#8243; button_border_radius=\u00bb18px\u00bb button_font=\u00bb||||||||\u00bb button_icon=\u00bb%%40%%\u00bb button_icon_color=\u00bbrgba(255,255,255,0.79)\u00bb button_text_shadow_style=\u00bbpreset5&#8243; background_layout=\u00bbdark\u00bb animation_style=\u00bbslide\u00bb animation_duration=\u00bb2000ms\u00bb][\/et_pb_button][\/et_pb_column][\/et_pb_row][\/et_pb_section][et_pb_section fb_built=\u00bb1&#8243; fullwidth=\u00bbon\u00bb _builder_version=\u00bb3.17.6&#8243;][et_pb_fullwidth_header title=\u00bbWhat are you doing this weekend?\u00bb subhead=\u00bbUna manera s\u00faper divertida de pasar un fin de semana&#8230; \u00a1y encima aprender\u00e1s m\u00e1s de lo que te puedes imaginar!\u00bb text_orientation=\u00bbcenter\u00bb button_one_url=\u00bbhumanit.as\/experiences\/contacto\u00bb _builder_version=\u00bb3.17.6&#8243; title_font=\u00bb|600||on|||||\u00bb title_font_size=\u00bb33px\u00bb content_font=\u00bb||||||||\u00bb content_font_size=\u00bb17px\u00bb content_line_height=\u00bb1.6em\u00bb subhead_font=\u00bb|700|||||||\u00bb subhead_font_size=\u00bb28px\u00bb subhead_line_height=\u00bb1.1em\u00bb background_layout=\u00bblight\u00bb locked=\u00bboff\u00bb background_color=\u00bb#e6fc9f\u00bb][\/et_pb_fullwidth_header][et_pb_fullwidth_header title=\u00bbAlgunas ventajas de un fin de semana de inmersi\u00f3n en ingl\u00e9s con Humanit.as\u00bb button_one_text=\u00bbContacto\u00bb _builder_version=\u00bb3.17.6&#8243; content_font=\u00bb||||||||\u00bb content_font_size=\u00bb22px\u00bb background_color=\u00bb#006be5&#8243; button_one_url=\u00bbhumanit.as\/experiences\/contacto\u00bb]<p>&nbsp;<\/p>\n<p>En nuestras experiencias:<\/p>\n<p>&nbsp;<\/p>\n<ul>\n<li>16 horas al d\u00eda hablando ingl\u00e9s, garantizado. Si duermes menos de 8 horas, m\u00e1s.<\/li>\n<li>Profesores de verdad que te contestar\u00e1n a cualquier duda en el momento.<\/li>\n<li>Organizamos nuestras experiencias de fin de semana en Espa\u00f1a, principalmente a poca distancia de Madrid, para que se puedan aprovechar al m\u00e1ximo. <\/li>\n<li>Posibilidad de crear experiencias a medida para colectivas, familias, empresas, etc. <\/li>\n<li>Metodolog\u00edas comunicativas y din\u00e1micas que te har\u00e1n soltarse s\u00ed o s\u00ed. <\/li>\n<\/ul>\n<p>Pincha en los enlaces arriba para m\u00e1s informaci\u00f3n sobre nuestros programas de inmersi\u00f3n de fin de semana, o en el bot\u00f3n a continuaci\u00f3n para hacernos cualquier consulta:<\/p>[\/et_pb_fullwidth_header][\/et_pb_section]\n","protected":false},"excerpt":{"rendered":"<p>&nbsp; En nuestras experiencias: &nbsp; 16 horas al d\u00eda hablando ingl\u00e9s, garantizado. Si duermes menos de 8 horas, m\u00e1s. Profesores de verdad que te contestar\u00e1n a cualquier duda en el momento. Organizamos nuestras experiencias de fin de semana en Espa\u00f1a, principalmente a poca distancia de Madrid, para que se puedan aprovechar al m\u00e1ximo. Posibilidad de [&hellip;]<\/p>\n","protected":false},"author":1,"featured_media":0,"parent":1270,"menu_order":0,"comment_status":"closed","ping_status":"closed","template":"","meta":{"_et_pb_use_builder":"on","_et_pb_old_content":"","_et_gb_content_width":"","footnotes":""},"tags":[116,123,121,118,125,117,124,114,113,120,119,112,111,115,122],"class_list":["post-1288","page","type-page","status-publish","hentry","tag-aprender-ingles-con-profesores-nativos-en-espana","tag-aprender-ingles-con-profesores-nativos-en-espana-fin-de-semana","tag-experiencias-de-fin-de-semana-de-inmersion-linguistica-espana","tag-experiencias-de-inmersion-linguistica-con-profesores-nativos-en-espana","tag-experiencias-de-inmersion-linguistica-con-profesores-nativos-en-espana-fin-de-semana","tag-experiencias-de-inmersion-linguistica-en-espana","tag-experiencias-de-inmersion-linguistica-en-espana-fin-de-semana","tag-experiencias-de-inmersion-linguistica-en-ingles-espana","tag-experiencias-de-inmersion-linguistica-espana","tag-fin-de-semana-de-inmersion-linguistica-en-ingles-en-espana","tag-fines-de-espana-de-inmersion-linguistica-espana","tag-inmersion-linguistica-en-ingles-en-espana","tag-inmersion-linguistica-espana","tag-la-mejor-manera-de-aprender-ingles-en-espana","tag-la-mejor-manera-de-aprender-ingles-en-espana-en-fin-de-semana"],"yoast_head":"<!-- This site is optimized with the Yoast SEO plugin v22.0 - https:\/\/yoast.com\/wordpress\/plugins\/seo\/ -->\n<title>Fin de Semana - Humanit.as Learning Experiences<\/title>\n<meta name=\"robots\" content=\"index, follow, max-snippet:-1, max-image-preview:large, max-video-preview:-1\" \/>\n<link rel=\"canonical\" href=\"https:\/\/humanit.as\/experiences\/espana\/fin-de-semana\/\" \/>\n<meta property=\"og:locale\" content=\"es_ES\" \/>\n<meta property=\"og:type\" content=\"article\" \/>\n<meta property=\"og:title\" content=\"Fin de Semana - Humanit.as Learning Experiences\" \/>\n<meta property=\"og:description\" content=\"&nbsp; En nuestras experiencias: &nbsp; 16 horas al d\u00eda hablando ingl\u00e9s, garantizado. Si duermes menos de 8 horas, m\u00e1s. Profesores de verdad que te contestar\u00e1n a cualquier duda en el momento. Organizamos nuestras experiencias de fin de semana en Espa\u00f1a, principalmente a poca distancia de Madrid, para que se puedan aprovechar al m\u00e1ximo. Posibilidad de [&hellip;]\" \/>\n<meta property=\"og:url\" content=\"https:\/\/humanit.as\/experiences\/espana\/fin-de-semana\/\" \/>\n<meta property=\"og:site_name\" content=\"Humanit.as Learning Experiences\" \/>\n<meta property=\"article:modified_time\" content=\"2020-06-09T15:51:24+00:00\" \/>\n<meta name=\"twitter:card\" content=\"summary_large_image\" \/>\n<meta name=\"twitter:label1\" content=\"Tiempo de lectura\" \/>\n\t<meta name=\"twitter:data1\" content=\"4 minutos\" \/>\n<script type=\"application\/ld+json\" class=\"yoast-schema-graph\">{\"@context\":\"https:\/\/schema.org\",\"@graph\":[{\"@type\":\"WebPage\",\"@id\":\"https:\/\/humanit.as\/experiences\/espana\/fin-de-semana\/\",\"url\":\"https:\/\/humanit.as\/experiences\/espana\/fin-de-semana\/\",\"name\":\"Fin de Semana - Humanit.as Learning Experiences\",\"isPartOf\":{\"@id\":\"https:\/\/humanit.as\/experiences\/#website\"},\"datePublished\":\"2018-11-27T10:42:49+00:00\",\"dateModified\":\"2020-06-09T15:51:24+00:00\",\"breadcrumb\":{\"@id\":\"https:\/\/humanit.as\/experiences\/espana\/fin-de-semana\/#breadcrumb\"},\"inLanguage\":\"es\",\"potentialAction\":[{\"@type\":\"ReadAction\",\"target\":[\"https:\/\/humanit.as\/experiences\/espana\/fin-de-semana\/\"]}]},{\"@type\":\"BreadcrumbList\",\"@id\":\"https:\/\/humanit.as\/experiences\/espana\/fin-de-semana\/#breadcrumb\",\"itemListElement\":[{\"@type\":\"ListItem\",\"position\":1,\"name\":\"Inicio\",\"item\":\"https:\/\/humanit.as\/experiences\/\"},{\"@type\":\"ListItem\",\"position\":2,\"name\":\"Espa\u00f1a\",\"item\":\"https:\/\/humanit.as\/experiences\/espana\/\"},{\"@type\":\"ListItem\",\"position\":3,\"name\":\"Fin de Semana\"}]},{\"@type\":\"WebSite\",\"@id\":\"https:\/\/humanit.as\/experiences\/#website\",\"url\":\"https:\/\/humanit.as\/experiences\/\",\"name\":\"Humanit.as Learning Experiences\",\"description\":\"Experiencias para Aprender y Crecer\",\"publisher\":{\"@id\":\"https:\/\/humanit.as\/experiences\/#organization\"},\"potentialAction\":[{\"@type\":\"SearchAction\",\"target\":{\"@type\":\"EntryPoint\",\"urlTemplate\":\"https:\/\/humanit.as\/experiences\/?s={search_term_string}\"},\"query-input\":\"required name=search_term_string\"}],\"inLanguage\":\"es\"},{\"@type\":\"Organization\",\"@id\":\"https:\/\/humanit.as\/experiences\/#organization\",\"name\":\"Humanit.as\",\"url\":\"https:\/\/humanit.as\/experiences\/\",\"logo\":{\"@type\":\"ImageObject\",\"inLanguage\":\"es\",\"@id\":\"https:\/\/humanit.as\/experiences\/#\/schema\/logo\/image\/\",\"url\":\"http:\/\/s947857397.mialojamiento.es\/experiences\/wp-content\/uploads\/sites\/7\/2016\/02\/logotipo-humanitas-grande.jpg\",\"contentUrl\":\"http:\/\/s947857397.mialojamiento.es\/experiences\/wp-content\/uploads\/sites\/7\/2016\/02\/logotipo-humanitas-grande.jpg\",\"width\":1800,\"height\":1800,\"caption\":\"Humanit.as\"},\"image\":{\"@id\":\"https:\/\/humanit.as\/experiences\/#\/schema\/logo\/image\/\"}}]}<\/script>\n<!-- \/ Yoast SEO plugin. -->","yoast_head_json":{"title":"Fin de Semana - Humanit.as Learning Experiences","robots":{"index":"index","follow":"follow","max-snippet":"max-snippet:-1","max-image-preview":"max-image-preview:large","max-video-preview":"max-video-preview:-1"},"canonical":"https:\/\/humanit.as\/experiences\/espana\/fin-de-semana\/","og_locale":"es_ES","og_type":"article","og_title":"Fin de Semana - Humanit.as Learning Experiences","og_description":"&nbsp; En nuestras experiencias: &nbsp; 16 horas al d\u00eda hablando ingl\u00e9s, garantizado. Si duermes menos de 8 horas, m\u00e1s. Profesores de verdad que te contestar\u00e1n a cualquier duda en el momento. Organizamos nuestras experiencias de fin de semana en Espa\u00f1a, principalmente a poca distancia de Madrid, para que se puedan aprovechar al m\u00e1ximo. Posibilidad de [&hellip;]","og_url":"https:\/\/humanit.as\/experiences\/espana\/fin-de-semana\/","og_site_name":"Humanit.as Learning Experiences","article_modified_time":"2020-06-09T15:51:24+00:00","twitter_card":"summary_large_image","twitter_misc":{"Tiempo de lectura":"4 minutos"},"schema":{"@context":"https:\/\/schema.org","@graph":[{"@type":"WebPage","@id":"https:\/\/humanit.as\/experiences\/espana\/fin-de-semana\/","url":"https:\/\/humanit.as\/experiences\/espana\/fin-de-semana\/","name":"Fin de Semana - Humanit.as Learning Experiences","isPartOf":{"@id":"https:\/\/humanit.as\/experiences\/#website"},"datePublished":"2018-11-27T10:42:49+00:00","dateModified":"2020-06-09T15:51:24+00:00","breadcrumb":{"@id":"https:\/\/humanit.as\/experiences\/espana\/fin-de-semana\/#breadcrumb"},"inLanguage":"es","potentialAction":[{"@type":"ReadAction","target":["https:\/\/humanit.as\/experiences\/espana\/fin-de-semana\/"]}]},{"@type":"BreadcrumbList","@id":"https:\/\/humanit.as\/experiences\/espana\/fin-de-semana\/#breadcrumb","itemListElement":[{"@type":"ListItem","position":1,"name":"Inicio","item":"https:\/\/humanit.as\/experiences\/"},{"@type":"ListItem","position":2,"name":"Espa\u00f1a","item":"https:\/\/humanit.as\/experiences\/espana\/"},{"@type":"ListItem","position":3,"name":"Fin de Semana"}]},{"@type":"WebSite","@id":"https:\/\/humanit.as\/experiences\/#website","url":"https:\/\/humanit.as\/experiences\/","name":"Humanit.as Learning Experiences","description":"Experiencias para Aprender y Crecer","publisher":{"@id":"https:\/\/humanit.as\/experiences\/#organization"},"potentialAction":[{"@type":"SearchAction","target":{"@type":"EntryPoint","urlTemplate":"https:\/\/humanit.as\/experiences\/?s={search_term_string}"},"query-input":"required name=search_term_string"}],"inLanguage":"es"},{"@type":"Organization","@id":"https:\/\/humanit.as\/experiences\/#organization","name":"Humanit.as","url":"https:\/\/humanit.as\/experiences\/","logo":{"@type":"ImageObject","inLanguage":"es","@id":"https:\/\/humanit.as\/experiences\/#\/schema\/logo\/image\/","url":"http:\/\/s947857397.mialojamiento.es\/experiences\/wp-content\/uploads\/sites\/7\/2016\/02\/logotipo-humanitas-grande.jpg","contentUrl":"http:\/\/s947857397.mialojamiento.es\/experiences\/wp-content\/uploads\/sites\/7\/2016\/02\/logotipo-humanitas-grande.jpg","width":1800,"height":1800,"caption":"Humanit.as"},"image":{"@id":"https:\/\/humanit.as\/experiences\/#\/schema\/logo\/image\/"}}]}},"_links":{"self":[{"href":"https:\/\/humanit.as\/experiences\/wp-json\/wp\/v2\/pages\/1288","targetHints":{"allow":["GET"]}}],"collection":[{"href":"https:\/\/humanit.as\/experiences\/wp-json\/wp\/v2\/pages"}],"about":[{"href":"https:\/\/humanit.as\/experiences\/wp-json\/wp\/v2\/types\/page"}],"author":[{"embeddable":true,"href":"https:\/\/humanit.as\/experiences\/wp-json\/wp\/v2\/users\/1"}],"replies":[{"embeddable":true,"href":"https:\/\/humanit.as\/experiences\/wp-json\/wp\/v2\/comments?post=1288"}],"version-history":[{"count":1,"href":"https:\/\/humanit.as\/experiences\/wp-json\/wp\/v2\/pages\/1288\/revisions"}],"predecessor-version":[{"id":1957,"href":"https:\/\/humanit.as\/experiences\/wp-json\/wp\/v2\/pages\/1288\/revisions\/1957"}],"up":[{"embeddable":true,"href":"https:\/\/humanit.as\/experiences\/wp-json\/wp\/v2\/pages\/1270"}],"wp:attachment":[{"href":"https:\/\/humanit.as\/experiences\/wp-json\/wp\/v2\/media?parent=1288"}],"wp:term":[{"taxonomy":"post_tag","embeddable":true,"href":"https:\/\/humanit.as\/experiences\/wp-json\/wp\/v2\/tags?post=1288"}],"curies":[{"name":"wp","href":"https:\/\/api.w.org\/{rel}","templated":true}]}}