{"id":1270,"date":"2018-11-25T10:26:06","date_gmt":"2018-11-25T10:26:06","guid":{"rendered":"https:\/\/humanit.as\/experiences\/?page_id=1270"},"modified":"2020-06-09T15:48:37","modified_gmt":"2020-06-09T15:48:37","slug":"espana","status":"publish","type":"page","link":"https:\/\/humanit.as\/experiences\/espana\/","title":{"rendered":"Espa\u00f1a"},"content":{"rendered":"\n[et_pb_section fb_built=\u00bb1&#8243; fullwidth=\u00bbon\u00bb _builder_version=\u00bb3.17.6&#8243;][et_pb_fullwidth_header title=\u00bbInmersi\u00f3n Ling\u00fc\u00edstica en Espa\u00f1a\u00bb subhead=\u00bbInmersi\u00f3n total en ingl\u00e9s sin salir de Espa\u00f1a \u00bb background_overlay_color=\u00bbrgba(12,108,211,0.33)\u00bb _builder_version=\u00bb3.17.6&#8243; title_font=\u00bb||||||||\u00bb title_text_align=\u00bbcenter\u00bb title_font_size=\u00bb45px\u00bb title_text_shadow_style=\u00bbpreset5&#8243; subhead_font=\u00bb||||||||\u00bb subhead_text_align=\u00bbcenter\u00bb subhead_font_size=\u00bb30px\u00bb background_image=\u00bbhttps:\/\/humanit.as\/experiences\/wp-content\/uploads\/sites\/7\/2018\/12\/beach-sea-coast-water-sand-ocean-1418329-pxhere.com_.jpg\u00bb parallax=\u00bbon\u00bb text_shadow_style=\u00bbpreset5&#8243;][\/et_pb_fullwidth_header][\/et_pb_section][et_pb_section fb_built=\u00bb1&#8243; _builder_version=\u00bb3.17.6&#8243; custom_padding=\u00bb11px|0px|0|0px|false|false\u00bb][et_pb_row custom_padding=\u00bb0|0px|0|0px|false|false\u00bb _builder_version=\u00bb3.17.6&#8243;][et_pb_column type=\u00bb1_2&#8243; _builder_version=\u00bb3.17.6&#8243; parallax=\u00bboff\u00bb parallax_method=\u00bbon\u00bb][et_pb_button button_url=\u00bbhttps:\/\/humanit.as\/experiences\/espana\/verano\/\u00bb button_text=\u00bbInmersi\u00f3n Ling\u00fc\u00edstica en Verano\u00bb button_alignment=\u00bbcenter\u00bb _builder_version=\u00bb3.17.6&#8243; custom_button=\u00bbon\u00bb button_text_size=\u00bb35px\u00bb button_text_color=\u00bb#ffffff\u00bb button_bg_color=\u00bb#e02b20&#8243; button_bg_use_color_gradient=\u00bbon\u00bb button_bg_color_gradient_start=\u00bb#007287&#8243; button_bg_color_gradient_end=\u00bb#001070&#8243; button_bg_color_gradient_direction=\u00bb162deg\u00bb button_bg_color_gradient_end_position=\u00bb91%\u00bb button_border_width=\u00bb5px\u00bb button_border_color=\u00bb#e0e0e0&#8243; button_border_radius=\u00bb18px\u00bb button_font=\u00bb||||||||\u00bb button_icon=\u00bb%%40%%\u00bb button_icon_color=\u00bbrgba(255,255,255,0.79)\u00bb button_text_shadow_style=\u00bbpreset5&#8243; background_layout=\u00bbdark\u00bb animation_style=\u00bbslide\u00bb animation_duration=\u00bb2000ms\u00bb][\/et_pb_button][\/et_pb_column][et_pb_column type=\u00bb1_2&#8243; _builder_version=\u00bb3.17.6&#8243; parallax=\u00bboff\u00bb parallax_method=\u00bbon\u00bb][et_pb_button button_url=\u00bbhttps:\/\/humanit.as\/experiences\/espana\/fin-de-semana\/\u00bb button_text=\u00bbInmersi\u00f3n Ling\u00fc\u00edstica Fines de Semana\u00bb button_alignment=\u00bbcenter\u00bb _builder_version=\u00bb3.17.6&#8243; custom_button=\u00bbon\u00bb button_text_size=\u00bb35px\u00bb button_text_color=\u00bb#ffffff\u00bb button_bg_color=\u00bb#e02b20&#8243; button_bg_use_color_gradient=\u00bbon\u00bb button_bg_color_gradient_start=\u00bb#000c60&#8243; button_bg_color_gradient_end=\u00bb#008b9e\u00bb button_bg_color_gradient_direction=\u00bb162deg\u00bb button_border_width=\u00bb5px\u00bb button_border_color=\u00bb#e0e0e0&#8243; button_border_radius=\u00bb18px\u00bb button_font=\u00bb||||||||\u00bb button_icon=\u00bb%%40%%\u00bb button_icon_color=\u00bbrgba(255,255,255,0.79)\u00bb button_text_shadow_style=\u00bbpreset5&#8243; background_layout=\u00bbdark\u00bb animation_style=\u00bbslide\u00bb animation_duration=\u00bb2000ms\u00bb][\/et_pb_button][\/et_pb_column][\/et_pb_row][et_pb_row _builder_version=\u00bb3.17.6&#8243; custom_padding=\u00bb11px|0px|24.8125px|0px|false|false\u00bb][et_pb_column type=\u00bb1_5&#8243; _builder_version=\u00bb3.17.6&#8243; parallax=\u00bboff\u00bb parallax_method=\u00bbon\u00bb][\/et_pb_column][et_pb_column type=\u00bb3_5&#8243; _builder_version=\u00bb3.17.6&#8243; parallax=\u00bboff\u00bb parallax_method=\u00bbon\u00bb][et_pb_button button_url=\u00bbhttps:\/\/humanit.as\/experiences\/espana\/a-medida\/\u00bb button_text=\u00bbExperiencias de Inmersi\u00f3n A Medida para Colegios, Empresas, etc.\u00bb button_alignment=\u00bbcenter\u00bb _builder_version=\u00bb3.17.6&#8243; custom_button=\u00bbon\u00bb button_text_size=\u00bb35px\u00bb button_text_color=\u00bb#ffffff\u00bb button_bg_color=\u00bb#e02b20&#8243; button_bg_use_color_gradient=\u00bbon\u00bb button_bg_color_gradient_start=\u00bb#00145e\u00bb button_bg_color_gradient_end=\u00bb#0094a8&#8243; button_bg_color_gradient_direction=\u00bb162deg\u00bb button_bg_color_gradient_end_position=\u00bb51%\u00bb button_border_width=\u00bb5px\u00bb button_border_color=\u00bb#e0e0e0&#8243; button_border_radius=\u00bb18px\u00bb button_font=\u00bb||||||||\u00bb button_icon=\u00bb%%40%%\u00bb button_icon_color=\u00bbrgba(255,255,255,0.74)\u00bb button_text_shadow_style=\u00bbpreset5&#8243; background_layout=\u00bbdark\u00bb animation_style=\u00bbslide\u00bb animation_duration=\u00bb2000ms\u00bb][\/et_pb_button][\/et_pb_column][et_pb_column type=\u00bb1_5&#8243; _builder_version=\u00bb3.17.6&#8243; parallax=\u00bboff\u00bb parallax_method=\u00bbon\u00bb][\/et_pb_column][\/et_pb_row][\/et_pb_section][et_pb_section fb_built=\u00bb1&#8243; fullwidth=\u00bbon\u00bb _builder_version=\u00bb3.17.6&#8243;][et_pb_fullwidth_header text_orientation=\u00bbcenter\u00bb title_font_size=\u00bb33px\u00bb content_font_size=\u00bb17px\u00bb content_line_height=\u00bb1.6em\u00bb subhead_line_height=\u00bb1.1em\u00bb background_layout=\u00bblight\u00bb title=\u00bb\u00bfSe puede aprender ingl\u00e9s bien en Espa\u00f1a?\u00bb _builder_version=\u00bb3.17.6&#8243; subhead=\u00bbAunque pueda parecer contraintuitivo, incluso puede ser mejor que irse al extranjero. \u00bb locked=\u00bboff\u00bb button_one_url=\u00bbhumanit.as\/experiences\/contacto\u00bb title_font=\u00bb|600||on|||||\u00bb subhead_font=\u00bb|700|||||||\u00bb subhead_font_size=\u00bb28px\u00bb content_font=\u00bb||||||||\u00bb]<br \/>\n[\/et_pb_fullwidth_header][et_pb_fullwidth_header background_color=\u00bb#8300e9&#8243; content_font_size=\u00bb22px\u00bb title=\u00bbLas ventajas de la inmersi\u00f3n en ingl\u00e9s en Espa\u00f1a con Humanit.as\u00bb button_one_text=\u00bbContacto\u00bb _builder_version=\u00bb3.17.6&#8243; content_font=\u00bb||||||||\u00bb button_one_url=\u00bbhumanit.as\/experiences\/contacto\u00bb]<p>&nbsp;<\/p>\n<p>En nuestras experiencias:<\/p>\n<p>&nbsp;<\/p>\n<ul>\n<li>16 horas al d\u00eda hablando ingl\u00e9s, garantizado.<\/li>\n<li>Profesores de verdad que te contestar\u00e1n a cualquier duda en el momento.<\/li>\n<li>No tienes que coger un avi\u00f3n. <\/li>\n<li>Al tener menos tiempo de viaje, tienes m\u00e1s tiempo para mejorar tu ingl\u00e9s.<\/li>\n<li>Posibilidad de crear experiencias a medida, incluso para fines de semana. <\/li>\n<li>Si la experiencia es para un menor, la proximidad hace que los padres y el\/la joven se sienten m\u00e1s seguros. <\/li>\n<\/ul>\n<p>Pincha en los enlaces arriba para m\u00e1s informaci\u00f3n sobre nuestros programas de inmersi\u00f3n, o en el bot\u00f3n a continuaci\u00f3n para hacernos cualquier consulta:<\/p>[\/et_pb_fullwidth_header][\/et_pb_section]\n","protected":false},"excerpt":{"rendered":"<p>&nbsp; En nuestras experiencias: &nbsp; 16 horas al d\u00eda hablando ingl\u00e9s, garantizado. Profesores de verdad que te contestar\u00e1n a cualquier duda en el momento. No tienes que coger un avi\u00f3n. Al tener menos tiempo de viaje, tienes m\u00e1s tiempo para mejorar tu ingl\u00e9s. Posibilidad de crear experiencias a medida, incluso para fines de semana. Si [&hellip;]<\/p>\n","protected":false},"author":1,"featured_media":0,"parent":0,"menu_order":0,"comment_status":"closed","ping_status":"closed","template":"","meta":{"_et_pb_use_builder":"on","_et_pb_old_content":"","_et_gb_content_width":"","footnotes":""},"tags":[116,108,102,101,96,109,95,86,87,89,88,98,97,94,90,91,93,92,100,99,118,117,114,113,107,104,103,106,105,112,110,111,115],"class_list":["post-1270","page","type-page","status-publish","hentry","tag-aprender-ingles-con-profesores-nativos-en-espana","tag-camp-el-toril-sierra-de-gredos","tag-campamento-de-ingles-con-profesores-nativos-sierra-de-gredos-2019","tag-campamento-de-ingles-con-profesores-nativos-verano-2019","tag-campamento-de-ingles-en-sierra-de-gredos-verano-2019","tag-campamento-de-ingles-finca-el-toril-sierra-de-gredos","tag-campamento-de-ingles-humanit-as-verano-2019","tag-campamento-de-ingles-verano-2019","tag-campamento-de-inmersion-en-ingles-verano-2019","tag-campamento-de-inmersion-linguistica-en-ingles-verano-2019","tag-campamento-de-inmersion-linguistica-verano-2019","tag-campamento-exclusivo-de-inmersion-en-ingles-verano-2019","tag-campamento-exclusivo-en-ingles-verano-2019","tag-campamento-humanit-as-verano-2019","tag-el-mejor-campamento-de-ingles-verano-2019","tag-el-mejor-campamento-de-inmersion-en-ingles-verano-2019","tag-el-mejor-campamento-de-inmersion-linguistica-en-ingles-verano-2019","tag-el-mejor-campamento-de-inmersion-linguistica-verano-2019","tag-english-linguistic-immersion-camp-summer-2019","tag-english-summer-camp-2019","tag-experiencias-de-inmersion-linguistica-con-profesores-nativos-en-espana","tag-experiencias-de-inmersion-linguistica-en-espana","tag-experiencias-de-inmersion-linguistica-en-ingles-espana","tag-experiencias-de-inmersion-linguistica-espana","tag-finca-el-toril-sierra-de-gredos","tag-inmersion-linguistica-con-profesores-nativos-sierra-de-gredos-2019","tag-inmersion-linguistica-con-profesores-nativos-verano-2019","tag-inmersion-linguistica-en-ingles-con-profesores-nativos-sierra-de-gredos-2019","tag-inmersion-linguistica-en-ingles-con-profesores-nativos-verano-2019","tag-inmersion-linguistica-en-ingles-en-espana","tag-inmersion-linguistica-en-ingles-finca-el-toril-sierra-de-gredos","tag-inmersion-linguistica-espana","tag-la-mejor-manera-de-aprender-ingles-en-espana"],"yoast_head":"<!-- This site is optimized with the Yoast SEO plugin v22.0 - https:\/\/yoast.com\/wordpress\/plugins\/seo\/ -->\n<title>Espa\u00f1a - Humanit.as Learning Experiences<\/title>\n<meta name=\"robots\" content=\"index, follow, max-snippet:-1, max-image-preview:large, max-video-preview:-1\" \/>\n<link rel=\"canonical\" href=\"https:\/\/humanit.as\/experiences\/espana\/\" \/>\n<meta property=\"og:locale\" content=\"es_ES\" \/>\n<meta property=\"og:type\" content=\"article\" \/>\n<meta property=\"og:title\" content=\"Espa\u00f1a - Humanit.as Learning Experiences\" \/>\n<meta property=\"og:description\" content=\"&nbsp; En nuestras experiencias: &nbsp; 16 horas al d\u00eda hablando ingl\u00e9s, garantizado. Profesores de verdad que te contestar\u00e1n a cualquier duda en el momento. No tienes que coger un avi\u00f3n. Al tener menos tiempo de viaje, tienes m\u00e1s tiempo para mejorar tu ingl\u00e9s. Posibilidad de crear experiencias a medida, incluso para fines de semana. Si [&hellip;]\" \/>\n<meta property=\"og:url\" content=\"https:\/\/humanit.as\/experiences\/espana\/\" \/>\n<meta property=\"og:site_name\" content=\"Humanit.as Learning Experiences\" \/>\n<meta property=\"article:modified_time\" content=\"2020-06-09T15:48:37+00:00\" \/>\n<meta name=\"twitter:card\" content=\"summary_large_image\" \/>\n<meta name=\"twitter:label1\" content=\"Tiempo de lectura\" \/>\n\t<meta name=\"twitter:data1\" content=\"4 minutos\" \/>\n<script type=\"application\/ld+json\" class=\"yoast-schema-graph\">{\"@context\":\"https:\/\/schema.org\",\"@graph\":[{\"@type\":\"WebPage\",\"@id\":\"https:\/\/humanit.as\/experiences\/espana\/\",\"url\":\"https:\/\/humanit.as\/experiences\/espana\/\",\"name\":\"Espa\u00f1a - Humanit.as Learning Experiences\",\"isPartOf\":{\"@id\":\"https:\/\/humanit.as\/experiences\/#website\"},\"datePublished\":\"2018-11-25T10:26:06+00:00\",\"dateModified\":\"2020-06-09T15:48:37+00:00\",\"breadcrumb\":{\"@id\":\"https:\/\/humanit.as\/experiences\/espana\/#breadcrumb\"},\"inLanguage\":\"es\",\"potentialAction\":[{\"@type\":\"ReadAction\",\"target\":[\"https:\/\/humanit.as\/experiences\/espana\/\"]}]},{\"@type\":\"BreadcrumbList\",\"@id\":\"https:\/\/humanit.as\/experiences\/espana\/#breadcrumb\",\"itemListElement\":[{\"@type\":\"ListItem\",\"position\":1,\"name\":\"Inicio\",\"item\":\"https:\/\/humanit.as\/experiences\/\"},{\"@type\":\"ListItem\",\"position\":2,\"name\":\"Espa\u00f1a\"}]},{\"@type\":\"WebSite\",\"@id\":\"https:\/\/humanit.as\/experiences\/#website\",\"url\":\"https:\/\/humanit.as\/experiences\/\",\"name\":\"Humanit.as Learning Experiences\",\"description\":\"Experiencias para Aprender y Crecer\",\"publisher\":{\"@id\":\"https:\/\/humanit.as\/experiences\/#organization\"},\"potentialAction\":[{\"@type\":\"SearchAction\",\"target\":{\"@type\":\"EntryPoint\",\"urlTemplate\":\"https:\/\/humanit.as\/experiences\/?s={search_term_string}\"},\"query-input\":\"required name=search_term_string\"}],\"inLanguage\":\"es\"},{\"@type\":\"Organization\",\"@id\":\"https:\/\/humanit.as\/experiences\/#organization\",\"name\":\"Humanit.as\",\"url\":\"https:\/\/humanit.as\/experiences\/\",\"logo\":{\"@type\":\"ImageObject\",\"inLanguage\":\"es\",\"@id\":\"https:\/\/humanit.as\/experiences\/#\/schema\/logo\/image\/\",\"url\":\"http:\/\/s947857397.mialojamiento.es\/experiences\/wp-content\/uploads\/sites\/7\/2016\/02\/logotipo-humanitas-grande.jpg\",\"contentUrl\":\"http:\/\/s947857397.mialojamiento.es\/experiences\/wp-content\/uploads\/sites\/7\/2016\/02\/logotipo-humanitas-grande.jpg\",\"width\":1800,\"height\":1800,\"caption\":\"Humanit.as\"},\"image\":{\"@id\":\"https:\/\/humanit.as\/experiences\/#\/schema\/logo\/image\/\"}}]}<\/script>\n<!-- \/ Yoast SEO plugin. -->","yoast_head_json":{"title":"Espa\u00f1a - Humanit.as Learning Experiences","robots":{"index":"index","follow":"follow","max-snippet":"max-snippet:-1","max-image-preview":"max-image-preview:large","max-video-preview":"max-video-preview:-1"},"canonical":"https:\/\/humanit.as\/experiences\/espana\/","og_locale":"es_ES","og_type":"article","og_title":"Espa\u00f1a - Humanit.as Learning Experiences","og_description":"&nbsp; En nuestras experiencias: &nbsp; 16 horas al d\u00eda hablando ingl\u00e9s, garantizado. Profesores de verdad que te contestar\u00e1n a cualquier duda en el momento. No tienes que coger un avi\u00f3n. Al tener menos tiempo de viaje, tienes m\u00e1s tiempo para mejorar tu ingl\u00e9s. Posibilidad de crear experiencias a medida, incluso para fines de semana. Si [&hellip;]","og_url":"https:\/\/humanit.as\/experiences\/espana\/","og_site_name":"Humanit.as Learning Experiences","article_modified_time":"2020-06-09T15:48:37+00:00","twitter_card":"summary_large_image","twitter_misc":{"Tiempo de lectura":"4 minutos"},"schema":{"@context":"https:\/\/schema.org","@graph":[{"@type":"WebPage","@id":"https:\/\/humanit.as\/experiences\/espana\/","url":"https:\/\/humanit.as\/experiences\/espana\/","name":"Espa\u00f1a - Humanit.as Learning Experiences","isPartOf":{"@id":"https:\/\/humanit.as\/experiences\/#website"},"datePublished":"2018-11-25T10:26:06+00:00","dateModified":"2020-06-09T15:48:37+00:00","breadcrumb":{"@id":"https:\/\/humanit.as\/experiences\/espana\/#breadcrumb"},"inLanguage":"es","potentialAction":[{"@type":"ReadAction","target":["https:\/\/humanit.as\/experiences\/espana\/"]}]},{"@type":"BreadcrumbList","@id":"https:\/\/humanit.as\/experiences\/espana\/#breadcrumb","itemListElement":[{"@type":"ListItem","position":1,"name":"Inicio","item":"https:\/\/humanit.as\/experiences\/"},{"@type":"ListItem","position":2,"name":"Espa\u00f1a"}]},{"@type":"WebSite","@id":"https:\/\/humanit.as\/experiences\/#website","url":"https:\/\/humanit.as\/experiences\/","name":"Humanit.as Learning Experiences","description":"Experiencias para Aprender y Crecer","publisher":{"@id":"https:\/\/humanit.as\/experiences\/#organization"},"potentialAction":[{"@type":"SearchAction","target":{"@type":"EntryPoint","urlTemplate":"https:\/\/humanit.as\/experiences\/?s={search_term_string}"},"query-input":"required name=search_term_string"}],"inLanguage":"es"},{"@type":"Organization","@id":"https:\/\/humanit.as\/experiences\/#organization","name":"Humanit.as","url":"https:\/\/humanit.as\/experiences\/","logo":{"@type":"ImageObject","inLanguage":"es","@id":"https:\/\/humanit.as\/experiences\/#\/schema\/logo\/image\/","url":"http:\/\/s947857397.mialojamiento.es\/experiences\/wp-content\/uploads\/sites\/7\/2016\/02\/logotipo-humanitas-grande.jpg","contentUrl":"http:\/\/s947857397.mialojamiento.es\/experiences\/wp-content\/uploads\/sites\/7\/2016\/02\/logotipo-humanitas-grande.jpg","width":1800,"height":1800,"caption":"Humanit.as"},"image":{"@id":"https:\/\/humanit.as\/experiences\/#\/schema\/logo\/image\/"}}]}},"_links":{"self":[{"href":"https:\/\/humanit.as\/experiences\/wp-json\/wp\/v2\/pages\/1270","targetHints":{"allow":["GET"]}}],"collection":[{"href":"https:\/\/humanit.as\/experiences\/wp-json\/wp\/v2\/pages"}],"about":[{"href":"https:\/\/humanit.as\/experiences\/wp-json\/wp\/v2\/types\/page"}],"author":[{"embeddable":true,"href":"https:\/\/humanit.as\/experiences\/wp-json\/wp\/v2\/users\/1"}],"replies":[{"embeddable":true,"href":"https:\/\/humanit.as\/experiences\/wp-json\/wp\/v2\/comments?post=1270"}],"version-history":[{"count":1,"href":"https:\/\/humanit.as\/experiences\/wp-json\/wp\/v2\/pages\/1270\/revisions"}],"predecessor-version":[{"id":1955,"href":"https:\/\/humanit.as\/experiences\/wp-json\/wp\/v2\/pages\/1270\/revisions\/1955"}],"wp:attachment":[{"href":"https:\/\/humanit.as\/experiences\/wp-json\/wp\/v2\/media?parent=1270"}],"wp:term":[{"taxonomy":"post_tag","embeddable":true,"href":"https:\/\/humanit.as\/experiences\/wp-json\/wp\/v2\/tags?post=1270"}],"curies":[{"name":"wp","href":"https:\/\/api.w.org\/{rel}","templated":true}]}}