{"id":1219,"date":"2018-04-10T16:15:25","date_gmt":"2018-04-10T16:15:25","guid":{"rendered":"https:\/\/humanit.as\/experiences\/?page_id=1219"},"modified":"2018-04-12T11:24:32","modified_gmt":"2018-04-12T11:24:32","slug":"inmersion-linguistica-adultos-africa","status":"publish","type":"page","link":"https:\/\/humanit.as\/experiences\/adultos\/inmersion-linguistica-extranjero-adultos\/inmersion-linguistica-adultos-africa\/","title":{"rendered":"Inmersi\u00f3n Ling\u00fc\u00edstica para Adultos en \u00c1frica"},"content":{"rendered":"<p>[et_pb_section bb_built=\u00bb1&#8243; fullwidth=\u00bbon\u00bb _builder_version=\u00bb3.0.47&#8243;][et_pb_fullwidth_header title=\u00bbExperiencias de Inmersi\u00f3n Ling\u00fc\u00edstica para Adultos en \u00c1frica\u00bb subhead=\u00bb\u00bfTe imaginas aprender ingl\u00e9s a la vez que vivas una experiencia m\u00e1gica en el gran continente de \u00c1frica? A continuaci\u00f3n te presentamos nuestra oferta de inmersi\u00f3n en la cuna de la humanidad:\u00bb background_layout=\u00bbdark\u00bb text_orientation=\u00bbcenter\u00bb header_fullscreen=\u00bboff\u00bb header_scroll_down=\u00bbon\u00bb scroll_down_icon=\u00bb%%10%%\u00bb button_one_text=\u00bbContacto\u00bb button_one_url=\u00bbhumanit.as\/experiences\/contacto\u00bb background_overlay_color=\u00bbrgba(0,0,0,0.82)\u00bb _builder_version=\u00bb3.0.76&#8243; title_font=\u00bb|on|||\u00bb title_font_size=\u00bb40px\u00bb content_font=\u00bb|on|||\u00bb content_font_size=\u00bb20px\u00bb subhead_font=\u00bb|on|||\u00bb subhead_font_size=\u00bb25px\u00bb background_image=\u00bbhttps:\/\/humanit.as\/experiences\/wp-content\/uploads\/sites\/7\/2018\/04\/africa-map-photo02.jpg\u00bb parallax=\u00bbon\u00bb parallax_method=\u00bbon\u00bb image_orientation=\u00bbcenter\u00bb content_orientation=\u00bbcenter\u00bb custom_button_two=\u00bboff\u00bb button_two_letter_spacing=\u00bb0&#8243; button_two_icon_placement=\u00bbright\u00bb button_two_letter_spacing_hover=\u00bb0&#8243; custom_button_one=\u00bboff\u00bb button_one_letter_spacing=\u00bb0&#8243; button_one_icon_placement=\u00bbright\u00bb button_one_letter_spacing_hover=\u00bb0&#8243; \/][\/et_pb_section][et_pb_section bb_built=\u00bb1&#8243; _builder_version=\u00bb3.0.47&#8243;][et_pb_row _builder_version=\u00bb3.0.47&#8243; background_size=\u00bbinitial\u00bb background_position=\u00bbtop_left\u00bb background_repeat=\u00bbrepeat\u00bb _i=\u00bb0&#8243; _address=\u00bb1.0&#8243;][et_pb_column type=\u00bb4_4&#8243;][et_pb_text admin_label=\u00bbText\u00bb _builder_version=\u00bb3.0.76&#8243; background_layout=\u00bblight\u00bb text_font=\u00bbArimo||||\u00bb text_font_size=\u00bb30&#8243; text_orientation=\u00bbcenter\u00bb border_style=\u00bbsolid\u00bb module_alignment=\u00bbcenter\u00bb text_line_height=\u00bb2em\u00bb]<\/p>\n<p>No te preocupes&#8230; \u00a1El elefante en la imagen est\u00e1 bien! Ha sido sedado para ayudar a los trabajadores de conservaci\u00f3n realizar sus tareas de rastreo y monitorizaci\u00f3n de salud. Es solo un ejemplo del tipo de experiencia que podr\u00e1s vivir en Easter Cape Conservation Experience.<\/p>\n<p>[\/et_pb_text][et_pb_code admin_label=\u00bbEaster Cape Conservation Experience\u00bb _builder_version=\u00bb3.0.76&#8243;]&lt;iframe src=\u00bbhttps:\/\/drive.google.com\/file\/d\/10G0GKoEObUMHQg6TlSNMvcuDuUMh8Ho0\/preview\u00bb width=\u00bb100%\u00bb height=\u00bb480&#8243;&gt;&lt;\/iframe&gt;[\/et_pb_code][et_pb_text admin_label=\u00bbText\u00bb _builder_version=\u00bb3.0.76&#8243; background_layout=\u00bblight\u00bb text_font=\u00bbArimo||||\u00bb text_font_size=\u00bb30&#8243; text_orientation=\u00bbcenter\u00bb border_style=\u00bbsolid\u00bb module_alignment=\u00bbcenter\u00bb text_line_height=\u00bb2em\u00bb]<\/p>\n<p>El programa \u00abBig 5&#8243; es una oportunidad estupenda para participar en la conservaci\u00f3n de la selva africana, aprendiendo sobre su flora y fauna a la vez que practiques tu ingl\u00e9s 24 horas al d\u00eda.<\/p>\n<p>[\/et_pb_text][et_pb_code admin_label=\u00bbBig 5&#8243; _builder_version=\u00bb3.0.76&#8243;]&lt;iframe src=\u00bbhttps:\/\/drive.google.com\/file\/d\/1IPHjOx12uQ7nMCfTPdKDOJsQroMntWDc\/preview\u00bb width=\u00bb100%\u00bb height=\u00bb480&#8243;&gt;&lt;\/iframe&gt;[\/et_pb_code][et_pb_text admin_label=\u00bbText\u00bb _builder_version=\u00bb3.0.76&#8243; background_layout=\u00bblight\u00bb text_font=\u00bbArimo||||\u00bb text_font_size=\u00bb30&#8243; text_orientation=\u00bbcenter\u00bb border_style=\u00bbsolid\u00bb module_alignment=\u00bbcenter\u00bb text_line_height=\u00bb2em\u00bb]<\/p>\n<p>Cape Town (Ciudad del Cabo) es una ciudad alegre y cosmopolita con un car\u00e1cter \u00fanico entre africano y europeo. Estamos seguros que disfrutar\u00e1s much\u00edsimo de la experiencia, adem\u00e1s de mejorar mucho tu ingl\u00e9s.<\/p>\n<p>[\/et_pb_text][et_pb_code admin_label=\u00bbCape Town\u00bb _builder_version=\u00bb3.0.76&#8243;]&lt;iframe src=\u00bbhttps:\/\/drive.google.com\/file\/d\/1JWUYJFVt8Owhdvl52dtIwNfG4c8JCgE2\/preview\u00bb width=\u00bb100%\u00bb height=\u00bb480&#8243;&gt;&lt;\/iframe&gt;[\/et_pb_code][et_pb_text admin_label=\u00bbText\u00bb _builder_version=\u00bb3.0.76&#8243; background_layout=\u00bblight\u00bb text_font=\u00bbArimo||||\u00bb text_font_size=\u00bb30&#8243; text_orientation=\u00bbcenter\u00bb border_style=\u00bbsolid\u00bb module_alignment=\u00bbcenter\u00bb text_line_height=\u00bb2em\u00bb]<\/p>\n<p>\u00bfA qui\u00e9n no le gustar\u00eda pasar tiempo cuidando de monos hu\u00e9rfanos o demasiado dom\u00e9sticados como para reintroducir a su entorno natural? En esta experiencia vivir\u00e1s justo esto, adem\u00e1s de participar con otras actividades relacionadas con el cuidado de la vida salvaje africana.<\/p>\n<p>[\/et_pb_text][et_pb_code admin_label=\u00bbMonkey Camp\u00bb _builder_version=\u00bb3.0.76&#8243;]&lt;iframe src=\u00bbhttps:\/\/drive.google.com\/file\/d\/1nrSL4wFVK9RW7ZR1M8bW1Zcldv7xEF0z\/preview\u00bb width=\u00bb100%\u00bb height=\u00bb480&#8243;&gt;&lt;\/iframe&gt;[\/et_pb_code][et_pb_text admin_label=\u00bbText\u00bb _builder_version=\u00bb3.0.76&#8243; background_layout=\u00bblight\u00bb text_font=\u00bbArimo||||\u00bb text_font_size=\u00bb30&#8243; text_orientation=\u00bbcenter\u00bb border_style=\u00bbsolid\u00bb module_alignment=\u00bbcenter\u00bb text_line_height=\u00bb2em\u00bb]<\/p>\n<p>Una experiencia de inmersi\u00f3n ling\u00fc\u00edstica en ingl\u00e9s combinado con participaci\u00f3n en un programa de conservaci\u00f3n en el cual saldr\u00e1s al desierto para estudiar los famosos elefantes de desierto.<\/p>\n<p>[\/et_pb_text][et_pb_code admin_label=\u00bbDesert Elephants\u00bb _builder_version=\u00bb3.0.76&#8243;]&lt;iframe src=\u00bbhttps:\/\/drive.google.com\/file\/d\/1txWWhypbqqZp-KG-_1JIa_zhzTfpytnT\/preview\u00bb width=\u00bb100%\u00bb height=\u00bb480&#8243;&gt;&lt;\/iframe&gt;[\/et_pb_code][et_pb_text admin_label=\u00bbText\u00bb _builder_version=\u00bb3.0.76&#8243; background_layout=\u00bblight\u00bb text_font=\u00bbArimo||||\u00bb text_font_size=\u00bb30&#8243; text_orientation=\u00bbcenter\u00bb border_style=\u00bbsolid\u00bb module_alignment=\u00bbcenter\u00bb text_line_height=\u00bb2em\u00bb]<\/p>\n<p>En ingl\u00e9s hay una frase com\u00fan que dice \u00abla necesidad es la madre de la invenci\u00f3n\u00bb. Para aprender un idioma, es frecuente que lo mejor es tener que comunicarse en situaciones in\u00e9speradas. Los trabajos de conservaci\u00f3n y estudio de la vida salvaje que componen este programa har\u00e1n que tengas que adaptarte a todo tipo de situaci\u00f3n. \u00a1Un programa para los m\u00e1s intr\u00e9pidos!<\/p>\n<p>[\/et_pb_text][et_pb_code admin_label=\u00bbWildlife Care Centre\u00bb _builder_version=\u00bb3.0.76&#8243;]&lt;iframe src=\u00bbhttps:\/\/drive.google.com\/file\/d\/1yv0JSwR9jd8KC19fOU_toa6ZzDgD4sc-\/preview\u00bb width=\u00bb100%\u00bb height=\u00bb480&#8243;&gt;&lt;\/iframe&gt;[\/et_pb_code][\/et_pb_column][\/et_pb_row][\/et_pb_section]<\/p>\n","protected":false},"excerpt":{"rendered":"<p>No te preocupes&#8230; \u00a1El elefante en la imagen est\u00e1 bien! Ha sido sedado para ayudar a los trabajadores de conservaci\u00f3n realizar sus tareas de rastreo y monitorizaci\u00f3n de salud. Es solo un ejemplo del tipo de experiencia que podr\u00e1s vivir en Easter Cape Conservation Experience. El programa \u00abBig 5\u00bb es una oportunidad estupenda para participar [&hellip;]<\/p>\n","protected":false},"author":1,"featured_media":0,"parent":1183,"menu_order":0,"comment_status":"closed","ping_status":"closed","template":"","meta":{"_et_pb_use_builder":"on","_et_pb_old_content":"","_et_gb_content_width":"","footnotes":""},"tags":[],"class_list":["post-1219","page","type-page","status-publish","hentry"],"yoast_head":"<!-- This site is optimized with the Yoast SEO plugin v27.4 - https:\/\/yoast.com\/product\/yoast-seo-wordpress\/ -->\n<title>Inmersi\u00f3n Ling\u00fc\u00edstica para Adultos en \u00c1frica - Humanit.as Learning Experiences<\/title>\n<meta name=\"robots\" content=\"index, follow, max-snippet:-1, max-image-preview:large, max-video-preview:-1\" \/>\n<link rel=\"canonical\" href=\"https:\/\/humanit.as\/experiences\/adultos\/inmersion-linguistica-extranjero-adultos\/inmersion-linguistica-adultos-africa\/\" \/>\n<meta property=\"og:locale\" content=\"es_ES\" \/>\n<meta property=\"og:type\" content=\"article\" \/>\n<meta property=\"og:title\" content=\"Inmersi\u00f3n Ling\u00fc\u00edstica para Adultos en \u00c1frica - Humanit.as Learning Experiences\" \/>\n<meta property=\"og:description\" content=\"No te preocupes... \u00a1El elefante en la imagen est\u00e1 bien! Ha sido sedado para ayudar a los trabajadores de conservaci\u00f3n realizar sus tareas de rastreo y monitorizaci\u00f3n de salud. Es solo un ejemplo del tipo de experiencia que podr\u00e1s vivir en Easter Cape Conservation Experience. El programa &quot;Big 5&quot; es una oportunidad estupenda para participar [&hellip;]\" \/>\n<meta property=\"og:url\" content=\"https:\/\/humanit.as\/experiences\/adultos\/inmersion-linguistica-extranjero-adultos\/inmersion-linguistica-adultos-africa\/\" \/>\n<meta property=\"og:site_name\" content=\"Humanit.as Learning Experiences\" \/>\n<meta property=\"article:modified_time\" content=\"2018-04-12T11:24:32+00:00\" \/>\n<meta name=\"twitter:card\" content=\"summary_large_image\" \/>\n<meta name=\"twitter:label1\" content=\"Tiempo de lectura\" \/>\n\t<meta name=\"twitter:data1\" content=\"4 minutos\" \/>\n<script type=\"application\/ld+json\" class=\"yoast-schema-graph\">{\"@context\":\"https:\\\/\\\/schema.org\",\"@graph\":[{\"@type\":\"WebPage\",\"@id\":\"https:\\\/\\\/humanit.as\\\/experiences\\\/adultos\\\/inmersion-linguistica-extranjero-adultos\\\/inmersion-linguistica-adultos-africa\\\/\",\"url\":\"https:\\\/\\\/humanit.as\\\/experiences\\\/adultos\\\/inmersion-linguistica-extranjero-adultos\\\/inmersion-linguistica-adultos-africa\\\/\",\"name\":\"Inmersi\u00f3n Ling\u00fc\u00edstica para Adultos en \u00c1frica - Humanit.as Learning Experiences\",\"isPartOf\":{\"@id\":\"https:\\\/\\\/humanit.as\\\/experiences\\\/#website\"},\"datePublished\":\"2018-04-10T16:15:25+00:00\",\"dateModified\":\"2018-04-12T11:24:32+00:00\",\"breadcrumb\":{\"@id\":\"https:\\\/\\\/humanit.as\\\/experiences\\\/adultos\\\/inmersion-linguistica-extranjero-adultos\\\/inmersion-linguistica-adultos-africa\\\/#breadcrumb\"},\"inLanguage\":\"es\",\"potentialAction\":[{\"@type\":\"ReadAction\",\"target\":[\"https:\\\/\\\/humanit.as\\\/experiences\\\/adultos\\\/inmersion-linguistica-extranjero-adultos\\\/inmersion-linguistica-adultos-africa\\\/\"]}]},{\"@type\":\"BreadcrumbList\",\"@id\":\"https:\\\/\\\/humanit.as\\\/experiences\\\/adultos\\\/inmersion-linguistica-extranjero-adultos\\\/inmersion-linguistica-adultos-africa\\\/#breadcrumb\",\"itemListElement\":[{\"@type\":\"ListItem\",\"position\":1,\"name\":\"Inicio\",\"item\":\"https:\\\/\\\/humanit.as\\\/experiences\\\/\"},{\"@type\":\"ListItem\",\"position\":2,\"name\":\"Experiencias para adultos\",\"item\":\"https:\\\/\\\/humanit.as\\\/experiences\\\/adultos\\\/\"},{\"@type\":\"ListItem\",\"position\":3,\"name\":\"Inmersi\u00f3n Ling\u00fc\u00edstica para Adultos en el Extranjero\",\"item\":\"https:\\\/\\\/humanit.as\\\/experiences\\\/adultos\\\/inmersion-linguistica-extranjero-adultos\\\/\"},{\"@type\":\"ListItem\",\"position\":4,\"name\":\"Inmersi\u00f3n Ling\u00fc\u00edstica para Adultos en \u00c1frica\"}]},{\"@type\":\"WebSite\",\"@id\":\"https:\\\/\\\/humanit.as\\\/experiences\\\/#website\",\"url\":\"https:\\\/\\\/humanit.as\\\/experiences\\\/\",\"name\":\"Humanit.as Learning Experiences\",\"description\":\"Experiencias para Aprender y Crecer\",\"publisher\":{\"@id\":\"https:\\\/\\\/humanit.as\\\/experiences\\\/#organization\"},\"potentialAction\":[{\"@type\":\"SearchAction\",\"target\":{\"@type\":\"EntryPoint\",\"urlTemplate\":\"https:\\\/\\\/humanit.as\\\/experiences\\\/?s={search_term_string}\"},\"query-input\":{\"@type\":\"PropertyValueSpecification\",\"valueRequired\":true,\"valueName\":\"search_term_string\"}}],\"inLanguage\":\"es\"},{\"@type\":\"Organization\",\"@id\":\"https:\\\/\\\/humanit.as\\\/experiences\\\/#organization\",\"name\":\"Humanit.as\",\"url\":\"https:\\\/\\\/humanit.as\\\/experiences\\\/\",\"logo\":{\"@type\":\"ImageObject\",\"inLanguage\":\"es\",\"@id\":\"https:\\\/\\\/humanit.as\\\/experiences\\\/#\\\/schema\\\/logo\\\/image\\\/\",\"url\":\"http:\\\/\\\/s947857397.mialojamiento.es\\\/experiences\\\/wp-content\\\/uploads\\\/sites\\\/7\\\/2016\\\/02\\\/logotipo-humanitas-grande.jpg\",\"contentUrl\":\"http:\\\/\\\/s947857397.mialojamiento.es\\\/experiences\\\/wp-content\\\/uploads\\\/sites\\\/7\\\/2016\\\/02\\\/logotipo-humanitas-grande.jpg\",\"width\":1800,\"height\":1800,\"caption\":\"Humanit.as\"},\"image\":{\"@id\":\"https:\\\/\\\/humanit.as\\\/experiences\\\/#\\\/schema\\\/logo\\\/image\\\/\"}}]}<\/script>\n<!-- \/ Yoast SEO plugin. -->","yoast_head_json":{"title":"Inmersi\u00f3n Ling\u00fc\u00edstica para Adultos en \u00c1frica - Humanit.as Learning Experiences","robots":{"index":"index","follow":"follow","max-snippet":"max-snippet:-1","max-image-preview":"max-image-preview:large","max-video-preview":"max-video-preview:-1"},"canonical":"https:\/\/humanit.as\/experiences\/adultos\/inmersion-linguistica-extranjero-adultos\/inmersion-linguistica-adultos-africa\/","og_locale":"es_ES","og_type":"article","og_title":"Inmersi\u00f3n Ling\u00fc\u00edstica para Adultos en \u00c1frica - Humanit.as Learning Experiences","og_description":"No te preocupes... \u00a1El elefante en la imagen est\u00e1 bien! Ha sido sedado para ayudar a los trabajadores de conservaci\u00f3n realizar sus tareas de rastreo y monitorizaci\u00f3n de salud. Es solo un ejemplo del tipo de experiencia que podr\u00e1s vivir en Easter Cape Conservation Experience. El programa \"Big 5\" es una oportunidad estupenda para participar [&hellip;]","og_url":"https:\/\/humanit.as\/experiences\/adultos\/inmersion-linguistica-extranjero-adultos\/inmersion-linguistica-adultos-africa\/","og_site_name":"Humanit.as Learning Experiences","article_modified_time":"2018-04-12T11:24:32+00:00","twitter_card":"summary_large_image","twitter_misc":{"Tiempo de lectura":"4 minutos"},"schema":{"@context":"https:\/\/schema.org","@graph":[{"@type":"WebPage","@id":"https:\/\/humanit.as\/experiences\/adultos\/inmersion-linguistica-extranjero-adultos\/inmersion-linguistica-adultos-africa\/","url":"https:\/\/humanit.as\/experiences\/adultos\/inmersion-linguistica-extranjero-adultos\/inmersion-linguistica-adultos-africa\/","name":"Inmersi\u00f3n Ling\u00fc\u00edstica para Adultos en \u00c1frica - Humanit.as Learning Experiences","isPartOf":{"@id":"https:\/\/humanit.as\/experiences\/#website"},"datePublished":"2018-04-10T16:15:25+00:00","dateModified":"2018-04-12T11:24:32+00:00","breadcrumb":{"@id":"https:\/\/humanit.as\/experiences\/adultos\/inmersion-linguistica-extranjero-adultos\/inmersion-linguistica-adultos-africa\/#breadcrumb"},"inLanguage":"es","potentialAction":[{"@type":"ReadAction","target":["https:\/\/humanit.as\/experiences\/adultos\/inmersion-linguistica-extranjero-adultos\/inmersion-linguistica-adultos-africa\/"]}]},{"@type":"BreadcrumbList","@id":"https:\/\/humanit.as\/experiences\/adultos\/inmersion-linguistica-extranjero-adultos\/inmersion-linguistica-adultos-africa\/#breadcrumb","itemListElement":[{"@type":"ListItem","position":1,"name":"Inicio","item":"https:\/\/humanit.as\/experiences\/"},{"@type":"ListItem","position":2,"name":"Experiencias para adultos","item":"https:\/\/humanit.as\/experiences\/adultos\/"},{"@type":"ListItem","position":3,"name":"Inmersi\u00f3n Ling\u00fc\u00edstica para Adultos en el Extranjero","item":"https:\/\/humanit.as\/experiences\/adultos\/inmersion-linguistica-extranjero-adultos\/"},{"@type":"ListItem","position":4,"name":"Inmersi\u00f3n Ling\u00fc\u00edstica para Adultos en \u00c1frica"}]},{"@type":"WebSite","@id":"https:\/\/humanit.as\/experiences\/#website","url":"https:\/\/humanit.as\/experiences\/","name":"Humanit.as Learning Experiences","description":"Experiencias para Aprender y Crecer","publisher":{"@id":"https:\/\/humanit.as\/experiences\/#organization"},"potentialAction":[{"@type":"SearchAction","target":{"@type":"EntryPoint","urlTemplate":"https:\/\/humanit.as\/experiences\/?s={search_term_string}"},"query-input":{"@type":"PropertyValueSpecification","valueRequired":true,"valueName":"search_term_string"}}],"inLanguage":"es"},{"@type":"Organization","@id":"https:\/\/humanit.as\/experiences\/#organization","name":"Humanit.as","url":"https:\/\/humanit.as\/experiences\/","logo":{"@type":"ImageObject","inLanguage":"es","@id":"https:\/\/humanit.as\/experiences\/#\/schema\/logo\/image\/","url":"http:\/\/s947857397.mialojamiento.es\/experiences\/wp-content\/uploads\/sites\/7\/2016\/02\/logotipo-humanitas-grande.jpg","contentUrl":"http:\/\/s947857397.mialojamiento.es\/experiences\/wp-content\/uploads\/sites\/7\/2016\/02\/logotipo-humanitas-grande.jpg","width":1800,"height":1800,"caption":"Humanit.as"},"image":{"@id":"https:\/\/humanit.as\/experiences\/#\/schema\/logo\/image\/"}}]}},"_links":{"self":[{"href":"https:\/\/humanit.as\/experiences\/wp-json\/wp\/v2\/pages\/1219","targetHints":{"allow":["GET"]}}],"collection":[{"href":"https:\/\/humanit.as\/experiences\/wp-json\/wp\/v2\/pages"}],"about":[{"href":"https:\/\/humanit.as\/experiences\/wp-json\/wp\/v2\/types\/page"}],"author":[{"embeddable":true,"href":"https:\/\/humanit.as\/experiences\/wp-json\/wp\/v2\/users\/1"}],"replies":[{"embeddable":true,"href":"https:\/\/humanit.as\/experiences\/wp-json\/wp\/v2\/comments?post=1219"}],"version-history":[{"count":0,"href":"https:\/\/humanit.as\/experiences\/wp-json\/wp\/v2\/pages\/1219\/revisions"}],"up":[{"embeddable":true,"href":"https:\/\/humanit.as\/experiences\/wp-json\/wp\/v2\/pages\/1183"}],"wp:attachment":[{"href":"https:\/\/humanit.as\/experiences\/wp-json\/wp\/v2\/media?parent=1219"}],"wp:term":[{"taxonomy":"post_tag","embeddable":true,"href":"https:\/\/humanit.as\/experiences\/wp-json\/wp\/v2\/tags?post=1219"}],"curies":[{"name":"wp","href":"https:\/\/api.w.org\/{rel}","templated":true}]}}