{"id":121,"date":"2015-12-12T16:13:53","date_gmt":"2015-12-12T16:13:53","guid":{"rendered":"https:\/\/humanit.as\/experiences\/?page_id=121"},"modified":"2018-05-18T11:28:31","modified_gmt":"2018-05-18T11:28:31","slug":"preguntas-frecuentes-y-condiciones","status":"publish","type":"page","link":"https:\/\/humanit.as\/experiences\/ninos-y-adolescentes\/natural-english-kids-camp\/preguntas-frecuentes-y-condiciones\/","title":{"rendered":"Preguntas frecuentes y condiciones"},"content":{"rendered":"<p>[et_pb_section bb_built=\u00bb1&#8243; admin_label=\u00bbsection\u00bb transparent_background=\u00bboff\u00bb background_color=\u00bb#ddd3b1&#8243; allow_player_pause=\u00bboff\u00bb inner_shadow=\u00bboff\u00bb parallax=\u00bboff\u00bb parallax_method=\u00bboff\u00bb make_fullwidth=\u00bboff\u00bb use_custom_width=\u00bboff\u00bb width_unit=\u00bboff\u00bb custom_width_px=\u00bb1080px\u00bb custom_width_percent=\u00bb80%\u00bb make_equal=\u00bboff\u00bb use_custom_gutter=\u00bboff\u00bb fullwidth=\u00bboff\u00bb specialty=\u00bboff\u00bb disabled=\u00bboff\u00bb][et_pb_row make_fullwidth=\u00bboff\u00bb use_custom_width=\u00bboff\u00bb width_unit=\u00bboff\u00bb custom_width_px=\u00bb1080px\u00bb custom_width_percent=\u00bb80%\u00bb use_custom_gutter=\u00bboff\u00bb gutter_width=\u00bb3&#8243; allow_player_pause=\u00bboff\u00bb parallax=\u00bboff\u00bb parallax_method=\u00bbon\u00bb make_equal=\u00bboff\u00bb parallax_1=\u00bboff\u00bb parallax_method_1=\u00bbon\u00bb parallax_2=\u00bboff\u00bb parallax_method_2=\u00bbon\u00bb parallax_3=\u00bboff\u00bb parallax_method_3=\u00bbon\u00bb parallax_4=\u00bboff\u00bb parallax_method_4=\u00bbon\u00bb disabled=\u00bboff\u00bb background_position=\u00bbtop_left\u00bb background_repeat=\u00bbrepeat\u00bb background_size=\u00bbinitial\u00bb][et_pb_column type=\u00bb4_4&#8243;][et_pb_button admin_label=\u00bbDescarga PDF\u00bb button_url=\u00bbhttps:\/\/humanit.as\/wp-content\/uploads\/2018\/05\/Natural-English-Kids-Camp-Agosto-2018-S.pdf\u00bb url_new_window=\u00bbon\u00bb button_text=\u00bbDescarga informaci\u00f3n en PDF sobre Natural English Kids Camp aqu\u00ed.\u00bb button_alignment=\u00bbcenter\u00bb background_layout=\u00bblight\u00bb custom_button=\u00bbon\u00bb button_text_size=\u00bb35&#8243; button_text_color=\u00bb#ffffff\u00bb button_bg_color=\u00bb#dd3333&#8243; button_border_width=\u00bb5&#8243; button_border_color=\u00bb#000000&#8243; button_border_radius=\u00bb5&#8243; button_letter_spacing=\u00bb0&#8243; button_icon=\u00bb%%233%%\u00bb button_icon_color=\u00bb#dd9933&#8243; button_icon_placement=\u00bbleft\u00bb button_on_hover=\u00bboff\u00bb button_text_color_hover=\u00bb#dd3333&#8243; button_bg_color_hover=\u00bb#eeee22&#8243; button_border_color_hover=\u00bb#1e73be\u00bb button_border_radius_hover=\u00bb6&#8243; button_letter_spacing_hover=\u00bb0&#8243; disabled=\u00bboff\u00bb saved_tabs=\u00bball\u00bb _builder_version=\u00bb3.0.76&#8243; \/][\/et_pb_column][\/et_pb_row][et_pb_row admin_label=\u00bbrow\u00bb make_fullwidth=\u00bboff\u00bb use_custom_width=\u00bboff\u00bb width_unit=\u00bboff\u00bb custom_width_px=\u00bb1080px\u00bb custom_width_percent=\u00bb80%\u00bb use_custom_gutter=\u00bboff\u00bb gutter_width=\u00bb3&#8243; allow_player_pause=\u00bboff\u00bb parallax=\u00bboff\u00bb parallax_method=\u00bbon\u00bb make_equal=\u00bboff\u00bb parallax_1=\u00bboff\u00bb parallax_method_1=\u00bbon\u00bb parallax_2=\u00bboff\u00bb parallax_method_2=\u00bbon\u00bb parallax_3=\u00bboff\u00bb parallax_method_3=\u00bbon\u00bb parallax_4=\u00bboff\u00bb parallax_method_4=\u00bbon\u00bb disabled=\u00bboff\u00bb background_position=\u00bbtop_left\u00bb background_repeat=\u00bbrepeat\u00bb background_size=\u00bbinitial\u00bb][et_pb_column type=\u00bb1_3&#8243;][et_pb_testimonial author=\u00bbJoseph Parkin\u00bb job_title=\u00bbDirector\u00bb company_name=\u00bbHumanit.as\u00bb url=\u00bbwww.humanit.as\u00bb url_new_window=\u00bbon\u00bb portrait_url=\u00bbhttps:\/\/humanit.as\/experiences\/wp-content\/uploads\/sites\/7\/2015\/12\/Joseph-Parkin.jpg\u00bb quote_icon=\u00bbon\u00bb use_background_color=\u00bbon\u00bb background_color=\u00bb#f5f5f5&#8243; background_layout=\u00bblight\u00bb text_orientation=\u00bbleft\u00bb use_border_color=\u00bboff\u00bb border_style=\u00bbsolid\u00bb disabled=\u00bboff\u00bb background_position=\u00bbtop_left\u00bb background_repeat=\u00bbrepeat\u00bb background_size=\u00bbinitial\u00bb]<\/p>\n<p>\u00a1No te quedes con la duda! Si no encuentras la respuesta a tu pregunta aqu\u00ed, ponte en contacto con nosotros e intentaremos resolver cualquier duda o consulta. Siempre estamos encantados de charlar sobre como podemos hacer que nuestras experiencias de aprendizaje se ajusten lo m\u00e1ximo posible a lo que buscas.<\/p>\n<p>M\u00e1s abajo encontrar\u00e1s informaci\u00f3n detallada de las condiciones de reserva del <a href=\"https:\/\/humanit.as\/experiences\/espana\/verano\/campamento-urbano-en-ingles-casa-de-campo-madrid\/clan-camp-2020-campamento-urbano-en-ingles-madrid\/\">campamento<\/a>.<\/p>\n<p>Hasta pronto \ud83d\ude42<\/p>\n<p>[\/et_pb_testimonial][\/et_pb_column][et_pb_column type=\u00bb2_3&#8243;][et_pb_text admin_label=\u00bbPreguntas frecuentes (t\u00edtulo)\u00bb background_layout=\u00bblight\u00bb text_orientation=\u00bbcenter\u00bb text_font=\u00bb|on|||\u00bb text_font_size=\u00bb28&#8243; text_text_color=\u00bb#000000&#8243; text_letter_spacing=\u00bb3px\u00bb background_color=\u00bb#ccd6ad\u00bb use_border_color=\u00bbon\u00bb border_color=\u00bb#a8a8a8&#8243; border_style=\u00bbsolid\u00bb custom_padding=\u00bb15px||15px|\u00bb disabled=\u00bboff\u00bb module_alignment=\u00bbcenter\u00bb background_position=\u00bbtop_left\u00bb background_repeat=\u00bbrepeat\u00bb background_size=\u00bbinitial\u00bb _builder_version=\u00bb3.0.76&#8243;]<\/p>\n<p style=\"text-align: center;\"><span style=\"color: #910ba3;\">Preguntas Frecuentes &#8211; Si no encuentras lo que buscas, recomendamos descargar el PDF en el enlace arriba. Pero, por supuesto, no dudes en<\/span> <span style=\"color: #ff0055;\"><a style=\"color: #ff0055;\" href=\"..\/..\/..\/contacto\/\">contactar con nosotros<\/a>.<\/span><\/p>\n<p>[\/et_pb_text][et_pb_accordion admin_label=\u00bbPreguntas Frequentes\u00bb toggle_font=\u00bb|on|||\u00bb toggle_font_size=\u00bb20&#8243; border_style=\u00bbsolid\u00bb disabled=\u00bboff\u00bb _builder_version=\u00bb3.0.76&#8243;] [et_pb_accordion_item title=\u00bb\u00bfCuales son las fechas?\u00bb open=\u00bboff\u00bb use_border_color=\u00bboff\u00bb border_color=\u00bb#ffffff\u00bb border_width=\u00bb1px\u00bb border_style=\u00bbsolid\u00bb disabled=\u00bboff\u00bb _builder_version=\u00bb3.0.76&#8243; use_background_color_gradient=\u00bboff\u00bb background_color_gradient_start=\u00bb#2b87da\u00bb background_color_gradient_end=\u00bb#29c4a9&#8243; background_color_gradient_type=\u00bblinear\u00bb background_color_gradient_direction=\u00bb180deg\u00bb background_color_gradient_direction_radial=\u00bbcenter\u00bb background_color_gradient_start_position=\u00bb0%\u00bb background_color_gradient_end_position=\u00bb100%\u00bb parallax=\u00bboff\u00bb parallax_method=\u00bbon\u00bb background_size=\u00bbcover\u00bb background_position=\u00bbcenter\u00bb background_repeat=\u00bbno-repeat\u00bb background_blend=\u00bbnormal\u00bb allow_player_pause=\u00bboff\u00bb]<\/p>\n<p>En 2018:<\/p>\n<p style=\"text-align: center;\"><span style=\"font-size: x-large;\"><strong>28 julio &#8211; 4 de agosto<\/strong><\/span><\/p>\n<p style=\"text-align: left;\">Si existe demanda, es posible que ampliemos una semana m\u00e1s. Para grupos grandes tales como colegios, podemos organizar campamentos en exclusiva en muchas fechas a lo largo del a\u00f1o.<\/p>\n<p>[\/et_pb_accordion_item][et_pb_accordion_item title=\u00bb\u00bfQue edad tienen que tener los ni\u00f1os?\u00bb open=\u00bboff\u00bb use_border_color=\u00bboff\u00bb border_color=\u00bb#ffffff\u00bb border_width=\u00bb1px\u00bb border_style=\u00bbsolid\u00bb disabled=\u00bboff\u00bb _builder_version=\u00bb3.0.76&#8243;]<\/p>\n<p>Nuestros campamentos son para ni\u00f1os de entre 6 y 16 a\u00f1os. Ofrecemos un ambiente familiar con atenci\u00f3n muy personalizada. NEKC es ideal como un primer campamento y tan diferente que ning\u00fan ni\u00f1o se va a aburrir.<\/p>\n<p>[\/et_pb_accordion_item][et_pb_accordion_item title=\u00bb\u00bfC\u00f3mo puedo pagar? \u00bb open=\u00bboff\u00bb use_border_color=\u00bboff\u00bb border_color=\u00bb#ffffff\u00bb border_width=\u00bb1px\u00bb border_style=\u00bbsolid\u00bb disabled=\u00bboff\u00bb _builder_version=\u00bb3.0.76&#8243;]<\/p>\n<p>Aceptamos los siguientes formas de pago:<\/p>\n<ul>\n<li>Efectivo (en Humanit.as Pozuelo)<\/li>\n<li>Transferencia bancaria<\/li>\n<\/ul>\n<p>Para m\u00e1s informaci\u00f3n o para reservar: comercial@lacoloniadegredos.com 0034 920382081 0034 637786655<\/p>\n<p>[\/et_pb_accordion_item][et_pb_accordion_item title=\u00bb\u00bfY si mi hijo tiene alergias?\u00bb open=\u00bboff\u00bb use_border_color=\u00bboff\u00bb border_color=\u00bb#ffffff\u00bb border_width=\u00bb1px\u00bb border_style=\u00bbsolid\u00bb disabled=\u00bboff\u00bb _builder_version=\u00bb3.0.76&#8243;]<\/p>\n<p>Todas las comidas de nuestro campamento son caseras. Esto implica que sabemos al 100% cuales ingredientes se usan en cada comida y tambi\u00e9n podemos hacer comidas espec\u00edficas para ni\u00f1os con necesidades particulares. Los padres \/ tutores ser\u00e1n responsables por comunicarnos cualquier alergia existente.<\/p>\n<p>[\/et_pb_accordion_item][et_pb_accordion_item title=\u00bb\u00bfLos ni\u00f1os pueden llevar tel\u00e9fonos m\u00f3viles?\u00bb open=\u00bboff\u00bb _builder_version=\u00bb3.0.76&#8243;] Los ni\u00f1os pueden llevar tel\u00e9fonos m\u00f3viles para hacer llamadas en los momentos estipulados, pero el resto del tiempo estar\u00e1n guardados por nuestro personal. Queremos que los ni\u00f1os descansen un poco de los m\u00f3viles. [\/et_pb_accordion_item][et_pb_accordion_item title=\u00bb\u00bfLos ni\u00f1os pueden llevar otros dispositivos electr\u00f3nicos?\u00bb open=\u00bboff\u00bb _builder_version=\u00bb3.0.76&#8243;] No permitimos que los ni\u00f1os tengan dispositivos electr\u00f3nicos ya que nos parece importante que descansen de estas tecnolog\u00edas durante un tiempo.<\/p>\n<p>&nbsp;<\/p>\n<p>Proporcionamos tablets, etc. cuando sean necesarios para la actividad que estamos realizando. [\/et_pb_accordion_item][et_pb_accordion_item title=\u00bb\u00bfC\u00f3mo puedo realizar la reserva?\u00bb open=\u00bbon\u00bb _builder_version=\u00bb3.0.76&#8243;] Para reservar, hace falta rellenar unos formularios y pagar una parte en concepto de reserva. M\u00e1s detalles:<\/p>\n<p>comercial@lacoloniadegredos.com<br \/>\n0034 920382081<br \/>\n0034 637786655 [\/et_pb_accordion_item][et_pb_accordion_item title=\u00bb\u00bfHay transporte disponible? \u00bb open=\u00bboff\u00bb _builder_version=\u00bb3.0.76&#8243;] Ofrecemos transporte desde Madrid, aunque hasta ahora todas las familias han llevado a los ni\u00f1os ellos mismos. [\/et_pb_accordion_item][et_pb_accordion_item title=\u00bb\u00bfC\u00f3mo es el alojamiento?\u00bb open=\u00bboff\u00bb _builder_version=\u00bb3.0.76&#8243;]<\/p>\n<p>El alojamiento es en edificios con aire acondicionado. Los ni\u00f1os duermen en literas modernas con colchones muy c\u00f3modos. Cada uno dispone de una taquilla para guardar su ropa, etc.<\/p>\n<p>Los ba\u00f1os son compartidos, pero las duchas son seperadas.<\/p>\n<p>Hay personal del campamento cerca toda la noche.<\/p>\n<p>[\/et_pb_accordion_item][et_pb_accordion_item title=\u00bb\u00bfPuedo llamar a mi hijo?\u00bb open=\u00bboff\u00bb _builder_version=\u00bb3.0.76&#8243;] Al no ser que haya una emergencia, preferimos que los padres no llamen fuera de los horarios estipulados para este fin. En realidad, los ni\u00f1os llamar\u00e1n a los padres.<\/p>\n<p>&nbsp;<\/p>\n<p>Creamos un grupo de Whatsapp y el equipo de coordinaci\u00f3n ir\u00e1 enviando fotos y videos a lo largo del campamento.<\/p>\n<p>Es un campamento con un trato muy cercano y si fuera necesario por el motivo que sea, os aseguramos que habr\u00e1 comunicaci\u00f3n suficiente. [\/et_pb_accordion_item][et_pb_accordion_item title=\u00bb\u00bfEl campamento admite visitas?\u00bb _builder_version=\u00bb3.0.76&#8243;] Solo admitimos visitas de los padres si los ni\u00f1os vienen para dos semanas. Esta visita ser\u00eda el domingo que unos ni\u00f1os se van y vienen otros. [\/et_pb_accordion_item]<\/p>\n<p>[\/et_pb_accordion][\/et_pb_column][\/et_pb_row][\/et_pb_section]<\/p>\n","protected":false},"excerpt":{"rendered":"<p>\u00a1No te quedes con la duda! Si no encuentras la respuesta a tu pregunta aqu\u00ed, ponte en contacto con nosotros e intentaremos resolver cualquier duda o consulta. Siempre estamos encantados de charlar sobre como podemos hacer que nuestras experiencias de aprendizaje se ajusten lo m\u00e1ximo posible a lo que buscas. M\u00e1s abajo encontrar\u00e1s informaci\u00f3n detallada [&hellip;]<\/p>\n","protected":false},"author":1,"featured_media":0,"parent":68,"menu_order":0,"comment_status":"open","ping_status":"closed","template":"","meta":{"_et_pb_use_builder":"on","_et_pb_old_content":"","_et_gb_content_width":"","footnotes":""},"tags":[8,20,10,14,12,9,25,13,18,21,11,15,17,16,19,23,22,26,24,28],"class_list":["post-121","page","type-page","status-publish","hentry","tag-campamento-de-verano","tag-campamento-de-verano-agosto-2016","tag-campamento-de-verano-bilingue","tag-campamento-de-verano-bilingue-cerca-de-madrid","tag-campamento-de-verano-bilingue-sierra-de-gredos","tag-campamento-de-verano-ingles","tag-campamento-de-verano-ingles-agosto-2016","tag-campamento-de-verano-ingles-cerca-de-madrid","tag-campamento-de-verano-ingles-economico","tag-campamento-de-verano-ingles-junio-2016","tag-campamento-de-verano-ingles-sierra-de-gredos","tag-campamento-de-verano-inmersion-ingles","tag-campamento-de-verano-inmersion-ingles-cerca-de-madrid","tag-campamento-de-verano-inmersion-ingles-sierra-de-gredos","tag-campamento-de-verano-junio-2016","tag-campamento-de-verano-para-adolescentes","tag-campamento-de-verano-para-ninos","tag-condiciones-campamento-de-verano-ingles","tag-el-mejor-campamento-de-verano-ingles-de-espana","tag-la-colonia-de-gredos"],"yoast_head":"<!-- This site is optimized with the Yoast SEO plugin v27.4 - https:\/\/yoast.com\/product\/yoast-seo-wordpress\/ -->\n<title>Preguntas frecuentes y condiciones - Humanit.as Learning Experiences<\/title>\n<meta name=\"robots\" content=\"index, follow, max-snippet:-1, max-image-preview:large, max-video-preview:-1\" \/>\n<link rel=\"canonical\" href=\"https:\/\/humanit.as\/experiences\/ninos-y-adolescentes\/natural-english-kids-camp\/preguntas-frecuentes-y-condiciones\/\" \/>\n<meta property=\"og:locale\" content=\"es_ES\" \/>\n<meta property=\"og:type\" content=\"article\" \/>\n<meta property=\"og:title\" content=\"Preguntas frecuentes y condiciones - Humanit.as Learning Experiences\" \/>\n<meta property=\"og:description\" content=\"\u00a1No te quedes con la duda! Si no encuentras la respuesta a tu pregunta aqu\u00ed, ponte en contacto con nosotros e intentaremos resolver cualquier duda o consulta. Siempre estamos encantados de charlar sobre como podemos hacer que nuestras experiencias de aprendizaje se ajusten lo m\u00e1ximo posible a lo que buscas. M\u00e1s abajo encontrar\u00e1s informaci\u00f3n detallada [&hellip;]\" \/>\n<meta property=\"og:url\" content=\"https:\/\/humanit.as\/experiences\/ninos-y-adolescentes\/natural-english-kids-camp\/preguntas-frecuentes-y-condiciones\/\" \/>\n<meta property=\"og:site_name\" content=\"Humanit.as Learning Experiences\" \/>\n<meta property=\"article:modified_time\" content=\"2018-05-18T11:28:31+00:00\" \/>\n<meta name=\"twitter:card\" content=\"summary_large_image\" \/>\n<meta name=\"twitter:label1\" content=\"Tiempo de lectura\" \/>\n\t<meta name=\"twitter:data1\" content=\"7 minutos\" \/>\n<script type=\"application\/ld+json\" class=\"yoast-schema-graph\">{\"@context\":\"https:\\\/\\\/schema.org\",\"@graph\":[{\"@type\":\"WebPage\",\"@id\":\"https:\\\/\\\/humanit.as\\\/experiences\\\/ninos-y-adolescentes\\\/natural-english-kids-camp\\\/preguntas-frecuentes-y-condiciones\\\/\",\"url\":\"https:\\\/\\\/humanit.as\\\/experiences\\\/ninos-y-adolescentes\\\/natural-english-kids-camp\\\/preguntas-frecuentes-y-condiciones\\\/\",\"name\":\"Preguntas frecuentes y condiciones - Humanit.as Learning Experiences\",\"isPartOf\":{\"@id\":\"https:\\\/\\\/humanit.as\\\/experiences\\\/#website\"},\"datePublished\":\"2015-12-12T16:13:53+00:00\",\"dateModified\":\"2018-05-18T11:28:31+00:00\",\"breadcrumb\":{\"@id\":\"https:\\\/\\\/humanit.as\\\/experiences\\\/ninos-y-adolescentes\\\/natural-english-kids-camp\\\/preguntas-frecuentes-y-condiciones\\\/#breadcrumb\"},\"inLanguage\":\"es\",\"potentialAction\":[{\"@type\":\"ReadAction\",\"target\":[\"https:\\\/\\\/humanit.as\\\/experiences\\\/ninos-y-adolescentes\\\/natural-english-kids-camp\\\/preguntas-frecuentes-y-condiciones\\\/\"]}]},{\"@type\":\"BreadcrumbList\",\"@id\":\"https:\\\/\\\/humanit.as\\\/experiences\\\/ninos-y-adolescentes\\\/natural-english-kids-camp\\\/preguntas-frecuentes-y-condiciones\\\/#breadcrumb\",\"itemListElement\":[{\"@type\":\"ListItem\",\"position\":1,\"name\":\"Inicio\",\"item\":\"https:\\\/\\\/humanit.as\\\/experiences\\\/\"},{\"@type\":\"ListItem\",\"position\":2,\"name\":\"Experiencias para ni\u00f1os y adolescentes\",\"item\":\"https:\\\/\\\/humanit.as\\\/experiences\\\/ninos-y-adolescentes\\\/\"},{\"@type\":\"ListItem\",\"position\":3,\"name\":\"Natural English Kids Camp\",\"item\":\"https:\\\/\\\/humanit.as\\\/experiences\\\/ninos-y-adolescentes\\\/natural-english-kids-camp\\\/\"},{\"@type\":\"ListItem\",\"position\":4,\"name\":\"Preguntas frecuentes y condiciones\"}]},{\"@type\":\"WebSite\",\"@id\":\"https:\\\/\\\/humanit.as\\\/experiences\\\/#website\",\"url\":\"https:\\\/\\\/humanit.as\\\/experiences\\\/\",\"name\":\"Humanit.as Learning Experiences\",\"description\":\"Experiencias para Aprender y Crecer\",\"publisher\":{\"@id\":\"https:\\\/\\\/humanit.as\\\/experiences\\\/#organization\"},\"potentialAction\":[{\"@type\":\"SearchAction\",\"target\":{\"@type\":\"EntryPoint\",\"urlTemplate\":\"https:\\\/\\\/humanit.as\\\/experiences\\\/?s={search_term_string}\"},\"query-input\":{\"@type\":\"PropertyValueSpecification\",\"valueRequired\":true,\"valueName\":\"search_term_string\"}}],\"inLanguage\":\"es\"},{\"@type\":\"Organization\",\"@id\":\"https:\\\/\\\/humanit.as\\\/experiences\\\/#organization\",\"name\":\"Humanit.as\",\"url\":\"https:\\\/\\\/humanit.as\\\/experiences\\\/\",\"logo\":{\"@type\":\"ImageObject\",\"inLanguage\":\"es\",\"@id\":\"https:\\\/\\\/humanit.as\\\/experiences\\\/#\\\/schema\\\/logo\\\/image\\\/\",\"url\":\"http:\\\/\\\/s947857397.mialojamiento.es\\\/experiences\\\/wp-content\\\/uploads\\\/sites\\\/7\\\/2016\\\/02\\\/logotipo-humanitas-grande.jpg\",\"contentUrl\":\"http:\\\/\\\/s947857397.mialojamiento.es\\\/experiences\\\/wp-content\\\/uploads\\\/sites\\\/7\\\/2016\\\/02\\\/logotipo-humanitas-grande.jpg\",\"width\":1800,\"height\":1800,\"caption\":\"Humanit.as\"},\"image\":{\"@id\":\"https:\\\/\\\/humanit.as\\\/experiences\\\/#\\\/schema\\\/logo\\\/image\\\/\"}}]}<\/script>\n<!-- \/ Yoast SEO plugin. -->","yoast_head_json":{"title":"Preguntas frecuentes y condiciones - Humanit.as Learning Experiences","robots":{"index":"index","follow":"follow","max-snippet":"max-snippet:-1","max-image-preview":"max-image-preview:large","max-video-preview":"max-video-preview:-1"},"canonical":"https:\/\/humanit.as\/experiences\/ninos-y-adolescentes\/natural-english-kids-camp\/preguntas-frecuentes-y-condiciones\/","og_locale":"es_ES","og_type":"article","og_title":"Preguntas frecuentes y condiciones - Humanit.as Learning Experiences","og_description":"\u00a1No te quedes con la duda! Si no encuentras la respuesta a tu pregunta aqu\u00ed, ponte en contacto con nosotros e intentaremos resolver cualquier duda o consulta. Siempre estamos encantados de charlar sobre como podemos hacer que nuestras experiencias de aprendizaje se ajusten lo m\u00e1ximo posible a lo que buscas. M\u00e1s abajo encontrar\u00e1s informaci\u00f3n detallada [&hellip;]","og_url":"https:\/\/humanit.as\/experiences\/ninos-y-adolescentes\/natural-english-kids-camp\/preguntas-frecuentes-y-condiciones\/","og_site_name":"Humanit.as Learning Experiences","article_modified_time":"2018-05-18T11:28:31+00:00","twitter_card":"summary_large_image","twitter_misc":{"Tiempo de lectura":"7 minutos"},"schema":{"@context":"https:\/\/schema.org","@graph":[{"@type":"WebPage","@id":"https:\/\/humanit.as\/experiences\/ninos-y-adolescentes\/natural-english-kids-camp\/preguntas-frecuentes-y-condiciones\/","url":"https:\/\/humanit.as\/experiences\/ninos-y-adolescentes\/natural-english-kids-camp\/preguntas-frecuentes-y-condiciones\/","name":"Preguntas frecuentes y condiciones - Humanit.as Learning Experiences","isPartOf":{"@id":"https:\/\/humanit.as\/experiences\/#website"},"datePublished":"2015-12-12T16:13:53+00:00","dateModified":"2018-05-18T11:28:31+00:00","breadcrumb":{"@id":"https:\/\/humanit.as\/experiences\/ninos-y-adolescentes\/natural-english-kids-camp\/preguntas-frecuentes-y-condiciones\/#breadcrumb"},"inLanguage":"es","potentialAction":[{"@type":"ReadAction","target":["https:\/\/humanit.as\/experiences\/ninos-y-adolescentes\/natural-english-kids-camp\/preguntas-frecuentes-y-condiciones\/"]}]},{"@type":"BreadcrumbList","@id":"https:\/\/humanit.as\/experiences\/ninos-y-adolescentes\/natural-english-kids-camp\/preguntas-frecuentes-y-condiciones\/#breadcrumb","itemListElement":[{"@type":"ListItem","position":1,"name":"Inicio","item":"https:\/\/humanit.as\/experiences\/"},{"@type":"ListItem","position":2,"name":"Experiencias para ni\u00f1os y adolescentes","item":"https:\/\/humanit.as\/experiences\/ninos-y-adolescentes\/"},{"@type":"ListItem","position":3,"name":"Natural English Kids Camp","item":"https:\/\/humanit.as\/experiences\/ninos-y-adolescentes\/natural-english-kids-camp\/"},{"@type":"ListItem","position":4,"name":"Preguntas frecuentes y condiciones"}]},{"@type":"WebSite","@id":"https:\/\/humanit.as\/experiences\/#website","url":"https:\/\/humanit.as\/experiences\/","name":"Humanit.as Learning Experiences","description":"Experiencias para Aprender y Crecer","publisher":{"@id":"https:\/\/humanit.as\/experiences\/#organization"},"potentialAction":[{"@type":"SearchAction","target":{"@type":"EntryPoint","urlTemplate":"https:\/\/humanit.as\/experiences\/?s={search_term_string}"},"query-input":{"@type":"PropertyValueSpecification","valueRequired":true,"valueName":"search_term_string"}}],"inLanguage":"es"},{"@type":"Organization","@id":"https:\/\/humanit.as\/experiences\/#organization","name":"Humanit.as","url":"https:\/\/humanit.as\/experiences\/","logo":{"@type":"ImageObject","inLanguage":"es","@id":"https:\/\/humanit.as\/experiences\/#\/schema\/logo\/image\/","url":"http:\/\/s947857397.mialojamiento.es\/experiences\/wp-content\/uploads\/sites\/7\/2016\/02\/logotipo-humanitas-grande.jpg","contentUrl":"http:\/\/s947857397.mialojamiento.es\/experiences\/wp-content\/uploads\/sites\/7\/2016\/02\/logotipo-humanitas-grande.jpg","width":1800,"height":1800,"caption":"Humanit.as"},"image":{"@id":"https:\/\/humanit.as\/experiences\/#\/schema\/logo\/image\/"}}]}},"_links":{"self":[{"href":"https:\/\/humanit.as\/experiences\/wp-json\/wp\/v2\/pages\/121","targetHints":{"allow":["GET"]}}],"collection":[{"href":"https:\/\/humanit.as\/experiences\/wp-json\/wp\/v2\/pages"}],"about":[{"href":"https:\/\/humanit.as\/experiences\/wp-json\/wp\/v2\/types\/page"}],"author":[{"embeddable":true,"href":"https:\/\/humanit.as\/experiences\/wp-json\/wp\/v2\/users\/1"}],"replies":[{"embeddable":true,"href":"https:\/\/humanit.as\/experiences\/wp-json\/wp\/v2\/comments?post=121"}],"version-history":[{"count":0,"href":"https:\/\/humanit.as\/experiences\/wp-json\/wp\/v2\/pages\/121\/revisions"}],"up":[{"embeddable":true,"href":"https:\/\/humanit.as\/experiences\/wp-json\/wp\/v2\/pages\/68"}],"wp:attachment":[{"href":"https:\/\/humanit.as\/experiences\/wp-json\/wp\/v2\/media?parent=121"}],"wp:term":[{"taxonomy":"post_tag","embeddable":true,"href":"https:\/\/humanit.as\/experiences\/wp-json\/wp\/v2\/tags?post=121"}],"curies":[{"name":"wp","href":"https:\/\/api.w.org\/{rel}","templated":true}]}}