{"id":1206,"date":"2018-04-10T12:04:27","date_gmt":"2018-04-10T12:04:27","guid":{"rendered":"https:\/\/humanit.as\/experiences\/?page_id=1206"},"modified":"2018-04-10T12:04:27","modified_gmt":"2018-04-10T12:04:27","slug":"experiencias-inmersion-linguistica-adultos-estados-unidos","status":"publish","type":"page","link":"https:\/\/humanit.as\/experiences\/adultos\/inmersion-linguistica-extranjero-adultos\/experiencias-inmersion-linguistica-adultos-estados-unidos\/","title":{"rendered":"Experiencias de Inmersi\u00f3n Ling\u00fc\u00edstica para Adultos en Estados Unidos"},"content":{"rendered":"<p>[et_pb_section bb_built=\u00bb1&#8243; fullwidth=\u00bbon\u00bb _builder_version=\u00bb3.0.47&#8243;][et_pb_fullwidth_header title=\u00bbExperiencias de Inmersi\u00f3n Ling\u00fc\u00edstica para Adultos en Estados Unidos\u00bb subhead=\u00bbEstados Unidos es uno de los pa\u00edses angloparlantes m\u00e1s poblados del mundo y est\u00e1 lleno de oportunidades para quien quiera aprender ingl\u00e9s norteamericano y vivir una experiencia inolvidable.\u00bb background_layout=\u00bbdark\u00bb text_orientation=\u00bbcenter\u00bb header_fullscreen=\u00bboff\u00bb header_scroll_down=\u00bbon\u00bb scroll_down_icon=\u00bb%%10%%\u00bb button_one_text=\u00bbContacto\u00bb button_one_url=\u00bbhumanit.as\/experiences\/contacto\u00bb background_overlay_color=\u00bbrgba(0,0,0,0.82)\u00bb _builder_version=\u00bb3.0.76&#8243; title_font=\u00bb|on|||\u00bb title_font_size=\u00bb40px\u00bb content_font=\u00bb|on|||\u00bb content_font_size=\u00bb20px\u00bb subhead_font=\u00bb|on|||\u00bb subhead_font_size=\u00bb25px\u00bb background_image=\u00bbhttps:\/\/humanit.as\/experiences\/wp-content\/uploads\/sites\/7\/2018\/03\/Beautiful-USA-Flag.jpg\u00bb parallax=\u00bbon\u00bb parallax_method=\u00bbon\u00bb image_orientation=\u00bbcenter\u00bb content_orientation=\u00bbcenter\u00bb custom_button_two=\u00bboff\u00bb button_two_letter_spacing=\u00bb0&#8243; button_two_icon_placement=\u00bbright\u00bb button_two_letter_spacing_hover=\u00bb0&#8243; custom_button_one=\u00bboff\u00bb button_one_letter_spacing=\u00bb0&#8243; button_one_icon_placement=\u00bbright\u00bb button_one_letter_spacing_hover=\u00bb0&#8243; \/][\/et_pb_section][et_pb_section bb_built=\u00bb1&#8243; _builder_version=\u00bb3.0.47&#8243;][et_pb_row _builder_version=\u00bb3.0.47&#8243; background_size=\u00bbinitial\u00bb background_position=\u00bbtop_left\u00bb background_repeat=\u00bbrepeat\u00bb _i=\u00bb0&#8243; _address=\u00bb1.0&#8243;][et_pb_column type=\u00bb4_4&#8243;][et_pb_text admin_label=\u00bbNueva York\u00bb _builder_version=\u00bb3.0.76&#8243; background_layout=\u00bblight\u00bb text_font=\u00bbArimo||||\u00bb text_font_size=\u00bb30&#8243; text_orientation=\u00bbcenter\u00bb border_style=\u00bbsolid\u00bb module_alignment=\u00bbcenter\u00bb text_line_height=\u00bb2em\u00bb]<\/p>\n<p>La Gran Manzana, Nueva York, es una de las ciudades m\u00e1s conocidas del mundo. Son pocas las personas que no querr\u00edan disfrutar de una temporada en esta incre\u00edble metr\u00f3polis.<\/p>\n<p>[\/et_pb_text][et_pb_code admin_label=\u00bbNueva York\u00bb _builder_version=\u00bb3.0.76&#8243;]&lt;iframe src=\u00bbhttps:\/\/drive.google.com\/file\/d\/1SxuKOaUE61Ovg4OImEZa6VjUFKclroxf\/preview\u00bb width=\u00bb100%\u00bb height=\u00bb480&#8243;&gt;&lt;\/iframe&gt;[\/et_pb_code][et_pb_text admin_label=\u00bbBoston\u00bb _builder_version=\u00bb3.0.76&#8243; background_layout=\u00bblight\u00bb text_font=\u00bbArimo||||\u00bb text_font_size=\u00bb30&#8243; text_orientation=\u00bbcenter\u00bb border_style=\u00bbsolid\u00bb module_alignment=\u00bbcenter\u00bb text_line_height=\u00bb2em\u00bb]<\/p>\n<p>Curso de ingl\u00e9s y programa de inmersi\u00f3n ling\u00fc\u00edstica en Boston, una de las ciudades m\u00e1s antiguas y conocidas de los Estados Unidos, con alojamiento en familias o en residencia.<\/p>\n<p>[\/et_pb_text][et_pb_code admin_label=\u00bbBoston\u00bb _builder_version=\u00bb3.0.76&#8243;]&lt;iframe src=\u00bbhttps:\/\/drive.google.com\/file\/d\/1fIw4Lh0iczz2exeBwHWIiaDCuWCoNqBr\/preview\u00bb width=\u00bb100%\u00bb height=\u00bb480&#8243;&gt;&lt;\/iframe&gt;[\/et_pb_code][\/et_pb_column][\/et_pb_row][\/et_pb_section]<\/p>\n","protected":false},"excerpt":{"rendered":"<p>La Gran Manzana, Nueva York, es una de las ciudades m\u00e1s conocidas del mundo. Son pocas las personas que no querr\u00edan disfrutar de una temporada en esta incre\u00edble metr\u00f3polis. Curso de ingl\u00e9s y programa de inmersi\u00f3n ling\u00fc\u00edstica en Boston, una de las ciudades m\u00e1s antiguas y conocidas de los Estados Unidos, con alojamiento en familias [&hellip;]<\/p>\n","protected":false},"author":1,"featured_media":1101,"parent":1183,"menu_order":0,"comment_status":"closed","ping_status":"closed","template":"","meta":{"_et_pb_use_builder":"on","_et_pb_old_content":"","_et_gb_content_width":"","footnotes":""},"tags":[],"class_list":["post-1206","page","type-page","status-publish","has-post-thumbnail","hentry"],"yoast_head":"<!-- This site is optimized with the Yoast SEO plugin v27.4 - https:\/\/yoast.com\/product\/yoast-seo-wordpress\/ -->\n<title>Experiencias de Inmersi\u00f3n Ling\u00fc\u00edstica para Adultos en Estados Unidos - Humanit.as Learning Experiences<\/title>\n<meta name=\"robots\" content=\"index, follow, max-snippet:-1, max-image-preview:large, max-video-preview:-1\" \/>\n<link rel=\"canonical\" href=\"https:\/\/humanit.as\/experiences\/adultos\/inmersion-linguistica-extranjero-adultos\/experiencias-inmersion-linguistica-adultos-estados-unidos\/\" \/>\n<meta property=\"og:locale\" content=\"es_ES\" \/>\n<meta property=\"og:type\" content=\"article\" \/>\n<meta property=\"og:title\" content=\"Experiencias de Inmersi\u00f3n Ling\u00fc\u00edstica para Adultos en Estados Unidos - Humanit.as Learning Experiences\" \/>\n<meta property=\"og:description\" content=\"La Gran Manzana, Nueva York, es una de las ciudades m\u00e1s conocidas del mundo. Son pocas las personas que no querr\u00edan disfrutar de una temporada en esta incre\u00edble metr\u00f3polis. Curso de ingl\u00e9s y programa de inmersi\u00f3n ling\u00fc\u00edstica en Boston, una de las ciudades m\u00e1s antiguas y conocidas de los Estados Unidos, con alojamiento en familias [&hellip;]\" \/>\n<meta property=\"og:url\" content=\"https:\/\/humanit.as\/experiences\/adultos\/inmersion-linguistica-extranjero-adultos\/experiencias-inmersion-linguistica-adultos-estados-unidos\/\" \/>\n<meta property=\"og:site_name\" content=\"Humanit.as Learning Experiences\" \/>\n<meta property=\"og:image\" content=\"https:\/\/humanit.as\/experiences\/wp-content\/uploads\/sites\/7\/2018\/03\/Beautiful-USA-Flag.jpg\" \/>\n\t<meta property=\"og:image:width\" content=\"852\" \/>\n\t<meta property=\"og:image:height\" content=\"480\" \/>\n\t<meta property=\"og:image:type\" content=\"image\/jpeg\" \/>\n<meta name=\"twitter:card\" content=\"summary_large_image\" \/>\n<meta name=\"twitter:label1\" content=\"Tiempo de lectura\" \/>\n\t<meta name=\"twitter:data1\" content=\"2 minutos\" \/>\n<script type=\"application\/ld+json\" class=\"yoast-schema-graph\">{\"@context\":\"https:\\\/\\\/schema.org\",\"@graph\":[{\"@type\":\"WebPage\",\"@id\":\"https:\\\/\\\/humanit.as\\\/experiences\\\/adultos\\\/inmersion-linguistica-extranjero-adultos\\\/experiencias-inmersion-linguistica-adultos-estados-unidos\\\/\",\"url\":\"https:\\\/\\\/humanit.as\\\/experiences\\\/adultos\\\/inmersion-linguistica-extranjero-adultos\\\/experiencias-inmersion-linguistica-adultos-estados-unidos\\\/\",\"name\":\"Experiencias de Inmersi\u00f3n Ling\u00fc\u00edstica para Adultos en Estados Unidos - Humanit.as Learning Experiences\",\"isPartOf\":{\"@id\":\"https:\\\/\\\/humanit.as\\\/experiences\\\/#website\"},\"primaryImageOfPage\":{\"@id\":\"https:\\\/\\\/humanit.as\\\/experiences\\\/adultos\\\/inmersion-linguistica-extranjero-adultos\\\/experiencias-inmersion-linguistica-adultos-estados-unidos\\\/#primaryimage\"},\"image\":{\"@id\":\"https:\\\/\\\/humanit.as\\\/experiences\\\/adultos\\\/inmersion-linguistica-extranjero-adultos\\\/experiencias-inmersion-linguistica-adultos-estados-unidos\\\/#primaryimage\"},\"thumbnailUrl\":\"https:\\\/\\\/humanit.as\\\/experiences\\\/wp-content\\\/uploads\\\/sites\\\/7\\\/2018\\\/03\\\/Beautiful-USA-Flag.jpg\",\"datePublished\":\"2018-04-10T12:04:27+00:00\",\"breadcrumb\":{\"@id\":\"https:\\\/\\\/humanit.as\\\/experiences\\\/adultos\\\/inmersion-linguistica-extranjero-adultos\\\/experiencias-inmersion-linguistica-adultos-estados-unidos\\\/#breadcrumb\"},\"inLanguage\":\"es\",\"potentialAction\":[{\"@type\":\"ReadAction\",\"target\":[\"https:\\\/\\\/humanit.as\\\/experiences\\\/adultos\\\/inmersion-linguistica-extranjero-adultos\\\/experiencias-inmersion-linguistica-adultos-estados-unidos\\\/\"]}]},{\"@type\":\"ImageObject\",\"inLanguage\":\"es\",\"@id\":\"https:\\\/\\\/humanit.as\\\/experiences\\\/adultos\\\/inmersion-linguistica-extranjero-adultos\\\/experiencias-inmersion-linguistica-adultos-estados-unidos\\\/#primaryimage\",\"url\":\"https:\\\/\\\/humanit.as\\\/experiences\\\/wp-content\\\/uploads\\\/sites\\\/7\\\/2018\\\/03\\\/Beautiful-USA-Flag.jpg\",\"contentUrl\":\"https:\\\/\\\/humanit.as\\\/experiences\\\/wp-content\\\/uploads\\\/sites\\\/7\\\/2018\\\/03\\\/Beautiful-USA-Flag.jpg\",\"width\":852,\"height\":480},{\"@type\":\"BreadcrumbList\",\"@id\":\"https:\\\/\\\/humanit.as\\\/experiences\\\/adultos\\\/inmersion-linguistica-extranjero-adultos\\\/experiencias-inmersion-linguistica-adultos-estados-unidos\\\/#breadcrumb\",\"itemListElement\":[{\"@type\":\"ListItem\",\"position\":1,\"name\":\"Inicio\",\"item\":\"https:\\\/\\\/humanit.as\\\/experiences\\\/\"},{\"@type\":\"ListItem\",\"position\":2,\"name\":\"Experiencias para adultos\",\"item\":\"https:\\\/\\\/humanit.as\\\/experiences\\\/adultos\\\/\"},{\"@type\":\"ListItem\",\"position\":3,\"name\":\"Inmersi\u00f3n Ling\u00fc\u00edstica para Adultos en el Extranjero\",\"item\":\"https:\\\/\\\/humanit.as\\\/experiences\\\/adultos\\\/inmersion-linguistica-extranjero-adultos\\\/\"},{\"@type\":\"ListItem\",\"position\":4,\"name\":\"Experiencias de Inmersi\u00f3n Ling\u00fc\u00edstica para Adultos en Estados Unidos\"}]},{\"@type\":\"WebSite\",\"@id\":\"https:\\\/\\\/humanit.as\\\/experiences\\\/#website\",\"url\":\"https:\\\/\\\/humanit.as\\\/experiences\\\/\",\"name\":\"Humanit.as Learning Experiences\",\"description\":\"Experiencias para Aprender y Crecer\",\"publisher\":{\"@id\":\"https:\\\/\\\/humanit.as\\\/experiences\\\/#organization\"},\"potentialAction\":[{\"@type\":\"SearchAction\",\"target\":{\"@type\":\"EntryPoint\",\"urlTemplate\":\"https:\\\/\\\/humanit.as\\\/experiences\\\/?s={search_term_string}\"},\"query-input\":{\"@type\":\"PropertyValueSpecification\",\"valueRequired\":true,\"valueName\":\"search_term_string\"}}],\"inLanguage\":\"es\"},{\"@type\":\"Organization\",\"@id\":\"https:\\\/\\\/humanit.as\\\/experiences\\\/#organization\",\"name\":\"Humanit.as\",\"url\":\"https:\\\/\\\/humanit.as\\\/experiences\\\/\",\"logo\":{\"@type\":\"ImageObject\",\"inLanguage\":\"es\",\"@id\":\"https:\\\/\\\/humanit.as\\\/experiences\\\/#\\\/schema\\\/logo\\\/image\\\/\",\"url\":\"http:\\\/\\\/s947857397.mialojamiento.es\\\/experiences\\\/wp-content\\\/uploads\\\/sites\\\/7\\\/2016\\\/02\\\/logotipo-humanitas-grande.jpg\",\"contentUrl\":\"http:\\\/\\\/s947857397.mialojamiento.es\\\/experiences\\\/wp-content\\\/uploads\\\/sites\\\/7\\\/2016\\\/02\\\/logotipo-humanitas-grande.jpg\",\"width\":1800,\"height\":1800,\"caption\":\"Humanit.as\"},\"image\":{\"@id\":\"https:\\\/\\\/humanit.as\\\/experiences\\\/#\\\/schema\\\/logo\\\/image\\\/\"}}]}<\/script>\n<!-- \/ Yoast SEO plugin. -->","yoast_head_json":{"title":"Experiencias de Inmersi\u00f3n Ling\u00fc\u00edstica para Adultos en Estados Unidos - Humanit.as Learning Experiences","robots":{"index":"index","follow":"follow","max-snippet":"max-snippet:-1","max-image-preview":"max-image-preview:large","max-video-preview":"max-video-preview:-1"},"canonical":"https:\/\/humanit.as\/experiences\/adultos\/inmersion-linguistica-extranjero-adultos\/experiencias-inmersion-linguistica-adultos-estados-unidos\/","og_locale":"es_ES","og_type":"article","og_title":"Experiencias de Inmersi\u00f3n Ling\u00fc\u00edstica para Adultos en Estados Unidos - Humanit.as Learning Experiences","og_description":"La Gran Manzana, Nueva York, es una de las ciudades m\u00e1s conocidas del mundo. Son pocas las personas que no querr\u00edan disfrutar de una temporada en esta incre\u00edble metr\u00f3polis. Curso de ingl\u00e9s y programa de inmersi\u00f3n ling\u00fc\u00edstica en Boston, una de las ciudades m\u00e1s antiguas y conocidas de los Estados Unidos, con alojamiento en familias [&hellip;]","og_url":"https:\/\/humanit.as\/experiences\/adultos\/inmersion-linguistica-extranjero-adultos\/experiencias-inmersion-linguistica-adultos-estados-unidos\/","og_site_name":"Humanit.as Learning Experiences","og_image":[{"width":852,"height":480,"url":"https:\/\/humanit.as\/experiences\/wp-content\/uploads\/sites\/7\/2018\/03\/Beautiful-USA-Flag.jpg","type":"image\/jpeg"}],"twitter_card":"summary_large_image","twitter_misc":{"Tiempo de lectura":"2 minutos"},"schema":{"@context":"https:\/\/schema.org","@graph":[{"@type":"WebPage","@id":"https:\/\/humanit.as\/experiences\/adultos\/inmersion-linguistica-extranjero-adultos\/experiencias-inmersion-linguistica-adultos-estados-unidos\/","url":"https:\/\/humanit.as\/experiences\/adultos\/inmersion-linguistica-extranjero-adultos\/experiencias-inmersion-linguistica-adultos-estados-unidos\/","name":"Experiencias de Inmersi\u00f3n Ling\u00fc\u00edstica para Adultos en Estados Unidos - Humanit.as Learning Experiences","isPartOf":{"@id":"https:\/\/humanit.as\/experiences\/#website"},"primaryImageOfPage":{"@id":"https:\/\/humanit.as\/experiences\/adultos\/inmersion-linguistica-extranjero-adultos\/experiencias-inmersion-linguistica-adultos-estados-unidos\/#primaryimage"},"image":{"@id":"https:\/\/humanit.as\/experiences\/adultos\/inmersion-linguistica-extranjero-adultos\/experiencias-inmersion-linguistica-adultos-estados-unidos\/#primaryimage"},"thumbnailUrl":"https:\/\/humanit.as\/experiences\/wp-content\/uploads\/sites\/7\/2018\/03\/Beautiful-USA-Flag.jpg","datePublished":"2018-04-10T12:04:27+00:00","breadcrumb":{"@id":"https:\/\/humanit.as\/experiences\/adultos\/inmersion-linguistica-extranjero-adultos\/experiencias-inmersion-linguistica-adultos-estados-unidos\/#breadcrumb"},"inLanguage":"es","potentialAction":[{"@type":"ReadAction","target":["https:\/\/humanit.as\/experiences\/adultos\/inmersion-linguistica-extranjero-adultos\/experiencias-inmersion-linguistica-adultos-estados-unidos\/"]}]},{"@type":"ImageObject","inLanguage":"es","@id":"https:\/\/humanit.as\/experiences\/adultos\/inmersion-linguistica-extranjero-adultos\/experiencias-inmersion-linguistica-adultos-estados-unidos\/#primaryimage","url":"https:\/\/humanit.as\/experiences\/wp-content\/uploads\/sites\/7\/2018\/03\/Beautiful-USA-Flag.jpg","contentUrl":"https:\/\/humanit.as\/experiences\/wp-content\/uploads\/sites\/7\/2018\/03\/Beautiful-USA-Flag.jpg","width":852,"height":480},{"@type":"BreadcrumbList","@id":"https:\/\/humanit.as\/experiences\/adultos\/inmersion-linguistica-extranjero-adultos\/experiencias-inmersion-linguistica-adultos-estados-unidos\/#breadcrumb","itemListElement":[{"@type":"ListItem","position":1,"name":"Inicio","item":"https:\/\/humanit.as\/experiences\/"},{"@type":"ListItem","position":2,"name":"Experiencias para adultos","item":"https:\/\/humanit.as\/experiences\/adultos\/"},{"@type":"ListItem","position":3,"name":"Inmersi\u00f3n Ling\u00fc\u00edstica para Adultos en el Extranjero","item":"https:\/\/humanit.as\/experiences\/adultos\/inmersion-linguistica-extranjero-adultos\/"},{"@type":"ListItem","position":4,"name":"Experiencias de Inmersi\u00f3n Ling\u00fc\u00edstica para Adultos en Estados Unidos"}]},{"@type":"WebSite","@id":"https:\/\/humanit.as\/experiences\/#website","url":"https:\/\/humanit.as\/experiences\/","name":"Humanit.as Learning Experiences","description":"Experiencias para Aprender y Crecer","publisher":{"@id":"https:\/\/humanit.as\/experiences\/#organization"},"potentialAction":[{"@type":"SearchAction","target":{"@type":"EntryPoint","urlTemplate":"https:\/\/humanit.as\/experiences\/?s={search_term_string}"},"query-input":{"@type":"PropertyValueSpecification","valueRequired":true,"valueName":"search_term_string"}}],"inLanguage":"es"},{"@type":"Organization","@id":"https:\/\/humanit.as\/experiences\/#organization","name":"Humanit.as","url":"https:\/\/humanit.as\/experiences\/","logo":{"@type":"ImageObject","inLanguage":"es","@id":"https:\/\/humanit.as\/experiences\/#\/schema\/logo\/image\/","url":"http:\/\/s947857397.mialojamiento.es\/experiences\/wp-content\/uploads\/sites\/7\/2016\/02\/logotipo-humanitas-grande.jpg","contentUrl":"http:\/\/s947857397.mialojamiento.es\/experiences\/wp-content\/uploads\/sites\/7\/2016\/02\/logotipo-humanitas-grande.jpg","width":1800,"height":1800,"caption":"Humanit.as"},"image":{"@id":"https:\/\/humanit.as\/experiences\/#\/schema\/logo\/image\/"}}]}},"_links":{"self":[{"href":"https:\/\/humanit.as\/experiences\/wp-json\/wp\/v2\/pages\/1206","targetHints":{"allow":["GET"]}}],"collection":[{"href":"https:\/\/humanit.as\/experiences\/wp-json\/wp\/v2\/pages"}],"about":[{"href":"https:\/\/humanit.as\/experiences\/wp-json\/wp\/v2\/types\/page"}],"author":[{"embeddable":true,"href":"https:\/\/humanit.as\/experiences\/wp-json\/wp\/v2\/users\/1"}],"replies":[{"embeddable":true,"href":"https:\/\/humanit.as\/experiences\/wp-json\/wp\/v2\/comments?post=1206"}],"version-history":[{"count":0,"href":"https:\/\/humanit.as\/experiences\/wp-json\/wp\/v2\/pages\/1206\/revisions"}],"up":[{"embeddable":true,"href":"https:\/\/humanit.as\/experiences\/wp-json\/wp\/v2\/pages\/1183"}],"wp:featuredmedia":[{"embeddable":true,"href":"https:\/\/humanit.as\/experiences\/wp-json\/wp\/v2\/media\/1101"}],"wp:attachment":[{"href":"https:\/\/humanit.as\/experiences\/wp-json\/wp\/v2\/media?parent=1206"}],"wp:term":[{"taxonomy":"post_tag","embeddable":true,"href":"https:\/\/humanit.as\/experiences\/wp-json\/wp\/v2\/tags?post=1206"}],"curies":[{"name":"wp","href":"https:\/\/api.w.org\/{rel}","templated":true}]}}