{"id":1200,"date":"2018-04-10T10:54:30","date_gmt":"2018-04-10T10:54:30","guid":{"rendered":"https:\/\/humanit.as\/experiences\/?page_id=1200"},"modified":"2018-04-10T11:41:22","modified_gmt":"2018-04-10T11:41:22","slug":"inmersion-ingles-adultos-irlanda","status":"publish","type":"page","link":"https:\/\/humanit.as\/experiences\/adultos\/inmersion-linguistica-extranjero-adultos\/inmersion-ingles-adultos-irlanda\/","title":{"rendered":"Inmersi\u00f3n en Ingl\u00e9s para Adultos en Irlanda"},"content":{"rendered":"<p>[et_pb_section bb_built=\u00bb1&#8243; fullwidth=\u00bbon\u00bb _builder_version=\u00bb3.0.47&#8243;][et_pb_fullwidth_header title=\u00bbExperiencias de Inmersi\u00f3n Ling\u00fc\u00edstica para Adultos en Irlanda\u00bb subhead=\u00bbIrlanda se conoce por sus campos verdes y la hospitalidad de la gente. Abajo encontrar\u00e1s informaci\u00f3n acerca de nuestros programas de inmersi\u00f3n ling\u00fc\u00edstica para adultos en %22La Isla Esmeralda%22:\u00bb background_layout=\u00bbdark\u00bb text_orientation=\u00bbcenter\u00bb header_fullscreen=\u00bboff\u00bb header_scroll_down=\u00bbon\u00bb scroll_down_icon=\u00bb%%10%%\u00bb button_one_text=\u00bbContacto\u00bb button_one_url=\u00bbhumanit.as\/experiences\/contacto\u00bb background_overlay_color=\u00bbrgba(0,0,0,0.82)\u00bb _builder_version=\u00bb3.0.76&#8243; title_font=\u00bb|on|||\u00bb title_font_size=\u00bb40px\u00bb content_font=\u00bb|on|||\u00bb content_font_size=\u00bb20px\u00bb subhead_font=\u00bb|on|||\u00bb subhead_font_size=\u00bb25px\u00bb background_image=\u00bbhttps:\/\/humanit.as\/experiences\/wp-content\/uploads\/sites\/7\/2018\/03\/ireland_grunge_flag_by_think0.jpg\u00bb parallax=\u00bbon\u00bb parallax_method=\u00bbon\u00bb image_orientation=\u00bbcenter\u00bb content_orientation=\u00bbcenter\u00bb custom_button_two=\u00bboff\u00bb button_two_letter_spacing=\u00bb0&#8243; button_two_icon_placement=\u00bbright\u00bb button_two_letter_spacing_hover=\u00bb0&#8243; custom_button_one=\u00bboff\u00bb button_one_letter_spacing=\u00bb0&#8243; button_one_icon_placement=\u00bbright\u00bb button_one_letter_spacing_hover=\u00bb0&#8243; \/][\/et_pb_section][et_pb_section bb_built=\u00bb1&#8243; _builder_version=\u00bb3.0.47&#8243;][et_pb_row _builder_version=\u00bb3.0.47&#8243; background_size=\u00bbinitial\u00bb background_position=\u00bbtop_left\u00bb background_repeat=\u00bbrepeat\u00bb _i=\u00bb0&#8243; _address=\u00bb1.0&#8243;][et_pb_column type=\u00bb4_4&#8243;][et_pb_text admin_label=\u00bbInmersi\u00f3n familia\u00bb _builder_version=\u00bb3.0.76&#8243; background_layout=\u00bblight\u00bb text_font=\u00bbArimo||||\u00bb text_font_size=\u00bb30&#8243; text_orientation=\u00bbcenter\u00bb border_style=\u00bbsolid\u00bb module_alignment=\u00bbcenter\u00bb text_line_height=\u00bb2em\u00bb]<\/p>\n<p>Este programa se basa en la conviviencia con una familia anfitriona. Las familias pueden estar en cualquier punto de Irlanda, aunque los lugares m\u00e1s comunes son: Mayo, Kildare, Meath y Wicklow.<\/p>\n<p>[\/et_pb_text][et_pb_code admin_label=\u00bbInmersi\u00f3n familia\u00bb _builder_version=\u00bb3.0.76&#8243;]&lt;iframe src=\u00bbhttps:\/\/drive.google.com\/file\/d\/1-tpJYgIfTUr8zAci6snTSVSFpfGy8H7o\/preview\u00bb width=\u00bb100%\u00bb height=\u00bb480&#8243;&gt;&lt;\/iframe&gt;[\/et_pb_code][et_pb_text admin_label=\u00bbLow Cost Ennie\u00bb _builder_version=\u00bb3.0.76&#8243; background_layout=\u00bblight\u00bb text_font=\u00bbArimo||||\u00bb text_font_size=\u00bb30&#8243; text_orientation=\u00bbcenter\u00bb border_style=\u00bbsolid\u00bb module_alignment=\u00bbcenter\u00bb text_line_height=\u00bb2em\u00bb]<\/p>\n<p>Cursos de ingl\u00e9s econ\u00f3micos en Ennis, capital y la mayor ciudad del Condado de Clare en la costa oeste de Irlanda.<\/p>\n<p>[\/et_pb_text][et_pb_code admin_label=\u00bbLos cost Ennis\u00bb _builder_version=\u00bb3.0.76&#8243;]&lt;iframe src=\u00bbhttps:\/\/drive.google.com\/file\/d\/15mZaLEDGxhKHQg_etDJYp1M23Ecr45zw\/preview\u00bb width=\u00bb100%\u00bb height=\u00bb480&#8243;&gt;&lt;\/iframe&gt;[\/et_pb_code][et_pb_text admin_label=\u00bbCork\u00bb _builder_version=\u00bb3.0.76&#8243; background_layout=\u00bblight\u00bb text_font=\u00bbArimo||||\u00bb text_font_size=\u00bb30&#8243; text_orientation=\u00bbcenter\u00bb border_style=\u00bbsolid\u00bb module_alignment=\u00bbcenter\u00bb text_line_height=\u00bb2em\u00bb]<\/p>\n<p>Cursos de ingl\u00e9s con alojamiento en familias o apartamentos en Cork, Irlanda.<\/p>\n<p>[\/et_pb_text][et_pb_code admin_label=\u00bbCork Familia o Apartamentos\u00bb _builder_version=\u00bb3.0.76&#8243;]&lt;iframe src=\u00bbhttps:\/\/drive.google.com\/file\/d\/1EF47PDuQF_FR_680d167OjWI3OZj_2iT\/preview\u00bb width=\u00bb100%\u00bb height=\u00bb480&#8243;&gt;&lt;\/iframe&gt;[\/et_pb_code][et_pb_text admin_label=\u00bbAu Pair Irlanda\u00bb _builder_version=\u00bb3.0.76&#8243; background_layout=\u00bblight\u00bb text_font=\u00bbArimo||||\u00bb text_font_size=\u00bb30&#8243; text_orientation=\u00bbcenter\u00bb border_style=\u00bbsolid\u00bb module_alignment=\u00bbcenter\u00bb text_line_height=\u00bb2em\u00bb]<\/p>\n<p>Una aut\u00e9ntica inmersi\u00f3n ling\u00fc\u00edstica y cultural, este programa proporciona una oportunidad de participar con los cuidados de los ni\u00f1os en una familia irlandesa.<\/p>\n<p>[\/et_pb_text][et_pb_code admin_label=\u00bbAu Pair Irlanda\u00bb _builder_version=\u00bb3.0.76&#8243;]&lt;iframe src=\u00bbhttps:\/\/drive.google.com\/file\/d\/1PdY0OOboYcQ0xKoD8QPjLjmVcGM9ShgC\/preview\u00bb width=\u00bb100%\u00bb height=\u00bb480&#8243;&gt;&lt;\/iframe&gt;[\/et_pb_code][et_pb_text admin_label=\u00bbUniversidad de Limerick\u00bb _builder_version=\u00bb3.0.76&#8243; background_layout=\u00bblight\u00bb text_font=\u00bbArimo||||\u00bb text_font_size=\u00bb30&#8243; text_orientation=\u00bbcenter\u00bb border_style=\u00bbsolid\u00bb module_alignment=\u00bbcenter\u00bb text_line_height=\u00bb2em\u00bb]<\/p>\n<p>Cursos de ingl\u00e9s e inmersi\u00f3n ling\u00fc\u00edstica dentro, y en los alrededores, de las fant\u00e1sticas instalaciones de la Universidad de Limerick.<\/p>\n<p>[\/et_pb_text][et_pb_code admin_label=\u00bbUniversidad de Limerick\u00bb _builder_version=\u00bb3.0.76&#8243;]&lt;iframe src=\u00bbhttps:\/\/drive.google.com\/file\/d\/1WIjaIgN8D9uMQH37jbFMcPQhZT0IhoyZ\/preview\u00bb width=\u00bb100%\u00bb height=\u00bb480&#8243;&gt;&lt;\/iframe&gt;[\/et_pb_code][et_pb_text admin_label=\u00bbCentro de Dublin\u00bb _builder_version=\u00bb3.0.76&#8243; background_layout=\u00bblight\u00bb text_font=\u00bbArimo||||\u00bb text_font_size=\u00bb30&#8243; text_orientation=\u00bbcenter\u00bb border_style=\u00bbsolid\u00bb module_alignment=\u00bbcenter\u00bb text_line_height=\u00bb2em\u00bb]<\/p>\n<p>Una experiencia de inmersi\u00f3n en ingl\u00e9s en el centro de Dublin, para los amantes de la vida urbana. La capital de Irlanda ofrece enormes posibilidades culturales y de ocio para todos los gustos.<\/p>\n<p>[\/et_pb_text][et_pb_code admin_label=\u00bbCentro de Dublin\u00bb _builder_version=\u00bb3.0.76&#8243;]&lt;iframe src=\u00bbhttps:\/\/drive.google.com\/file\/d\/1Zz2XRzdTpe_P6G2B2UEfC3d_pnZ1ypcx\/preview\u00bb width=\u00bb100%\u00bb height=\u00bb480&#8243;&gt;&lt;\/iframe&gt;[\/et_pb_code][et_pb_text admin_label=\u00bbGalway\u00bb _builder_version=\u00bb3.0.76&#8243; background_layout=\u00bblight\u00bb text_font=\u00bbArimo||||\u00bb text_font_size=\u00bb30&#8243; text_orientation=\u00bbcenter\u00bb border_style=\u00bbsolid\u00bb module_alignment=\u00bbcenter\u00bb text_line_height=\u00bb2em\u00bb]<\/p>\n<p>Cursos e inmersi\u00f3n en ingl\u00e9s en Galway al oeste de Irlanda. Existe la posibilidad de alojarse con una familia anfitriona o en apartamentos.<\/p>\n<p>[\/et_pb_text][et_pb_code admin_label=\u00bbGalway\u00bb _builder_version=\u00bb3.0.76&#8243;]&lt;iframe src=\u00bbhttps:\/\/drive.google.com\/file\/d\/1eqDEKVx_9kthf1OcrfL_RbBr2Sh0cs70\/preview\u00bb width=\u00bb100%\u00bb height=\u00bb480&#8243;&gt;&lt;\/iframe&gt;[\/et_pb_code][et_pb_text admin_label=\u00bbBray Low Cost\u00bb _builder_version=\u00bb3.0.76&#8243; background_layout=\u00bblight\u00bb text_font=\u00bbArimo||||\u00bb text_font_size=\u00bb30&#8243; text_orientation=\u00bbcenter\u00bb border_style=\u00bbsolid\u00bb module_alignment=\u00bbcenter\u00bb text_line_height=\u00bb2em\u00bb]<\/p>\n<p>Bray es un puque\u00f1o costero al sur de Dublin. Este programa de inmersi\u00f3n low cost con familia o en un apartamento compartido ofrece una combinaci\u00f3n de tranquilidad y actividades interesantes.<\/p>\n<p>[\/et_pb_text][et_pb_code admin_label=\u00bbBray Low Cost\u00bb _builder_version=\u00bb3.0.76&#8243;]&lt;iframe src=\u00bbhttps:\/\/drive.google.com\/file\/d\/1tD_9A3FO2G7PWYnNhlQHEiFlBTN-wObJ\/preview\u00bb width=\u00bb100%\u00bb height=\u00bb480&#8243;&gt;&lt;\/iframe&gt;[\/et_pb_code][et_pb_text admin_label=\u00bbMalahide\u00bb _builder_version=\u00bb3.0.76&#8243; background_layout=\u00bblight\u00bb text_font=\u00bbArimo||||\u00bb text_font_size=\u00bb30&#8243; text_orientation=\u00bbcenter\u00bb border_style=\u00bbsolid\u00bb module_alignment=\u00bbcenter\u00bb text_line_height=\u00bb2em\u00bb]<\/p>\n<p>Malahide es otro pueblo costero al norte de Dublin. El alojamiento en este programa es con familias irlandesas.<\/p>\n<p>[\/et_pb_text][et_pb_code admin_label=\u00bbMalahide\u00bb _builder_version=\u00bb3.0.76&#8243;]&lt;iframe src=\u00bbhttps:\/\/drive.google.com\/file\/d\/1vX6A94eL2tuE4fL27gl1TF3pc3V7sCoj\/preview\u00bb width=\u00bb100%\u00bb height=\u00bb480&#8243;&gt;&lt;\/iframe&gt;[\/et_pb_code][et_pb_text admin_label=\u00bbSemi-Inmersi\u00f3n\u00bb _builder_version=\u00bb3.0.76&#8243; background_layout=\u00bblight\u00bb text_font=\u00bbArimo||||\u00bb text_font_size=\u00bb30&#8243; text_orientation=\u00bbcenter\u00bb border_style=\u00bbsolid\u00bb module_alignment=\u00bbcenter\u00bb text_line_height=\u00bb2em\u00bb]<\/p>\n<p>Los programas de semi-inmersi\u00f3n sin clases incluyen alojamiento y media pensi\u00f3n con familias anfitrionas y periodos de tiempo para que los participantes tengan tiempo para aprender por su cuenta, tal vez buscando actividades por la zona que se ajusten a sus intereses.<\/p>\n<p>[\/et_pb_text][et_pb_code admin_label=\u00bbSemi-inmersi\u00f3n\u00bb _builder_version=\u00bb3.0.76&#8243;]&lt;iframe src=\u00bbhttps:\/\/drive.google.com\/file\/d\/1w6TElG_qfsLG0rVfDctY0J9HLXRGkA2-\/preview\u00bb width=\u00bb100%\u00bb height=\u00bb480&#8243;&gt;&lt;\/iframe&gt;[\/et_pb_code][\/et_pb_column][\/et_pb_row][\/et_pb_section]<\/p>\n","protected":false},"excerpt":{"rendered":"<p>Este programa se basa en la conviviencia con una familia anfitriona. Las familias pueden estar en cualquier punto de Irlanda, aunque los lugares m\u00e1s comunes son: Mayo, Kildare, Meath y Wicklow. Cursos de ingl\u00e9s econ\u00f3micos en Ennis, capital y la mayor ciudad del Condado de Clare en la costa oeste de Irlanda. Cursos de ingl\u00e9s [&hellip;]<\/p>\n","protected":false},"author":1,"featured_media":1095,"parent":1183,"menu_order":0,"comment_status":"closed","ping_status":"closed","template":"","meta":{"_et_pb_use_builder":"on","_et_pb_old_content":"","_et_gb_content_width":"","footnotes":""},"tags":[],"class_list":["post-1200","page","type-page","status-publish","has-post-thumbnail","hentry"],"yoast_head":"<!-- This site is optimized with the Yoast SEO plugin v22.0 - https:\/\/yoast.com\/wordpress\/plugins\/seo\/ -->\n<title>Inmersi\u00f3n en Ingl\u00e9s para Adultos en Irlanda - Humanit.as Learning Experiences<\/title>\n<meta name=\"robots\" content=\"index, follow, max-snippet:-1, max-image-preview:large, max-video-preview:-1\" \/>\n<link rel=\"canonical\" href=\"https:\/\/humanit.as\/experiences\/adultos\/inmersion-linguistica-extranjero-adultos\/inmersion-ingles-adultos-irlanda\/\" \/>\n<meta property=\"og:locale\" content=\"es_ES\" \/>\n<meta property=\"og:type\" content=\"article\" \/>\n<meta property=\"og:title\" content=\"Inmersi\u00f3n en Ingl\u00e9s para Adultos en Irlanda - Humanit.as Learning Experiences\" \/>\n<meta property=\"og:description\" content=\"Este programa se basa en la conviviencia con una familia anfitriona. Las familias pueden estar en cualquier punto de Irlanda, aunque los lugares m\u00e1s comunes son: Mayo, Kildare, Meath y Wicklow. Cursos de ingl\u00e9s econ\u00f3micos en Ennis, capital y la mayor ciudad del Condado de Clare en la costa oeste de Irlanda. Cursos de ingl\u00e9s [&hellip;]\" \/>\n<meta property=\"og:url\" content=\"https:\/\/humanit.as\/experiences\/adultos\/inmersion-linguistica-extranjero-adultos\/inmersion-ingles-adultos-irlanda\/\" \/>\n<meta property=\"og:site_name\" content=\"Humanit.as Learning Experiences\" \/>\n<meta property=\"article:modified_time\" content=\"2018-04-10T11:41:22+00:00\" \/>\n<meta property=\"og:image\" content=\"https:\/\/humanit.as\/experiences\/wp-content\/uploads\/sites\/7\/2018\/03\/ireland_grunge_flag_by_think0.jpg\" \/>\n\t<meta property=\"og:image:width\" content=\"1600\" \/>\n\t<meta property=\"og:image:height\" content=\"1001\" \/>\n\t<meta property=\"og:image:type\" content=\"image\/jpeg\" \/>\n<meta name=\"twitter:card\" content=\"summary_large_image\" \/>\n<meta name=\"twitter:label1\" content=\"Tiempo de lectura\" \/>\n\t<meta name=\"twitter:data1\" content=\"6 minutos\" \/>\n<script type=\"application\/ld+json\" class=\"yoast-schema-graph\">{\"@context\":\"https:\/\/schema.org\",\"@graph\":[{\"@type\":\"WebPage\",\"@id\":\"https:\/\/humanit.as\/experiences\/adultos\/inmersion-linguistica-extranjero-adultos\/inmersion-ingles-adultos-irlanda\/\",\"url\":\"https:\/\/humanit.as\/experiences\/adultos\/inmersion-linguistica-extranjero-adultos\/inmersion-ingles-adultos-irlanda\/\",\"name\":\"Inmersi\u00f3n en Ingl\u00e9s para Adultos en Irlanda - Humanit.as Learning Experiences\",\"isPartOf\":{\"@id\":\"https:\/\/humanit.as\/experiences\/#website\"},\"datePublished\":\"2018-04-10T10:54:30+00:00\",\"dateModified\":\"2018-04-10T11:41:22+00:00\",\"breadcrumb\":{\"@id\":\"https:\/\/humanit.as\/experiences\/adultos\/inmersion-linguistica-extranjero-adultos\/inmersion-ingles-adultos-irlanda\/#breadcrumb\"},\"inLanguage\":\"es\",\"potentialAction\":[{\"@type\":\"ReadAction\",\"target\":[\"https:\/\/humanit.as\/experiences\/adultos\/inmersion-linguistica-extranjero-adultos\/inmersion-ingles-adultos-irlanda\/\"]}]},{\"@type\":\"BreadcrumbList\",\"@id\":\"https:\/\/humanit.as\/experiences\/adultos\/inmersion-linguistica-extranjero-adultos\/inmersion-ingles-adultos-irlanda\/#breadcrumb\",\"itemListElement\":[{\"@type\":\"ListItem\",\"position\":1,\"name\":\"Inicio\",\"item\":\"https:\/\/humanit.as\/experiences\/\"},{\"@type\":\"ListItem\",\"position\":2,\"name\":\"Experiencias para adultos\",\"item\":\"https:\/\/humanit.as\/experiences\/adultos\/\"},{\"@type\":\"ListItem\",\"position\":3,\"name\":\"Inmersi\u00f3n Ling\u00fc\u00edstica para Adultos en el Extranjero\",\"item\":\"https:\/\/humanit.as\/experiences\/adultos\/inmersion-linguistica-extranjero-adultos\/\"},{\"@type\":\"ListItem\",\"position\":4,\"name\":\"Inmersi\u00f3n en Ingl\u00e9s para Adultos en Irlanda\"}]},{\"@type\":\"WebSite\",\"@id\":\"https:\/\/humanit.as\/experiences\/#website\",\"url\":\"https:\/\/humanit.as\/experiences\/\",\"name\":\"Humanit.as Learning Experiences\",\"description\":\"Experiencias para Aprender y Crecer\",\"publisher\":{\"@id\":\"https:\/\/humanit.as\/experiences\/#organization\"},\"potentialAction\":[{\"@type\":\"SearchAction\",\"target\":{\"@type\":\"EntryPoint\",\"urlTemplate\":\"https:\/\/humanit.as\/experiences\/?s={search_term_string}\"},\"query-input\":\"required name=search_term_string\"}],\"inLanguage\":\"es\"},{\"@type\":\"Organization\",\"@id\":\"https:\/\/humanit.as\/experiences\/#organization\",\"name\":\"Humanit.as\",\"url\":\"https:\/\/humanit.as\/experiences\/\",\"logo\":{\"@type\":\"ImageObject\",\"inLanguage\":\"es\",\"@id\":\"https:\/\/humanit.as\/experiences\/#\/schema\/logo\/image\/\",\"url\":\"http:\/\/s947857397.mialojamiento.es\/experiences\/wp-content\/uploads\/sites\/7\/2016\/02\/logotipo-humanitas-grande.jpg\",\"contentUrl\":\"http:\/\/s947857397.mialojamiento.es\/experiences\/wp-content\/uploads\/sites\/7\/2016\/02\/logotipo-humanitas-grande.jpg\",\"width\":1800,\"height\":1800,\"caption\":\"Humanit.as\"},\"image\":{\"@id\":\"https:\/\/humanit.as\/experiences\/#\/schema\/logo\/image\/\"}}]}<\/script>\n<!-- \/ Yoast SEO plugin. -->","yoast_head_json":{"title":"Inmersi\u00f3n en Ingl\u00e9s para Adultos en Irlanda - Humanit.as Learning Experiences","robots":{"index":"index","follow":"follow","max-snippet":"max-snippet:-1","max-image-preview":"max-image-preview:large","max-video-preview":"max-video-preview:-1"},"canonical":"https:\/\/humanit.as\/experiences\/adultos\/inmersion-linguistica-extranjero-adultos\/inmersion-ingles-adultos-irlanda\/","og_locale":"es_ES","og_type":"article","og_title":"Inmersi\u00f3n en Ingl\u00e9s para Adultos en Irlanda - Humanit.as Learning Experiences","og_description":"Este programa se basa en la conviviencia con una familia anfitriona. Las familias pueden estar en cualquier punto de Irlanda, aunque los lugares m\u00e1s comunes son: Mayo, Kildare, Meath y Wicklow. Cursos de ingl\u00e9s econ\u00f3micos en Ennis, capital y la mayor ciudad del Condado de Clare en la costa oeste de Irlanda. Cursos de ingl\u00e9s [&hellip;]","og_url":"https:\/\/humanit.as\/experiences\/adultos\/inmersion-linguistica-extranjero-adultos\/inmersion-ingles-adultos-irlanda\/","og_site_name":"Humanit.as Learning Experiences","article_modified_time":"2018-04-10T11:41:22+00:00","og_image":[{"width":1600,"height":1001,"url":"https:\/\/humanit.as\/experiences\/wp-content\/uploads\/sites\/7\/2018\/03\/ireland_grunge_flag_by_think0.jpg","type":"image\/jpeg"}],"twitter_card":"summary_large_image","twitter_misc":{"Tiempo de lectura":"6 minutos"},"schema":{"@context":"https:\/\/schema.org","@graph":[{"@type":"WebPage","@id":"https:\/\/humanit.as\/experiences\/adultos\/inmersion-linguistica-extranjero-adultos\/inmersion-ingles-adultos-irlanda\/","url":"https:\/\/humanit.as\/experiences\/adultos\/inmersion-linguistica-extranjero-adultos\/inmersion-ingles-adultos-irlanda\/","name":"Inmersi\u00f3n en Ingl\u00e9s para Adultos en Irlanda - Humanit.as Learning Experiences","isPartOf":{"@id":"https:\/\/humanit.as\/experiences\/#website"},"datePublished":"2018-04-10T10:54:30+00:00","dateModified":"2018-04-10T11:41:22+00:00","breadcrumb":{"@id":"https:\/\/humanit.as\/experiences\/adultos\/inmersion-linguistica-extranjero-adultos\/inmersion-ingles-adultos-irlanda\/#breadcrumb"},"inLanguage":"es","potentialAction":[{"@type":"ReadAction","target":["https:\/\/humanit.as\/experiences\/adultos\/inmersion-linguistica-extranjero-adultos\/inmersion-ingles-adultos-irlanda\/"]}]},{"@type":"BreadcrumbList","@id":"https:\/\/humanit.as\/experiences\/adultos\/inmersion-linguistica-extranjero-adultos\/inmersion-ingles-adultos-irlanda\/#breadcrumb","itemListElement":[{"@type":"ListItem","position":1,"name":"Inicio","item":"https:\/\/humanit.as\/experiences\/"},{"@type":"ListItem","position":2,"name":"Experiencias para adultos","item":"https:\/\/humanit.as\/experiences\/adultos\/"},{"@type":"ListItem","position":3,"name":"Inmersi\u00f3n Ling\u00fc\u00edstica para Adultos en el Extranjero","item":"https:\/\/humanit.as\/experiences\/adultos\/inmersion-linguistica-extranjero-adultos\/"},{"@type":"ListItem","position":4,"name":"Inmersi\u00f3n en Ingl\u00e9s para Adultos en Irlanda"}]},{"@type":"WebSite","@id":"https:\/\/humanit.as\/experiences\/#website","url":"https:\/\/humanit.as\/experiences\/","name":"Humanit.as Learning Experiences","description":"Experiencias para Aprender y Crecer","publisher":{"@id":"https:\/\/humanit.as\/experiences\/#organization"},"potentialAction":[{"@type":"SearchAction","target":{"@type":"EntryPoint","urlTemplate":"https:\/\/humanit.as\/experiences\/?s={search_term_string}"},"query-input":"required name=search_term_string"}],"inLanguage":"es"},{"@type":"Organization","@id":"https:\/\/humanit.as\/experiences\/#organization","name":"Humanit.as","url":"https:\/\/humanit.as\/experiences\/","logo":{"@type":"ImageObject","inLanguage":"es","@id":"https:\/\/humanit.as\/experiences\/#\/schema\/logo\/image\/","url":"http:\/\/s947857397.mialojamiento.es\/experiences\/wp-content\/uploads\/sites\/7\/2016\/02\/logotipo-humanitas-grande.jpg","contentUrl":"http:\/\/s947857397.mialojamiento.es\/experiences\/wp-content\/uploads\/sites\/7\/2016\/02\/logotipo-humanitas-grande.jpg","width":1800,"height":1800,"caption":"Humanit.as"},"image":{"@id":"https:\/\/humanit.as\/experiences\/#\/schema\/logo\/image\/"}}]}},"_links":{"self":[{"href":"https:\/\/humanit.as\/experiences\/wp-json\/wp\/v2\/pages\/1200","targetHints":{"allow":["GET"]}}],"collection":[{"href":"https:\/\/humanit.as\/experiences\/wp-json\/wp\/v2\/pages"}],"about":[{"href":"https:\/\/humanit.as\/experiences\/wp-json\/wp\/v2\/types\/page"}],"author":[{"embeddable":true,"href":"https:\/\/humanit.as\/experiences\/wp-json\/wp\/v2\/users\/1"}],"replies":[{"embeddable":true,"href":"https:\/\/humanit.as\/experiences\/wp-json\/wp\/v2\/comments?post=1200"}],"version-history":[{"count":0,"href":"https:\/\/humanit.as\/experiences\/wp-json\/wp\/v2\/pages\/1200\/revisions"}],"up":[{"embeddable":true,"href":"https:\/\/humanit.as\/experiences\/wp-json\/wp\/v2\/pages\/1183"}],"wp:featuredmedia":[{"embeddable":true,"href":"https:\/\/humanit.as\/experiences\/wp-json\/wp\/v2\/media\/1095"}],"wp:attachment":[{"href":"https:\/\/humanit.as\/experiences\/wp-json\/wp\/v2\/media?parent=1200"}],"wp:term":[{"taxonomy":"post_tag","embeddable":true,"href":"https:\/\/humanit.as\/experiences\/wp-json\/wp\/v2\/tags?post=1200"}],"curies":[{"name":"wp","href":"https:\/\/api.w.org\/{rel}","templated":true}]}}