{"id":1183,"date":"2018-04-09T10:14:33","date_gmt":"2018-04-09T10:14:33","guid":{"rendered":"https:\/\/humanit.as\/experiences\/?page_id=1183"},"modified":"2018-04-12T11:24:53","modified_gmt":"2018-04-12T11:24:53","slug":"inmersion-linguistica-extranjero-adultos","status":"publish","type":"page","link":"https:\/\/humanit.as\/experiences\/adultos\/inmersion-linguistica-extranjero-adultos\/","title":{"rendered":"Inmersi\u00f3n Ling\u00fc\u00edstica para Adultos en el Extranjero"},"content":{"rendered":"<p>[et_pb_section bb_built=\u00bb1&#8243; fullwidth=\u00bbon\u00bb _builder_version=\u00bb3.0.47&#8243;][et_pb_fullwidth_header title=\u00bbExperiencias de Inmersi\u00f3n Ling\u00fc\u00edstica en el Extranjero para Adultos\u00bb subhead=\u00bbHumanit.as ofrece experiencias de inmersi\u00f3n ling\u00fc\u00edstica para adultos, la mejor manera de aprender un idioma, en varios pa\u00edses.\u00bb background_layout=\u00bbdark\u00bb text_orientation=\u00bbcenter\u00bb header_scroll_down=\u00bbon\u00bb scroll_down_icon=\u00bb%%10%%\u00bb button_one_text=\u00bbContacto\u00bb button_one_url=\u00bbhumanit.as\/experiences\/contacto\u00bb background_overlay_color=\u00bbrgba(0,0,0,0.82)\u00bb _builder_version=\u00bb3.0.76&#8243; title_font=\u00bb|on|||\u00bb title_font_size=\u00bb40px\u00bb content_font=\u00bb|on|||\u00bb content_font_size=\u00bb20px\u00bb subhead_font=\u00bb|on|||\u00bb subhead_font_size=\u00bb25px\u00bb background_image=\u00bbhttps:\/\/humanit.as\/experiences\/wp-content\/uploads\/sites\/7\/2018\/03\/Nature-Planets-l.jpg\u00bb parallax=\u00bbon\u00bb parallax_method=\u00bbon\u00bb header_fullscreen=\u00bboff\u00bb image_orientation=\u00bbcenter\u00bb content_orientation=\u00bbcenter\u00bb custom_button_two=\u00bboff\u00bb button_two_letter_spacing=\u00bb0&#8243; button_two_icon_placement=\u00bbright\u00bb button_two_letter_spacing_hover=\u00bb0&#8243; custom_button_one=\u00bboff\u00bb button_one_letter_spacing=\u00bb0&#8243; button_one_icon_placement=\u00bbright\u00bb button_one_letter_spacing_hover=\u00bb0&#8243; \/][\/et_pb_section][et_pb_section bb_built=\u00bb1&#8243; _builder_version=\u00bb3.0.47&#8243;][et_pb_row _builder_version=\u00bb3.0.47&#8243; background_size=\u00bbinitial\u00bb background_position=\u00bbtop_left\u00bb background_repeat=\u00bbrepeat\u00bb _i=\u00bb0&#8243; _address=\u00bb1.0&#8243;][et_pb_column type=\u00bb1_3&#8243;][et_pb_button admin_label=\u00bbInmersi\u00f3n en Irlanda\u00bb button_text=\u00bbInmersi\u00f3n Ling\u00fc\u00edstica para Adultos en Irlanda\u00bb button_alignment=\u00bbcenter\u00bb _builder_version=\u00bb3.0.76&#8243; custom_button=\u00bbon\u00bb button_text_size=\u00bb30&#8243; button_text_color=\u00bb#000000&#8243; button_bg_image=\u00bbhttps:\/\/humanit.as\/experiences\/wp-content\/uploads\/sites\/7\/2018\/03\/ireland_grunge_flag_by_think0.jpg\u00bb button_border_width=\u00bb5&#8243; button_border_color=\u00bbrgba(0,0,0,0.54)\u00bb button_border_radius=\u00bb8&#8243; button_font=\u00bb|on|||\u00bb button_icon=\u00bb%%194%%\u00bb button_border_color_hover=\u00bbrgba(0,0,0,0.52)\u00bb button_border_radius_hover=\u00bb5&#8243; animation_style=\u00bbfold\u00bb animation_repeat=\u00bbloop\u00bb animation_duration=\u00bb2000ms\u00bb animation_intensity_fold=\u00bb14%\u00bb animation_starting_opacity=\u00bb90%\u00bb url_new_window=\u00bboff\u00bb background_layout=\u00bblight\u00bb button_letter_spacing=\u00bb0&#8243; button_icon_placement=\u00bbright\u00bb button_letter_spacing_hover=\u00bb0&#8243; button_url=\u00bbhttps:\/\/humanit.as\/experiences\/adultos\/inmersion-linguistica-extranjero-adultos\/inmersion-ingles-adultos-irlanda\/\u00bb \/][\/et_pb_column][et_pb_column type=\u00bb1_3&#8243;][et_pb_button admin_label=\u00bbInmersi\u00f3n en EEUU\u00bb button_text=\u00bbInmersi\u00f3n Ling\u00fc\u00edstica para Adultos en EE.UU.\u00bb button_alignment=\u00bbcenter\u00bb _builder_version=\u00bb3.0.76&#8243; custom_button=\u00bbon\u00bb button_text_size=\u00bb30&#8243; button_text_color=\u00bb#191919&#8243; button_bg_image=\u00bbhttps:\/\/humanit.as\/experiences\/wp-content\/uploads\/sites\/7\/2018\/03\/Beautiful-USA-Flag-1.jpg\u00bb button_border_width=\u00bb5&#8243; button_border_color=\u00bbrgba(0,0,0,0.54)\u00bb button_border_radius=\u00bb8&#8243; button_font=\u00bb|on|||\u00bb button_icon=\u00bb%%194%%\u00bb button_border_color_hover=\u00bbrgba(0,0,0,0.52)\u00bb button_border_radius_hover=\u00bb5&#8243; animation_style=\u00bbfold\u00bb animation_repeat=\u00bbloop\u00bb animation_duration=\u00bb2000ms\u00bb animation_delay=\u00bb500ms\u00bb animation_intensity_fold=\u00bb14%\u00bb animation_starting_opacity=\u00bb90%\u00bb url_new_window=\u00bboff\u00bb background_layout=\u00bblight\u00bb button_letter_spacing=\u00bb0&#8243; button_icon_placement=\u00bbright\u00bb button_letter_spacing_hover=\u00bb0&#8243; button_url=\u00bbhttps:\/\/humanit.as\/experiences\/adultos\/inmersion-linguistica-extranjero-adultos\/experiencias-inmersion-linguistica-adultos-estados-unidos\/\u00bb \/][\/et_pb_column][et_pb_column type=\u00bb1_3&#8243;][et_pb_button admin_label=\u00bbInmersi\u00f3n en Reino Unido\u00bb button_text=\u00bbInmersi\u00f3n Ling\u00fc\u00edstica para Adultos Reino Unido\u00bb button_alignment=\u00bbcenter\u00bb _builder_version=\u00bb3.0.76&#8243; custom_button=\u00bbon\u00bb button_text_size=\u00bb30&#8243; button_text_color=\u00bb#ffffff\u00bb button_bg_image=\u00bbhttps:\/\/humanit.as\/experiences\/wp-content\/uploads\/sites\/7\/2018\/03\/s-l1000.jpg\u00bb button_border_width=\u00bb5&#8243; button_border_color=\u00bbrgba(0,0,0,0.54)\u00bb button_border_radius=\u00bb8&#8243; button_font=\u00bb|on|||\u00bb button_icon=\u00bb%%194%%\u00bb button_border_color_hover=\u00bbrgba(0,0,0,0.52)\u00bb button_border_radius_hover=\u00bb5&#8243; animation_style=\u00bbfold\u00bb animation_repeat=\u00bbloop\u00bb animation_duration=\u00bb2000ms\u00bb animation_delay=\u00bb1000ms\u00bb animation_intensity_fold=\u00bb14%\u00bb animation_starting_opacity=\u00bb90%\u00bb url_new_window=\u00bboff\u00bb background_layout=\u00bblight\u00bb button_letter_spacing=\u00bb0&#8243; button_icon_placement=\u00bbright\u00bb button_letter_spacing_hover=\u00bb0&#8243; button_url=\u00bbhttps:\/\/humanit.as\/experiences\/adultos\/inmersion-linguistica-extranjero-adultos\/experiencias-inmersion-linguistica-reino-unido-adultos\/\u00bb \/][\/et_pb_column][\/et_pb_row][et_pb_row][et_pb_column type=\u00bb4_4&#8243;][et_pb_button admin_label=\u00bbProgramas de Voluntariado en Camboya, India, Kenya y Nepal\u00bb button_text=\u00bbProgramas de Voluntariado en Camboya, India, Kenya y Nepal\u00bb button_alignment=\u00bbcenter\u00bb _builder_version=\u00bb3.0.76&#8243; custom_button=\u00bbon\u00bb button_text_size=\u00bb30&#8243; button_text_color=\u00bb#000000&#8243; button_bg_image=\u00bbhttps:\/\/humanit.as\/experiences\/wp-content\/uploads\/sites\/7\/2018\/04\/o-VOLUNTEERING-facebook.jpg\u00bb button_border_width=\u00bb5&#8243; button_border_color=\u00bbrgba(0,0,0,0.54)\u00bb button_border_radius=\u00bb8&#8243; button_font=\u00bb|on|||\u00bb button_icon=\u00bb%%194%%\u00bb button_border_color_hover=\u00bbrgba(0,0,0,0.52)\u00bb button_border_radius_hover=\u00bb5&#8243; animation_style=\u00bbfold\u00bb animation_repeat=\u00bbloop\u00bb animation_duration=\u00bb2000ms\u00bb animation_delay=\u00bb1200ms\u00bb animation_intensity_fold=\u00bb14%\u00bb animation_starting_opacity=\u00bb90%\u00bb url_new_window=\u00bboff\u00bb background_layout=\u00bblight\u00bb button_letter_spacing=\u00bb0&#8243; button_icon_placement=\u00bbright\u00bb button_letter_spacing_hover=\u00bb0&#8243; button_url=\u00bbhttps:\/\/humanit.as\/experiences\/adultos\/inmersion-linguistica-extranjero-adultos\/experiencias-inmersion-linguistica-voluntariado-adultos\/\u00bb \/][\/et_pb_column][\/et_pb_row][et_pb_row][et_pb_column type=\u00bb1_3&#8243;][et_pb_button admin_label=\u00bbInmersi\u00f3n en Africa\u00bb button_text=\u00bbInmersi\u00f3n Ling\u00fc\u00edstica para Adultos en Africa\u00bb button_alignment=\u00bbcenter\u00bb _builder_version=\u00bb3.0.76&#8243; custom_button=\u00bbon\u00bb button_text_size=\u00bb30&#8243; button_text_color=\u00bb#000000&#8243; button_bg_image=\u00bbhttps:\/\/humanit.as\/experiences\/wp-content\/uploads\/sites\/7\/2018\/04\/africa-map-photo02.jpg\u00bb button_border_width=\u00bb5&#8243; button_border_color=\u00bbrgba(0,0,0,0.54)\u00bb button_border_radius=\u00bb8&#8243; button_font=\u00bb|on|||\u00bb button_icon=\u00bb%%194%%\u00bb button_border_color_hover=\u00bbrgba(0,0,0,0.52)\u00bb button_border_radius_hover=\u00bb5&#8243; animation_style=\u00bbfold\u00bb animation_repeat=\u00bbloop\u00bb animation_duration=\u00bb2000ms\u00bb animation_delay=\u00bb400ms\u00bb animation_intensity_fold=\u00bb14%\u00bb animation_starting_opacity=\u00bb90%\u00bb url_new_window=\u00bboff\u00bb background_layout=\u00bblight\u00bb button_letter_spacing=\u00bb0&#8243; button_icon_placement=\u00bbright\u00bb button_letter_spacing_hover=\u00bb0&#8243; button_url=\u00bbhttps:\/\/humanit.as\/experiences\/adultos\/inmersion-linguistica-extranjero-adultos\/inmersion-linguistica-adultos-africa\/\u00bb \/][et_pb_button admin_label=\u00bbInmersi\u00f3n en Canad\u00e1\u00bb button_text=\u00bbInmersi\u00f3n Ling\u00fc\u00edstica para Adultos en Canad\u00e1\u00bb button_alignment=\u00bbcenter\u00bb _builder_version=\u00bb3.0.76&#8243; custom_button=\u00bbon\u00bb button_text_size=\u00bb30&#8243; button_text_color=\u00bb#000000&#8243; button_bg_image=\u00bbhttps:\/\/humanit.as\/experiences\/wp-content\/uploads\/sites\/7\/2018\/03\/Canadian-flag-620&#215;310.jpg\u00bb button_border_width=\u00bb5&#8243; button_border_color=\u00bbrgba(0,0,0,0.54)\u00bb button_border_radius=\u00bb8&#8243; button_font=\u00bb|on|||\u00bb button_icon=\u00bb%%194%%\u00bb button_border_color_hover=\u00bbrgba(0,0,0,0.52)\u00bb button_border_radius_hover=\u00bb5&#8243; animation_style=\u00bbfold\u00bb animation_repeat=\u00bbloop\u00bb animation_duration=\u00bb2000ms\u00bb animation_delay=\u00bb1500ms\u00bb animation_intensity_fold=\u00bb14%\u00bb animation_starting_opacity=\u00bb90%\u00bb url_new_window=\u00bboff\u00bb background_layout=\u00bblight\u00bb button_letter_spacing=\u00bb0&#8243; button_icon_placement=\u00bbright\u00bb button_letter_spacing_hover=\u00bb0&#8243; \/][\/et_pb_column][et_pb_column type=\u00bb1_3&#8243;][et_pb_button admin_label=\u00bbInmersi\u00f3n en Alemania\u00bb button_text=\u00bbInmersi\u00f3n Ling\u00fc\u00edstica para Adultos en Alemania\u00bb button_alignment=\u00bbcenter\u00bb _builder_version=\u00bb3.0.76&#8243; custom_button=\u00bbon\u00bb button_text_size=\u00bb30&#8243; button_text_color=\u00bb#ffffff\u00bb button_bg_image=\u00bbhttps:\/\/humanit.as\/experiences\/wp-content\/uploads\/sites\/7\/2018\/04\/flag-germany-1060305_960_720.jpg\u00bb button_border_width=\u00bb5&#8243; button_border_color=\u00bbrgba(0,0,0,0.54)\u00bb button_border_radius=\u00bb8&#8243; button_font=\u00bb|on|||\u00bb button_icon=\u00bb%%194%%\u00bb button_border_color_hover=\u00bbrgba(0,0,0,0.52)\u00bb button_border_radius_hover=\u00bb5&#8243; animation_style=\u00bbfold\u00bb animation_repeat=\u00bbloop\u00bb animation_duration=\u00bb2000ms\u00bb animation_delay=\u00bb2050ms\u00bb animation_intensity_fold=\u00bb14%\u00bb animation_starting_opacity=\u00bb90%\u00bb url_new_window=\u00bboff\u00bb background_layout=\u00bbdark\u00bb button_letter_spacing=\u00bb0&#8243; button_icon_placement=\u00bbright\u00bb button_letter_spacing_hover=\u00bb0&#8243; \/][et_pb_button admin_label=\u00bbInmersi\u00f3n en Malta\u00bb button_text=\u00bbInmersi\u00f3n Ling\u00fc\u00edstica para Adultos en Malta\u00bb button_alignment=\u00bbcenter\u00bb _builder_version=\u00bb3.0.76&#8243; custom_button=\u00bbon\u00bb button_text_size=\u00bb30&#8243; button_text_color=\u00bb#000000&#8243; button_bg_image=\u00bbhttp:\/\/www.widewallpapershd.info\/file\/10939\/728&#215;408\/16:9\/malta-flag_1777685485.jpg\u00bb button_border_width=\u00bb5&#8243; button_border_color=\u00bbrgba(0,0,0,0.54)\u00bb button_border_radius=\u00bb8&#8243; button_font=\u00bb|on|||\u00bb button_icon=\u00bb%%194%%\u00bb button_border_color_hover=\u00bbrgba(0,0,0,0.52)\u00bb button_border_radius_hover=\u00bb5&#8243; animation_style=\u00bbfold\u00bb animation_repeat=\u00bbloop\u00bb animation_duration=\u00bb2000ms\u00bb animation_delay=\u00bb1200ms\u00bb animation_intensity_fold=\u00bb14%\u00bb animation_starting_opacity=\u00bb90%\u00bb url_new_window=\u00bboff\u00bb background_layout=\u00bblight\u00bb button_letter_spacing=\u00bb0&#8243; button_icon_placement=\u00bbright\u00bb button_letter_spacing_hover=\u00bb0&#8243; \/][\/et_pb_column][et_pb_column type=\u00bb1_3&#8243;][et_pb_button admin_label=\u00bbInmersi\u00f3n en Francia\u00bb button_text=\u00bbInmersi\u00f3n Ling\u00fc\u00edstica para Adultos en Francia\u00bb button_alignment=\u00bbcenter\u00bb _builder_version=\u00bb3.0.76&#8243; custom_button=\u00bbon\u00bb button_text_size=\u00bb30&#8243; button_text_color=\u00bb#000000&#8243; button_bg_image=\u00bbhttps:\/\/humanit.as\/experiences\/wp-content\/uploads\/sites\/7\/2018\/03\/france_grunge_flag_by_think0.jpg\u00bb button_border_width=\u00bb5&#8243; button_border_color=\u00bbrgba(0,0,0,0.54)\u00bb button_border_radius=\u00bb8&#8243; button_font=\u00bb|on|||\u00bb button_icon=\u00bb%%194%%\u00bb button_border_color_hover=\u00bbrgba(0,0,0,0.52)\u00bb button_border_radius_hover=\u00bb5&#8243; animation_style=\u00bbfold\u00bb animation_repeat=\u00bbloop\u00bb animation_duration=\u00bb2000ms\u00bb animation_delay=\u00bb2700ms\u00bb animation_intensity_fold=\u00bb14%\u00bb animation_starting_opacity=\u00bb90%\u00bb url_new_window=\u00bboff\u00bb background_layout=\u00bblight\u00bb button_letter_spacing=\u00bb0&#8243; button_icon_placement=\u00bbright\u00bb button_letter_spacing_hover=\u00bb0&#8243; \/][et_pb_button admin_label=\u00bbInmersi\u00f3n en Italia\u00bb button_text=\u00bbInmersi\u00f3n Ling\u00fc\u00edstica para Adultos en Italia\u00bb button_alignment=\u00bbcenter\u00bb _builder_version=\u00bb3.0.76&#8243; custom_button=\u00bbon\u00bb button_text_size=\u00bb30&#8243; button_text_color=\u00bb#000000&#8243; button_bg_image=\u00bbhttps:\/\/humanit.as\/experiences\/wp-content\/uploads\/sites\/7\/2018\/04\/shutterstock-152854481.jpg\u00bb button_border_width=\u00bb5&#8243; button_border_color=\u00bbrgba(0,0,0,0.54)\u00bb button_border_radius=\u00bb8&#8243; button_font=\u00bb|on|||\u00bb button_icon=\u00bb%%194%%\u00bb button_border_color_hover=\u00bbrgba(0,0,0,0.52)\u00bb button_border_radius_hover=\u00bb5&#8243; animation_style=\u00bbfold\u00bb animation_repeat=\u00bbloop\u00bb animation_duration=\u00bb2000ms\u00bb animation_delay=\u00bb3000ms\u00bb animation_intensity_fold=\u00bb14%\u00bb animation_starting_opacity=\u00bb90%\u00bb url_new_window=\u00bboff\u00bb background_layout=\u00bblight\u00bb button_letter_spacing=\u00bb0&#8243; button_icon_placement=\u00bbright\u00bb button_letter_spacing_hover=\u00bb0&#8243; \/][\/et_pb_column][\/et_pb_row][\/et_pb_section]<\/p>\n","protected":false},"excerpt":{"rendered":"<p><div class=\"et_pb_row et_pb_row_0 et_pb_row_empty\">\n\t\t\t\t\n\t\t\t\t\n\t\t\t\t\n\t\t\t\t\n\t\t\t\t\n\t\t\t<\/div><div class=\"et_pb_row et_pb_row_1 et_pb_row_empty\">\n\t\t\t\t\n\t\t\t\t\n\t\t\t\t\n\t\t\t\t\n\t\t\t\t\n\t\t\t<\/div><\/p>\n","protected":false},"author":1,"featured_media":1089,"parent":63,"menu_order":0,"comment_status":"closed","ping_status":"closed","template":"","meta":{"_et_pb_use_builder":"on","_et_pb_old_content":"","_et_gb_content_width":"","footnotes":""},"tags":[],"class_list":["post-1183","page","type-page","status-publish","has-post-thumbnail","hentry"],"yoast_head":"<!-- This site is optimized with the Yoast SEO plugin v22.0 - https:\/\/yoast.com\/wordpress\/plugins\/seo\/ -->\n<title>Inmersi\u00f3n Ling\u00fc\u00edstica para Adultos en el Extranjero - Humanit.as Learning Experiences<\/title>\n<meta name=\"robots\" content=\"index, follow, max-snippet:-1, max-image-preview:large, max-video-preview:-1\" \/>\n<link rel=\"canonical\" href=\"https:\/\/humanit.as\/experiences\/adultos\/inmersion-linguistica-extranjero-adultos\/\" \/>\n<meta property=\"og:locale\" content=\"es_ES\" \/>\n<meta property=\"og:type\" content=\"article\" \/>\n<meta property=\"og:title\" content=\"Inmersi\u00f3n Ling\u00fc\u00edstica para Adultos en el Extranjero - Humanit.as Learning Experiences\" \/>\n<meta property=\"og:url\" content=\"https:\/\/humanit.as\/experiences\/adultos\/inmersion-linguistica-extranjero-adultos\/\" \/>\n<meta property=\"og:site_name\" content=\"Humanit.as Learning Experiences\" \/>\n<meta property=\"article:modified_time\" content=\"2018-04-12T11:24:53+00:00\" \/>\n<meta property=\"og:image\" content=\"https:\/\/humanit.as\/experiences\/wp-content\/uploads\/sites\/7\/2018\/03\/Nature-Planets-l.jpg\" \/>\n\t<meta property=\"og:image:width\" content=\"1200\" \/>\n\t<meta property=\"og:image:height\" content=\"600\" \/>\n\t<meta property=\"og:image:type\" content=\"image\/jpeg\" \/>\n<meta name=\"twitter:card\" content=\"summary_large_image\" \/>\n<meta name=\"twitter:description\" content=\"[et_pb_row][et_pb_row]\" \/>\n<meta name=\"twitter:label1\" content=\"Tiempo de lectura\" \/>\n\t<meta name=\"twitter:data1\" content=\"7 minutos\" \/>\n<script type=\"application\/ld+json\" class=\"yoast-schema-graph\">{\"@context\":\"https:\/\/schema.org\",\"@graph\":[{\"@type\":\"WebPage\",\"@id\":\"https:\/\/humanit.as\/experiences\/adultos\/inmersion-linguistica-extranjero-adultos\/\",\"url\":\"https:\/\/humanit.as\/experiences\/adultos\/inmersion-linguistica-extranjero-adultos\/\",\"name\":\"Inmersi\u00f3n Ling\u00fc\u00edstica para Adultos en el Extranjero - Humanit.as Learning Experiences\",\"isPartOf\":{\"@id\":\"https:\/\/humanit.as\/experiences\/#website\"},\"datePublished\":\"2018-04-09T10:14:33+00:00\",\"dateModified\":\"2018-04-12T11:24:53+00:00\",\"breadcrumb\":{\"@id\":\"https:\/\/humanit.as\/experiences\/adultos\/inmersion-linguistica-extranjero-adultos\/#breadcrumb\"},\"inLanguage\":\"es\",\"potentialAction\":[{\"@type\":\"ReadAction\",\"target\":[\"https:\/\/humanit.as\/experiences\/adultos\/inmersion-linguistica-extranjero-adultos\/\"]}]},{\"@type\":\"BreadcrumbList\",\"@id\":\"https:\/\/humanit.as\/experiences\/adultos\/inmersion-linguistica-extranjero-adultos\/#breadcrumb\",\"itemListElement\":[{\"@type\":\"ListItem\",\"position\":1,\"name\":\"Inicio\",\"item\":\"https:\/\/humanit.as\/experiences\/\"},{\"@type\":\"ListItem\",\"position\":2,\"name\":\"Experiencias para adultos\",\"item\":\"https:\/\/humanit.as\/experiences\/adultos\/\"},{\"@type\":\"ListItem\",\"position\":3,\"name\":\"Inmersi\u00f3n Ling\u00fc\u00edstica para Adultos en el Extranjero\"}]},{\"@type\":\"WebSite\",\"@id\":\"https:\/\/humanit.as\/experiences\/#website\",\"url\":\"https:\/\/humanit.as\/experiences\/\",\"name\":\"Humanit.as Learning Experiences\",\"description\":\"Experiencias para Aprender y Crecer\",\"publisher\":{\"@id\":\"https:\/\/humanit.as\/experiences\/#organization\"},\"potentialAction\":[{\"@type\":\"SearchAction\",\"target\":{\"@type\":\"EntryPoint\",\"urlTemplate\":\"https:\/\/humanit.as\/experiences\/?s={search_term_string}\"},\"query-input\":\"required name=search_term_string\"}],\"inLanguage\":\"es\"},{\"@type\":\"Organization\",\"@id\":\"https:\/\/humanit.as\/experiences\/#organization\",\"name\":\"Humanit.as\",\"url\":\"https:\/\/humanit.as\/experiences\/\",\"logo\":{\"@type\":\"ImageObject\",\"inLanguage\":\"es\",\"@id\":\"https:\/\/humanit.as\/experiences\/#\/schema\/logo\/image\/\",\"url\":\"http:\/\/s947857397.mialojamiento.es\/experiences\/wp-content\/uploads\/sites\/7\/2016\/02\/logotipo-humanitas-grande.jpg\",\"contentUrl\":\"http:\/\/s947857397.mialojamiento.es\/experiences\/wp-content\/uploads\/sites\/7\/2016\/02\/logotipo-humanitas-grande.jpg\",\"width\":1800,\"height\":1800,\"caption\":\"Humanit.as\"},\"image\":{\"@id\":\"https:\/\/humanit.as\/experiences\/#\/schema\/logo\/image\/\"}}]}<\/script>\n<!-- \/ Yoast SEO plugin. -->","yoast_head_json":{"title":"Inmersi\u00f3n Ling\u00fc\u00edstica para Adultos en el Extranjero - Humanit.as Learning Experiences","robots":{"index":"index","follow":"follow","max-snippet":"max-snippet:-1","max-image-preview":"max-image-preview:large","max-video-preview":"max-video-preview:-1"},"canonical":"https:\/\/humanit.as\/experiences\/adultos\/inmersion-linguistica-extranjero-adultos\/","og_locale":"es_ES","og_type":"article","og_title":"Inmersi\u00f3n Ling\u00fc\u00edstica para Adultos en el Extranjero - Humanit.as Learning Experiences","og_url":"https:\/\/humanit.as\/experiences\/adultos\/inmersion-linguistica-extranjero-adultos\/","og_site_name":"Humanit.as Learning Experiences","article_modified_time":"2018-04-12T11:24:53+00:00","og_image":[{"width":1200,"height":600,"url":"https:\/\/humanit.as\/experiences\/wp-content\/uploads\/sites\/7\/2018\/03\/Nature-Planets-l.jpg","type":"image\/jpeg"}],"twitter_card":"summary_large_image","twitter_description":"[et_pb_row][et_pb_row]","twitter_misc":{"Tiempo de lectura":"7 minutos"},"schema":{"@context":"https:\/\/schema.org","@graph":[{"@type":"WebPage","@id":"https:\/\/humanit.as\/experiences\/adultos\/inmersion-linguistica-extranjero-adultos\/","url":"https:\/\/humanit.as\/experiences\/adultos\/inmersion-linguistica-extranjero-adultos\/","name":"Inmersi\u00f3n Ling\u00fc\u00edstica para Adultos en el Extranjero - Humanit.as Learning Experiences","isPartOf":{"@id":"https:\/\/humanit.as\/experiences\/#website"},"datePublished":"2018-04-09T10:14:33+00:00","dateModified":"2018-04-12T11:24:53+00:00","breadcrumb":{"@id":"https:\/\/humanit.as\/experiences\/adultos\/inmersion-linguistica-extranjero-adultos\/#breadcrumb"},"inLanguage":"es","potentialAction":[{"@type":"ReadAction","target":["https:\/\/humanit.as\/experiences\/adultos\/inmersion-linguistica-extranjero-adultos\/"]}]},{"@type":"BreadcrumbList","@id":"https:\/\/humanit.as\/experiences\/adultos\/inmersion-linguistica-extranjero-adultos\/#breadcrumb","itemListElement":[{"@type":"ListItem","position":1,"name":"Inicio","item":"https:\/\/humanit.as\/experiences\/"},{"@type":"ListItem","position":2,"name":"Experiencias para adultos","item":"https:\/\/humanit.as\/experiences\/adultos\/"},{"@type":"ListItem","position":3,"name":"Inmersi\u00f3n Ling\u00fc\u00edstica para Adultos en el Extranjero"}]},{"@type":"WebSite","@id":"https:\/\/humanit.as\/experiences\/#website","url":"https:\/\/humanit.as\/experiences\/","name":"Humanit.as Learning Experiences","description":"Experiencias para Aprender y Crecer","publisher":{"@id":"https:\/\/humanit.as\/experiences\/#organization"},"potentialAction":[{"@type":"SearchAction","target":{"@type":"EntryPoint","urlTemplate":"https:\/\/humanit.as\/experiences\/?s={search_term_string}"},"query-input":"required name=search_term_string"}],"inLanguage":"es"},{"@type":"Organization","@id":"https:\/\/humanit.as\/experiences\/#organization","name":"Humanit.as","url":"https:\/\/humanit.as\/experiences\/","logo":{"@type":"ImageObject","inLanguage":"es","@id":"https:\/\/humanit.as\/experiences\/#\/schema\/logo\/image\/","url":"http:\/\/s947857397.mialojamiento.es\/experiences\/wp-content\/uploads\/sites\/7\/2016\/02\/logotipo-humanitas-grande.jpg","contentUrl":"http:\/\/s947857397.mialojamiento.es\/experiences\/wp-content\/uploads\/sites\/7\/2016\/02\/logotipo-humanitas-grande.jpg","width":1800,"height":1800,"caption":"Humanit.as"},"image":{"@id":"https:\/\/humanit.as\/experiences\/#\/schema\/logo\/image\/"}}]}},"_links":{"self":[{"href":"https:\/\/humanit.as\/experiences\/wp-json\/wp\/v2\/pages\/1183","targetHints":{"allow":["GET"]}}],"collection":[{"href":"https:\/\/humanit.as\/experiences\/wp-json\/wp\/v2\/pages"}],"about":[{"href":"https:\/\/humanit.as\/experiences\/wp-json\/wp\/v2\/types\/page"}],"author":[{"embeddable":true,"href":"https:\/\/humanit.as\/experiences\/wp-json\/wp\/v2\/users\/1"}],"replies":[{"embeddable":true,"href":"https:\/\/humanit.as\/experiences\/wp-json\/wp\/v2\/comments?post=1183"}],"version-history":[{"count":0,"href":"https:\/\/humanit.as\/experiences\/wp-json\/wp\/v2\/pages\/1183\/revisions"}],"up":[{"embeddable":true,"href":"https:\/\/humanit.as\/experiences\/wp-json\/wp\/v2\/pages\/63"}],"wp:featuredmedia":[{"embeddable":true,"href":"https:\/\/humanit.as\/experiences\/wp-json\/wp\/v2\/media\/1089"}],"wp:attachment":[{"href":"https:\/\/humanit.as\/experiences\/wp-json\/wp\/v2\/media?parent=1183"}],"wp:term":[{"taxonomy":"post_tag","embeddable":true,"href":"https:\/\/humanit.as\/experiences\/wp-json\/wp\/v2\/tags?post=1183"}],"curies":[{"name":"wp","href":"https:\/\/api.w.org\/{rel}","templated":true}]}}