{"id":1166,"date":"2018-04-02T11:38:46","date_gmt":"2018-04-02T11:38:46","guid":{"rendered":"https:\/\/humanit.as\/experiences\/?page_id=1166"},"modified":"2020-06-09T17:06:46","modified_gmt":"2020-06-09T17:06:46","slug":"camp-rialp-campamento-internacional-ingles-andorra","status":"publish","type":"page","link":"https:\/\/humanit.as\/experiences\/ninos-y-adolescentes\/inmersion-linguistica-extranjero-ninos-jovenes\/camp-rialp-campamento-internacional-ingles-andorra\/","title":{"rendered":"CAMP RIALP &#8211; Campamento Internacional en Ingl\u00e9s en Andorra"},"content":{"rendered":"\n[et_pb_section bb_built=\u00bb1&#8243; fullwidth=\u00bbon\u00bb _builder_version=\u00bb3.0.47&#8243;][et_pb_fullwidth_header title=\u00bbCampamento Internacional RIALP Andorra\u00bb subhead=\u00bbReconocido como uno de los mejores campamentos de Europa, CAMP RIALP ofrece cercan\u00eda, variedad, diversi\u00f3n y tambi\u00e9n inmersi\u00f3n en ingl\u00e9s. \u00bb background_layout=\u00bbdark\u00bb text_orientation=\u00bbcenter\u00bb header_fullscreen=\u00bboff\u00bb header_scroll_down=\u00bbon\u00bb scroll_down_icon=\u00bb%%10%%\u00bb button_one_text=\u00bbContacto\u00bb button_one_url=\u00bbhumanit.as\/experiences\/contacto\u00bb background_overlay_color=\u00bbrgba(0,0,0,0.6)\u00bb _builder_version=\u00bb3.0.76&#8243; title_font=\u00bb|on|||\u00bb title_font_size=\u00bb40px\u00bb content_font=\u00bb|on|||\u00bb content_font_size=\u00bb20px\u00bb subhead_font=\u00bb|on|||\u00bb subhead_font_size=\u00bb25px\u00bb background_image=\u00bbhttps:\/\/humanit.as\/experiences\/wp-content\/uploads\/sites\/7\/2018\/04\/colonias-1960c.jpg\u00bb parallax=\u00bbon\u00bb parallax_method=\u00bbon\u00bb image_orientation=\u00bbcenter\u00bb content_orientation=\u00bbcenter\u00bb custom_button_two=\u00bboff\u00bb button_two_letter_spacing=\u00bb0&#8243; button_two_icon_placement=\u00bbright\u00bb button_two_letter_spacing_hover=\u00bb0&#8243; custom_button_one=\u00bboff\u00bb button_one_letter_spacing=\u00bb0&#8243; button_one_icon_placement=\u00bbright\u00bb button_one_letter_spacing_hover=\u00bb0&#8243; \/][\/et_pb_section][et_pb_section bb_built=\u00bb1&#8243; _builder_version=\u00bb3.0.47&#8243;][et_pb_row _builder_version=\u00bb3.0.47&#8243; background_size=\u00bbinitial\u00bb background_position=\u00bbtop_left\u00bb background_repeat=\u00bbrepeat\u00bb _i=\u00bb0&#8243; _address=\u00bb1.0&#8243;][et_pb_column type=\u00bb4_4&#8243;][et_pb_text _builder_version=\u00bb3.0.76&#8243; background_layout=\u00bblight\u00bb text_font=\u00bbArimo||||\u00bb text_font_size=\u00bb30&#8243; text_orientation=\u00bbcenter\u00bb border_style=\u00bbsolid\u00bb module_alignment=\u00bbcenter\u00bb text_line_height=\u00bb2em\u00bb]\r\n\r\nCAMP RIALP Andorra es un <a href=\"https:\/\/humanit.as\/experiences\/espana\/verano\/campamento-urbano-en-ingles-casa-de-campo-madrid\/clan-camp-2020-campamento-urbano-en-ingles-madrid\/\">campamento<\/a> totalmente \u00fanico. Con ni\u00f1os y j\u00f3venes de 17 nacionalidades distintas, la lengua com\u00fan de todos es el ingl\u00e9s. El campamento cuanta con unas instalaciones inmejorables y una cantidad de actividades que es dif\u00edcil de creer. Recomendamos escoger la opci\u00f3n sin clases ya que creemos firmemente que la mejor manera de aprender es a trav\u00e9s de actividades.\r\n\r\n[\/et_pb_text][et_pb_code admin_label=\u00bbCAMP RIALP\u00bb _builder_version=\u00bb3.0.76&#8243;]&lt;iframe src=\u00bbhttps:\/\/drive.google.com\/file\/d\/1TcEMoCq0qqcx-W-V_Fl78nBYekpgxTs2\/preview\u00bb width=\u00bb100%\u00bb height=\u00bb480&#8243;&gt;&lt;\/iframe&gt;[\/et_pb_code][\/et_pb_column][\/et_pb_row][\/et_pb_section]\n","protected":false},"excerpt":{"rendered":"<p>CAMP RIALP Andorra es un campamento totalmente \u00fanico. Con ni\u00f1os y j\u00f3venes de 17 nacionalidades distintas, la lengua com\u00fan de todos es el ingl\u00e9s. El campamento cuanta con unas instalaciones inmejorables y una cantidad de actividades que es dif\u00edcil de creer. Recomendamos escoger la opci\u00f3n sin clases ya que creemos firmemente que la mejor manera [&hellip;]<\/p>\n","protected":false},"author":1,"featured_media":0,"parent":1088,"menu_order":0,"comment_status":"closed","ping_status":"closed","template":"","meta":{"_et_pb_use_builder":"on","_et_pb_old_content":"","_et_gb_content_width":"","footnotes":""},"tags":[],"class_list":["post-1166","page","type-page","status-publish","hentry"],"yoast_head":"<!-- This site is optimized with the Yoast SEO plugin v22.0 - https:\/\/yoast.com\/wordpress\/plugins\/seo\/ -->\n<title>CAMP RIALP - Campamento Internacional en Ingl\u00e9s en Andorra - Humanit.as Learning Experiences<\/title>\n<meta name=\"robots\" content=\"index, follow, max-snippet:-1, max-image-preview:large, max-video-preview:-1\" \/>\n<link rel=\"canonical\" href=\"https:\/\/humanit.as\/experiences\/ninos-y-adolescentes\/inmersion-linguistica-extranjero-ninos-jovenes\/camp-rialp-campamento-internacional-ingles-andorra\/\" \/>\n<meta property=\"og:locale\" content=\"es_ES\" \/>\n<meta property=\"og:type\" content=\"article\" \/>\n<meta property=\"og:title\" content=\"CAMP RIALP - Campamento Internacional en Ingl\u00e9s en Andorra - Humanit.as Learning Experiences\" \/>\n<meta property=\"og:description\" content=\"CAMP RIALP Andorra es un campamento totalmente \u00fanico. Con ni\u00f1os y j\u00f3venes de 17 nacionalidades distintas, la lengua com\u00fan de todos es el ingl\u00e9s. El campamento cuanta con unas instalaciones inmejorables y una cantidad de actividades que es dif\u00edcil de creer. Recomendamos escoger la opci\u00f3n sin clases ya que creemos firmemente que la mejor manera [&hellip;]\" \/>\n<meta property=\"og:url\" content=\"https:\/\/humanit.as\/experiences\/ninos-y-adolescentes\/inmersion-linguistica-extranjero-ninos-jovenes\/camp-rialp-campamento-internacional-ingles-andorra\/\" \/>\n<meta property=\"og:site_name\" content=\"Humanit.as Learning Experiences\" \/>\n<meta property=\"article:modified_time\" content=\"2020-06-09T17:06:46+00:00\" \/>\n<meta name=\"twitter:card\" content=\"summary_large_image\" \/>\n<meta name=\"twitter:label1\" content=\"Tiempo de lectura\" \/>\n\t<meta name=\"twitter:data1\" content=\"2 minutos\" \/>\n<script type=\"application\/ld+json\" class=\"yoast-schema-graph\">{\"@context\":\"https:\/\/schema.org\",\"@graph\":[{\"@type\":\"WebPage\",\"@id\":\"https:\/\/humanit.as\/experiences\/ninos-y-adolescentes\/inmersion-linguistica-extranjero-ninos-jovenes\/camp-rialp-campamento-internacional-ingles-andorra\/\",\"url\":\"https:\/\/humanit.as\/experiences\/ninos-y-adolescentes\/inmersion-linguistica-extranjero-ninos-jovenes\/camp-rialp-campamento-internacional-ingles-andorra\/\",\"name\":\"CAMP RIALP - Campamento Internacional en Ingl\u00e9s en Andorra - Humanit.as Learning Experiences\",\"isPartOf\":{\"@id\":\"https:\/\/humanit.as\/experiences\/#website\"},\"datePublished\":\"2018-04-02T11:38:46+00:00\",\"dateModified\":\"2020-06-09T17:06:46+00:00\",\"breadcrumb\":{\"@id\":\"https:\/\/humanit.as\/experiences\/ninos-y-adolescentes\/inmersion-linguistica-extranjero-ninos-jovenes\/camp-rialp-campamento-internacional-ingles-andorra\/#breadcrumb\"},\"inLanguage\":\"es\",\"potentialAction\":[{\"@type\":\"ReadAction\",\"target\":[\"https:\/\/humanit.as\/experiences\/ninos-y-adolescentes\/inmersion-linguistica-extranjero-ninos-jovenes\/camp-rialp-campamento-internacional-ingles-andorra\/\"]}]},{\"@type\":\"BreadcrumbList\",\"@id\":\"https:\/\/humanit.as\/experiences\/ninos-y-adolescentes\/inmersion-linguistica-extranjero-ninos-jovenes\/camp-rialp-campamento-internacional-ingles-andorra\/#breadcrumb\",\"itemListElement\":[{\"@type\":\"ListItem\",\"position\":1,\"name\":\"Inicio\",\"item\":\"https:\/\/humanit.as\/experiences\/\"},{\"@type\":\"ListItem\",\"position\":2,\"name\":\"Experiencias para ni\u00f1os y adolescentes\",\"item\":\"https:\/\/humanit.as\/experiences\/ninos-y-adolescentes\/\"},{\"@type\":\"ListItem\",\"position\":3,\"name\":\"Cursos de Inmersi\u00f3n en el Extranjero para Ni\u00f1os y J\u00f3venes\",\"item\":\"https:\/\/humanit.as\/experiences\/ninos-y-adolescentes\/inmersion-linguistica-extranjero-ninos-jovenes\/\"},{\"@type\":\"ListItem\",\"position\":4,\"name\":\"CAMP RIALP &#8211; Campamento Internacional en Ingl\u00e9s en Andorra\"}]},{\"@type\":\"WebSite\",\"@id\":\"https:\/\/humanit.as\/experiences\/#website\",\"url\":\"https:\/\/humanit.as\/experiences\/\",\"name\":\"Humanit.as Learning Experiences\",\"description\":\"Experiencias para Aprender y Crecer\",\"publisher\":{\"@id\":\"https:\/\/humanit.as\/experiences\/#organization\"},\"potentialAction\":[{\"@type\":\"SearchAction\",\"target\":{\"@type\":\"EntryPoint\",\"urlTemplate\":\"https:\/\/humanit.as\/experiences\/?s={search_term_string}\"},\"query-input\":\"required name=search_term_string\"}],\"inLanguage\":\"es\"},{\"@type\":\"Organization\",\"@id\":\"https:\/\/humanit.as\/experiences\/#organization\",\"name\":\"Humanit.as\",\"url\":\"https:\/\/humanit.as\/experiences\/\",\"logo\":{\"@type\":\"ImageObject\",\"inLanguage\":\"es\",\"@id\":\"https:\/\/humanit.as\/experiences\/#\/schema\/logo\/image\/\",\"url\":\"http:\/\/s947857397.mialojamiento.es\/experiences\/wp-content\/uploads\/sites\/7\/2016\/02\/logotipo-humanitas-grande.jpg\",\"contentUrl\":\"http:\/\/s947857397.mialojamiento.es\/experiences\/wp-content\/uploads\/sites\/7\/2016\/02\/logotipo-humanitas-grande.jpg\",\"width\":1800,\"height\":1800,\"caption\":\"Humanit.as\"},\"image\":{\"@id\":\"https:\/\/humanit.as\/experiences\/#\/schema\/logo\/image\/\"}}]}<\/script>\n<!-- \/ Yoast SEO plugin. -->","yoast_head_json":{"title":"CAMP RIALP - Campamento Internacional en Ingl\u00e9s en Andorra - Humanit.as Learning Experiences","robots":{"index":"index","follow":"follow","max-snippet":"max-snippet:-1","max-image-preview":"max-image-preview:large","max-video-preview":"max-video-preview:-1"},"canonical":"https:\/\/humanit.as\/experiences\/ninos-y-adolescentes\/inmersion-linguistica-extranjero-ninos-jovenes\/camp-rialp-campamento-internacional-ingles-andorra\/","og_locale":"es_ES","og_type":"article","og_title":"CAMP RIALP - Campamento Internacional en Ingl\u00e9s en Andorra - Humanit.as Learning Experiences","og_description":"CAMP RIALP Andorra es un campamento totalmente \u00fanico. Con ni\u00f1os y j\u00f3venes de 17 nacionalidades distintas, la lengua com\u00fan de todos es el ingl\u00e9s. El campamento cuanta con unas instalaciones inmejorables y una cantidad de actividades que es dif\u00edcil de creer. Recomendamos escoger la opci\u00f3n sin clases ya que creemos firmemente que la mejor manera [&hellip;]","og_url":"https:\/\/humanit.as\/experiences\/ninos-y-adolescentes\/inmersion-linguistica-extranjero-ninos-jovenes\/camp-rialp-campamento-internacional-ingles-andorra\/","og_site_name":"Humanit.as Learning Experiences","article_modified_time":"2020-06-09T17:06:46+00:00","twitter_card":"summary_large_image","twitter_misc":{"Tiempo de lectura":"2 minutos"},"schema":{"@context":"https:\/\/schema.org","@graph":[{"@type":"WebPage","@id":"https:\/\/humanit.as\/experiences\/ninos-y-adolescentes\/inmersion-linguistica-extranjero-ninos-jovenes\/camp-rialp-campamento-internacional-ingles-andorra\/","url":"https:\/\/humanit.as\/experiences\/ninos-y-adolescentes\/inmersion-linguistica-extranjero-ninos-jovenes\/camp-rialp-campamento-internacional-ingles-andorra\/","name":"CAMP RIALP - Campamento Internacional en Ingl\u00e9s en Andorra - Humanit.as Learning Experiences","isPartOf":{"@id":"https:\/\/humanit.as\/experiences\/#website"},"datePublished":"2018-04-02T11:38:46+00:00","dateModified":"2020-06-09T17:06:46+00:00","breadcrumb":{"@id":"https:\/\/humanit.as\/experiences\/ninos-y-adolescentes\/inmersion-linguistica-extranjero-ninos-jovenes\/camp-rialp-campamento-internacional-ingles-andorra\/#breadcrumb"},"inLanguage":"es","potentialAction":[{"@type":"ReadAction","target":["https:\/\/humanit.as\/experiences\/ninos-y-adolescentes\/inmersion-linguistica-extranjero-ninos-jovenes\/camp-rialp-campamento-internacional-ingles-andorra\/"]}]},{"@type":"BreadcrumbList","@id":"https:\/\/humanit.as\/experiences\/ninos-y-adolescentes\/inmersion-linguistica-extranjero-ninos-jovenes\/camp-rialp-campamento-internacional-ingles-andorra\/#breadcrumb","itemListElement":[{"@type":"ListItem","position":1,"name":"Inicio","item":"https:\/\/humanit.as\/experiences\/"},{"@type":"ListItem","position":2,"name":"Experiencias para ni\u00f1os y adolescentes","item":"https:\/\/humanit.as\/experiences\/ninos-y-adolescentes\/"},{"@type":"ListItem","position":3,"name":"Cursos de Inmersi\u00f3n en el Extranjero para Ni\u00f1os y J\u00f3venes","item":"https:\/\/humanit.as\/experiences\/ninos-y-adolescentes\/inmersion-linguistica-extranjero-ninos-jovenes\/"},{"@type":"ListItem","position":4,"name":"CAMP RIALP &#8211; Campamento Internacional en Ingl\u00e9s en Andorra"}]},{"@type":"WebSite","@id":"https:\/\/humanit.as\/experiences\/#website","url":"https:\/\/humanit.as\/experiences\/","name":"Humanit.as Learning Experiences","description":"Experiencias para Aprender y Crecer","publisher":{"@id":"https:\/\/humanit.as\/experiences\/#organization"},"potentialAction":[{"@type":"SearchAction","target":{"@type":"EntryPoint","urlTemplate":"https:\/\/humanit.as\/experiences\/?s={search_term_string}"},"query-input":"required name=search_term_string"}],"inLanguage":"es"},{"@type":"Organization","@id":"https:\/\/humanit.as\/experiences\/#organization","name":"Humanit.as","url":"https:\/\/humanit.as\/experiences\/","logo":{"@type":"ImageObject","inLanguage":"es","@id":"https:\/\/humanit.as\/experiences\/#\/schema\/logo\/image\/","url":"http:\/\/s947857397.mialojamiento.es\/experiences\/wp-content\/uploads\/sites\/7\/2016\/02\/logotipo-humanitas-grande.jpg","contentUrl":"http:\/\/s947857397.mialojamiento.es\/experiences\/wp-content\/uploads\/sites\/7\/2016\/02\/logotipo-humanitas-grande.jpg","width":1800,"height":1800,"caption":"Humanit.as"},"image":{"@id":"https:\/\/humanit.as\/experiences\/#\/schema\/logo\/image\/"}}]}},"_links":{"self":[{"href":"https:\/\/humanit.as\/experiences\/wp-json\/wp\/v2\/pages\/1166","targetHints":{"allow":["GET"]}}],"collection":[{"href":"https:\/\/humanit.as\/experiences\/wp-json\/wp\/v2\/pages"}],"about":[{"href":"https:\/\/humanit.as\/experiences\/wp-json\/wp\/v2\/types\/page"}],"author":[{"embeddable":true,"href":"https:\/\/humanit.as\/experiences\/wp-json\/wp\/v2\/users\/1"}],"replies":[{"embeddable":true,"href":"https:\/\/humanit.as\/experiences\/wp-json\/wp\/v2\/comments?post=1166"}],"version-history":[{"count":1,"href":"https:\/\/humanit.as\/experiences\/wp-json\/wp\/v2\/pages\/1166\/revisions"}],"predecessor-version":[{"id":1969,"href":"https:\/\/humanit.as\/experiences\/wp-json\/wp\/v2\/pages\/1166\/revisions\/1969"}],"up":[{"embeddable":true,"href":"https:\/\/humanit.as\/experiences\/wp-json\/wp\/v2\/pages\/1088"}],"wp:attachment":[{"href":"https:\/\/humanit.as\/experiences\/wp-json\/wp\/v2\/media?parent=1166"}],"wp:term":[{"taxonomy":"post_tag","embeddable":true,"href":"https:\/\/humanit.as\/experiences\/wp-json\/wp\/v2\/tags?post=1166"}],"curies":[{"name":"wp","href":"https:\/\/api.w.org\/{rel}","templated":true}]}}