{"id":1150,"date":"2018-04-02T10:41:08","date_gmt":"2018-04-02T10:41:08","guid":{"rendered":"https:\/\/humanit.as\/experiences\/?page_id=1150"},"modified":"2018-04-02T11:17:39","modified_gmt":"2018-04-02T11:17:39","slug":"inmersion-linguistica-estados-unidos-ninos-adolescentes","status":"publish","type":"page","link":"https:\/\/humanit.as\/experiences\/ninos-y-adolescentes\/inmersion-linguistica-extranjero-ninos-jovenes\/inmersion-linguistica-estados-unidos-ninos-adolescentes\/","title":{"rendered":"Inmersi\u00f3n en Ingl\u00e9s en Estados Unidos para J\u00f3venes"},"content":{"rendered":"<p>[et_pb_section bb_built=\u00bb1&#8243; fullwidth=\u00bbon\u00bb _builder_version=\u00bb3.0.47&#8243;][et_pb_fullwidth_header title=\u00bbExperiencias de Inmersi\u00f3n Ling\u00fc\u00edstica para J\u00f3venes en Estados Unidos\u00bb subhead=\u00bb\u00bfAlg\u00fan joven no se emocionar\u00eda por la oportunidad de cruzar el atl\u00e1ntico a conocer EE.UU. de primera mano? Nuestros programas de inmersi\u00f3n ling\u00fc\u00edstica ofrecen una opci\u00f3n que nunca olvidar\u00e1n.\u00bb background_layout=\u00bbdark\u00bb text_orientation=\u00bbcenter\u00bb header_fullscreen=\u00bboff\u00bb header_scroll_down=\u00bbon\u00bb scroll_down_icon=\u00bb%%10%%\u00bb button_one_text=\u00bbContacto\u00bb button_one_url=\u00bbhumanit.as\/experiences\/contacto\u00bb background_overlay_color=\u00bbrgba(0,0,0,0.78)\u00bb _builder_version=\u00bb3.0.76&#8243; title_font=\u00bb|on|||\u00bb title_font_size=\u00bb40px\u00bb content_font=\u00bb|on|||\u00bb content_font_size=\u00bb20px\u00bb subhead_font=\u00bb|on|||\u00bb subhead_font_size=\u00bb25px\u00bb background_image=\u00bbhttps:\/\/humanit.as\/experiences\/wp-content\/uploads\/sites\/7\/2018\/03\/Beautiful-USA-Flag.jpg\u00bb parallax=\u00bbon\u00bb parallax_method=\u00bbon\u00bb image_orientation=\u00bbcenter\u00bb content_orientation=\u00bbcenter\u00bb custom_button_two=\u00bboff\u00bb button_two_letter_spacing=\u00bb0&#8243; button_two_icon_placement=\u00bbright\u00bb button_two_letter_spacing_hover=\u00bb0&#8243; custom_button_one=\u00bboff\u00bb button_one_letter_spacing=\u00bb0&#8243; button_one_icon_placement=\u00bbright\u00bb button_one_letter_spacing_hover=\u00bb0&#8243; \/][\/et_pb_section][et_pb_section bb_built=\u00bb1&#8243; _builder_version=\u00bb3.0.47&#8243;][et_pb_row _builder_version=\u00bb3.0.47&#8243; background_size=\u00bbinitial\u00bb background_position=\u00bbtop_left\u00bb background_repeat=\u00bbrepeat\u00bb _i=\u00bb0&#8243; _address=\u00bb1.0&#8243;][et_pb_column type=\u00bb4_4&#8243;][et_pb_text _builder_version=\u00bb3.0.76&#8243; background_layout=\u00bblight\u00bb text_font=\u00bbArimo||||\u00bb text_font_size=\u00bb30&#8243; text_orientation=\u00bbcenter\u00bb border_style=\u00bbsolid\u00bb module_alignment=\u00bbcenter\u00bb text_line_height=\u00bb2em\u00bb]<\/p>\n<p>Campamentos internacionales en el nordeste de EE.UU. situados en parajes naturales espectaculares. Los asistentes pasan sus d\u00edas rodeados por bosques y lagos, participando en una gran variedad de actividades desde deportes (acu\u00e1ticos y de tierra) hasta manualidades, artes esc\u00e9nicas, etc.<\/p>\n<p>[\/et_pb_text][et_pb_code admin_label=\u00bbCampamento Americano\u00bb _builder_version=\u00bb3.0.76&#8243;]&lt;iframe src=\u00bbhttps:\/\/drive.google.com\/file\/d\/1y-lJesiiwaT5R7m4pcLY0Nfh4eJDVekT\/preview\u00bb width=\u00bb100%\u00bb height=\u00bb480&#8243;&gt;&lt;\/iframe&gt;[\/et_pb_code][et_pb_text _builder_version=\u00bb3.0.76&#8243; background_layout=\u00bblight\u00bb text_font=\u00bbArimo||||\u00bb text_font_size=\u00bb30&#8243; text_orientation=\u00bbcenter\u00bb border_style=\u00bbsolid\u00bb module_alignment=\u00bbcenter\u00bb text_line_height=\u00bb2em\u00bb]<\/p>\n<p>En este programa de inmersi\u00f3n con familias estadounidenses del estado de Colorado, los estudiantes vivir\u00e1n como si fueran otro miembro de la unidad familiar. Tambi\u00e9n existe la posibilidad de asistir a un <a href=\"https:\/\/humanit.as\/experiences\/espana\/verano\/campamento-urbano-en-ingles-casa-de-campo-madrid\/clan-camp-2020-campamento-urbano-en-ingles-madrid\/\">campamento<\/a> con ni\u00f1os nativos de la zona.<\/p>\n<p>[\/et_pb_text][et_pb_code admin_label=\u00bbFull Inmersi\u00f3n Colorado\u00bb _builder_version=\u00bb3.0.76&#8243;]&lt;iframe src=\u00bbhttps:\/\/drive.google.com\/file\/d\/1eQQlK85aU3kJ9BSgJ3JD4JldqgQX4HJP\/preview\u00bb width=\u00bb100%\u00bb height=\u00bb480&#8243;&gt;&lt;\/iframe&gt;[\/et_pb_code][et_pb_text _builder_version=\u00bb3.0.76&#8243; background_layout=\u00bblight\u00bb text_font=\u00bbArimo||||\u00bb text_font_size=\u00bb30&#8243; text_orientation=\u00bbcenter\u00bb border_style=\u00bbsolid\u00bb module_alignment=\u00bbcenter\u00bb text_line_height=\u00bb2em\u00bb]<\/p>\n<p>En este programa de inmersi\u00f3n con familias estadounidenses de la zona del Noreste (Nueva York, Nueva<br \/>\nJersey, Connecticut, Pensilvania, Massachusetts, Maine, Rhode Island, Vermont, Maryland, New Hampshire y<br \/>\nWashington DC), los estudiantes vivir\u00e1n como si fueran otro miembro de la unidad familiar. Tambi\u00e9n existe la posibilidad de asistir a un campamento con ni\u00f1os nativos de la zona.<\/p>\n<p>[\/et_pb_text][et_pb_code admin_label=\u00bbFull Inmersi\u00f3n Costa Este\u00bb _builder_version=\u00bb3.0.76&#8243;]&lt;iframe src=\u00bbhttps:\/\/drive.google.com\/file\/d\/1J_T_gxIQLQkxzp1Y_5fEtA8lL1sULwVk\/preview\u00bb width=\u00bb100%\u00bb height=\u00bb480&#8243;&gt;&lt;\/iframe&gt;[\/et_pb_code][et_pb_text _builder_version=\u00bb3.0.76&#8243; background_layout=\u00bblight\u00bb text_font=\u00bbArimo||||\u00bb text_font_size=\u00bb30&#8243; text_orientation=\u00bbcenter\u00bb border_style=\u00bbsolid\u00bb module_alignment=\u00bbcenter\u00bb text_line_height=\u00bb2em\u00bb]<\/p>\n<p>Este programa, para los j\u00f3venes amantes de los animales, combina una estancia con una familia estadounidense y entre 4 a 6 horas trabajando codo con codo con los rancheros en sus tareas diarias. M\u00ednimo nivel de ingl\u00e9s: intermedio.<\/p>\n<p>[\/et_pb_text][et_pb_code admin_label=\u00bbRancho Americano\u00bb _builder_version=\u00bb3.0.76&#8243;]&lt;iframe src=\u00bbhttps:\/\/drive.google.com\/file\/d\/1CRwxBzdJXENTgvOBw_fYRbRfxqp80EzI\/preview\u00bb width=\u00bb100%\u00bb height=\u00bb480&#8243;&gt;&lt;\/iframe&gt;[\/et_pb_code][\/et_pb_column][\/et_pb_row][\/et_pb_section]<\/p>\n","protected":false},"excerpt":{"rendered":"<p>Campamentos internacionales en el nordeste de EE.UU. situados en parajes naturales espectaculares. Los asistentes pasan sus d\u00edas rodeados por bosques y lagos, participando en una gran variedad de actividades desde deportes (acu\u00e1ticos y de tierra) hasta manualidades, artes esc\u00e9nicas, etc. En este programa de inmersi\u00f3n con familias estadounidenses del estado de Colorado, los estudiantes vivir\u00e1n [&hellip;]<\/p>\n","protected":false},"author":1,"featured_media":0,"parent":1088,"menu_order":0,"comment_status":"closed","ping_status":"closed","template":"","meta":{"_et_pb_use_builder":"on","_et_pb_old_content":"","_et_gb_content_width":"","footnotes":""},"tags":[],"class_list":["post-1150","page","type-page","status-publish","hentry"],"yoast_head":"<!-- This site is optimized with the Yoast SEO plugin v27.4 - https:\/\/yoast.com\/product\/yoast-seo-wordpress\/ -->\n<title>Inmersi\u00f3n en Ingl\u00e9s en Estados Unidos para J\u00f3venes - Humanit.as Learning Experiences<\/title>\n<meta name=\"robots\" content=\"index, follow, max-snippet:-1, max-image-preview:large, max-video-preview:-1\" \/>\n<link rel=\"canonical\" href=\"https:\/\/humanit.as\/experiences\/ninos-y-adolescentes\/inmersion-linguistica-extranjero-ninos-jovenes\/inmersion-linguistica-estados-unidos-ninos-adolescentes\/\" \/>\n<meta property=\"og:locale\" content=\"es_ES\" \/>\n<meta property=\"og:type\" content=\"article\" \/>\n<meta property=\"og:title\" content=\"Inmersi\u00f3n en Ingl\u00e9s en Estados Unidos para J\u00f3venes - Humanit.as Learning Experiences\" \/>\n<meta property=\"og:description\" content=\"Campamentos internacionales en el nordeste de EE.UU. situados en parajes naturales espectaculares. Los asistentes pasan sus d\u00edas rodeados por bosques y lagos, participando en una gran variedad de actividades desde deportes (acu\u00e1ticos y de tierra) hasta manualidades, artes esc\u00e9nicas, etc. En este programa de inmersi\u00f3n con familias estadounidenses del estado de Colorado, los estudiantes vivir\u00e1n [&hellip;]\" \/>\n<meta property=\"og:url\" content=\"https:\/\/humanit.as\/experiences\/ninos-y-adolescentes\/inmersion-linguistica-extranjero-ninos-jovenes\/inmersion-linguistica-estados-unidos-ninos-adolescentes\/\" \/>\n<meta property=\"og:site_name\" content=\"Humanit.as Learning Experiences\" \/>\n<meta property=\"article:modified_time\" content=\"2018-04-02T11:17:39+00:00\" \/>\n<meta name=\"twitter:card\" content=\"summary_large_image\" \/>\n<meta name=\"twitter:label1\" content=\"Tiempo de lectura\" \/>\n\t<meta name=\"twitter:data1\" content=\"3 minutos\" \/>\n<script type=\"application\/ld+json\" class=\"yoast-schema-graph\">{\"@context\":\"https:\\\/\\\/schema.org\",\"@graph\":[{\"@type\":\"WebPage\",\"@id\":\"https:\\\/\\\/humanit.as\\\/experiences\\\/ninos-y-adolescentes\\\/inmersion-linguistica-extranjero-ninos-jovenes\\\/inmersion-linguistica-estados-unidos-ninos-adolescentes\\\/\",\"url\":\"https:\\\/\\\/humanit.as\\\/experiences\\\/ninos-y-adolescentes\\\/inmersion-linguistica-extranjero-ninos-jovenes\\\/inmersion-linguistica-estados-unidos-ninos-adolescentes\\\/\",\"name\":\"Inmersi\u00f3n en Ingl\u00e9s en Estados Unidos para J\u00f3venes - Humanit.as Learning Experiences\",\"isPartOf\":{\"@id\":\"https:\\\/\\\/humanit.as\\\/experiences\\\/#website\"},\"datePublished\":\"2018-04-02T10:41:08+00:00\",\"dateModified\":\"2018-04-02T11:17:39+00:00\",\"breadcrumb\":{\"@id\":\"https:\\\/\\\/humanit.as\\\/experiences\\\/ninos-y-adolescentes\\\/inmersion-linguistica-extranjero-ninos-jovenes\\\/inmersion-linguistica-estados-unidos-ninos-adolescentes\\\/#breadcrumb\"},\"inLanguage\":\"es\",\"potentialAction\":[{\"@type\":\"ReadAction\",\"target\":[\"https:\\\/\\\/humanit.as\\\/experiences\\\/ninos-y-adolescentes\\\/inmersion-linguistica-extranjero-ninos-jovenes\\\/inmersion-linguistica-estados-unidos-ninos-adolescentes\\\/\"]}]},{\"@type\":\"BreadcrumbList\",\"@id\":\"https:\\\/\\\/humanit.as\\\/experiences\\\/ninos-y-adolescentes\\\/inmersion-linguistica-extranjero-ninos-jovenes\\\/inmersion-linguistica-estados-unidos-ninos-adolescentes\\\/#breadcrumb\",\"itemListElement\":[{\"@type\":\"ListItem\",\"position\":1,\"name\":\"Inicio\",\"item\":\"https:\\\/\\\/humanit.as\\\/experiences\\\/\"},{\"@type\":\"ListItem\",\"position\":2,\"name\":\"Experiencias para ni\u00f1os y adolescentes\",\"item\":\"https:\\\/\\\/humanit.as\\\/experiences\\\/ninos-y-adolescentes\\\/\"},{\"@type\":\"ListItem\",\"position\":3,\"name\":\"Cursos de Inmersi\u00f3n en el Extranjero para Ni\u00f1os y J\u00f3venes\",\"item\":\"https:\\\/\\\/humanit.as\\\/experiences\\\/ninos-y-adolescentes\\\/inmersion-linguistica-extranjero-ninos-jovenes\\\/\"},{\"@type\":\"ListItem\",\"position\":4,\"name\":\"Inmersi\u00f3n en Ingl\u00e9s en Estados Unidos para J\u00f3venes\"}]},{\"@type\":\"WebSite\",\"@id\":\"https:\\\/\\\/humanit.as\\\/experiences\\\/#website\",\"url\":\"https:\\\/\\\/humanit.as\\\/experiences\\\/\",\"name\":\"Humanit.as Learning Experiences\",\"description\":\"Experiencias para Aprender y Crecer\",\"publisher\":{\"@id\":\"https:\\\/\\\/humanit.as\\\/experiences\\\/#organization\"},\"potentialAction\":[{\"@type\":\"SearchAction\",\"target\":{\"@type\":\"EntryPoint\",\"urlTemplate\":\"https:\\\/\\\/humanit.as\\\/experiences\\\/?s={search_term_string}\"},\"query-input\":{\"@type\":\"PropertyValueSpecification\",\"valueRequired\":true,\"valueName\":\"search_term_string\"}}],\"inLanguage\":\"es\"},{\"@type\":\"Organization\",\"@id\":\"https:\\\/\\\/humanit.as\\\/experiences\\\/#organization\",\"name\":\"Humanit.as\",\"url\":\"https:\\\/\\\/humanit.as\\\/experiences\\\/\",\"logo\":{\"@type\":\"ImageObject\",\"inLanguage\":\"es\",\"@id\":\"https:\\\/\\\/humanit.as\\\/experiences\\\/#\\\/schema\\\/logo\\\/image\\\/\",\"url\":\"http:\\\/\\\/s947857397.mialojamiento.es\\\/experiences\\\/wp-content\\\/uploads\\\/sites\\\/7\\\/2016\\\/02\\\/logotipo-humanitas-grande.jpg\",\"contentUrl\":\"http:\\\/\\\/s947857397.mialojamiento.es\\\/experiences\\\/wp-content\\\/uploads\\\/sites\\\/7\\\/2016\\\/02\\\/logotipo-humanitas-grande.jpg\",\"width\":1800,\"height\":1800,\"caption\":\"Humanit.as\"},\"image\":{\"@id\":\"https:\\\/\\\/humanit.as\\\/experiences\\\/#\\\/schema\\\/logo\\\/image\\\/\"}}]}<\/script>\n<!-- \/ Yoast SEO plugin. -->","yoast_head_json":{"title":"Inmersi\u00f3n en Ingl\u00e9s en Estados Unidos para J\u00f3venes - Humanit.as Learning Experiences","robots":{"index":"index","follow":"follow","max-snippet":"max-snippet:-1","max-image-preview":"max-image-preview:large","max-video-preview":"max-video-preview:-1"},"canonical":"https:\/\/humanit.as\/experiences\/ninos-y-adolescentes\/inmersion-linguistica-extranjero-ninos-jovenes\/inmersion-linguistica-estados-unidos-ninos-adolescentes\/","og_locale":"es_ES","og_type":"article","og_title":"Inmersi\u00f3n en Ingl\u00e9s en Estados Unidos para J\u00f3venes - Humanit.as Learning Experiences","og_description":"Campamentos internacionales en el nordeste de EE.UU. situados en parajes naturales espectaculares. Los asistentes pasan sus d\u00edas rodeados por bosques y lagos, participando en una gran variedad de actividades desde deportes (acu\u00e1ticos y de tierra) hasta manualidades, artes esc\u00e9nicas, etc. En este programa de inmersi\u00f3n con familias estadounidenses del estado de Colorado, los estudiantes vivir\u00e1n [&hellip;]","og_url":"https:\/\/humanit.as\/experiences\/ninos-y-adolescentes\/inmersion-linguistica-extranjero-ninos-jovenes\/inmersion-linguistica-estados-unidos-ninos-adolescentes\/","og_site_name":"Humanit.as Learning Experiences","article_modified_time":"2018-04-02T11:17:39+00:00","twitter_card":"summary_large_image","twitter_misc":{"Tiempo de lectura":"3 minutos"},"schema":{"@context":"https:\/\/schema.org","@graph":[{"@type":"WebPage","@id":"https:\/\/humanit.as\/experiences\/ninos-y-adolescentes\/inmersion-linguistica-extranjero-ninos-jovenes\/inmersion-linguistica-estados-unidos-ninos-adolescentes\/","url":"https:\/\/humanit.as\/experiences\/ninos-y-adolescentes\/inmersion-linguistica-extranjero-ninos-jovenes\/inmersion-linguistica-estados-unidos-ninos-adolescentes\/","name":"Inmersi\u00f3n en Ingl\u00e9s en Estados Unidos para J\u00f3venes - Humanit.as Learning Experiences","isPartOf":{"@id":"https:\/\/humanit.as\/experiences\/#website"},"datePublished":"2018-04-02T10:41:08+00:00","dateModified":"2018-04-02T11:17:39+00:00","breadcrumb":{"@id":"https:\/\/humanit.as\/experiences\/ninos-y-adolescentes\/inmersion-linguistica-extranjero-ninos-jovenes\/inmersion-linguistica-estados-unidos-ninos-adolescentes\/#breadcrumb"},"inLanguage":"es","potentialAction":[{"@type":"ReadAction","target":["https:\/\/humanit.as\/experiences\/ninos-y-adolescentes\/inmersion-linguistica-extranjero-ninos-jovenes\/inmersion-linguistica-estados-unidos-ninos-adolescentes\/"]}]},{"@type":"BreadcrumbList","@id":"https:\/\/humanit.as\/experiences\/ninos-y-adolescentes\/inmersion-linguistica-extranjero-ninos-jovenes\/inmersion-linguistica-estados-unidos-ninos-adolescentes\/#breadcrumb","itemListElement":[{"@type":"ListItem","position":1,"name":"Inicio","item":"https:\/\/humanit.as\/experiences\/"},{"@type":"ListItem","position":2,"name":"Experiencias para ni\u00f1os y adolescentes","item":"https:\/\/humanit.as\/experiences\/ninos-y-adolescentes\/"},{"@type":"ListItem","position":3,"name":"Cursos de Inmersi\u00f3n en el Extranjero para Ni\u00f1os y J\u00f3venes","item":"https:\/\/humanit.as\/experiences\/ninos-y-adolescentes\/inmersion-linguistica-extranjero-ninos-jovenes\/"},{"@type":"ListItem","position":4,"name":"Inmersi\u00f3n en Ingl\u00e9s en Estados Unidos para J\u00f3venes"}]},{"@type":"WebSite","@id":"https:\/\/humanit.as\/experiences\/#website","url":"https:\/\/humanit.as\/experiences\/","name":"Humanit.as Learning Experiences","description":"Experiencias para Aprender y Crecer","publisher":{"@id":"https:\/\/humanit.as\/experiences\/#organization"},"potentialAction":[{"@type":"SearchAction","target":{"@type":"EntryPoint","urlTemplate":"https:\/\/humanit.as\/experiences\/?s={search_term_string}"},"query-input":{"@type":"PropertyValueSpecification","valueRequired":true,"valueName":"search_term_string"}}],"inLanguage":"es"},{"@type":"Organization","@id":"https:\/\/humanit.as\/experiences\/#organization","name":"Humanit.as","url":"https:\/\/humanit.as\/experiences\/","logo":{"@type":"ImageObject","inLanguage":"es","@id":"https:\/\/humanit.as\/experiences\/#\/schema\/logo\/image\/","url":"http:\/\/s947857397.mialojamiento.es\/experiences\/wp-content\/uploads\/sites\/7\/2016\/02\/logotipo-humanitas-grande.jpg","contentUrl":"http:\/\/s947857397.mialojamiento.es\/experiences\/wp-content\/uploads\/sites\/7\/2016\/02\/logotipo-humanitas-grande.jpg","width":1800,"height":1800,"caption":"Humanit.as"},"image":{"@id":"https:\/\/humanit.as\/experiences\/#\/schema\/logo\/image\/"}}]}},"_links":{"self":[{"href":"https:\/\/humanit.as\/experiences\/wp-json\/wp\/v2\/pages\/1150","targetHints":{"allow":["GET"]}}],"collection":[{"href":"https:\/\/humanit.as\/experiences\/wp-json\/wp\/v2\/pages"}],"about":[{"href":"https:\/\/humanit.as\/experiences\/wp-json\/wp\/v2\/types\/page"}],"author":[{"embeddable":true,"href":"https:\/\/humanit.as\/experiences\/wp-json\/wp\/v2\/users\/1"}],"replies":[{"embeddable":true,"href":"https:\/\/humanit.as\/experiences\/wp-json\/wp\/v2\/comments?post=1150"}],"version-history":[{"count":0,"href":"https:\/\/humanit.as\/experiences\/wp-json\/wp\/v2\/pages\/1150\/revisions"}],"up":[{"embeddable":true,"href":"https:\/\/humanit.as\/experiences\/wp-json\/wp\/v2\/pages\/1088"}],"wp:attachment":[{"href":"https:\/\/humanit.as\/experiences\/wp-json\/wp\/v2\/media?parent=1150"}],"wp:term":[{"taxonomy":"post_tag","embeddable":true,"href":"https:\/\/humanit.as\/experiences\/wp-json\/wp\/v2\/tags?post=1150"}],"curies":[{"name":"wp","href":"https:\/\/api.w.org\/{rel}","templated":true}]}}