{"id":101,"date":"2015-12-12T13:52:03","date_gmt":"2015-12-12T13:52:03","guid":{"rendered":"https:\/\/humanit.as\/experiences\/?page_id=101"},"modified":"2018-05-18T11:13:31","modified_gmt":"2018-05-18T11:13:31","slug":"fechas-y-precios","status":"publish","type":"page","link":"https:\/\/humanit.as\/experiences\/ninos-y-adolescentes\/natural-english-kids-camp\/fechas-y-precios\/","title":{"rendered":"Fechas y Precios"},"content":{"rendered":"<p>[et_pb_section bb_built=\u00bb1&#8243; admin_label=\u00bbsection\u00bb background_image=\u00bbhttps:\/\/humanit.as\/experiences\/wp-content\/uploads\/sites\/7\/2017\/02\/IMG_4285.jpg\u00bb transparent_background=\u00bbon\u00bb allow_player_pause=\u00bboff\u00bb inner_shadow=\u00bbon\u00bb parallax=\u00bbon\u00bb parallax_method=\u00bboff\u00bb padding_mobile=\u00bboff\u00bb make_fullwidth=\u00bboff\u00bb use_custom_width=\u00bboff\u00bb width_unit=\u00bbon\u00bb custom_width_px=\u00bb1080px\u00bb custom_width_percent=\u00bb80%\u00bb make_equal=\u00bboff\u00bb use_custom_gutter=\u00bboff\u00bb fullwidth=\u00bboff\u00bb specialty=\u00bboff\u00bb disabled=\u00bboff\u00bb background_color=\u00bbrgba(255,255,255,0)\u00bb custom_padding_tablet=\u00bb50px|0|50px|0&#8243; custom_padding_last_edited=\u00bbon|desktop\u00bb][et_pb_row make_fullwidth=\u00bboff\u00bb use_custom_width=\u00bboff\u00bb width_unit=\u00bboff\u00bb custom_width_px=\u00bb1080px\u00bb custom_width_percent=\u00bb80%\u00bb use_custom_gutter=\u00bboff\u00bb gutter_width=\u00bb3&#8243; allow_player_pause=\u00bboff\u00bb parallax=\u00bboff\u00bb parallax_method=\u00bbon\u00bb make_equal=\u00bboff\u00bb parallax_1=\u00bboff\u00bb parallax_method_1=\u00bbon\u00bb parallax_2=\u00bboff\u00bb parallax_method_2=\u00bbon\u00bb parallax_3=\u00bboff\u00bb parallax_method_3=\u00bbon\u00bb parallax_4=\u00bboff\u00bb parallax_method_4=\u00bbon\u00bb disabled=\u00bboff\u00bb background_position=\u00bbtop_left\u00bb background_repeat=\u00bbrepeat\u00bb background_size=\u00bbinitial\u00bb][et_pb_column type=\u00bb1_2&#8243;][et_pb_text admin_label=\u00bbFechas\u00bb background_layout=\u00bblight\u00bb text_orientation=\u00bbcenter\u00bb text_font_size=\u00bb22&#8243; background_color=\u00bb#eded97&#8243; use_border_color=\u00bbon\u00bb border_color=\u00bb#d3d3d3&#8243; border_width=\u00bb3px\u00bb border_style=\u00bbdouble\u00bb custom_padding=\u00bb30px|30px|30px|30px\u00bb disabled=\u00bboff\u00bb module_alignment=\u00bbcenter\u00bb background_position=\u00bbtop_left\u00bb background_repeat=\u00bbrepeat\u00bb background_size=\u00bbinitial\u00bb _builder_version=\u00bb3.0.76&#8243;]<\/p>\n<p><b>Este a\u00f1o ofremos una semana de <a href=\"https:\/\/humanit.as\/experiences\/espana\/verano\/campamento-urbano-en-ingles-casa-de-campo-madrid\/clan-camp-2020-campamento-urbano-en-ingles-madrid\/\">campamento<\/a> entre el final de julio y el principio de agosto:<\/b><\/p>\n<ul>\n<li><b>S\u00e1bado 28 de julio &#8211; S\u00e1bado 4 de agosto<\/b><\/li>\n<\/ul>\n<p>&nbsp;<\/p>\n<p>[\/et_pb_text][\/et_pb_column][et_pb_column type=\u00bb1_2&#8243;][et_pb_cta admin_label=\u00bbReserva ya\u00bb title=\u00bb\u00a1Haz tu reserva ya!\u00bb button_url=\u00bbhttps:\/\/humanit.as\/experiences\/ninos-y-adolescentes\/natural-english-kids-camp\/reservas\/\u00bb url_new_window=\u00bboff\u00bb button_text=\u00bb\u00a1Ap\u00fantate aqu\u00ed!\u00bb use_background_color=\u00bbon\u00bb background_color=\u00bb#598b8c\u00bb background_layout=\u00bbdark\u00bb text_orientation=\u00bbcenter\u00bb header_font=\u00bb|on|||\u00bb header_font_size=\u00bb32&#8243; use_border_color=\u00bbon\u00bb border_color=\u00bb#dbdbdb\u00bb border_width=\u00bb3px\u00bb border_style=\u00bbdouble\u00bb custom_padding=\u00bb30px|30px|30px|30px\u00bb custom_button=\u00bbon\u00bb button_text_size=\u00bb30&#8243; button_letter_spacing=\u00bb0&#8243; button_use_icon=\u00bbdefault\u00bb button_icon=\u00bb%%202%%\u00bb button_icon_color=\u00bb#2b9e19&#8243; button_icon_placement=\u00bbright\u00bb button_on_hover=\u00bbon\u00bb button_text_color_hover=\u00bb#1e73be\u00bb button_bg_color_hover=\u00bb#ffffff\u00bb button_letter_spacing_hover=\u00bb0&#8243; disabled=\u00bboff\u00bb background_position=\u00bbtop_left\u00bb background_repeat=\u00bbrepeat\u00bb background_size=\u00bbinitial\u00bb]<\/p>\n<p>Solo necesitamos unos pocos datos y estaremos en contacto en breve para formalizar la reserva.<\/p>\n<p>[\/et_pb_cta][\/et_pb_column][\/et_pb_row][et_pb_row admin_label=\u00bbrow\u00bb make_fullwidth=\u00bboff\u00bb use_custom_width=\u00bboff\u00bb width_unit=\u00bboff\u00bb custom_width_px=\u00bb1080px\u00bb custom_width_percent=\u00bb80%\u00bb use_custom_gutter=\u00bboff\u00bb gutter_width=\u00bb3&#8243; allow_player_pause=\u00bboff\u00bb parallax=\u00bboff\u00bb parallax_method=\u00bbon\u00bb make_equal=\u00bboff\u00bb parallax_1=\u00bboff\u00bb parallax_method_1=\u00bbon\u00bb parallax_2=\u00bboff\u00bb parallax_method_2=\u00bbon\u00bb parallax_3=\u00bboff\u00bb parallax_method_3=\u00bbon\u00bb parallax_4=\u00bboff\u00bb parallax_method_4=\u00bbon\u00bb disabled=\u00bboff\u00bb background_position=\u00bbtop_left\u00bb background_repeat=\u00bbrepeat\u00bb background_size=\u00bbinitial\u00bb][et_pb_column type=\u00bb4_4&#8243;][et_pb_pricing_tables admin_label=\u00bbTabla de precios\u00bb show_bullet=\u00bbon\u00bb remove_featured_drop_shadow=\u00bboff\u00bb center_list_items=\u00bboff\u00bb border_style=\u00bbsolid\u00bb custom_button=\u00bboff\u00bb button_letter_spacing=\u00bb0&#8243; button_icon_placement=\u00bbright\u00bb button_letter_spacing_hover=\u00bb0&#8243; disabled=\u00bboff\u00bb show_featured_drop_shadow=\u00bboff\u00bb _builder_version=\u00bb3.0.76&#8243;] [et_pb_pricing_table featured=\u00bboff\u00bb title=\u00bbSi vienes con un hermano\/a\u00bb currency=\u00bb\u20ac\u00bb sum=\u00bb510&#8243; button_url=\u00bbhttps:\/\/humanit.as\/experiences\/ninos-y-adolescentes\/natural-english-kids-camp\/reservas\/\u00bb button_text=\u00bb\u00a1Ap\u00fantate!\u00bb header_font=\u00bb||||\u00bb subheader_font=\u00bb||||\u00bb currency_frequency_font=\u00bb||||\u00bb price_font=\u00bb||||\u00bb body_font=\u00bb||||\u00bb custom_button=\u00bboff\u00bb button_font=\u00bb||||\u00bb button_use_icon=\u00bbon\u00bb button_icon_placement=\u00bbright\u00bb button_on_hover=\u00bbon\u00bb disabled=\u00bboff\u00bb _builder_version=\u00bb3.0.76&#8243; use_background_color_gradient=\u00bboff\u00bb background_color_gradient_start=\u00bb#2b87da\u00bb background_color_gradient_end=\u00bb#29c4a9&#8243; background_color_gradient_type=\u00bblinear\u00bb background_color_gradient_direction=\u00bb180deg\u00bb background_color_gradient_direction_radial=\u00bbcenter\u00bb background_color_gradient_start_position=\u00bb0%\u00bb background_color_gradient_end_position=\u00bb100%\u00bb parallax=\u00bboff\u00bb parallax_method=\u00bbon\u00bb background_size=\u00bbcover\u00bb background_position=\u00bbcenter\u00bb background_repeat=\u00bbno-repeat\u00bb background_blend=\u00bbnormal\u00bb allow_player_pause=\u00bboff\u00bb header_font_select=\u00bbdefault\u00bb body_font_select=\u00bbdefault\u00bb subheader_font_select=\u00bbdefault\u00bb currency_frequency_font_select=\u00bbdefault\u00bb price_font_select=\u00bbdefault\u00bb button_bg_use_color_gradient=\u00bboff\u00bb button_bg_color_gradient_start=\u00bb#2b87da\u00bb button_bg_color_gradient_end=\u00bb#29c4a9&#8243; button_bg_color_gradient_type=\u00bblinear\u00bb button_bg_color_gradient_direction_radial=\u00bbcenter\u00bb button_bg_size=\u00bbcover\u00bb button_bg_position=\u00bbcenter\u00bb button_bg_repeat=\u00bbno-repeat\u00bb button_bg_blend=\u00bbnormal\u00bb button_font_select=\u00bbdefault\u00bb]<\/p>\n<p>+ El mismo campamento, un precio m\u00e1s ajustado.<\/p>\n<p>+ \u00bfFamilia numerosa? \u00a1Enhorabuena! Contacta con nosotros e intentaremos echar una mano con el precio.<\/p>\n<p>[\/et_pb_pricing_table][et_pb_pricing_table featured=\u00bbon\u00bb title=\u00bbPrecio todo incluido\u00bb currency=\u00bb\u20ac\u00bb sum=\u00bb545\u20ac\u00bb button_url=\u00bbhttps:\/\/humanit.as\/experiences\/ninos-y-adolescentes\/natural-english-kids-camp\/reservas\/\u00bb button_text=\u00bb\u00a1Reserva tu plaza ya!\u00bb header_font=\u00bb||||\u00bb subheader_font=\u00bb||||\u00bb currency_frequency_font=\u00bb||||\u00bb price_font=\u00bb||||\u00bb body_font=\u00bb||||\u00bb custom_button=\u00bboff\u00bb button_font=\u00bb||||\u00bb button_use_icon=\u00bbon\u00bb button_icon_placement=\u00bbright\u00bb button_on_hover=\u00bbon\u00bb disabled=\u00bboff\u00bb _builder_version=\u00bb3.0.76&#8243; use_background_color_gradient=\u00bboff\u00bb background_color_gradient_start=\u00bb#2b87da\u00bb background_color_gradient_end=\u00bb#29c4a9&#8243; background_color_gradient_type=\u00bblinear\u00bb background_color_gradient_direction=\u00bb180deg\u00bb background_color_gradient_direction_radial=\u00bbcenter\u00bb background_color_gradient_start_position=\u00bb0%\u00bb background_color_gradient_end_position=\u00bb100%\u00bb parallax=\u00bboff\u00bb parallax_method=\u00bbon\u00bb background_size=\u00bbcover\u00bb background_position=\u00bbcenter\u00bb background_repeat=\u00bbno-repeat\u00bb background_blend=\u00bbnormal\u00bb allow_player_pause=\u00bboff\u00bb header_font_select=\u00bbdefault\u00bb body_font_select=\u00bbdefault\u00bb subheader_font_select=\u00bbdefault\u00bb currency_frequency_font_select=\u00bbdefault\u00bb price_font_select=\u00bbdefault\u00bb button_bg_use_color_gradient=\u00bboff\u00bb button_bg_color_gradient_start=\u00bb#2b87da\u00bb button_bg_color_gradient_end=\u00bb#29c4a9&#8243; button_bg_color_gradient_type=\u00bblinear\u00bb button_bg_color_gradient_direction_radial=\u00bbcenter\u00bb button_bg_size=\u00bbcover\u00bb button_bg_position=\u00bbcenter\u00bb button_bg_repeat=\u00bbno-repeat\u00bb button_bg_blend=\u00bbnormal\u00bb button_font_select=\u00bbdefault\u00bb]<\/p>\n<p>+ Alojamiento<\/p>\n<p>+ Pensi\u00f3n completa<\/p>\n<p>+ Seguro<\/p>\n<p>+ Inmersi\u00f3n ling\u00fc\u00edstica en ingl\u00e9s &#8211; M\u00e1s de 90 horas<\/p>\n<p>+ Actividades deportivas<\/p>\n<p>[\/et_pb_pricing_table][et_pb_pricing_table featured=\u00bboff\u00bb title=\u00bbColegios y Academias\u00bb subtitle=\u00bbOfrecemos condiciones especiales para colegios, academias, etc. \u00bb sum=\u00bbCons\u00faltanos\u00bb button_url=\u00bbhttps:\/\/humanit.as\/experiences\/contacto\/\u00bb button_text=\u00bb\u00a1Danos un toque y hablamos!\u00bb header_font=\u00bb||||\u00bb subheader_font=\u00bb||||\u00bb currency_frequency_font=\u00bb||||\u00bb price_font=\u00bb|on|||\u00bb price_font_size=\u00bb30&#8243; price_font_size_tablet=\u00bb30&#8243; price_font_size_phone=\u00bb30&#8243; body_font=\u00bb||||\u00bb custom_button=\u00bboff\u00bb button_font=\u00bb||||\u00bb button_use_icon=\u00bbdefault\u00bb button_icon_placement=\u00bbright\u00bb button_on_hover=\u00bbon\u00bb disabled=\u00bboff\u00bb _builder_version=\u00bb3.0.76&#8243;]<\/p>\n<p>+ Condiciones especiales para colegios, academias y otras organizaciones &#8211; Buscamos crear relaciones mutuamente beneficiosas.<\/p>\n<p>+ Estamos abiertos a sugerencias. Si quieres que tus alumnos trabajen algo en particular, podemos hablar sobre como incorporarlo en el programa.<\/p>\n<p>+ Proporcionamos materiales de promoci\u00f3n para el centro. Os lo ponemos f\u00e1cil para que las familias reciban noticias de nuestra colaboraci\u00f3n.<\/p>\n<p>[\/et_pb_pricing_table] [\/et_pb_pricing_tables][\/et_pb_column][\/et_pb_row][et_pb_row make_fullwidth=\u00bboff\u00bb use_custom_width=\u00bboff\u00bb width_unit=\u00bboff\u00bb custom_width_px=\u00bb1080px\u00bb custom_width_percent=\u00bb80%\u00bb use_custom_gutter=\u00bboff\u00bb gutter_width=\u00bb3&#8243; allow_player_pause=\u00bboff\u00bb parallax=\u00bboff\u00bb parallax_method=\u00bbon\u00bb make_equal=\u00bboff\u00bb parallax_1=\u00bboff\u00bb parallax_method_1=\u00bbon\u00bb parallax_2=\u00bboff\u00bb parallax_method_2=\u00bbon\u00bb parallax_3=\u00bboff\u00bb parallax_method_3=\u00bbon\u00bb parallax_4=\u00bboff\u00bb parallax_method_4=\u00bbon\u00bb disabled=\u00bboff\u00bb background_position=\u00bbtop_left\u00bb background_repeat=\u00bbrepeat\u00bb background_size=\u00bbinitial\u00bb][et_pb_column type=\u00bb4_4&#8243;][et_pb_button admin_label=\u00bbDescarga PDF\u00bb button_url=\u00bbhttps:\/\/humanit.as\/wp-content\/uploads\/2018\/05\/Natural-English-Kids-Camp-Agosto-2018-S.pdf\u00bb url_new_window=\u00bbon\u00bb button_text=\u00bbDescarga informaci\u00f3n en PDF sobre Natural English Kids Camp aqu\u00ed.\u00bb button_alignment=\u00bbcenter\u00bb background_layout=\u00bblight\u00bb custom_button=\u00bbon\u00bb button_text_size=\u00bb35&#8243; button_text_color=\u00bb#ffffff\u00bb button_bg_color=\u00bb#dd3333&#8243; button_border_width=\u00bb5&#8243; button_border_color=\u00bb#000000&#8243; button_border_radius=\u00bb5&#8243; button_letter_spacing=\u00bb0&#8243; button_icon=\u00bb%%233%%\u00bb button_icon_color=\u00bb#dd9933&#8243; button_icon_placement=\u00bbleft\u00bb button_on_hover=\u00bboff\u00bb button_text_color_hover=\u00bb#dd3333&#8243; button_bg_color_hover=\u00bb#eeee22&#8243; button_border_color_hover=\u00bb#1e73be\u00bb button_border_radius_hover=\u00bb6&#8243; button_letter_spacing_hover=\u00bb0&#8243; disabled=\u00bboff\u00bb saved_tabs=\u00bball\u00bb _builder_version=\u00bb3.0.76&#8243; \/][\/et_pb_column][\/et_pb_row][\/et_pb_section]<\/p>\n","protected":false},"excerpt":{"rendered":"<p>Este a\u00f1o ofremos una semana de campamento entre el final de julio y el principio de agosto: S\u00e1bado 28 de julio &#8211; S\u00e1bado 4 de agosto &nbsp; Solo necesitamos unos pocos datos y estaremos en contacto en breve para formalizar la reserva. + El mismo campamento, un precio m\u00e1s ajustado. + \u00bfFamilia numerosa? \u00a1Enhorabuena! Contacta [&hellip;]<\/p>\n","protected":false},"author":1,"featured_media":0,"parent":68,"menu_order":0,"comment_status":"open","ping_status":"closed","template":"","meta":{"_et_pb_use_builder":"on","_et_pb_old_content":"<p>P\u00e1gina sobre fechas y precios<\/p>","_et_gb_content_width":"","footnotes":""},"tags":[41,8,20,10,14,12,9,25,13,18,21,11,15,17,16,19,23,22,42,24,28,31],"class_list":["post-101","page","type-page","status-publish","hentry","tag-campamento-de-ingles-ultima-semana-de-junio-2016","tag-campamento-de-verano","tag-campamento-de-verano-agosto-2016","tag-campamento-de-verano-bilingue","tag-campamento-de-verano-bilingue-cerca-de-madrid","tag-campamento-de-verano-bilingue-sierra-de-gredos","tag-campamento-de-verano-ingles","tag-campamento-de-verano-ingles-agosto-2016","tag-campamento-de-verano-ingles-cerca-de-madrid","tag-campamento-de-verano-ingles-economico","tag-campamento-de-verano-ingles-junio-2016","tag-campamento-de-verano-ingles-sierra-de-gredos","tag-campamento-de-verano-inmersion-ingles","tag-campamento-de-verano-inmersion-ingles-cerca-de-madrid","tag-campamento-de-verano-inmersion-ingles-sierra-de-gredos","tag-campamento-de-verano-junio-2016","tag-campamento-de-verano-para-adolescentes","tag-campamento-de-verano-para-ninos","tag-campamento-ingles-agosto-2016","tag-el-mejor-campamento-de-verano-ingles-de-espana","tag-la-colonia-de-gredos","tag-precio-y-fechas-campamento-ingles-agosto-2016"],"yoast_head":"<!-- This site is optimized with the Yoast SEO plugin v22.0 - https:\/\/yoast.com\/wordpress\/plugins\/seo\/ -->\n<title>Fechas y Precios - Humanit.as Learning Experiences<\/title>\n<meta name=\"robots\" content=\"index, follow, max-snippet:-1, max-image-preview:large, max-video-preview:-1\" \/>\n<link rel=\"canonical\" href=\"https:\/\/humanit.as\/experiences\/ninos-y-adolescentes\/natural-english-kids-camp\/fechas-y-precios\/\" \/>\n<meta property=\"og:locale\" content=\"es_ES\" \/>\n<meta property=\"og:type\" content=\"article\" \/>\n<meta property=\"og:title\" content=\"Fechas y Precios - Humanit.as Learning Experiences\" \/>\n<meta property=\"og:description\" content=\"Este a\u00f1o ofremos una semana de campamento entre el final de julio y el principio de agosto: S\u00e1bado 28 de julio - S\u00e1bado 4 de agosto &nbsp; Solo necesitamos unos pocos datos y estaremos en contacto en breve para formalizar la reserva. + El mismo campamento, un precio m\u00e1s ajustado. + \u00bfFamilia numerosa? \u00a1Enhorabuena! Contacta [&hellip;]\" \/>\n<meta property=\"og:url\" content=\"https:\/\/humanit.as\/experiences\/ninos-y-adolescentes\/natural-english-kids-camp\/fechas-y-precios\/\" \/>\n<meta property=\"og:site_name\" content=\"Humanit.as Learning Experiences\" \/>\n<meta property=\"article:modified_time\" content=\"2018-05-18T11:13:31+00:00\" \/>\n<meta name=\"twitter:card\" content=\"summary_large_image\" \/>\n<meta name=\"twitter:label1\" content=\"Tiempo de lectura\" \/>\n\t<meta name=\"twitter:data1\" content=\"7 minutos\" \/>\n<script type=\"application\/ld+json\" class=\"yoast-schema-graph\">{\"@context\":\"https:\/\/schema.org\",\"@graph\":[{\"@type\":\"WebPage\",\"@id\":\"https:\/\/humanit.as\/experiences\/ninos-y-adolescentes\/natural-english-kids-camp\/fechas-y-precios\/\",\"url\":\"https:\/\/humanit.as\/experiences\/ninos-y-adolescentes\/natural-english-kids-camp\/fechas-y-precios\/\",\"name\":\"Fechas y Precios - Humanit.as Learning Experiences\",\"isPartOf\":{\"@id\":\"https:\/\/humanit.as\/experiences\/#website\"},\"datePublished\":\"2015-12-12T13:52:03+00:00\",\"dateModified\":\"2018-05-18T11:13:31+00:00\",\"breadcrumb\":{\"@id\":\"https:\/\/humanit.as\/experiences\/ninos-y-adolescentes\/natural-english-kids-camp\/fechas-y-precios\/#breadcrumb\"},\"inLanguage\":\"es\",\"potentialAction\":[{\"@type\":\"ReadAction\",\"target\":[\"https:\/\/humanit.as\/experiences\/ninos-y-adolescentes\/natural-english-kids-camp\/fechas-y-precios\/\"]}]},{\"@type\":\"BreadcrumbList\",\"@id\":\"https:\/\/humanit.as\/experiences\/ninos-y-adolescentes\/natural-english-kids-camp\/fechas-y-precios\/#breadcrumb\",\"itemListElement\":[{\"@type\":\"ListItem\",\"position\":1,\"name\":\"Inicio\",\"item\":\"https:\/\/humanit.as\/experiences\/\"},{\"@type\":\"ListItem\",\"position\":2,\"name\":\"Experiencias para ni\u00f1os y adolescentes\",\"item\":\"https:\/\/humanit.as\/experiences\/ninos-y-adolescentes\/\"},{\"@type\":\"ListItem\",\"position\":3,\"name\":\"Natural English Kids Camp\",\"item\":\"https:\/\/humanit.as\/experiences\/ninos-y-adolescentes\/natural-english-kids-camp\/\"},{\"@type\":\"ListItem\",\"position\":4,\"name\":\"Fechas y Precios\"}]},{\"@type\":\"WebSite\",\"@id\":\"https:\/\/humanit.as\/experiences\/#website\",\"url\":\"https:\/\/humanit.as\/experiences\/\",\"name\":\"Humanit.as Learning Experiences\",\"description\":\"Experiencias para Aprender y Crecer\",\"publisher\":{\"@id\":\"https:\/\/humanit.as\/experiences\/#organization\"},\"potentialAction\":[{\"@type\":\"SearchAction\",\"target\":{\"@type\":\"EntryPoint\",\"urlTemplate\":\"https:\/\/humanit.as\/experiences\/?s={search_term_string}\"},\"query-input\":\"required name=search_term_string\"}],\"inLanguage\":\"es\"},{\"@type\":\"Organization\",\"@id\":\"https:\/\/humanit.as\/experiences\/#organization\",\"name\":\"Humanit.as\",\"url\":\"https:\/\/humanit.as\/experiences\/\",\"logo\":{\"@type\":\"ImageObject\",\"inLanguage\":\"es\",\"@id\":\"https:\/\/humanit.as\/experiences\/#\/schema\/logo\/image\/\",\"url\":\"http:\/\/s947857397.mialojamiento.es\/experiences\/wp-content\/uploads\/sites\/7\/2016\/02\/logotipo-humanitas-grande.jpg\",\"contentUrl\":\"http:\/\/s947857397.mialojamiento.es\/experiences\/wp-content\/uploads\/sites\/7\/2016\/02\/logotipo-humanitas-grande.jpg\",\"width\":1800,\"height\":1800,\"caption\":\"Humanit.as\"},\"image\":{\"@id\":\"https:\/\/humanit.as\/experiences\/#\/schema\/logo\/image\/\"}}]}<\/script>\n<!-- \/ Yoast SEO plugin. -->","yoast_head_json":{"title":"Fechas y Precios - Humanit.as Learning Experiences","robots":{"index":"index","follow":"follow","max-snippet":"max-snippet:-1","max-image-preview":"max-image-preview:large","max-video-preview":"max-video-preview:-1"},"canonical":"https:\/\/humanit.as\/experiences\/ninos-y-adolescentes\/natural-english-kids-camp\/fechas-y-precios\/","og_locale":"es_ES","og_type":"article","og_title":"Fechas y Precios - Humanit.as Learning Experiences","og_description":"Este a\u00f1o ofremos una semana de campamento entre el final de julio y el principio de agosto: S\u00e1bado 28 de julio - S\u00e1bado 4 de agosto &nbsp; Solo necesitamos unos pocos datos y estaremos en contacto en breve para formalizar la reserva. + El mismo campamento, un precio m\u00e1s ajustado. + \u00bfFamilia numerosa? \u00a1Enhorabuena! Contacta [&hellip;]","og_url":"https:\/\/humanit.as\/experiences\/ninos-y-adolescentes\/natural-english-kids-camp\/fechas-y-precios\/","og_site_name":"Humanit.as Learning Experiences","article_modified_time":"2018-05-18T11:13:31+00:00","twitter_card":"summary_large_image","twitter_misc":{"Tiempo de lectura":"7 minutos"},"schema":{"@context":"https:\/\/schema.org","@graph":[{"@type":"WebPage","@id":"https:\/\/humanit.as\/experiences\/ninos-y-adolescentes\/natural-english-kids-camp\/fechas-y-precios\/","url":"https:\/\/humanit.as\/experiences\/ninos-y-adolescentes\/natural-english-kids-camp\/fechas-y-precios\/","name":"Fechas y Precios - Humanit.as Learning Experiences","isPartOf":{"@id":"https:\/\/humanit.as\/experiences\/#website"},"datePublished":"2015-12-12T13:52:03+00:00","dateModified":"2018-05-18T11:13:31+00:00","breadcrumb":{"@id":"https:\/\/humanit.as\/experiences\/ninos-y-adolescentes\/natural-english-kids-camp\/fechas-y-precios\/#breadcrumb"},"inLanguage":"es","potentialAction":[{"@type":"ReadAction","target":["https:\/\/humanit.as\/experiences\/ninos-y-adolescentes\/natural-english-kids-camp\/fechas-y-precios\/"]}]},{"@type":"BreadcrumbList","@id":"https:\/\/humanit.as\/experiences\/ninos-y-adolescentes\/natural-english-kids-camp\/fechas-y-precios\/#breadcrumb","itemListElement":[{"@type":"ListItem","position":1,"name":"Inicio","item":"https:\/\/humanit.as\/experiences\/"},{"@type":"ListItem","position":2,"name":"Experiencias para ni\u00f1os y adolescentes","item":"https:\/\/humanit.as\/experiences\/ninos-y-adolescentes\/"},{"@type":"ListItem","position":3,"name":"Natural English Kids Camp","item":"https:\/\/humanit.as\/experiences\/ninos-y-adolescentes\/natural-english-kids-camp\/"},{"@type":"ListItem","position":4,"name":"Fechas y Precios"}]},{"@type":"WebSite","@id":"https:\/\/humanit.as\/experiences\/#website","url":"https:\/\/humanit.as\/experiences\/","name":"Humanit.as Learning Experiences","description":"Experiencias para Aprender y Crecer","publisher":{"@id":"https:\/\/humanit.as\/experiences\/#organization"},"potentialAction":[{"@type":"SearchAction","target":{"@type":"EntryPoint","urlTemplate":"https:\/\/humanit.as\/experiences\/?s={search_term_string}"},"query-input":"required name=search_term_string"}],"inLanguage":"es"},{"@type":"Organization","@id":"https:\/\/humanit.as\/experiences\/#organization","name":"Humanit.as","url":"https:\/\/humanit.as\/experiences\/","logo":{"@type":"ImageObject","inLanguage":"es","@id":"https:\/\/humanit.as\/experiences\/#\/schema\/logo\/image\/","url":"http:\/\/s947857397.mialojamiento.es\/experiences\/wp-content\/uploads\/sites\/7\/2016\/02\/logotipo-humanitas-grande.jpg","contentUrl":"http:\/\/s947857397.mialojamiento.es\/experiences\/wp-content\/uploads\/sites\/7\/2016\/02\/logotipo-humanitas-grande.jpg","width":1800,"height":1800,"caption":"Humanit.as"},"image":{"@id":"https:\/\/humanit.as\/experiences\/#\/schema\/logo\/image\/"}}]}},"_links":{"self":[{"href":"https:\/\/humanit.as\/experiences\/wp-json\/wp\/v2\/pages\/101","targetHints":{"allow":["GET"]}}],"collection":[{"href":"https:\/\/humanit.as\/experiences\/wp-json\/wp\/v2\/pages"}],"about":[{"href":"https:\/\/humanit.as\/experiences\/wp-json\/wp\/v2\/types\/page"}],"author":[{"embeddable":true,"href":"https:\/\/humanit.as\/experiences\/wp-json\/wp\/v2\/users\/1"}],"replies":[{"embeddable":true,"href":"https:\/\/humanit.as\/experiences\/wp-json\/wp\/v2\/comments?post=101"}],"version-history":[{"count":0,"href":"https:\/\/humanit.as\/experiences\/wp-json\/wp\/v2\/pages\/101\/revisions"}],"up":[{"embeddable":true,"href":"https:\/\/humanit.as\/experiences\/wp-json\/wp\/v2\/pages\/68"}],"wp:attachment":[{"href":"https:\/\/humanit.as\/experiences\/wp-json\/wp\/v2\/media?parent=101"}],"wp:term":[{"taxonomy":"post_tag","embeddable":true,"href":"https:\/\/humanit.as\/experiences\/wp-json\/wp\/v2\/tags?post=101"}],"curies":[{"name":"wp","href":"https:\/\/api.w.org\/{rel}","templated":true}]}}