{"id":119,"date":"2016-04-05T02:28:08","date_gmt":"2016-04-05T00:28:08","guid":{"rendered":"https:\/\/humanit.as\/blogs\/?page_id=119"},"modified":"2016-08-22T16:50:47","modified_gmt":"2016-08-22T14:50:47","slug":"landing-page","status":"publish","type":"page","link":"https:\/\/humanit.as\/blogs\/","title":{"rendered":"Landing page"},"content":{"rendered":"<p>[et_pb_section admin_label=&#8221;Secci\u00f3n&#8221; fullwidth=&#8221;on&#8221; specialty=&#8221;off&#8221;][et_pb_fullwidth_header admin_label=&#8221;Bienvenid@&#8221; title=&#8221;Bienvenid@&#8221; background_layout=&#8221;dark&#8221; text_orientation=&#8221;center&#8221; header_fullscreen=&#8221;off&#8221; header_scroll_down=&#8221;on&#8221; scroll_down_icon=&#8221;%%2%%&#8221; background_color=&#8221;#518fc1&#8243; parallax=&#8221;off&#8221; parallax_method=&#8221;off&#8221; content_orientation=&#8221;center&#8221; image_orientation=&#8221;center&#8221; title_font=&#8221;Calligraffitti||||&#8221; title_font_size=&#8221;60px&#8221; content_font=&#8221;Chewy||||&#8221; scroll_down_icon_color=&#8221;#ffffff&#8221; scroll_down_icon_size=&#8221;60px&#8221; custom_button_one=&#8221;off&#8221; button_one_letter_spacing=&#8221;0&#8243; button_one_use_icon=&#8221;default&#8221; button_one_icon_placement=&#8221;right&#8221; button_one_on_hover=&#8221;on&#8221; button_one_letter_spacing_hover=&#8221;0&#8243; custom_button_two=&#8221;off&#8221; button_two_letter_spacing=&#8221;0&#8243; button_two_use_icon=&#8221;default&#8221; button_two_icon_placement=&#8221;right&#8221; button_two_on_hover=&#8221;on&#8221; button_two_letter_spacing_hover=&#8221;0&#8243; content_font_size=&#8221;25px&#8221;]<\/p>\n<p>Abajo encontrar\u00e1s las \u00faltimas 10 entradas que hemos publicado y 10 al azar. Si buscas algo en particular, echa un vistazo al men\u00fa superior.<\/p>\n<p>&nbsp;<\/p>\n<p>Gracias por venir a visitarnos en nuestro peque\u00f1o rinc\u00f3n del vasto internet.<\/p>\n<p>[\/et_pb_fullwidth_header][\/et_pb_section][et_pb_section admin_label=&#8221;section&#8221;][et_pb_row admin_label=&#8221;row&#8221;][et_pb_column type=&#8221;4_4&#8243;][et_pb_text admin_label=&#8221;Texto&#8221; background_layout=&#8221;light&#8221; text_orientation=&#8221;center&#8221; text_font=&#8221;Calligraffitti|on|||&#8221; text_font_size=&#8221;40&#8243; use_border_color=&#8221;off&#8221; border_color=&#8221;#ffffff&#8221; border_style=&#8221;solid&#8221;]<\/p>\n<p>Las 10 entradas m\u00e1s recientes:<\/p>\n<p>[\/et_pb_text][et_pb_post_slider admin_label=&#8221;10 last posts&#8221; posts_number=&#8221;10&#8243; include_categories=&#8221;47,42,17,23,12,24,18,43,52,1&#8243; orderby=&#8221;date_desc&#8221; show_arrows=&#8221;on&#8221; show_pagination=&#8221;on&#8221; show_more_button=&#8221;on&#8221; more_text=&#8221;\u00a1Quiero leer esto!&#8221; content_source=&#8221;off&#8221; use_manual_excerpt=&#8221;on&#8221; show_meta=&#8221;on&#8221; background_layout=&#8221;dark&#8221; show_image=&#8221;on&#8221; image_placement=&#8221;background&#8221; parallax=&#8221;off&#8221; parallax_method=&#8221;off&#8221; use_bg_overlay=&#8221;on&#8221; bg_overlay_color=&#8221;rgba(224,43,32,0.83)&#8221; use_text_overlay=&#8221;off&#8221; remove_inner_shadow=&#8221;off&#8221; background_position=&#8221;default&#8221; background_size=&#8221;default&#8221; auto=&#8221;on&#8221; auto_speed=&#8221;5000&#8243; auto_ignore_hover=&#8221;off&#8221; hide_content_on_mobile=&#8221;off&#8221; hide_cta_on_mobile=&#8221;off&#8221; show_image_video_mobile=&#8221;on&#8221; meta_letter_spacing=&#8221;0&#8243; custom_button=&#8221;off&#8221; button_letter_spacing=&#8221;0&#8243; button_use_icon=&#8221;default&#8221; button_icon_placement=&#8221;right&#8221; button_on_hover=&#8221;on&#8221; button_letter_spacing_hover=&#8221;0&#8243;] [\/et_pb_post_slider][et_pb_text admin_label=&#8221;Texto&#8221; background_layout=&#8221;light&#8221; text_orientation=&#8221;center&#8221; text_font=&#8221;Calligraffitti|on|||&#8221; text_font_size=&#8221;40&#8243; use_border_color=&#8221;off&#8221; border_color=&#8221;#ffffff&#8221; border_style=&#8221;solid&#8221;]<\/p>\n<p>10 entradas al azar:<\/p>\n<p>[\/et_pb_text][et_pb_post_slider admin_label=&#8221;10 random posts&#8221; posts_number=&#8221;10&#8243; include_categories=&#8221;47,42,17,23,2,12,24,18,43,52,1&#8243; orderby=&#8221;rand&#8221; show_arrows=&#8221;on&#8221; show_pagination=&#8221;on&#8221; show_more_button=&#8221;on&#8221; more_text=&#8221;\u00a1Eso quiero ver!&#8221; content_source=&#8221;off&#8221; use_manual_excerpt=&#8221;on&#8221; show_meta=&#8221;on&#8221; background_layout=&#8221;dark&#8221; show_image=&#8221;on&#8221; image_placement=&#8221;background&#8221; parallax=&#8221;off&#8221; parallax_method=&#8221;off&#8221; use_bg_overlay=&#8221;on&#8221; bg_overlay_color=&#8221;rgba(221,145,31,0.83)&#8221; use_text_overlay=&#8221;off&#8221; remove_inner_shadow=&#8221;off&#8221; background_position=&#8221;default&#8221; background_size=&#8221;default&#8221; auto=&#8221;on&#8221; auto_speed=&#8221;5000&#8243; auto_ignore_hover=&#8221;off&#8221; hide_content_on_mobile=&#8221;off&#8221; hide_cta_on_mobile=&#8221;off&#8221; show_image_video_mobile=&#8221;on&#8221; meta_letter_spacing=&#8221;0&#8243; custom_button=&#8221;off&#8221; button_letter_spacing=&#8221;0&#8243; button_use_icon=&#8221;default&#8221; button_icon_placement=&#8221;right&#8221; button_on_hover=&#8221;on&#8221; button_letter_spacing_hover=&#8221;0&#8243;] [\/et_pb_post_slider][\/et_pb_column][\/et_pb_row][\/et_pb_section]<\/p>\n","protected":false},"excerpt":{"rendered":"<p>Abajo encontrar\u00e1s las \u00faltimas 10 entradas que hemos publicado y 10 al azar. Si buscas algo en particular, echa un vistazo al men\u00fa superior. &nbsp; Gracias por venir a visitarnos en nuestro peque\u00f1o rinc\u00f3n del vasto internet. Las 10 entradas m\u00e1s recientes: 10 entradas al azar:<\/p>\n","protected":false},"author":1,"featured_media":0,"parent":0,"menu_order":0,"comment_status":"closed","ping_status":"closed","template":"","meta":{"_et_pb_use_builder":"on","_et_pb_old_content":"","_et_gb_content_width":"","footnotes":""},"tags":[],"class_list":["post-119","page","type-page","status-publish","hentry"],"yoast_head":"<!-- This site is optimized with the Yoast SEO plugin v22.0 - https:\/\/yoast.com\/wordpress\/plugins\/seo\/ -->\n<title>Humanit.as Blogs - Aprendizaje, idiomas, pedagog\u00eda...<\/title>\n<meta name=\"robots\" content=\"index, follow, max-snippet:-1, max-image-preview:large, max-video-preview:-1\" \/>\n<link rel=\"canonical\" href=\"http:\/\/s947857397.mialojamiento.es\/blogs\/\" \/>\n<meta property=\"og:locale\" content=\"en_US\" \/>\n<meta property=\"og:type\" content=\"article\" \/>\n<meta property=\"og:title\" content=\"Humanit.as Blogs - Aprendizaje, idiomas, pedagog\u00eda...\" \/>\n<meta property=\"og:description\" content=\"Abajo encontrar\u00e1s las \u00faltimas 10 entradas que hemos publicado y 10 al azar. Si buscas algo en particular, echa un vistazo al men\u00fa superior. &nbsp; Gracias por venir a visitarnos en nuestro peque\u00f1o rinc\u00f3n del vasto internet. Las 10 entradas m\u00e1s recientes: 10 entradas al azar:\" \/>\n<meta property=\"og:url\" content=\"http:\/\/s947857397.mialojamiento.es\/blogs\/\" \/>\n<meta property=\"og:site_name\" content=\"Humanit.as Blogs\" \/>\n<meta property=\"article:modified_time\" content=\"2016-08-22T14:50:47+00:00\" \/>\n<meta name=\"twitter:card\" content=\"summary_large_image\" \/>\n<meta name=\"twitter:label1\" content=\"Est. reading time\" \/>\n\t<meta name=\"twitter:data1\" content=\"3 minutes\" \/>\n<script type=\"application\/ld+json\" class=\"yoast-schema-graph\">{\"@context\":\"https:\/\/schema.org\",\"@graph\":[{\"@type\":\"WebPage\",\"@id\":\"http:\/\/s947857397.mialojamiento.es\/blogs\/\",\"url\":\"http:\/\/s947857397.mialojamiento.es\/blogs\/\",\"name\":\"Humanit.as Blogs - Aprendizaje, idiomas, pedagog\u00eda...\",\"isPartOf\":{\"@id\":\"https:\/\/humanit.as\/blogs\/#website\"},\"datePublished\":\"2016-04-05T00:28:08+00:00\",\"dateModified\":\"2016-08-22T14:50:47+00:00\",\"inLanguage\":\"en-US\",\"potentialAction\":[{\"@type\":\"ReadAction\",\"target\":[\"http:\/\/s947857397.mialojamiento.es\/blogs\/\"]}]},{\"@type\":\"WebSite\",\"@id\":\"https:\/\/humanit.as\/blogs\/#website\",\"url\":\"https:\/\/humanit.as\/blogs\/\",\"name\":\"Humanit.as Blogs\",\"description\":\"Hablamos sobre aprender, ense\u00f1ar, los idiomas...\",\"potentialAction\":[{\"@type\":\"SearchAction\",\"target\":{\"@type\":\"EntryPoint\",\"urlTemplate\":\"https:\/\/humanit.as\/blogs\/?s={search_term_string}\"},\"query-input\":\"required name=search_term_string\"}],\"inLanguage\":\"en-US\"}]}<\/script>\n<!-- \/ Yoast SEO plugin. -->","yoast_head_json":{"title":"Humanit.as Blogs - Aprendizaje, idiomas, pedagog\u00eda...","robots":{"index":"index","follow":"follow","max-snippet":"max-snippet:-1","max-image-preview":"max-image-preview:large","max-video-preview":"max-video-preview:-1"},"canonical":"http:\/\/s947857397.mialojamiento.es\/blogs\/","og_locale":"en_US","og_type":"article","og_title":"Humanit.as Blogs - Aprendizaje, idiomas, pedagog\u00eda...","og_description":"Abajo encontrar\u00e1s las \u00faltimas 10 entradas que hemos publicado y 10 al azar. Si buscas algo en particular, echa un vistazo al men\u00fa superior. &nbsp; Gracias por venir a visitarnos en nuestro peque\u00f1o rinc\u00f3n del vasto internet. Las 10 entradas m\u00e1s recientes: 10 entradas al azar:","og_url":"http:\/\/s947857397.mialojamiento.es\/blogs\/","og_site_name":"Humanit.as Blogs","article_modified_time":"2016-08-22T14:50:47+00:00","twitter_card":"summary_large_image","twitter_misc":{"Est. reading time":"3 minutes"},"schema":{"@context":"https:\/\/schema.org","@graph":[{"@type":"WebPage","@id":"http:\/\/s947857397.mialojamiento.es\/blogs\/","url":"http:\/\/s947857397.mialojamiento.es\/blogs\/","name":"Humanit.as Blogs - Aprendizaje, idiomas, pedagog\u00eda...","isPartOf":{"@id":"https:\/\/humanit.as\/blogs\/#website"},"datePublished":"2016-04-05T00:28:08+00:00","dateModified":"2016-08-22T14:50:47+00:00","inLanguage":"en-US","potentialAction":[{"@type":"ReadAction","target":["http:\/\/s947857397.mialojamiento.es\/blogs\/"]}]},{"@type":"WebSite","@id":"https:\/\/humanit.as\/blogs\/#website","url":"https:\/\/humanit.as\/blogs\/","name":"Humanit.as Blogs","description":"Hablamos sobre aprender, ense\u00f1ar, los idiomas...","potentialAction":[{"@type":"SearchAction","target":{"@type":"EntryPoint","urlTemplate":"https:\/\/humanit.as\/blogs\/?s={search_term_string}"},"query-input":"required name=search_term_string"}],"inLanguage":"en-US"}]}},"_links":{"self":[{"href":"https:\/\/humanit.as\/blogs\/wp-json\/wp\/v2\/pages\/119","targetHints":{"allow":["GET"]}}],"collection":[{"href":"https:\/\/humanit.as\/blogs\/wp-json\/wp\/v2\/pages"}],"about":[{"href":"https:\/\/humanit.as\/blogs\/wp-json\/wp\/v2\/types\/page"}],"author":[{"embeddable":true,"href":"https:\/\/humanit.as\/blogs\/wp-json\/wp\/v2\/users\/1"}],"replies":[{"embeddable":true,"href":"https:\/\/humanit.as\/blogs\/wp-json\/wp\/v2\/comments?post=119"}],"version-history":[{"count":0,"href":"https:\/\/humanit.as\/blogs\/wp-json\/wp\/v2\/pages\/119\/revisions"}],"wp:attachment":[{"href":"https:\/\/humanit.as\/blogs\/wp-json\/wp\/v2\/media?parent=119"}],"wp:term":[{"taxonomy":"post_tag","embeddable":true,"href":"https:\/\/humanit.as\/blogs\/wp-json\/wp\/v2\/tags?post=119"}],"curies":[{"name":"wp","href":"https:\/\/api.w.org\/{rel}","templated":true}]}}